{"id":3196,"date":"2022-11-29T08:38:51","date_gmt":"2022-11-29T07:38:51","guid":{"rendered":"https:\/\/campingdesiscles.com\/camping-animations-roquebrune\/"},"modified":"2023-03-01T16:24:01","modified_gmt":"2023-03-01T15:24:01","slug":"camping-animaties-roquebrune","status":"publish","type":"page","link":"https:\/\/campingdesiscles.com\/nl\/camping-animaties-roquebrune\/","title":{"rendered":"Animaties en activiteiten"},"content":{"rendered":"<section id=\"ls-section-block_c8686230253f58a48819a113ea6d51b0\" class=\"ls-section  page-one page background-one has-p-t p-t-12\" >\n        <div class=\"container container--wide\">\n        \n\n<h1 class=\"ls__heading has-text-align-center has-p-b p-b-8 wp-block-heading\">Neem deel aan de gezinsactiviteiten op de camping in Roquebrune<\/h1>\n\n\n\n<p class=\"ls-paragraph has-text-align-center has-medium-font-size\">Als u op zoek bent naar een camping <strong>met animatie en kinderspeelplaatsen<\/strong>, dan is Camping des Iscles in Roquebrune-sur-Argens iets voor u!<\/p>\n\n\n\n<div class=\"wp-block-columns is-layout-flex wp-container-core-columns-is-layout-9d6595d7 wp-block-columns-is-layout-flex\">\n<div class=\"wp-block-column is-vertically-aligned-center is-layout-flow wp-block-column-is-layout-flow\" style=\"flex-basis:33.33%\">\n<h2 class=\"ls-heading wp-block-heading\">De kleintjes zullen zich vermaken in de speeltuin<\/h2>\n\n\n\n<p class=\"ls-paragraph has-medium-font-size\">Laat uw kinderen met hun <strong>vakantievriendjes<\/strong> het plezier <strong>van de schommels<\/strong>, de draaimolens, <strong>midgetgolf,<\/strong> de speeltuinen of <strong>het springkasteel uitproberen.<\/strong> Terwijl u zich ontspant in de zon, zullen zij zich uitleven in de open lucht.<\/p>\n\n\n\n<p class=\"ls-paragraph has-medium-font-size\">Kiezen voor onze camping <strong>met kinderspeelruimte<\/strong> betekent dat uw kinderen zich kunnen vermaken <strong>in een veilige omgeving en<\/strong> in goed gezelschap. <\/p>\n<\/div>\n\n\n\n<div class=\"wp-block-column is-layout-flow wp-block-column-is-layout-flow\" style=\"flex-basis:66.66%\">\n<figure class=\"wp-block-image size-large\"><img decoding=\"async\" width=\"1024\" height=\"683\" src=\"https:\/\/campingdesiscles.com\/wp-content\/uploads\/2022\/12\/enfant-balancoire-jeux-1024x683.webp\" alt=\"kinderschommel spelletjes\" class=\"wp-image-1544\" srcset=\"https:\/\/campingdesiscles.com\/wp-content\/uploads\/2022\/12\/enfant-balancoire-jeux-1024x683.webp 1024w, https:\/\/campingdesiscles.com\/wp-content\/uploads\/2022\/12\/enfant-balancoire-jeux-300x200.webp 300w, https:\/\/campingdesiscles.com\/wp-content\/uploads\/2022\/12\/enfant-balancoire-jeux-768x512.webp 768w, https:\/\/campingdesiscles.com\/wp-content\/uploads\/2022\/12\/enfant-balancoire-jeux-1536x1024.webp 1536w, https:\/\/campingdesiscles.com\/wp-content\/uploads\/2022\/12\/enfant-balancoire-jeux-2048x1365.webp 2048w\" sizes=\"(max-width: 1024px) 100vw, 1024px\" \/><\/figure>\n<\/div>\n<\/div>\n\n\n    <\/div>\n<\/section>\n\n<section id=\"ls-section-block_de818c419eb7f382247dfb5d733159a7\" class=\"ls-section  home-second page has-background-image has-m-t m-t-10 has-m-l m-l-10 has-m-r m-r-10\" >\n    <div class=\"ls-section__background-image opacity-100\"><img decoding=\"async\" src=\"https:\/\/campingdesiscles.com\/wp-content\/uploads\/2022\/11\/animation-enfants-camping-roquebrune.webp\" alt=\"animation enfants camping roquebrune\"><\/div>    <div class=\"container container--wide\">\n        \n\n<div class=\"wp-block-columns raisons is-layout-flex wp-container-core-columns-is-layout-9d6595d7 wp-block-columns-is-layout-flex\">\n<div class=\"wp-block-column animated fadeIn delay-200ms slow is-layout-flow wp-block-column-is-layout-flow\" style=\"flex-basis:20%\"><\/div>\n\n\n\n<div class=\"wp-block-column animated fadeIn delay-500ms slow is-layout-flow wp-block-column-is-layout-flow\" style=\"flex-basis:60%\">\n<h2 class=\"ls__heading has-text-align-center wp-block-heading\">Lachen tijdens familiebijeenkomsten in Roquebrune<\/h2>\n\n\n\n<p class=\"ls-paragraph has-text-align-center has-medium-font-size\">Wij bieden <strong>origineel familievermaak<\/strong>, in samenwerking met KX EVENT. Schattenjacht, aperitiefwandeling met wijnproeverij in het Ch\u00e2teau du Rouet, wij <strong>bieden leuke activiteiten<\/strong> die jong en oud zullen betoveren.<\/p>\n\n\n\n<p class=\"ls-paragraph has-text-align-center has-medium-font-size\">U zult de regio van Roquebrune-sur-Argens ontdekken terwijl u onvergetelijke <strong>momenten deelt met uw familie<\/strong>. Zoals onze partner KX EVENT zo goed zegt: geluk is soms anders naar het leven kijken!<\/p>\n<\/div>\n\n\n\n<div class=\"wp-block-column animated fadeIn delay-1s slow is-layout-flow wp-block-column-is-layout-flow\" style=\"flex-basis:20%\"><\/div>\n<\/div>\n\n\n    <\/div>\n<\/section>\n\n<section id=\"ls-section-block_c61e24917b528ad9ddeda70c6471b1b9\" class=\"ls-section  page-two has-p-t p-t-14 has-p-b p-b-10\" >\n        <div class=\"container container--wide\">\n        \n\n<div class=\"wp-block-columns is-layout-flex wp-container-core-columns-is-layout-9d6595d7 wp-block-columns-is-layout-flex\">\n<div class=\"wp-block-column is-layout-flow wp-block-column-is-layout-flow\">\n<figure class=\"wp-block-image size-large has-m-b m-b-10 animated slideInRight delay-200ms slow\"><a href=\"https:\/\/campingdesiscles.com\/wp-content\/uploads\/2023\/01\/enfant-paddle-riviere-iscles-1024x725.webp\"><img decoding=\"async\" width=\"1024\" height=\"725\" src=\"https:\/\/campingdesiscles.com\/wp-content\/uploads\/2023\/01\/enfant-paddle-riviere-iscles-1024x725.webp\" alt=\"enfant paddle riviere animation roquebrune\" class=\"wp-image-3478\" srcset=\"https:\/\/campingdesiscles.com\/wp-content\/uploads\/2023\/01\/enfant-paddle-riviere-iscles-1024x725.webp 1024w, https:\/\/campingdesiscles.com\/wp-content\/uploads\/2023\/01\/enfant-paddle-riviere-iscles-300x212.webp 300w, https:\/\/campingdesiscles.com\/wp-content\/uploads\/2023\/01\/enfant-paddle-riviere-iscles-768x544.webp 768w, https:\/\/campingdesiscles.com\/wp-content\/uploads\/2023\/01\/enfant-paddle-riviere-iscles.webp 1366w\" sizes=\"(max-width: 1024px) 100vw, 1024px\" \/><\/a><\/figure>\n\n\n\n<h2 class=\"ls-heading wp-block-heading\">Uw avond entertainment in de Var<\/h2>\n\n\n\n<p class=\"ls-paragraph\">Geen camping zonder <strong>avondanimatie in de Var!<\/strong> Muzikale sfeer, <strong>dansavonden en thema-avonden<\/strong>, onze camping met avondanimatie zal uw zomer betoveren. <\/p>\n\n\n\n<p class=\"ls-paragraph\">Momenten van delen en <strong>gezelligheid<\/strong> gegarandeerd. <br><strong>Dansen<\/strong> en plezier tot <strong>middernacht.<\/strong><br>De hele zomer lang bieden onze <strong>avondentertainers<\/strong> u :<\/p>\n\n\n\n<ul class=\"ls-list ls-list-undefined has-color-black-color has-text-color wp-block-list\">\n<li>Maandag: MEG en BreakFast \/ Repise 80-90 en pop-rock<\/li>\n\n\n\n<li>Woensdag: pool party tot middernacht;<\/li>\n\n\n\n<li>vrijdag: muziekavond met PATHills en The BB.<\/li>\n<\/ul>\n<\/div>\n\n\n\n<div class=\"wp-block-column is-layout-flow wp-block-column-is-layout-flow\">\n<h2 class=\"ls__heading has-text-align-center wp-block-heading\">Camping met sportfaciliteiten in Roquebrune<\/h2>\n\n\n\n<p class=\"ls-paragraph has-text-align-center\">Ideaal gelegen aan de oevers van de rivier de Argens, biedt <a href=\"\/nl\/\">onze camping in de Va<\/a>r u de <strong>mogelijkheid om ongewone wateractiviteiten<\/strong> te doen: <strong>peddelen,<\/strong> <strong>kano\u00ebn of steppen.<\/strong> Als u de geneugten van het water wilt ontdekken of <strong>gewoon wilt ontspannen<\/strong>, wacht ons zwembad met animatie op u op onze camping.<\/p>\n\n\n\n<p class=\"ls-paragraph has-text-align-center\">Ontdek onze andere sportfaciliteiten: <strong>petanquebaan<\/strong>, <strong>buitentafeltennis<\/strong>, biljart, <strong>tafelvoetbal<\/strong>, darts <strong>en badminton<\/strong>. Alles wat je nodig hebt om een leuke tijd te hebben met je familie.<\/p>\n\n\n\n<figure class=\"wp-block-image size-large has-m-t m-t-10 animated slideInLeft delay-200ms slow\"><a href=\"https:\/\/campingdesiscles.com\/wp-content\/uploads\/2023\/01\/soiree-moulin-iscles-var-animations-1024x725.webp\"><img decoding=\"async\" width=\"1024\" height=\"725\" src=\"https:\/\/campingdesiscles.com\/wp-content\/uploads\/2023\/01\/soiree-moulin-iscles-var-animations-1024x725.webp\" alt=\"soiree moulin iscles var animations\" class=\"wp-image-3577\" srcset=\"https:\/\/campingdesiscles.com\/wp-content\/uploads\/2023\/01\/soiree-moulin-iscles-var-animations-1024x725.webp 1024w, https:\/\/campingdesiscles.com\/wp-content\/uploads\/2023\/01\/soiree-moulin-iscles-var-animations-300x212.webp 300w, https:\/\/campingdesiscles.com\/wp-content\/uploads\/2023\/01\/soiree-moulin-iscles-var-animations-768x544.webp 768w, https:\/\/campingdesiscles.com\/wp-content\/uploads\/2023\/01\/soiree-moulin-iscles-var-animations.webp 1136w\" sizes=\"(max-width: 1024px) 100vw, 1024px\" \/><\/a><\/figure>\n<\/div>\n<\/div>\n\n\n    <\/div>\n<\/section>\n\n<section id=\"ls-section-block_418adcd6815ab7882b0ca03ab38137d0\" class=\"ls-section  page-one page background-one has-p-t p-t-3\" >\n        <div class=\"container container--wide\">\n        \n\n<h2 class=\"ls__heading has-text-align-center p-b-5 wp-block-heading\">De beste animaties in de buurt van de camping<\/h2>\n\n\n\n<p class=\"ls-paragraph has-text-align-center\">Onze camping in de Var is ideaal ge<strong>legen, dicht bij het strand<\/strong> van Fr\u00e9jus (12 minuten met de auto) en op slechts 1500 meter van het centrum van het historische, duizend jaar oude dorp <strong>Roquebrune-sur-Argens.<\/strong> <br>Als u dorst hebt naar <strong>ontdekkingen en cultuur<\/strong>, ontdek dan het aquaduct van Roquebrune-sur-Argens of het <strong>huis van de chocolade en cacao.<\/strong><\/p>\n\n\n\n<div class=\"wp-block-columns is-layout-flex wp-container-core-columns-is-layout-9d6595d7 wp-block-columns-is-layout-flex\">\n<div class=\"wp-block-column is-vertically-aligned-top is-layout-flow wp-block-column-is-layout-flow\" style=\"flex-basis:33.33%\">\n<p class=\"ls-paragraph\">Voor wie op zoek is naar <strong>sensatie of waterspelletjes<\/strong> ligt het waterpark <strong>Water Glisse Passion Ar\u00e9na<\/strong> op slechts 3 kilometer van onze camping. <br>Het park <strong>Aqualand Fr\u00e9jus bereikt<\/strong> u met de auto in slechts 17 minuten.<\/p>\n\n\n\n<p class=\"ls-paragraph\">Tot slot, vraag ons Var team. <br>Onze camping heeft tal van andere <strong>activiteiten in de buurt:<\/strong><\/p>\n\n\n\n<ul class=\"ls-list ls-list-undefined marker-white has-color-white-color has-text-color wp-block-list\">\n<li>De markten van Roquebrune-sur-Argens, Fr\u00e9jus, Saint Rapha\u00ebl, Les Issambres en Saint-Aygulf.<\/li>\n\n\n\n<li>Zomerevenementen in Roquebrune-sur-Argens (avond, festival, vuurwerk).<\/li>\n\n\n\n<li>Le Mas des Escaravatiers (muziekconcerten, klankbrunches en wijngaard).<\/li>\n\n\n\n<li>South Wake-Park (waterskilift, watersporten en feesten).<\/li>\n\n\n\n<li>Wandelroutes (routes van de 3 kruizen van de Roquebrune rots)<\/li>\n\n\n\n<li>Mountainbike en ATV routes.<\/li>\n\n\n\n<li>Natuurbasis Fran\u00e7ois L\u00e9otard de Fr\u00e9jus (beschermd natuurgebied met toegang tot de zandstranden van de Middellandse Zee).<\/li>\n<\/ul>\n<\/div>\n\n\n\n<div class=\"wp-block-column is-vertically-aligned-center is-layout-flow wp-block-column-is-layout-flow\" style=\"flex-basis:66.66%\">\n<figure class=\"wp-block-image size-large animated fadeInRight delay-100ms slow\"><img decoding=\"async\" width=\"1024\" height=\"725\" src=\"https:\/\/campingdesiscles.com\/wp-content\/uploads\/2022\/12\/bouee-tractee-roquebrune-1024x725.webp\" alt=\"gesleepte boei roquebrune\" class=\"wp-image-1595\" srcset=\"https:\/\/campingdesiscles.com\/wp-content\/uploads\/2022\/12\/bouee-tractee-roquebrune-1024x725.webp 1024w, https:\/\/campingdesiscles.com\/wp-content\/uploads\/2022\/12\/bouee-tractee-roquebrune-300x212.webp 300w, https:\/\/campingdesiscles.com\/wp-content\/uploads\/2022\/12\/bouee-tractee-roquebrune-768x544.webp 768w, https:\/\/campingdesiscles.com\/wp-content\/uploads\/2022\/12\/bouee-tractee-roquebrune-1536x1087.webp 1536w, https:\/\/campingdesiscles.com\/wp-content\/uploads\/2022\/12\/bouee-tractee-roquebrune-2048x1449.webp 2048w\" sizes=\"(max-width: 1024px) 100vw, 1024px\" \/><\/figure>\n<\/div>\n<\/div>\n\n\n    <\/div>\n<\/section>\n\n<section id=\"ls-section-block_dc9da771fe9d49d3450695de6615b661\" class=\"ls-section  page-maillage has-p-t p-t-0 has-p-b p-b-6\" >\n        <div class=\"container container--wide\">\n        \n\n<div id=\"ls-heading ls-titre-div-block_1cdcf7f9746208d9cb3ab3725725ef16\" class=\"ls-titre-div aligncenter h2-like has-p-b p-b-8\" >\n    Ontdek onze exclusieve diensten, ons restaurant en ons zwembad<\/div>\n\n\n<div id=\"ls-maillage-block_77fd8b8967aabff7e12b7d61e6f42401\" class=\"ls-maillage cta-style-normal\" data-rows=\"3\">\n    <div class=\"wp-block-columns\"><div class=\"wp-block-column\">\n\n<a href=\"https:\/\/campingdesiscles.com\/nl\/restaurant-roquebrune\/\" target=\"\" rel=\"noopener\" class=\"ls-cta__link\">\n\n\t<div class=\"ls-cta__image\"><img decoding=\"async\" src=\"https:\/\/campingdesiscles.com\/wp-content\/uploads\/2022\/12\/cocktail-snack-1024x725.webp\" alt=\"cocktail vacances snack roquebrune\"><\/div>\n\t<div class=\"ls-cta__title\">\n\t\tOnze Restaurant Bar\t<\/div>\n\n\t\t\n<\/a><\/div><div class=\"wp-block-column\">\n\n<a href=\"https:\/\/campingdesiscles.com\/nl\/camping-vijver-verwarmd-roquebrune\/\" target=\"\" rel=\"noopener\" class=\"ls-cta__link\">\n\n\t<div class=\"ls-cta__image\"><img decoding=\"async\" src=\"https:\/\/campingdesiscles.com\/wp-content\/uploads\/2022\/12\/femme-bouee-jaune-iscles-cta-1024x1024.webp\" alt=\"piscine chauff\u00e9e var camping\"><\/div>\n\t<div class=\"ls-cta__title\">\n\t\tOns zwembad\t<\/div>\n\n\t\t\n<\/a><\/div><div class=\"wp-block-column\">\n\n<a href=\"https:\/\/campingdesiscles.com\/nl\/camping-familie-roquebrune\/\" target=\"\" rel=\"noopener\" class=\"ls-cta__link\">\n\n\t<div class=\"ls-cta__image\"><img decoding=\"async\" src=\"https:\/\/campingdesiscles.com\/wp-content\/uploads\/2022\/12\/accueil-iscles-camping-var-1024x722.webp\" alt=\"accueil iscles\"><\/div>\n\t<div class=\"ls-cta__title\">\n\t\tOnze diensten\t<\/div>\n\n\t\t\n<\/a><\/div><\/div><\/div>\n\n    <\/div>\n<\/section>","protected":false},"excerpt":{"rendered":"","protected":false},"author":1,"featured_media":1584,"parent":0,"menu_order":0,"comment_status":"closed","ping_status":"closed","template":"","meta":{"_acf_changed":false,"footnotes":""},"sujet":[],"class_list":["post-3196","page","type-page","status-publish","has-post-thumbnail","hentry"],"acf":[],"_links":{"self":[{"href":"https:\/\/campingdesiscles.com\/nl\/wp-json\/wp\/v2\/pages\/3196","targetHints":{"allow":["GET"]}}],"collection":[{"href":"https:\/\/campingdesiscles.com\/nl\/wp-json\/wp\/v2\/pages"}],"about":[{"href":"https:\/\/campingdesiscles.com\/nl\/wp-json\/wp\/v2\/types\/page"}],"author":[{"embeddable":true,"href":"https:\/\/campingdesiscles.com\/nl\/wp-json\/wp\/v2\/users\/1"}],"replies":[{"embeddable":true,"href":"https:\/\/campingdesiscles.com\/nl\/wp-json\/wp\/v2\/comments?post=3196"}],"version-history":[{"count":29,"href":"https:\/\/campingdesiscles.com\/nl\/wp-json\/wp\/v2\/pages\/3196\/revisions"}],"predecessor-version":[{"id":4539,"href":"https:\/\/campingdesiscles.com\/nl\/wp-json\/wp\/v2\/pages\/3196\/revisions\/4539"}],"wp:featuredmedia":[{"embeddable":true,"href":"https:\/\/campingdesiscles.com\/nl\/wp-json\/wp\/v2\/media\/1584"}],"wp:attachment":[{"href":"https:\/\/campingdesiscles.com\/nl\/wp-json\/wp\/v2\/media?parent=3196"}],"wp:term":[{"taxonomy":"sujet","embeddable":true,"href":"https:\/\/campingdesiscles.com\/nl\/wp-json\/wp\/v2\/sujet?post=3196"}],"curies":[{"name":"wp","href":"https:\/\/api.w.org\/{rel}","templated":true}]}}