{"id":3103,"date":"2022-12-30T11:57:21","date_gmt":"2022-12-30T10:57:21","guid":{"rendered":"https:\/\/campingdesiscles.com\/aantekeningen\/"},"modified":"2023-10-20T09:40:17","modified_gmt":"2023-10-20T07:40:17","slug":"aantekeningen","status":"publish","type":"page","link":"https:\/\/campingdesiscles.com\/nl\/aantekeningen\/","title":{"rendered":"Juridische informatie"},"content":{"rendered":"<section id=\"ls-section-block_1c3786f767099be3436aa772a645e959\" class=\"ls-section \" >\n        <div class=\"container container--wide\">\n        \n\n<h1 class=\"ls__heading wp-block-heading has-text-align-center\">WETTELIJKE MEDEDELINGEN<\/h1>\n\n\n\n<h2 class=\"ls__heading wp-block-heading has-text-align-center\">SITE EDITOR<\/h2>\n\n\n\n<p class=\"ls-paragraph has-text-align-center\">Bedrijf: ATOL<br>SIRET : 91197702300017<br>TVA intracommunautaire : FR06911977023<br>Code APE : 5530Z<br>Adresse : 690 chemin du moulin des Iscles, 83520 Roquebrune-sur-Argens<br>T\u00e9l: 04.94.45.70.74<br>Email : contact@campingdesiscles.com<br>Verantwoordelijk voor de publicatie : Tomy Baci<\/p>\n\n\n\n<h2 class=\"ls__heading wp-block-heading has-text-align-center\">R\u00c9ALISATION<\/h2>\n\n\n\n<p class=\"ls-paragraph has-text-align-center\">GEEK TONIC, vertegenwoordigd door de heer Yohan Darmayan in zijn hoedanigheid van manager.<br>Hoofdkantoor : 1 all\u00e9e Pierre Lat\u00e9co\u00e8re 64200 Biarritz<br>T\u00e9l : 05 32 74 11 52<br>E-mail : support@geek-tonic.com<br>Site web : <a href=\"https:\/\/www.geek-tonic.com\/\" target=\"_blank\" rel=\"noreferrer noopener\">www.geek-tonic.com<\/a><br>SIRET : 89746755100015<br>APE : 6201Z<\/p>\n\n\n\n<h2 class=\"ls__heading wp-block-heading has-text-align-center\">AUTEURSRECHT EN AUTEURSCHAP<\/h2>\n\n\n\n<p class=\"ls-paragraph has-text-align-center\">De volledige inhoud van deze site is onderworpen aan het auteursrecht en de intellectuele eigendomsrechten volgens het Franse recht.<br>Elke reproductie (inclusief foto&#8217;s, iconen en downloadbare documenten) is verboden zonder voorafgaande toestemming van GEEK TONIC.<br>Reproductie op een elektronische drager van de gehele of gedeeltelijke site in papieren of elektronische vorm is verboden.<br>GEEK TONIC is niet verantwoordelijk voor de inhoud van de website.<br>GEEK TONIC wijst ook alle verantwoordelijkheid af voor externe links naar deze site.<\/p>\n\n\n\n<h2 class=\"ls__heading wp-block-heading has-text-align-center\">PERSOONSGEGEVENS EN NOMINATIEVE INFORMATIE<\/h2>\n\n\n\n<p class=\"ls-paragraph has-text-align-center\">U hebt het recht van toegang, wijziging, rectificatie en verwijdering van de u betreffende gegevens overeenkomstig artikel 34 van de Franse wet op de gegevensbescherming (Loi &#8221; Informatique et Libert\u00e9s &#8221; n\u00b0 78-17 van 6 januari 1978, gewijzigd op 6 augustus 2018).<br>Om dit recht op toegang uit te oefenen, kunt u een schriftelijk verzoek indienen bij de uitgever van de site.<\/p>\n\n\n\n<h2 class=\"ls__heading wp-block-heading has-text-align-center\">WETGEVING<\/h2>\n\n\n\n<p class=\"ls-paragraph has-text-align-center\">Volgens de wet van 11 maart 1957 (art. 41) en het wetboek van intellectuele eigendom van 1 juli 1992 is het verboden enig deel van de site geheel of gedeeltelijk te reproduceren zonder voorafgaande toestemming van de uitgever van de site.<br>Logo&#8217;s, beelden, foto&#8217;s, video&#8217;s, grafische kaarten en teksten zijn eigendom van hun respectieve eigenaars.<br>Deze site kan, zonder zijn medeweten, door middel van hyperlinks verbonden zijn met andere sites. De uitgever van de site wijst alle verantwoordelijkheid af voor de informatie op deze andere sites.<br>De internetgebruiker erkent dat op het gebruik van deze site het Franse recht van toepassing is.<\/p>\n\n\n\n<p class=\"ls-paragraph\"><\/p>\n\n\n\n<h2 class=\"ls__heading wp-block-heading has-text-align-center\"><strong>4X betaling per creditcard met onze partner FLOA<\/strong><\/h2>\n\n\n\n<p class=\"ls-paragraph has-text-align-center\">Onze financi\u00eble partner FLOA biedt betaaloplossingen voor uw aankopen van goederen en\/of diensten, in 4 termijnen per bankkaart. Deze betaaloplossingen zijn voorbehouden aan particulieren (ouder dan 18 jaar) die in Frankrijk wonen en in het bezit zijn van een bankkaart van Visa of MasterCard met een geldigheidsdatum die overeenkomt met de duur van de terugbetaling. FLOA, RCS Bordeaux 434 130 423, met maatschappelijke zetel te Immeuble G7 &#8211; 71 Rue Lucien Faure, Bordeaux (33300), staat onder toezicht van de Autorit\u00e9 de Contr\u00f4le Prudentiel et de R\u00e9solution (ACPR), 4 Place de Budapest, CS 92459, 75436 PARIS CEDEX 09, en is ingeschreven bij de ORIAS onder nummer 07 028 160 (<a href=\"http:\/\/www.orias.fr\">www.orias.fr<\/a>).<\/p>\n\n\n\n<p class=\"ls-paragraph\">FLOA behoudt zich het recht voor om uw financieringsaanvraag te accepteren of te weigeren; u heeft een wettelijke bedenktijd van 14 dagen. <a href=\"https:\/\/www.floabank.fr\/conditions-generales-paiement-plusieurs-fois\">Klik hier<\/a> voor meer informatie.<\/p>\n\n\n\n<p class=\"ls-paragraph has-text-align-center\">Wij maken u erop attent dat indien u uw bestelling van goederen en\/of diensten middels deze betaaloplossingen wenst te betalen, uw persoonsgegevens worden doorgegeven aan FLOA ten behoeve van het bestuderen van uw financieringsaanvraag, het beheren van uw kredietovereenkomst en eventuele incasso. Voor meer informatie, <a href=\"https:\/\/www.floabank.fr\/politique-confidentialite\">klik hier<\/a>.<\/p>\n\n\n    <\/div>\n<\/section>","protected":false},"excerpt":{"rendered":"","protected":false},"author":1,"featured_media":0,"parent":0,"menu_order":0,"comment_status":"closed","ping_status":"closed","template":"","meta":{"_acf_changed":false,"footnotes":""},"sujet":[],"class_list":["post-3103","page","type-page","status-publish","hentry"],"acf":[],"_links":{"self":[{"href":"https:\/\/campingdesiscles.com\/nl\/wp-json\/wp\/v2\/pages\/3103","targetHints":{"allow":["GET"]}}],"collection":[{"href":"https:\/\/campingdesiscles.com\/nl\/wp-json\/wp\/v2\/pages"}],"about":[{"href":"https:\/\/campingdesiscles.com\/nl\/wp-json\/wp\/v2\/types\/page"}],"author":[{"embeddable":true,"href":"https:\/\/campingdesiscles.com\/nl\/wp-json\/wp\/v2\/users\/1"}],"replies":[{"embeddable":true,"href":"https:\/\/campingdesiscles.com\/nl\/wp-json\/wp\/v2\/comments?post=3103"}],"version-history":[{"count":6,"href":"https:\/\/campingdesiscles.com\/nl\/wp-json\/wp\/v2\/pages\/3103\/revisions"}],"predecessor-version":[{"id":5291,"href":"https:\/\/campingdesiscles.com\/nl\/wp-json\/wp\/v2\/pages\/3103\/revisions\/5291"}],"wp:attachment":[{"href":"https:\/\/campingdesiscles.com\/nl\/wp-json\/wp\/v2\/media?parent=3103"}],"wp:term":[{"taxonomy":"sujet","embeddable":true,"href":"https:\/\/campingdesiscles.com\/nl\/wp-json\/wp\/v2\/sujet?post=3103"}],"curies":[{"name":"wp","href":"https:\/\/api.w.org\/{rel}","templated":true}]}}