{"id":4312,"date":"2023-01-11T16:20:54","date_gmt":"2023-01-11T15:20:54","guid":{"rendered":"https:\/\/campingdesiscles.com\/vendita-eco-scooter-move-eco\/"},"modified":"2023-01-11T16:20:55","modified_gmt":"2023-01-11T15:20:55","slug":"vendita-eco-scooter-move-eco","status":"publish","type":"page","link":"https:\/\/campingdesiscles.com\/it\/vendita-eco-scooter-move-eco\/","title":{"rendered":"Vendita di eco-scooter Move"},"content":{"rendered":"<section id=\"ls-section-block_d7b750af44a2330bb17ae81f882652e9\" class=\"ls-section  page-one page background-one has-p-t p-t-12\" >\n        <div class=\"container container--wide\">\n        \n\n<h1 class=\"ls__heading has-text-align-center has-p-b p-b-8 has-color-1-color has-text-color wp-block-heading\"><strong>le vendite di mobilit\u00e0 elettrica si muovono in modo ecologico<\/strong><\/h1>\n\n\n\n<div class=\"wp-block-columns is-layout-flex wp-container-core-columns-is-layout-9d6595d7 wp-block-columns-is-layout-flex\">\n<div class=\"wp-block-column is-vertically-aligned-center is-layout-flow wp-block-column-is-layout-flow\" style=\"flex-basis:33.33%\">\n<div id=\"ls-heading ls-titre-div-block_b98e233e3fa5140903f35e18685fa356\" class=\"ls-titre-div h2-like\" >\n    L&#8217;opportunit\u00e0 bussa una sola volta alla porta!<\/div>\n\n\n\n<p class=\"ls-paragraph\">Che sia estate o inverno, che siate di citt\u00e0 o di campagna, che abbiate un&#8217;attivit\u00e0 commerciale o meno, possiamo aiutarvi con un triciclo.<br\/>Move Eco \u00e8 sinonimo di fiducia, onest\u00e0, rispetto, attenzione al cliente e garanzia di qualit\u00e0. Ci piace essere lo standard, non saremo mai un modello!<\/p>\n\n\n\n<p class=\"ls-paragraph\">I vantaggi dell&#8217;utilizzo di un triciclo elettrico sono<\/p>\n\n\n\n<ul class=\"ls-list wp-block-list\">\n<li>Protezione dell&#8217;ambiente<\/li>\n\n\n\n<li>Basso consumo di elettricit\u00e0<\/li>\n\n\n\n<li>La possibilit\u00e0 di utilizzo in vari campi di attivit\u00e0 (viticoltura, agricoltura, agro-pensioni, allevamento, zoo, municipi, complessi alberghieri, colture varie, ecc.)<\/li>\n\n\n\n<li>La sua efficacia nelle attivit\u00e0 del tempo libero (caccia, pesca, paddock, ecc.).<\/li>\n\n\n\n<li>Omologazione stradale, guida a partire da 14 anni<\/li>\n<\/ul>\n<\/div>\n\n\n\n<div class=\"wp-block-column is-layout-flow wp-block-column-is-layout-flow\" style=\"flex-basis:66.66%\">\n<figure class=\"wp-block-image size-large animated fadeInRight delay-100ms slow\"><img decoding=\"async\" width=\"1024\" height=\"725\" src=\"https:\/\/campingdesiscles.com\/wp-content\/uploads\/2023\/01\/IMG_20221104_101956_resultat-1024x725.webp\" alt=\"acheter triporteur frejus\" class=\"wp-image-4040\" srcset=\"https:\/\/campingdesiscles.com\/wp-content\/uploads\/2023\/01\/IMG_20221104_101956_resultat-1024x725.webp 1024w, https:\/\/campingdesiscles.com\/wp-content\/uploads\/2023\/01\/IMG_20221104_101956_resultat-300x212.webp 300w, https:\/\/campingdesiscles.com\/wp-content\/uploads\/2023\/01\/IMG_20221104_101956_resultat-768x544.webp 768w, https:\/\/campingdesiscles.com\/wp-content\/uploads\/2023\/01\/IMG_20221104_101956_resultat-1536x1087.webp 1536w, https:\/\/campingdesiscles.com\/wp-content\/uploads\/2023\/01\/IMG_20221104_101956_resultat.webp 1695w\" sizes=\"(max-width: 1024px) 100vw, 1024px\" \/><\/figure>\n<\/div>\n<\/div>\n\n\n\n<figure class=\"wp-block-gallery has-nested-images columns-default is-cropped wp-block-gallery-1 is-layout-flex wp-block-gallery-is-layout-flex\">\n<figure class=\"wp-block-image size-large\"><a href=\"https:\/\/campingdesiscles.com\/wp-content\/uploads\/2023\/01\/acheter-triporteur-frejus_resultat-1024x725.webp\"><img decoding=\"async\" width=\"1024\" height=\"725\" data-id=\"4060\" src=\"https:\/\/campingdesiscles.com\/wp-content\/uploads\/2023\/01\/acheter-triporteur-frejus_resultat-1024x725.webp\" alt=\"acheter triporteur frejus resultat\" class=\"wp-image-4060\" srcset=\"https:\/\/campingdesiscles.com\/wp-content\/uploads\/2023\/01\/acheter-triporteur-frejus_resultat-1024x725.webp 1024w, https:\/\/campingdesiscles.com\/wp-content\/uploads\/2023\/01\/acheter-triporteur-frejus_resultat-300x212.webp 300w, https:\/\/campingdesiscles.com\/wp-content\/uploads\/2023\/01\/acheter-triporteur-frejus_resultat-768x544.webp 768w, https:\/\/campingdesiscles.com\/wp-content\/uploads\/2023\/01\/acheter-triporteur-frejus_resultat-1536x1087.webp 1536w, https:\/\/campingdesiscles.com\/wp-content\/uploads\/2023\/01\/acheter-triporteur-frejus_resultat.webp 1695w\" sizes=\"(max-width: 1024px) 100vw, 1024px\" \/><\/a><\/figure>\n\n\n\n<figure class=\"wp-block-image size-large\"><a href=\"https:\/\/campingdesiscles.com\/wp-content\/uploads\/2023\/01\/acheter-triporteur-sainte-maxime_resultat-1024x725.webp\"><img decoding=\"async\" width=\"1024\" height=\"725\" data-id=\"4070\" src=\"https:\/\/campingdesiscles.com\/wp-content\/uploads\/2023\/01\/acheter-triporteur-sainte-maxime_resultat-1024x725.webp\" alt=\"acheter triporteur sainte maxime resultat\" class=\"wp-image-4070\" srcset=\"https:\/\/campingdesiscles.com\/wp-content\/uploads\/2023\/01\/acheter-triporteur-sainte-maxime_resultat-1024x725.webp 1024w, https:\/\/campingdesiscles.com\/wp-content\/uploads\/2023\/01\/acheter-triporteur-sainte-maxime_resultat-300x212.webp 300w, https:\/\/campingdesiscles.com\/wp-content\/uploads\/2023\/01\/acheter-triporteur-sainte-maxime_resultat-768x544.webp 768w, https:\/\/campingdesiscles.com\/wp-content\/uploads\/2023\/01\/acheter-triporteur-sainte-maxime_resultat-1536x1087.webp 1536w, https:\/\/campingdesiscles.com\/wp-content\/uploads\/2023\/01\/acheter-triporteur-sainte-maxime_resultat.webp 1695w\" sizes=\"(max-width: 1024px) 100vw, 1024px\" \/><\/a><\/figure>\n\n\n\n<figure class=\"wp-block-image size-large\"><a href=\"https:\/\/campingdesiscles.com\/wp-content\/uploads\/2023\/01\/triporteur-bleu_resultat-1024x725.webp\"><img decoding=\"async\" width=\"1024\" height=\"725\" data-id=\"4085\" src=\"https:\/\/campingdesiscles.com\/wp-content\/uploads\/2023\/01\/triporteur-bleu_resultat-1024x725.webp\" alt=\"triporteur bleu resultat\" class=\"wp-image-4085\" srcset=\"https:\/\/campingdesiscles.com\/wp-content\/uploads\/2023\/01\/triporteur-bleu_resultat-1024x725.webp 1024w, https:\/\/campingdesiscles.com\/wp-content\/uploads\/2023\/01\/triporteur-bleu_resultat-300x212.webp 300w, https:\/\/campingdesiscles.com\/wp-content\/uploads\/2023\/01\/triporteur-bleu_resultat-768x544.webp 768w, https:\/\/campingdesiscles.com\/wp-content\/uploads\/2023\/01\/triporteur-bleu_resultat-1536x1087.webp 1536w, https:\/\/campingdesiscles.com\/wp-content\/uploads\/2023\/01\/triporteur-bleu_resultat.webp 1695w\" sizes=\"(max-width: 1024px) 100vw, 1024px\" \/><\/a><\/figure>\n\n\n\n<figure class=\"wp-block-image size-large\"><a href=\"https:\/\/campingdesiscles.com\/wp-content\/uploads\/2023\/01\/acheter-triporteur-paca_resultat-1024x725.webp\"><img decoding=\"async\" width=\"1024\" height=\"725\" data-id=\"4065\" src=\"https:\/\/campingdesiscles.com\/wp-content\/uploads\/2023\/01\/acheter-triporteur-paca_resultat-1024x725.webp\" alt=\"acheter triporteur paca resultat\" class=\"wp-image-4065\" srcset=\"https:\/\/campingdesiscles.com\/wp-content\/uploads\/2023\/01\/acheter-triporteur-paca_resultat-1024x725.webp 1024w, https:\/\/campingdesiscles.com\/wp-content\/uploads\/2023\/01\/acheter-triporteur-paca_resultat-300x212.webp 300w, https:\/\/campingdesiscles.com\/wp-content\/uploads\/2023\/01\/acheter-triporteur-paca_resultat-768x544.webp 768w, https:\/\/campingdesiscles.com\/wp-content\/uploads\/2023\/01\/acheter-triporteur-paca_resultat-1536x1087.webp 1536w, https:\/\/campingdesiscles.com\/wp-content\/uploads\/2023\/01\/acheter-triporteur-paca_resultat.webp 1695w\" sizes=\"(max-width: 1024px) 100vw, 1024px\" \/><\/a><\/figure>\n\n\n\n<figure class=\"wp-block-image size-large\"><a href=\"https:\/\/campingdesiscles.com\/wp-content\/uploads\/2023\/01\/triporteur-var_resultat-1024x725.webp\"><img decoding=\"async\" width=\"1024\" height=\"725\" data-id=\"4110\" src=\"https:\/\/campingdesiscles.com\/wp-content\/uploads\/2023\/01\/triporteur-var_resultat-1024x725.webp\" alt=\"triporteur var resultat\" class=\"wp-image-4110\" srcset=\"https:\/\/campingdesiscles.com\/wp-content\/uploads\/2023\/01\/triporteur-var_resultat-1024x725.webp 1024w, https:\/\/campingdesiscles.com\/wp-content\/uploads\/2023\/01\/triporteur-var_resultat-300x212.webp 300w, https:\/\/campingdesiscles.com\/wp-content\/uploads\/2023\/01\/triporteur-var_resultat-768x544.webp 768w, https:\/\/campingdesiscles.com\/wp-content\/uploads\/2023\/01\/triporteur-var_resultat-1536x1087.webp 1536w, https:\/\/campingdesiscles.com\/wp-content\/uploads\/2023\/01\/triporteur-var_resultat.webp 1695w\" sizes=\"(max-width: 1024px) 100vw, 1024px\" \/><\/a><\/figure>\n\n\n\n<figure class=\"wp-block-image size-large\"><a href=\"https:\/\/campingdesiscles.com\/wp-content\/uploads\/2023\/01\/move-eco-cargo-500_resultat-1024x725.webp\"><img decoding=\"async\" width=\"1024\" height=\"725\" data-id=\"4080\" src=\"https:\/\/campingdesiscles.com\/wp-content\/uploads\/2023\/01\/move-eco-cargo-500_resultat-1024x725.webp\" alt=\"move eco cargo resultat\" class=\"wp-image-4080\" srcset=\"https:\/\/campingdesiscles.com\/wp-content\/uploads\/2023\/01\/move-eco-cargo-500_resultat-1024x725.webp 1024w, https:\/\/campingdesiscles.com\/wp-content\/uploads\/2023\/01\/move-eco-cargo-500_resultat-300x212.webp 300w, https:\/\/campingdesiscles.com\/wp-content\/uploads\/2023\/01\/move-eco-cargo-500_resultat-768x544.webp 768w, https:\/\/campingdesiscles.com\/wp-content\/uploads\/2023\/01\/move-eco-cargo-500_resultat-1536x1087.webp 1536w, https:\/\/campingdesiscles.com\/wp-content\/uploads\/2023\/01\/move-eco-cargo-500_resultat.webp 1695w\" sizes=\"(max-width: 1024px) 100vw, 1024px\" \/><\/a><\/figure>\n\n\n\n<figure class=\"wp-block-image size-large\"><a href=\"https:\/\/campingdesiscles.com\/wp-content\/uploads\/2023\/01\/triporteur-electrique_resultat-1024x725.webp\"><img decoding=\"async\" width=\"1024\" height=\"725\" data-id=\"4090\" src=\"https:\/\/campingdesiscles.com\/wp-content\/uploads\/2023\/01\/triporteur-electrique_resultat-1024x725.webp\" alt=\"triporteur electrique resultat\" class=\"wp-image-4090\" srcset=\"https:\/\/campingdesiscles.com\/wp-content\/uploads\/2023\/01\/triporteur-electrique_resultat-1024x725.webp 1024w, https:\/\/campingdesiscles.com\/wp-content\/uploads\/2023\/01\/triporteur-electrique_resultat-300x212.webp 300w, https:\/\/campingdesiscles.com\/wp-content\/uploads\/2023\/01\/triporteur-electrique_resultat-768x544.webp 768w, https:\/\/campingdesiscles.com\/wp-content\/uploads\/2023\/01\/triporteur-electrique_resultat-1536x1087.webp 1536w, https:\/\/campingdesiscles.com\/wp-content\/uploads\/2023\/01\/triporteur-electrique_resultat.webp 1695w\" sizes=\"(max-width: 1024px) 100vw, 1024px\" \/><\/a><\/figure>\n\n\n\n<figure class=\"wp-block-image size-large\"><a href=\"https:\/\/campingdesiscles.com\/wp-content\/uploads\/2023\/01\/triporteur-move-cargo-eco-500_resultat-1024x725.webp\"><img decoding=\"async\" width=\"1024\" height=\"725\" data-id=\"4095\" src=\"https:\/\/campingdesiscles.com\/wp-content\/uploads\/2023\/01\/triporteur-move-cargo-eco-500_resultat-1024x725.webp\" alt=\"triporteur move cargo eco resultat\" class=\"wp-image-4095\" srcset=\"https:\/\/campingdesiscles.com\/wp-content\/uploads\/2023\/01\/triporteur-move-cargo-eco-500_resultat-1024x725.webp 1024w, https:\/\/campingdesiscles.com\/wp-content\/uploads\/2023\/01\/triporteur-move-cargo-eco-500_resultat-300x212.webp 300w, https:\/\/campingdesiscles.com\/wp-content\/uploads\/2023\/01\/triporteur-move-cargo-eco-500_resultat-768x544.webp 768w, https:\/\/campingdesiscles.com\/wp-content\/uploads\/2023\/01\/triporteur-move-cargo-eco-500_resultat-1536x1087.webp 1536w, https:\/\/campingdesiscles.com\/wp-content\/uploads\/2023\/01\/triporteur-move-cargo-eco-500_resultat.webp 1695w\" sizes=\"(max-width: 1024px) 100vw, 1024px\" \/><\/a><\/figure>\n\n\n\n<figure class=\"wp-block-image size-large\"><a href=\"https:\/\/campingdesiscles.com\/wp-content\/uploads\/2023\/01\/triporteur-move-eco_resultat-1024x725.webp\"><img decoding=\"async\" width=\"1024\" height=\"725\" data-id=\"4100\" src=\"https:\/\/campingdesiscles.com\/wp-content\/uploads\/2023\/01\/triporteur-move-eco_resultat-1024x725.webp\" alt=\"triporteur move eco resultat\" class=\"wp-image-4100\" srcset=\"https:\/\/campingdesiscles.com\/wp-content\/uploads\/2023\/01\/triporteur-move-eco_resultat-1024x725.webp 1024w, https:\/\/campingdesiscles.com\/wp-content\/uploads\/2023\/01\/triporteur-move-eco_resultat-300x212.webp 300w, https:\/\/campingdesiscles.com\/wp-content\/uploads\/2023\/01\/triporteur-move-eco_resultat-768x544.webp 768w, https:\/\/campingdesiscles.com\/wp-content\/uploads\/2023\/01\/triporteur-move-eco_resultat-1536x1087.webp 1536w, https:\/\/campingdesiscles.com\/wp-content\/uploads\/2023\/01\/triporteur-move-eco_resultat.webp 1695w\" sizes=\"(max-width: 1024px) 100vw, 1024px\" \/><\/a><\/figure>\n\n\n\n<figure class=\"wp-block-image size-large\"><a href=\"https:\/\/campingdesiscles.com\/wp-content\/uploads\/2023\/01\/triporteur-remorque.jpg\"><img decoding=\"async\" width=\"510\" height=\"382\" data-id=\"4050\" src=\"https:\/\/campingdesiscles.com\/wp-content\/uploads\/2023\/01\/triporteur-remorque.jpg\" alt=\"triporteur remorque\" class=\"wp-image-4050\" srcset=\"https:\/\/campingdesiscles.com\/wp-content\/uploads\/2023\/01\/triporteur-remorque.jpg 510w, https:\/\/campingdesiscles.com\/wp-content\/uploads\/2023\/01\/triporteur-remorque-300x225.jpg 300w\" sizes=\"(max-width: 510px) 100vw, 510px\" \/><\/a><\/figure>\n\n\n\n<figure class=\"wp-block-image size-large\"><a href=\"https:\/\/campingdesiscles.com\/wp-content\/uploads\/2023\/01\/acheter-triporteur-saint-raphael_resultat-1024x725.webp\"><img decoding=\"async\" width=\"1024\" height=\"725\" data-id=\"4075\" src=\"https:\/\/campingdesiscles.com\/wp-content\/uploads\/2023\/01\/acheter-triporteur-saint-raphael_resultat-1024x725.webp\" alt=\"acheter triporteur saint raphael resultat\" class=\"wp-image-4075\" srcset=\"https:\/\/campingdesiscles.com\/wp-content\/uploads\/2023\/01\/acheter-triporteur-saint-raphael_resultat-1024x725.webp 1024w, https:\/\/campingdesiscles.com\/wp-content\/uploads\/2023\/01\/acheter-triporteur-saint-raphael_resultat-300x212.webp 300w, https:\/\/campingdesiscles.com\/wp-content\/uploads\/2023\/01\/acheter-triporteur-saint-raphael_resultat-768x544.webp 768w, https:\/\/campingdesiscles.com\/wp-content\/uploads\/2023\/01\/acheter-triporteur-saint-raphael_resultat-1536x1087.webp 1536w, https:\/\/campingdesiscles.com\/wp-content\/uploads\/2023\/01\/acheter-triporteur-saint-raphael_resultat.webp 1695w\" sizes=\"(max-width: 1024px) 100vw, 1024px\" \/><\/a><\/figure>\n\n\n\n<figure class=\"wp-block-image size-large\"><a href=\"https:\/\/campingdesiscles.com\/wp-content\/uploads\/2023\/01\/triporteur-roquebrune_resultat-1024x819.webp\"><img decoding=\"async\" width=\"1024\" height=\"819\" data-id=\"4105\" src=\"https:\/\/campingdesiscles.com\/wp-content\/uploads\/2023\/01\/triporteur-roquebrune_resultat-1024x819.webp\" alt=\"triporteur roquebrune resultat\" class=\"wp-image-4105\" srcset=\"https:\/\/campingdesiscles.com\/wp-content\/uploads\/2023\/01\/triporteur-roquebrune_resultat-1024x819.webp 1024w, https:\/\/campingdesiscles.com\/wp-content\/uploads\/2023\/01\/triporteur-roquebrune_resultat-300x240.webp 300w, https:\/\/campingdesiscles.com\/wp-content\/uploads\/2023\/01\/triporteur-roquebrune_resultat-768x614.webp 768w, https:\/\/campingdesiscles.com\/wp-content\/uploads\/2023\/01\/triporteur-roquebrune_resultat.webp 1500w\" sizes=\"(max-width: 1024px) 100vw, 1024px\" \/><\/a><\/figure>\n<\/figure>\n\n\n\n<div class=\"wp-block-columns is-layout-flex wp-container-core-columns-is-layout-9d6595d7 wp-block-columns-is-layout-flex\">\n<div class=\"wp-block-column is-layout-flow wp-block-column-is-layout-flow\"><\/div>\n\n\n\n<div class=\"wp-block-column is-layout-flow wp-block-column-is-layout-flow\">\n<figure class=\"wp-block-video\"><video height=\"1280\" style=\"aspect-ratio: 720 \/ 1280;\" width=\"720\" controls=\"\" src=\"https:\/\/campingdesiscles.com\/wp-content\/uploads\/2023\/01\/VID_185041218_100020_485.mp4\"><\/video><\/figure>\n<\/div>\n\n\n\n<div class=\"wp-block-column is-layout-flow wp-block-column-is-layout-flow\">\n<figure class=\"wp-block-video\"><video height=\"1280\" style=\"aspect-ratio: 720 \/ 1280;\" width=\"720\" controls=\"\" src=\"https:\/\/campingdesiscles.com\/wp-content\/uploads\/2023\/01\/VID_185020403_033138_249.mp4\"><\/video><\/figure>\n<\/div>\n\n\n\n<div class=\"wp-block-column is-layout-flow wp-block-column-is-layout-flow\"><\/div>\n<\/div>\n\n\n\n<a href=\"https:\/\/campingdesiscles.com\/wp-content\/uploads\/2022\/11\/Presentation-Move-eco-Cargo-500_compressed.pdf\" id=\"ls-button-block_2c5b4285d81140d123e0f27b9571fbbd\" target=\"_blank\" rel=\"noopener\" class=\"ls-button aligncenter has-m-t m-t-8\" ><span>T\u00e9l\u00e9charger la brochure<\/span><span class=\"plus\">+<\/span><\/a>\n\n\n    <\/div>\n<\/section><section id=\"ls-section-block_ea98c013994173103207da9ac71fccd8\" class=\"ls-section  page-contact has-p-t p-t-0 has-p-b p-b-15\" >\n        <div class=\"container \">\n        \n\n<div id=\"ls-heading ls-titre-div-block_1b0a7bf6ab64918be9aedbabd582ec63\" class=\"ls-titre-div aligncenter h2-like\" >\n    Avete una domanda?  Contattateci al numero 04 94 45 70 74 o all&#8217;indirizzo camping.moulindesiscles@gmail.com.<\/div>\n\n\n    <\/div>\n<\/section>","protected":false},"excerpt":{"rendered":"","protected":false},"author":1,"featured_media":4183,"parent":0,"menu_order":0,"comment_status":"closed","ping_status":"closed","template":"","meta":{"_acf_changed":false,"footnotes":""},"sujet":[],"class_list":["post-4312","page","type-page","status-publish","has-post-thumbnail","hentry"],"acf":[],"_links":{"self":[{"href":"https:\/\/campingdesiscles.com\/it\/wp-json\/wp\/v2\/pages\/4312","targetHints":{"allow":["GET"]}}],"collection":[{"href":"https:\/\/campingdesiscles.com\/it\/wp-json\/wp\/v2\/pages"}],"about":[{"href":"https:\/\/campingdesiscles.com\/it\/wp-json\/wp\/v2\/types\/page"}],"author":[{"embeddable":true,"href":"https:\/\/campingdesiscles.com\/it\/wp-json\/wp\/v2\/users\/1"}],"replies":[{"embeddable":true,"href":"https:\/\/campingdesiscles.com\/it\/wp-json\/wp\/v2\/comments?post=4312"}],"version-history":[{"count":1,"href":"https:\/\/campingdesiscles.com\/it\/wp-json\/wp\/v2\/pages\/4312\/revisions"}],"predecessor-version":[{"id":4313,"href":"https:\/\/campingdesiscles.com\/it\/wp-json\/wp\/v2\/pages\/4312\/revisions\/4313"}],"wp:featuredmedia":[{"embeddable":true,"href":"https:\/\/campingdesiscles.com\/it\/wp-json\/wp\/v2\/media\/4183"}],"wp:attachment":[{"href":"https:\/\/campingdesiscles.com\/it\/wp-json\/wp\/v2\/media?parent=4312"}],"wp:term":[{"taxonomy":"sujet","embeddable":true,"href":"https:\/\/campingdesiscles.com\/it\/wp-json\/wp\/v2\/sujet?post=4312"}],"curies":[{"name":"wp","href":"https:\/\/api.w.org\/{rel}","templated":true}]}}