{"id":3120,"date":"2022-12-30T12:34:27","date_gmt":"2022-12-30T11:34:27","guid":{"rendered":"https:\/\/campingdesiscles.com\/informativa-sulla-privacy\/"},"modified":"2022-12-30T12:34:27","modified_gmt":"2022-12-30T11:34:27","slug":"informativa-sulla-privacy","status":"publish","type":"page","link":"https:\/\/campingdesiscles.com\/it\/informativa-sulla-privacy\/","title":{"rendered":"Informativa sulla privacy"},"content":{"rendered":"<section id=\"ls-section-block_bb1ae40547ce63fa9dacdfef60713876\" class=\"ls-section  has-p-t p-t-20\" >\n        <div class=\"container \">\n        \n\n<h1 class=\"ls-heading wp-block-heading\">INFORMATIVA SULLA PRIVACY<\/h1>\n\n\n\n<p class=\"ls-paragraph\">La presente informativa sulla privacy descrive i dati personali che vengono raccolti o generati (elaborati) quando si utilizza il sito web. La presente Informativa sulla privacy descrive i tipi di dati personali raccolti quando si utilizza il nostro sito e le modalit\u00e0 di utilizzo, condivisione e protezione dei dati personali. Inoltre, spiega le possibilit\u00e0 di scelta dell&#8217;utente in merito ai propri dati personali e le modalit\u00e0 di contatto con noi.<\/p>\n\n\n\n<h2 class=\"ls-heading wp-block-heading\">Indice dei contenuti<\/h2>\n\n\n\n<ul class=\"ls-list wp-block-list\">\n<li><a href=\"https:\/\/campingdesiscles.com\/it\/informativa-sulla-privacy\/#gdpr-1\">Chi siamo?<\/a><\/li>\n\n\n\n<li><a href=\"https:\/\/campingdesiscles.com\/it\/informativa-sulla-privacy\/#gdpr-2\">Utilizzo dei dati personali raccolti<\/a><\/li>\n\n\n\n<li><a href=\"https:\/\/campingdesiscles.com\/it\/informativa-sulla-privacy\/#gdpr-3\">Commenti<\/a><\/li>\n\n\n\n<li><a href=\"https:\/\/campingdesiscles.com\/it\/informativa-sulla-privacy\/#gdpr-4\">Media<\/a><\/li>\n\n\n\n<li><a href=\"https:\/\/campingdesiscles.com\/it\/informativa-sulla-privacy\/#gdpr-5\">Moduli di contatto<\/a><\/li>\n\n\n\n<li><a href=\"https:\/\/campingdesiscles.com\/it\/informativa-sulla-privacy\/#gdpr-6\">Utilizzo dei cookie<\/a><\/li>\n\n\n\n<li><a href=\"https:\/\/campingdesiscles.com\/it\/informativa-sulla-privacy\/#gdpr-7\">Statistiche e misurazione dell&#8217;audience<\/a><\/li>\n\n\n\n<li><a href=\"https:\/\/campingdesiscles.com\/it\/informativa-sulla-privacy\/#gdpr-8\">Per quanto tempo vengono conservati i vostri dati<\/a><\/li>\n\n\n\n<li><a href=\"https:\/\/campingdesiscles.com\/it\/informativa-sulla-privacy\/#gdpr-9\">I diritti che avete sui vostri dati<\/a><\/li>\n\n\n\n<li><a href=\"https:\/\/campingdesiscles.com\/it\/informativa-sulla-privacy\/#gdpr-10\">Trasmissione dei dati personali<\/a><\/li>\n\n\n\n<li><a href=\"https:\/\/campingdesiscles.com\/it\/informativa-sulla-privacy\/#gdpr-11\">Come proteggiamo i vostri dati<\/a><\/li>\n\n\n\n<li><a href=\"https:\/\/www.ile-blanche.com\/privacy-policy\/#gdpr-12\">Informati<\/a><a href=\"https:\/\/campingdesiscles.com\/it\/informativa-sulla-privacy\/#gdpr-12\">o<\/a><a href=\"https:\/\/www.ile-blanche.com\/privacy-policy\/#gdpr-12\">ns de contact<\/a><\/li>\n<\/ul>\n\n\n\n<h2 class=\"ls-heading wp-block-heading\" id=\"gdpr-1\">Chi siamo?<\/h2>\n\n\n\n<p class=\"ls-paragraph\">Scoprite tutte le nostre informazioni nella <a href=\"https:\/\/campingdesiscles.com\/it\/avvisi-legali\/\">pagina legale.<\/a><\/p>\n\n\n\n<h2 class=\"ls-heading wp-block-heading\" id=\"gdpr-2\">Utilizzo dei dati personali raccolti<\/h2>\n\n\n\n<p class=\"ls-paragraph\">Non raccogliamo automaticamente e direttamente alcun dato su di voi.<\/p>\n\n\n\n<p class=\"ls-paragraph\">Ciononostante, possiamo raccogliere informazioni, anche personali, da terze parti (si veda la sezione <a href=\"https:\/\/campingdesiscles.com\/it\/informativa-sulla-privacy\/#gdpr-5\">Cookie).<\/a><\/p>\n\n\n\n<h2 class=\"ls-heading wp-block-heading\" id=\"gdpr-3\">Commento<\/h2>\n\n\n\n<p class=\"ls-paragraph\">Quando lasciate un commento sul nostro sito web, vengono raccolti non solo i dati inseriti nel modulo di commento, ma anche il vostro indirizzo IP e l&#8217;user agent del browser per aiutarci a individuare i commenti indesiderati.<\/p>\n\n\n\n<p class=\"ls-paragraph\">Una stringa anonima creata dal vostro indirizzo e-mail (nota anche come hash) pu\u00f2 essere inviata al servizio Gravatar per verificare se lo state utilizzando. L&#8217;informativa sulla privacy di Gravatar \u00e8 disponibile all&#8217;indirizzo https:\/\/automattic.com\/privacy\/. Dopo la convalida del commento, la foto del profilo sar\u00e0 visibile pubblicamente accanto al commento.<\/p>\n\n\n\n<h2 class=\"ls-heading wp-block-heading\" id=\"gdpr-4\">Media<\/h2>\n\n\n\n<p class=\"ls-paragraph\">Se siete utenti registrati e state caricando immagini sul sito, vi consigliamo di evitare di caricare immagini contenenti dati EXIF di coordinate GPS. I visitatori del vostro sito web possono scaricare ed estrarre i dati di localizzazione da queste immagini.<\/p>\n\n\n\n<h2 class=\"ls-heading wp-block-heading\" id=\"gdpr-5\">Moduli di contatto<\/h2>\n\n\n\n<p class=\"ls-paragraph\">L&#8217;utente pu\u00f2 scegliere di fornirci informazioni quando compila un modulo; tali informazioni ci verranno inviate via e-mail e non verranno memorizzate in nessun altro luogo se non nel nostro servizio di posta elettronica; tali informazioni verranno utilizzate al solo scopo di rispondere alla richiesta dell&#8217;utente. Se le informazioni possono essere utilizzate per scopi commerciali, ci\u00f2 sar\u00e0 indicato alla fine del modulo. Quando raccogliamo informazioni tramite un modulo, chiediamo sempre il vostro consenso.<\/p>\n\n\n\n<h2 class=\"ls-heading wp-block-heading\" id=\"gdpr-6\">Utilizzo dei cookie<\/h2>\n\n\n\n<p class=\"ls-paragraph\"><strong>Che cos&#8217;\u00e8 un biscotto?<\/strong><br\/>Un cookie \u00e8 un piccolo file di dati che viene trasferito e memorizzato sul vostro dispositivo. In pratica, un cookie ci permette di riconoscere il vostro browser, la vostra lingua o di memorizzare le vostre preferenze.<br\/>Sul nostro sito vengono utilizzati due tipi di cookie: &#8220;cookie di sessione&#8221; e &#8220;cookie persistenti&#8221;. I cookie di sessione scadono quando si chiude il browser, mentre i cookie persistenti rimangono sul dispositivo dopo la chiusura del browser e possono essere riutilizzati alla successiva visita del sito.<\/p>\n\n\n\n<p class=\"ls-paragraph\">Maggiori informazioni <a href=\"https:\/\/www.allaboutcookies.org\/fr\/\" rel=\"noreferrer noopener\" target=\"_blank\">su allaboutcookies.org.<\/a><\/p>\n\n\n\n<p class=\"ls-paragraph\"><strong>I nostri cookie<\/strong><\/p>\n\n\n\n<p class=\"ls-paragraph\">Se lasciate un commento sul nostro sito, vi verr\u00e0 offerta la possibilit\u00e0 di salvare il vostro nome, indirizzo e-mail e sito web nei cookie. Questo \u00e8 solo per comodit\u00e0, in modo da non dover inserire queste informazioni se si lascia un altro commento in seguito. Questi cookie scadono dopo un anno.<\/p>\n\n\n\n<p class=\"ls-paragraph\">Se si dispone di un account e si accede a questo sito, verr\u00e0 impostato un cookie temporaneo per determinare se il browser accetta i cookie. Non contiene dati personali e verr\u00e0 cancellato automaticamente alla chiusura del browser.<\/p>\n\n\n\n<p class=\"ls-paragraph\">Quando l&#8217;utente accede, vengono impostati alcuni cookie per memorizzare le informazioni di accesso e le preferenze dello schermo. La durata di un cookie di connessione \u00e8 di due giorni, quella di un cookie di opzione dello schermo \u00e8 di un anno. Se si seleziona &#8220;Ricordami&#8221;, il cookie di accesso verr\u00e0 memorizzato per quindici giorni. Se si esce dal proprio account, il cookie di accesso viene cancellato.<\/p>\n\n\n\n<p class=\"ls-paragraph\">Modificando o pubblicando un articolo, un ulteriore cookie verr\u00e0 memorizzato nel vostro browser. Questo cookie non contiene dati personali. Indica semplicemente l&#8217;ID dell&#8217;elemento appena modificato. Scade dopo un giorno.<\/p>\n\n\n\n<p class=\"ls-paragraph\"><strong>Cookie di terze parti<\/strong><\/p>\n\n\n\n<p class=\"ls-paragraph\">Gli articoli di questo sito possono includere contenuti incorporati (ad esempio video, immagini, articoli&#8230;). I contenuti incorporati da altri siti si comportano come se il visitatore si trovasse su quel sito.<\/p>\n\n\n\n<p class=\"ls-paragraph\">Questi siti web possono raccogliere dati sull&#8217;utente, utilizzare cookie, incorporare strumenti di tracciamento di terze parti, tracciare le interazioni dell&#8217;utente con questi contenuti incorporati se l&#8217;utente ha un account registrato sul loro sito web.<\/p>\n\n\n\n<p class=\"ls-paragraph\">Possiamo consentire ad alcuni partner commerciali di installare tecnologie sul nostro sito. Questi partner utilizzano queste tecnologie per aiutarci ad analizzare il modo in cui l&#8217;utente utilizza il sito, ad esempio annotando i servizi di terze parti attraverso i quali l&#8217;utente \u00e8 arrivato sulla Piattaforma, per commercializzare e promuovere i nostri servizi sul nostro sito e su siti web di terze parti, per aiutarci a rilevare e prevenire le frodi o a condurre valutazioni del rischio, o per raccogliere informazioni sulle vostre attivit\u00e0 sul sito web.<\/p>\n\n\n\n<p class=\"ls-paragraph\">Il nostro sito web pu\u00f2 utilizzare social plugin forniti e gestiti da societ\u00e0 terze, come il pulsante &#8220;Mi piace&#8221; di Facebook. Di conseguenza, l&#8217;utente pu\u00f2 inviare a terzi le informazioni visualizzate in una particolare sezione del nostro sito. Se l&#8217;utente non ha effettuato l&#8217;accesso al proprio account presso la terza parte, quest&#8217;ultima non sapr\u00e0 chi \u00e8 l&#8217;utente. Se l&#8217;utente ha effettuato l&#8217;accesso al proprio account con la terza parte, quest&#8217;ultima pu\u00f2 collegare le informazioni o le azioni relative alle interazioni dell&#8217;utente con il nostro sito al suo account con la terza parte. Si prega di consultare le politiche sulla privacy delle terze parti per saperne di pi\u00f9 sulle loro pratiche di trattamento dei dati.<\/p>\n\n\n\n<p class=\"ls-paragraph\">L&#8217;elenco dei cookie di terze parti utilizzati su questo sito \u00e8 disponibile nel <a href=\"\/#moove_gdpr_cookie_modal\">pannello di gestione dei cookie.<\/a><\/p>\n\n\n\n<h2 class=\"ls-heading wp-block-heading\" id=\"gdpr-7\">Statistiques et mesure d&#8217;audience<\/h2>\n\n\n\n<p class=\"ls-paragraph\">In termini di analisi lavoriamo con Google Analytics per ottenere informazioni sull&#8217;utilizzo del nostro sito web al fine di migliorarlo. Quest&#8217;ultimo pu\u00f2 essere disattivato dal pannello <a href=\"\/#moove_gdpr_cookie_modal\">di gestione dei cookie.<\/a><\/p>\n\n\n\n<p class=\"ls-paragraph\">Per impedire a Google Analytics di utilizzare i vostri dati per l&#8217;analisi, potete anche installare il componente aggiuntivo del browser Google Analytics Opt-out <a href=\"https:\/\/tools.google.com\/dlpage\/gaoptout\" rel=\"noreferrer noopener\" target=\"_blank\">qui.<\/a> Si noti che non abbiamo alcun controllo su questo link di opt-out e non siamo responsabili della disponibilit\u00e0 o dell&#8217;accuratezza di questo meccanismo. Per ulteriori informazioni, <a href=\"https:\/\/support.google.com\/analytics\/answer\/6004245\" rel=\"noreferrer noopener\" target=\"_blank\">consultare questa documentazione.<\/a><\/p>\n\n\n\n<h2 class=\"ls-heading wp-block-heading\" id=\"gdpr-8\">Per quanto tempo vengono conservati i vostri dati<\/h2>\n\n\n\n<p class=\"ls-paragraph\">Se si lascia un commento, il commento e i relativi metadati vengono conservati a tempo indeterminato. In questo modo i commenti successivi vengono riconosciuti e approvati automaticamente, invece di rimanere nella coda di moderazione.<\/p>\n\n\n\n<p class=\"ls-paragraph\">Per gli utenti che si registrano sul nostro sito (se possibile), memorizziamo anche i dati personali indicati nel loro profilo. Tutti gli utenti possono visualizzare, modificare o cancellare le proprie informazioni personali in qualsiasi momento (ad eccezione del nome utente). Anche i responsabili del sito possono visualizzare e modificare queste informazioni.<\/p>\n\n\n\n<h2 class=\"ls-heading wp-block-heading\" id=\"gdpr-9\">I diritti che avete sui vostri dati<\/h2>\n\n\n\n<p class=\"ls-paragraph\">Se avete un account o avete lasciato commenti sul sito, potete richiedere di ricevere un file contenente tutti i dati personali in nostro possesso, compresi quelli che ci avete fornito. \u00c8 inoltre possibile richiedere la cancellazione dei propri dati personali. Questo non tiene conto dei dati memorizzati per scopi amministrativi, legali o di sicurezza.<\/p>\n\n\n\n<h2 class=\"ls-heading wp-block-heading\" id=\"gdpr-10\">Trasmissione dei dati personali<\/h2>\n\n\n\n<p class=\"ls-paragraph\">I commenti dei visitatori possono essere controllati con un servizio automatico di rilevamento dello spam.<br\/>Tutti i dati personali che trattiamo sono elaborati nel cuore dell&#8217;Unione Europea.<\/p>\n\n\n\n<h2 class=\"ls-heading wp-block-heading\" id=\"gdpr-11\">Come proteggiamo i vostri dati<\/h2>\n\n\n\n<p class=\"ls-paragraph\">Implementiamo e aggiorniamo continuamente la sicurezza del sito per proteggere le vostre informazioni da accessi non autorizzati, perdita, distruzione <strong>o alterazione.<\/strong> Stiamo quindi lavorando per rendere i vostri dati il pi\u00f9 invulnerabili possibile. Poich\u00e9 Internet non \u00e8 un ambiente sicuro al 100%, non possiamo garantire completamente la sicurezza della trasmissione o dell&#8217;archiviazione delle vostre informazioni.<\/p>\n\n\n\n<h2 class=\"ls-heading wp-block-heading\" id=\"gdpr-12\">Informazioni di contatto<\/h2>\n\n\n\n<p class=\"ls-paragraph\">Per qualsiasi richiesta o domanda relativa ai vostri dati personali, vi preghiamo di contattarci all&#8217;indirizzo rgpd@gek-tonic.com; altre informazioni di contatto sono disponibili sulla <a href=\"https:\/\/campingdesiscles.com\/it\/avvisi-legali\/\">nostra nota legale.<\/a> Si prega di notare che potremmo chiedervi di verificare la vostra identit\u00e0 prima di dare seguito alla vostra domanda.<\/p>\n\n\n    <\/div>\n<\/section>","protected":false},"excerpt":{"rendered":"","protected":false},"author":1,"featured_media":0,"parent":0,"menu_order":0,"comment_status":"closed","ping_status":"closed","template":"","meta":{"_acf_changed":false,"footnotes":""},"sujet":[],"class_list":["post-3120","page","type-page","status-publish","hentry"],"acf":[],"_links":{"self":[{"href":"https:\/\/campingdesiscles.com\/it\/wp-json\/wp\/v2\/pages\/3120","targetHints":{"allow":["GET"]}}],"collection":[{"href":"https:\/\/campingdesiscles.com\/it\/wp-json\/wp\/v2\/pages"}],"about":[{"href":"https:\/\/campingdesiscles.com\/it\/wp-json\/wp\/v2\/types\/page"}],"author":[{"embeddable":true,"href":"https:\/\/campingdesiscles.com\/it\/wp-json\/wp\/v2\/users\/1"}],"replies":[{"embeddable":true,"href":"https:\/\/campingdesiscles.com\/it\/wp-json\/wp\/v2\/comments?post=3120"}],"version-history":[{"count":1,"href":"https:\/\/campingdesiscles.com\/it\/wp-json\/wp\/v2\/pages\/3120\/revisions"}],"predecessor-version":[{"id":3121,"href":"https:\/\/campingdesiscles.com\/it\/wp-json\/wp\/v2\/pages\/3120\/revisions\/3121"}],"wp:attachment":[{"href":"https:\/\/campingdesiscles.com\/it\/wp-json\/wp\/v2\/media?parent=3120"}],"wp:term":[{"taxonomy":"sujet","embeddable":true,"href":"https:\/\/campingdesiscles.com\/it\/wp-json\/wp\/v2\/sujet?post=3120"}],"curies":[{"name":"wp","href":"https:\/\/api.w.org\/{rel}","templated":true}]}}