{"id":3101,"date":"2022-12-30T11:55:51","date_gmt":"2022-12-30T10:55:51","guid":{"rendered":"https:\/\/campingdesiscles.com\/avvisi-legali\/"},"modified":"2023-10-20T09:54:01","modified_gmt":"2023-10-20T07:54:01","slug":"avvisi-legali","status":"publish","type":"page","link":"https:\/\/campingdesiscles.com\/it\/avvisi-legali\/","title":{"rendered":"Informazioni legali"},"content":{"rendered":"<section id=\"ls-section-block_1d8928dad0c9ca1d0d699c7ba57f3869\" class=\"ls-section \" >\n        <div class=\"container container--wide\">\n        \n\n<h1 class=\"ls__heading wp-block-heading has-text-align-center\">AVVISI LEGALI<\/h1>\n\n\n\n<h2 class=\"ls__heading wp-block-heading has-text-align-center\">REDATTORE DEL SITO<\/h2>\n\n\n\n<p class=\"ls-paragraph has-text-align-center\">Azienda: ATOL<\/p>\n\n\n\n<p class=\"ls-paragraph has-text-align-center\">SIRET : 91197702300017<br>TVA intracommunautaire : FR06911977023<br>Code APE : 5530Z<br>Adresse : 690 chemin du moulin des Iscles, 83520 Roquebrune-sur-Argens<br>T\u00e9l: 04.94.45.70.74<br>Email : contact@campingdesiscles.com<br>Responsabile della pubblicazione : Tomy Baci<\/p>\n\n\n\n<h2 class=\"ls__heading wp-block-heading has-text-align-center\">REALIZZAZIONE<\/h2>\n\n\n\n<p class=\"ls-paragraph has-text-align-center\">GEEK TONIC, rappresentata dal sig. Yohan Darmayan in qualit\u00e0 di Manager<br>Sede centrale: 1 all\u00e9e Pierre Lat\u00e9co\u00e8re 64200 Biarritz<br>T\u00e9l : 05 32 74 11 52<br>E-mail : support@geek-tonic.com<br>Site web : <a href=\"https:\/\/www.geek-tonic.com\/\" target=\"_blank\" rel=\"noreferrer noopener\">www.geek-tonic.com<\/a><br>SIRET : 89746755100015<br>APE : 6201Z<\/p>\n\n\n\n<h2 class=\"ls__heading wp-block-heading has-text-align-center\">COPYRIGHT E PATERNIT\u00c0<\/h2>\n\n\n\n<p class=\"ls-paragraph has-text-align-center\">L&#8217;intero contenuto di questo sito \u00e8 soggetto a diritti d&#8217;autore e di propriet\u00e0 intellettuale ai sensi della legge francese.<br>\u00c8 vietata qualsiasi riproduzione (comprese foto, icone e documenti scaricabili) senza il previo consenso di GEEK TONIC.<br>\u00c8 vietata la riproduzione su supporto elettronico di tutto o parte del sito in formato cartaceo o elettronico.<br>GEEK TONIC non \u00e8 responsabile del contenuto del sito web.<br>GEEK TONIC declina inoltre ogni responsabilit\u00e0 per i collegamenti esterni a questo sito.<\/p>\n\n\n\n<h2 class=\"ls__heading wp-block-heading has-text-align-center\">DATI PERSONALI E INFORMAZIONI NOMINATIVE<\/h2>\n\n\n\n<p class=\"ls-paragraph has-text-align-center\">Avete il diritto di accedere, modificare, rettificare e cancellare i dati che vi riguardano ai sensi dell&#8217;articolo 34 della legge francese sulla protezione dei dati (Loi &#8221; Informatique et Libert\u00e9s &#8221; n\u00b0 78-17 del 6 gennaio 1978, modificata il 6 agosto 2018).<br>Per esercitare questo diritto di accesso, l&#8217;utente pu\u00f2 presentare una richiesta scritta all&#8217;editore del sito.<\/p>\n\n\n\n<h2 class=\"ls__heading wp-block-heading has-text-align-center\">LEGISLAZIONE<\/h2>\n\n\n\n<p class=\"ls-paragraph has-text-align-center\">Ai sensi della legge dell&#8217;11 marzo 1957 (art. 41) e del codice della propriet\u00e0 intellettuale del 1\u00b0 luglio 1992, \u00e8 vietata la riproduzione totale o parziale del sito senza la preventiva autorizzazione dell&#8217;editore del sito.<br>Loghi, immagini, foto, video, grafici e testi sono di propriet\u00e0 dei rispettivi titolari.<br>Questo sito pu\u00f2 essere collegato, a sua insaputa, ad altri siti tramite collegamenti ipertestuali. L&#8217;editore del sito declina ogni responsabilit\u00e0 per le informazioni presentate su questi altri siti.<br>L&#8217;utente di Internet riconosce che l&#8217;uso di questo sito \u00e8 regolato dalla legge francese.<\/p>\n\n\n\n<h2 class=\"ls__heading wp-block-heading has-text-align-center\"><strong>4X pagamento con carta di credito con il nostro partner FLOA<\/strong><\/h2>\n\n\n\n<p class=\"ls-paragraph has-text-align-center\">Il nostro partner finanziario FLOA offre soluzioni di pagamento per i vostri acquisti di beni e\/o servizi, in 4 rate con carta bancaria. Queste soluzioni di pagamento sono riservate ai privati (di et\u00e0 superiore ai 18 anni) residenti in Francia, in possesso di una carta bancaria Visa o MasterCard con una data di validit\u00e0 corrispondente alla durata del rimborso. FLOA, RCS Bordeaux 434 130 423, la cui sede legale si trova all&#8217;Immeuble G7 &#8211; 71 Rue Lucien Faure, Bordeaux (33300), \u00e8 soggetta al controllo dell&#8217;Autorit\u00e9 de Contr\u00f4le Prudentiel et de R\u00e9solution (ACPR), 4 Place de Budapest, CS 92459, 75436 PARIS CEDEX 09, ed \u00e8 registrata presso l&#8217;ORIAS con il numero 07 028 160 (<a href=\"http:\/\/www.orias.fr\">www.orias.fr<\/a>).<\/p>\n\n\n\n<p class=\"ls-paragraph has-text-align-center\">FLOA si riserva il diritto di accettare o rifiutare la vostra richiesta di finanziamento; avete a disposizione un periodo di riflessione di 14 giorni. Per saperne di pi\u00f9, <a href=\"https:\/\/www.floabank.fr\/conditions-generales-paiement-plusieurs-fois\">cliccate qui<\/a>.<\/p>\n\n\n\n<p class=\"ls-paragraph has-text-align-center\">Richiamiamo la vostra attenzione sul fatto che se chiedete di pagare il vostro ordine di beni e\/o servizi tramite queste soluzioni di pagamento, i vostri dati personali saranno trasmessi a FLOA ai fini dello studio della vostra richiesta di finanziamento, della gestione del vostro contratto di credito e, se del caso, del recupero crediti. Per maggiori informazioni, <a href=\"https:\/\/www.floabank.fr\/politique-confidentialite\">cliccate qui<\/a>.<\/p>\n\n\n    <\/div>\n<\/section>","protected":false},"excerpt":{"rendered":"","protected":false},"author":1,"featured_media":0,"parent":0,"menu_order":0,"comment_status":"closed","ping_status":"closed","template":"","meta":{"_acf_changed":false,"footnotes":""},"sujet":[],"class_list":["post-3101","page","type-page","status-publish","hentry"],"acf":[],"_links":{"self":[{"href":"https:\/\/campingdesiscles.com\/it\/wp-json\/wp\/v2\/pages\/3101","targetHints":{"allow":["GET"]}}],"collection":[{"href":"https:\/\/campingdesiscles.com\/it\/wp-json\/wp\/v2\/pages"}],"about":[{"href":"https:\/\/campingdesiscles.com\/it\/wp-json\/wp\/v2\/types\/page"}],"author":[{"embeddable":true,"href":"https:\/\/campingdesiscles.com\/it\/wp-json\/wp\/v2\/users\/1"}],"replies":[{"embeddable":true,"href":"https:\/\/campingdesiscles.com\/it\/wp-json\/wp\/v2\/comments?post=3101"}],"version-history":[{"count":5,"href":"https:\/\/campingdesiscles.com\/it\/wp-json\/wp\/v2\/pages\/3101\/revisions"}],"predecessor-version":[{"id":5295,"href":"https:\/\/campingdesiscles.com\/it\/wp-json\/wp\/v2\/pages\/3101\/revisions\/5295"}],"wp:attachment":[{"href":"https:\/\/campingdesiscles.com\/it\/wp-json\/wp\/v2\/media?parent=3101"}],"wp:term":[{"taxonomy":"sujet","embeddable":true,"href":"https:\/\/campingdesiscles.com\/it\/wp-json\/wp\/v2\/sujet?post=3101"}],"curies":[{"name":"wp","href":"https:\/\/api.w.org\/{rel}","templated":true}]}}