{"id":3095,"date":"2022-12-30T11:49:15","date_gmt":"2022-12-30T10:49:15","guid":{"rendered":"https:\/\/campingdesiscles.com\/campeggio-bordo-da-fiume-roquebrune\/"},"modified":"2023-01-04T09:16:42","modified_gmt":"2023-01-04T08:16:42","slug":"campeggio-bordo-da-fiume-roquebrune","status":"publish","type":"page","link":"https:\/\/campingdesiscles.com\/it\/campeggio-bordo-da-fiume-roquebrune\/","title":{"rendered":"Fronte fiume"},"content":{"rendered":"<section id=\"ls-section-block_fd3a9ce49f700a0f0e7722d9f589a500\" class=\"ls-section  page-one page background-one has-p-t p-t-10\" >\n        <div class=\"container container--wide\">\n        \n\n<h1 class=\"ls__heading has-text-align-center has-p-b p-b-5 wp-block-heading\">Campeggio con accesso diretto al fiume Argens a Roquebrune<\/h1>\n\n\n\n<div class=\"wp-block-columns is-layout-flex wp-container-core-columns-is-layout-9d6595d7 wp-block-columns-is-layout-flex\">\n<div class=\"wp-block-column is-vertically-aligned-center is-layout-flow wp-block-column-is-layout-flow\" style=\"flex-basis:33.33%\">\n<h2 class=\"ls-heading wp-block-heading\">Nuotare nel fiume nel Var<\/h2>\n\n\n\n<p class=\"ls-paragraph has-medium-font-size\">Situato in posizione ideale, <a href=\"\/it\/\">il nostro campeggio nel<\/a> Var \u00e8 costeggiato <strong>dal fiume &#8220;L&#8217;Argens&#8221;.<\/strong> <br><br>\u00c8 possibile fare il bagno <strong>nel fiume Argens e anche<\/strong> i vostri fedeli compagni a quattro zampe troveranno qui la loro massima felicit\u00e0.<\/p>\n\n\n\n<p class=\"ls-paragraph has-medium-font-size\">Le attivit\u00e0 acquatiche sulle rive del fiume promettono momenti semplici in un ambiente naturale.<\/p>\n<\/div>\n\n\n\n<div class=\"wp-block-column is-layout-flow wp-block-column-is-layout-flow\" style=\"flex-basis:66.66%\">\n<figure class=\"wp-block-image size-full animated fadeInRight delay-100ms slow\"><img decoding=\"async\" width=\"1024\" height=\"683\" src=\"https:\/\/campingdesiscles.com\/wp-content\/uploads\/2022\/12\/jeux-eau-riviere-camping-moulin-var.webp\" alt=\"giochi d'acqua fiume campeggio moulin var\" class=\"wp-image-1740\" srcset=\"https:\/\/campingdesiscles.com\/wp-content\/uploads\/2022\/12\/jeux-eau-riviere-camping-moulin-var.webp 1024w, https:\/\/campingdesiscles.com\/wp-content\/uploads\/2022\/12\/jeux-eau-riviere-camping-moulin-var-300x200.webp 300w, https:\/\/campingdesiscles.com\/wp-content\/uploads\/2022\/12\/jeux-eau-riviere-camping-moulin-var-768x512.webp 768w\" sizes=\"(max-width: 1024px) 100vw, 1024px\" \/><\/figure>\n<\/div>\n<\/div>\n\n\n    <\/div>\n<\/section>\n\n<section id=\"ls-section-block_52f565c424a627a23af087b36d746a01\" class=\"ls-section  home-second page has-background-image has-m-t m-t-10 has-m-l m-l-10 has-m-r m-r-10\" >\n    <div class=\"ls-section__background-image opacity-100\"><img decoding=\"async\" src=\"https:\/\/campingdesiscles.com\/wp-content\/uploads\/2022\/12\/peche-riviere-argens-roquebrune-camping.webp\" alt=\"\"><\/div>    <div class=\"container container--wide\">\n        \n\n<h2 class=\"ls__heading has-text-align-center has-p-b p-b-4 wp-block-heading\">Pesca nel fiume Argens<\/h2>\n\n\n\n<div class=\"wp-block-columns raisons is-layout-flex wp-container-core-columns-is-layout-9d6595d7 wp-block-columns-is-layout-flex\">\n<div class=\"wp-block-column animated fadeIn delay-200ms slow is-layout-flow wp-block-column-is-layout-flow\" style=\"flex-basis:15%\"><\/div>\n\n\n\n<div class=\"wp-block-column animated fadeIn delay-500ms slow is-layout-flow wp-block-column-is-layout-flow\">\n<p class=\"ls-paragraph has-text-align-center has-medium-font-size\">Se sognate <strong>di imparare a pescare,<\/strong> \u00e8 possibile farlo nel fiume Argens. Tutto ci\u00f2 che serve \u00e8 la tessera <strong>della federazione di pesca dipartimentale Var<\/strong>. I pescatori del Var e gli abitanti di <strong>Roquebrune-sur-Argens<\/strong> sono molto legati al loro fiume.<\/p>\n\n\n\n<p class=\"ls-paragraph has-text-align-center has-medium-font-size\">Se desiderate un&#8217;introduzione alla <strong>pesca o sensibilizzare i vostri<\/strong> figli <strong>all&#8217;ambiente acquatico,<\/strong> il nostro campeggio nel Var \u00e8 il luogo ideale per <strong>incontrare pescatori appassionati<\/strong>. Lucci, carpe, <strong>cavedani e barbi<\/strong> saranno <strong>catturati con piacere.<\/strong> Il vostro soggiorno tra i pescatori sar\u00e0 ricco di conoscenze <strong>e momenti di condivisione.<\/strong><\/p>\n<\/div>\n\n\n\n<div class=\"wp-block-column animated fadeIn delay-1s slow is-layout-flow wp-block-column-is-layout-flow\" style=\"flex-basis:15%\"><\/div>\n<\/div>\n\n\n    <\/div>\n<\/section>\n\n<section id=\"ls-section-block_9f12a9b1bab0d6f89ce2c47235e9c8e1\" class=\"ls-section  page-two has-p-t p-t-14 has-p-b p-b-3\" >\n        <div class=\"container container--wide\">\n        \n\n<div class=\"wp-block-columns is-layout-flex wp-container-core-columns-is-layout-9d6595d7 wp-block-columns-is-layout-flex\">\n<div class=\"wp-block-column is-layout-flow wp-block-column-is-layout-flow\">\n<figure class=\"wp-block-image size-large has-m-b m-b-10 animated slideInRight delay-200ms slow\"><a href=\"https:\/\/campingdesiscles.com\/wp-content\/uploads\/2022\/12\/camping-argens-var-kayak-roquebrune-819x1024.webp\"><img decoding=\"async\" width=\"819\" height=\"1024\" src=\"https:\/\/campingdesiscles.com\/wp-content\/uploads\/2022\/12\/camping-argens-var-kayak-roquebrune-819x1024.webp\" alt=\"campeggio argens var kayak roquebrune\" class=\"wp-image-1757\" srcset=\"https:\/\/campingdesiscles.com\/wp-content\/uploads\/2022\/12\/camping-argens-var-kayak-roquebrune-819x1024.webp 819w, https:\/\/campingdesiscles.com\/wp-content\/uploads\/2022\/12\/camping-argens-var-kayak-roquebrune-240x300.webp 240w, https:\/\/campingdesiscles.com\/wp-content\/uploads\/2022\/12\/camping-argens-var-kayak-roquebrune-768x960.webp 768w, https:\/\/campingdesiscles.com\/wp-content\/uploads\/2022\/12\/camping-argens-var-kayak-roquebrune-1228x1536.webp 1228w, https:\/\/campingdesiscles.com\/wp-content\/uploads\/2022\/12\/camping-argens-var-kayak-roquebrune.webp 1514w\" sizes=\"(max-width: 819px) 100vw, 819px\" \/><\/a><\/figure>\n<\/div>\n\n\n\n<div class=\"wp-block-column is-layout-flow wp-block-column-is-layout-flow\">\n<h2 class=\"ls__heading p-b-7 p-t-7 wp-block-heading\">Accesso al fiume che costeggia il campeggio<\/h2>\n\n\n\n<p class=\"ls-paragraph p-b-1\">Il nostro campeggio a Roquebrune-sur-Argens \u00e8 unico per la sua vicinanza <strong>al fiume Argens.<\/strong> Con accesso <strong>diretto e percorso pedonale.<\/strong> Se cercate un luogo dove <strong>fare il bagno in mezzo alla natura<\/strong>, il nostro campeggio Roquebrunois \u00e8 il <strong>luogo ideale per il vostro soggiorno.<\/strong><\/p>\n\n\n\n<figure class=\"wp-block-image size-large has-m-t m-t-10 animated slideInLeft delay-200ms slow\"><a href=\"https:\/\/campingdesiscles.com\/wp-content\/uploads\/2022\/12\/argens-roquebrune-camping-moulin-iscles-1024x683.webp\"><img decoding=\"async\" width=\"1024\" height=\"683\" src=\"https:\/\/campingdesiscles.com\/wp-content\/uploads\/2022\/12\/argens-roquebrune-camping-moulin-iscles-1024x683.webp\" alt=\"argens roquebrune campeggio moulin iscles\" class=\"wp-image-1734\" srcset=\"https:\/\/campingdesiscles.com\/wp-content\/uploads\/2022\/12\/argens-roquebrune-camping-moulin-iscles-1024x683.webp 1024w, https:\/\/campingdesiscles.com\/wp-content\/uploads\/2022\/12\/argens-roquebrune-camping-moulin-iscles-300x200.webp 300w, https:\/\/campingdesiscles.com\/wp-content\/uploads\/2022\/12\/argens-roquebrune-camping-moulin-iscles-768x512.webp 768w, https:\/\/campingdesiscles.com\/wp-content\/uploads\/2022\/12\/argens-roquebrune-camping-moulin-iscles-1536x1024.webp 1536w, https:\/\/campingdesiscles.com\/wp-content\/uploads\/2022\/12\/argens-roquebrune-camping-moulin-iscles-2048x1365.webp 2048w\" sizes=\"(max-width: 1024px) 100vw, 1024px\" \/><\/a><\/figure>\n<\/div>\n<\/div>\n\n\n    <\/div>\n<\/section>\n\n<section id=\"ls-section-block_808dd9b3f3f6d69596a80e6a2d99af3f\" class=\"ls-section  page-maillage has-p-t p-t-4 has-p-b p-b-10\" >\n        <div class=\"container container--wide\">\n        \n\n<div id=\"ls-heading ls-titre-div-block_9aed729883c573868e73ef5506be3b73\" class=\"ls-titre-div aligncenter h2-like has-p-b p-b-8\" >\n    Scoprite la nostra piscina, i nostri alloggi e i nostri servizi<\/div>\n\n\n<div id=\"ls-maillage-block_f44fcbbac651c13647a3c02d214e3476\" class=\"ls-maillage cta-style-normal\" data-rows=\"3\">\n    <div class=\"wp-block-columns\"><div class=\"wp-block-column\">\n\n<a href=\"https:\/\/campingdesiscles.com\/it\/posizione-mobil-casa-roquebrune\/\" target=\"\" rel=\"noopener\" class=\"ls-cta__link\">\n\n\t<div class=\"ls-cta__image\"><img decoding=\"async\" src=\"https:\/\/campingdesiscles.com\/wp-content\/uploads\/2022\/11\/image-1-1-1024x683.jpg\" alt=\"rocher roquebrune camping var paca\"><\/div>\n\t<div class=\"ls-cta__title\">\n\t\tLe nostre case mobili\t<\/div>\n\n\t\t\n<\/a><\/div><div class=\"wp-block-column\">\n\n<a href=\"https:\/\/campingdesiscles.com\/it\/campeggio-piscina-riscaldato-roquebrune\/\" target=\"\" rel=\"noopener\" class=\"ls-cta__link\">\n\n\t<div class=\"ls-cta__image\"><img decoding=\"async\" src=\"https:\/\/campingdesiscles.com\/wp-content\/uploads\/2022\/12\/femme-bouee-jaune-iscles-cta-1024x1024.webp\" alt=\"piscine chauff\u00e9e var camping\"><\/div>\n\t<div class=\"ls-cta__title\">\n\t\tPiscina\t<\/div>\n\n\t\t\n<\/a><\/div><div class=\"wp-block-column\">\n\n<a href=\"https:\/\/campingdesiscles.com\/it\/campeggio-familiare-roquebrune\/\" target=\"\" rel=\"noopener\" class=\"ls-cta__link\">\n\n\t<div class=\"ls-cta__image\"><img decoding=\"async\" src=\"https:\/\/campingdesiscles.com\/wp-content\/uploads\/2022\/12\/accueil-iscles-camping-var-1024x722.webp\" alt=\"accueil iscles\"><\/div>\n\t<div class=\"ls-cta__title\">\n\t\tI nostri servizi\t<\/div>\n\n\t\t\n<\/a><\/div><\/div><\/div>\n\n    <\/div>\n<\/section>","protected":false},"excerpt":{"rendered":"","protected":false},"author":1,"featured_media":3707,"parent":0,"menu_order":0,"comment_status":"closed","ping_status":"closed","template":"","meta":{"_acf_changed":false,"footnotes":""},"sujet":[],"class_list":["post-3095","page","type-page","status-publish","has-post-thumbnail","hentry"],"acf":[],"_links":{"self":[{"href":"https:\/\/campingdesiscles.com\/it\/wp-json\/wp\/v2\/pages\/3095","targetHints":{"allow":["GET"]}}],"collection":[{"href":"https:\/\/campingdesiscles.com\/it\/wp-json\/wp\/v2\/pages"}],"about":[{"href":"https:\/\/campingdesiscles.com\/it\/wp-json\/wp\/v2\/types\/page"}],"author":[{"embeddable":true,"href":"https:\/\/campingdesiscles.com\/it\/wp-json\/wp\/v2\/users\/1"}],"replies":[{"embeddable":true,"href":"https:\/\/campingdesiscles.com\/it\/wp-json\/wp\/v2\/comments?post=3095"}],"version-history":[{"count":4,"href":"https:\/\/campingdesiscles.com\/it\/wp-json\/wp\/v2\/pages\/3095\/revisions"}],"predecessor-version":[{"id":3909,"href":"https:\/\/campingdesiscles.com\/it\/wp-json\/wp\/v2\/pages\/3095\/revisions\/3909"}],"wp:featuredmedia":[{"embeddable":true,"href":"https:\/\/campingdesiscles.com\/it\/wp-json\/wp\/v2\/media\/3707"}],"wp:attachment":[{"href":"https:\/\/campingdesiscles.com\/it\/wp-json\/wp\/v2\/media?parent=3095"}],"wp:term":[{"taxonomy":"sujet","embeddable":true,"href":"https:\/\/campingdesiscles.com\/it\/wp-json\/wp\/v2\/sujet?post=3095"}],"curies":[{"name":"wp","href":"https:\/\/api.w.org\/{rel}","templated":true}]}}