{"id":3093,"date":"2022-12-30T11:46:28","date_gmt":"2022-12-30T10:46:28","guid":{"rendered":"https:\/\/campingdesiscles.com\/ristorante-roquebrune\/"},"modified":"2023-03-01T16:35:48","modified_gmt":"2023-03-01T15:35:48","slug":"ristorante-roquebrune","status":"publish","type":"page","link":"https:\/\/campingdesiscles.com\/it\/ristorante-roquebrune\/","title":{"rendered":"Bar Ristorante"},"content":{"rendered":"<section id=\"ls-section-block_1908418d54cf5d76281d9e1c11c835ab\" class=\"ls-section  page-one page background-one has-p-t p-t-12\" >\n        <div class=\"container container--wide\">\n        \n\n<h1 class=\"ls__heading has-text-align-center has-p-b p-b-8 wp-block-heading\">Il nostro snack bar a Roquebrune<\/h1>\n\n\n\n<div class=\"wp-block-columns is-layout-flex wp-container-core-columns-is-layout-9d6595d7 wp-block-columns-is-layout-flex\">\n<div class=\"wp-block-column is-vertically-aligned-center is-layout-flow wp-block-column-is-layout-flow\" style=\"flex-basis:33.33%\">\n<h2 class=\"ls-heading wp-block-heading\">La pausa merenda nel Var<\/h2>\n\n\n\n<p class=\"ls-paragraph\">Il nostro <a href=\"\/it\/\">campeggio a Roquebrune-sur-Argens<\/a> si trova nel cuore <strong>della campagna del Var.<\/strong> Offriamo servizi di ristorazione veloce <strong>con possibilit\u00e0 di asporto per<\/strong> le vostre escursioni o gite.<\/p>\n\n\n\n<p class=\"ls-paragraph\">Se preferite mangiare nella tranquillit\u00e0 della terrazza ombreggiata del vostro bungalow <strong>o a bordo della nostra piscina<\/strong>, potrete gustare i nostri panini freschi fatti in casa, <strong>le insalate fatte<\/strong> in casa e la nostra <strong>selezione di gelati.<\/strong><\/p>\n<\/div>\n\n\n\n<div class=\"wp-block-column is-layout-flow wp-block-column-is-layout-flow\" style=\"flex-basis:66.66%\">\n<figure class=\"wp-block-image size-large animated fadeInRight delay-100ms slow\"><img decoding=\"async\" width=\"1024\" height=\"725\" src=\"https:\/\/campingdesiscles.com\/wp-content\/uploads\/2022\/12\/vin-rose-piscine-iscles-1024x725.webp\" alt=\"Aperitivo piscina roquebrune mensa snack\" class=\"wp-image-1645\" srcset=\"https:\/\/campingdesiscles.com\/wp-content\/uploads\/2022\/12\/vin-rose-piscine-iscles-1024x725.webp 1024w, https:\/\/campingdesiscles.com\/wp-content\/uploads\/2022\/12\/vin-rose-piscine-iscles-300x212.webp 300w, https:\/\/campingdesiscles.com\/wp-content\/uploads\/2022\/12\/vin-rose-piscine-iscles-768x543.webp 768w, https:\/\/campingdesiscles.com\/wp-content\/uploads\/2022\/12\/vin-rose-piscine-iscles-1536x1087.webp 1536w, https:\/\/campingdesiscles.com\/wp-content\/uploads\/2022\/12\/vin-rose-piscine-iscles-2048x1449.webp 2048w\" sizes=\"(max-width: 1024px) 100vw, 1024px\" \/><\/figure>\n<\/div>\n<\/div>\n\n\n    <\/div>\n<\/section>\n\n<section id=\"ls-section-block_00161f2467cb1532c05c429da1d7abbd\" class=\"ls-section  home-second page has-background-image has-m-t m-t-10 has-m-l m-l-10 has-m-r m-r-10\" >\n    <div class=\"ls-section__background-image opacity-100\"><img decoding=\"async\" src=\"https:\/\/campingdesiscles.com\/wp-content\/uploads\/2023\/01\/snack-boissons-camping-roquebrune.webp\" alt=\"snack boissons camping roquebrune\"><\/div>    <div class=\"container container--wide\">\n        \n\n<h2 class=\"ls__heading has-text-align-center has-p-b p-b-4 wp-block-heading\">Rinfrescatevi al bar di Roquebrune<\/h2>\n\n\n\n<div class=\"wp-block-columns raisons is-layout-flex wp-container-core-columns-is-layout-9d6595d7 wp-block-columns-is-layout-flex\">\n<div class=\"wp-block-column animated fadeIn delay-200ms slow is-layout-flow wp-block-column-is-layout-flow\" style=\"flex-basis:15%\"><\/div>\n\n\n\n<div class=\"wp-block-column animated fadeIn delay-500ms slow is-layout-flow wp-block-column-is-layout-flow\">\n<p class=\"ls-paragraph has-text-align-center has-medium-font-size\">Il nostro campeggio Roquebrunois dispone di un <strong>bar\/ristorante<\/strong>, affinch\u00e9 le vostre vacanze facciano rima con relax.<\/p>\n\n\n\n<p class=\"ls-paragraph has-text-align-center has-medium-font-size\">Durante il vostro soggiorno, il nostro bar vi offre la possibilit\u00e0 di <strong>fare colazione<\/strong> (caff\u00e8, t\u00e8, croissant, pains au chocolat), <strong>bevande fredde<\/strong>, <strong>cocktail<\/strong> alcolici e analcolici.<\/p>\n\n\n\n<p class=\"ls-paragraph has-text-align-center has-medium-font-size\"><strong>Gelati e dessert<\/strong> delizieranno i pi\u00f9 piccoli e i pi\u00f9 grandi. <br>Atmosfera da campeggio al 100% garantita con il nostro <strong>snack bar a bordo piscina!<\/strong><\/p>\n<\/div>\n\n\n\n<div class=\"wp-block-column animated fadeIn delay-1s slow is-layout-flow wp-block-column-is-layout-flow\" style=\"flex-basis:15%\"><\/div>\n<\/div>\n\n\n    <\/div>\n<\/section>\n\n<section id=\"ls-section-block_a77983d1c5a04d10a9c291d4890ff647\" class=\"ls-section  page-two has-p-t p-t-14 has-p-b p-b-10\" >\n        <div class=\"container container--wide\">\n        \n\n<div class=\"wp-block-columns is-layout-flex wp-container-core-columns-is-layout-9d6595d7 wp-block-columns-is-layout-flex\">\n<div class=\"wp-block-column is-vertically-aligned-center is-layout-flow wp-block-column-is-layout-flow\">\n<figure class=\"wp-block-image size-large has-m-b m-b-2 animated slideInRight delay-200ms slow\"><a href=\"https:\/\/campingdesiscles.com\/wp-content\/uploads\/2023\/01\/restaurant-theme-vvar-roquebrune-1024x725.webp\"><img decoding=\"async\" width=\"1024\" height=\"725\" src=\"https:\/\/campingdesiscles.com\/wp-content\/uploads\/2023\/01\/restaurant-theme-vvar-roquebrune-1024x725.webp\" alt=\"restaurant theme var roquebrune\" class=\"wp-image-3466\" srcset=\"https:\/\/campingdesiscles.com\/wp-content\/uploads\/2023\/01\/restaurant-theme-vvar-roquebrune-1024x725.webp 1024w, https:\/\/campingdesiscles.com\/wp-content\/uploads\/2023\/01\/restaurant-theme-vvar-roquebrune-300x212.webp 300w, https:\/\/campingdesiscles.com\/wp-content\/uploads\/2023\/01\/restaurant-theme-vvar-roquebrune-768x544.webp 768w, https:\/\/campingdesiscles.com\/wp-content\/uploads\/2023\/01\/restaurant-theme-vvar-roquebrune.webp 1366w\" sizes=\"(max-width: 1024px) 100vw, 1024px\" \/><\/a><\/figure>\n\n\n\n<p class=\"ls-paragraph\">Volete scoprire le nostre specialit\u00e0? In bassa stagione, prepariamo per voi piatti provenzali ogni settimana<strong>.<\/strong> Un&#8217;occasione per incontrarsi con altri campeggiatori e gustare un pasto caldo.<\/p>\n<\/div>\n\n\n\n<div class=\"wp-block-column is-vertically-aligned-center is-layout-flow wp-block-column-is-layout-flow\">\n<h2 class=\"ls-heading wp-block-heading\">Ristorante provenzale con terrazza<\/h2>\n\n\n\n<p class=\"ls-paragraph\">Il nostro <strong>ristorante<\/strong>, con il suo tipico edificio provenzale, vi trasporter\u00e0 per un pasto. Sedetevi sulla <strong>sua incantevole terrazza<\/strong> e godetevi un <strong>drink rinfrescante o condividete<\/strong> un pasto.<\/p>\n\n\n\n<figure class=\"wp-block-image size-large has-m-t m-t-2 animated slideInLeft delay-200ms slow\"><a href=\"https:\/\/campingdesiscles.com\/wp-content\/uploads\/2023\/01\/famille-snack-camping-iscles-qualite-1024x725.webp\"><img decoding=\"async\" width=\"1024\" height=\"725\" src=\"https:\/\/campingdesiscles.com\/wp-content\/uploads\/2023\/01\/famille-snack-camping-iscles-qualite-1024x725.webp\" alt=\"famille snack camping iscles qualit\u00e9\" class=\"wp-image-3713\" srcset=\"https:\/\/campingdesiscles.com\/wp-content\/uploads\/2023\/01\/famille-snack-camping-iscles-qualite-1024x725.webp 1024w, https:\/\/campingdesiscles.com\/wp-content\/uploads\/2023\/01\/famille-snack-camping-iscles-qualite-300x212.webp 300w, https:\/\/campingdesiscles.com\/wp-content\/uploads\/2023\/01\/famille-snack-camping-iscles-qualite-768x544.webp 768w, https:\/\/campingdesiscles.com\/wp-content\/uploads\/2023\/01\/famille-snack-camping-iscles-qualite.webp 1405w\" sizes=\"(max-width: 1024px) 100vw, 1024px\" \/><\/a><\/figure>\n<\/div>\n<\/div>\n\n\n    <\/div>\n<\/section>\n\n<section id=\"ls-section-block_ed23e1d3cbe322287ce5737931a0e126\" class=\"ls-section  page-avis has-p-t p-t-14 has-p-b p-b-14\" >\n        <div class=\"container container--wide\">\n        \n\n<div class=\"wp-block-columns is-layout-flex wp-container-core-columns-is-layout-9d6595d7 wp-block-columns-is-layout-flex\">\n<div class=\"wp-block-column is-vertically-aligned-bottom is-layout-flow wp-block-column-is-layout-flow\">\n<figure class=\"wp-block-image size-full animated slideInLeft delay-200ms slow\"><img decoding=\"async\" width=\"327\" height=\"268\" src=\"https:\/\/campingdesiscles.com\/wp-content\/uploads\/2022\/12\/piscine.png\" alt=\"logo piscine bou\u00e9e\" class=\"wp-image-708\" srcset=\"https:\/\/campingdesiscles.com\/wp-content\/uploads\/2022\/12\/piscine.png 327w, https:\/\/campingdesiscles.com\/wp-content\/uploads\/2022\/12\/piscine-300x246.png 300w\" sizes=\"(max-width: 327px) 100vw, 327px\" \/><\/figure>\n<\/div>\n\n\n\n<div class=\"wp-block-column colonne-avis has-color-white-background-color has-background is-layout-flow wp-block-column-is-layout-flow\">\n<div id=\"ls-heading ls-titre-div-block_12dab76e5c629ab14e45cddfce1c084a\" class=\"ls-titre-div aligncenter h2-like has-p-b p-b-8\" >\n    Cosa pensano i nostri clienti del ristorante?<\/div>\n\n\n<div class=\"avis-container\"><div class=\"avis\"><div class=\"avis-note\">Eccellente<\/div><div class=\"avis-etoile\">\n                <span><i class=\"moulin-star\"><\/i><\/span><span><i class=\"moulin-star\"><\/i><\/span><span><i class=\"moulin-star\"><\/i><\/span><span><i class=\"moulin-star\"><\/i><\/span><span><i class=\"moulin-star\"><\/i><\/span>\n                <\/div><div class=\"avis-content-container\"><div class=\"avis-text-container\"><div class=\"avis-content\"><p style=\"text-align: center;\">Abbiamo trascorso un bel soggiorno in questo campeggio. Un&#8217;ottima accoglienza da parte di Tomy e del suo team. Un luogo tranquillo e riposante, dove abbiamo potuto godere della calma della piscina e della sua posizione.<br \/>\nIl ristorante\/snack bar in loco ci ha permesso di gustare le preparazioni del cuoco Fred!<\/p>\n<\/div><div class=\"avis-name\"><\/div><\/div><\/div><\/div><div class=\"avis\"><div class=\"avis-note\">Grande squadra!<\/div><div class=\"avis-etoile\">\n                <span><i class=\"moulin-star\"><\/i><\/span><span><i class=\"moulin-star\"><\/i><\/span><span><i class=\"moulin-star\"><\/i><\/span><span><i class=\"moulin-star\"><\/i><\/span><span><i class=\"moulin-star\"><\/i><\/span>\n                <\/div><div class=\"avis-content-container\"><div class=\"avis-text-container\"><div class=\"avis-content\"><p style=\"text-align: center;\">Cos\u00ec buono! Il nuovo direttore \u00e8 fantastico e il team \u00e8 di prim&#8217;ordine.<br \/>\nLa piscina \u00e8 sempre calda, l&#8217;animazione \u00e8 di alto livello e il ristorante \u00e8 perfetto. Lo consiglio vivamente!<\/p>\n<\/div><div class=\"avis-name\"><\/div><\/div><\/div><\/div><div class=\"avis\"><div class=\"avis-note\">Grande accoglienza!<\/div><div class=\"avis-etoile\">\n                <span><i class=\"moulin-star\"><\/i><\/span><span><i class=\"moulin-star\"><\/i><\/span><span><i class=\"moulin-star\"><\/i><\/span><span><i class=\"moulin-star\"><\/i><\/span><span><i class=\"moulin-star\"><\/i><\/span>\n                <\/div><div class=\"avis-content-container\"><div class=\"avis-text-container\"><div class=\"avis-content\"><p style=\"text-align: center;\">Personale molto sorridente e accogliente. La piscina \u00e8 perfetta, temperatura dell&#8217;acqua 29\u00b0. La ristorazione \u00e8 molto buona, i bambini possono giocare in tutto il campeggio senza preoccupazioni. Anche il nostro cane \u00e8 stato accolto molto bene.<\/p>\n<\/div><div class=\"avis-name\"><\/div><\/div><\/div><\/div><\/div>\n<\/div>\n\n\n\n<div class=\"wp-block-column is-layout-flow wp-block-column-is-layout-flow\"><div class=\"wp-block-image animated slideInRight delay-200ms slow\">\n<figure class=\"alignleft size-full is-resized\"><img decoding=\"async\" src=\"https:\/\/campingdesiscles.com\/wp-content\/uploads\/2022\/11\/snack-bar.png\" alt=\"logo ristorante bar\" class=\"wp-image-388\" width=\"162\" height=\"178\"\/><\/figure>\n<\/div><\/div>\n<\/div>\n\n\n    <\/div>\n<\/section>\n\n<section id=\"ls-section-block_511bbd69bb3b91304df50f041981608b\" class=\"ls-section  page-maillage has-p-t p-t-14 has-p-b p-b-10\" >\n        <div class=\"container container--wide\">\n        \n\n<div id=\"ls-heading ls-titre-div-block_05fd8628e50c6b5e31615b187e98c5b9\" class=\"ls-titre-div aligncenter h2-like has-p-b p-b-8\" >\n    Scoprite i servizi, le animazioni del campeggio e la nostra piscina!<\/div>\n\n\n<div id=\"ls-maillage-block_b2c5c16d5f7daf633859b8b5ffccc640\" class=\"ls-maillage cta-style-normal\" data-rows=\"3\">\n    <div class=\"wp-block-columns\"><div class=\"wp-block-column\">\n\n<a href=\"https:\/\/campingdesiscles.com\/it\/campeggio-animazioni-roquebrune\/\" target=\"\" rel=\"noopener\" class=\"ls-cta__link\">\n\n\t<div class=\"ls-cta__image\"><img decoding=\"async\" src=\"https:\/\/campingdesiscles.com\/wp-content\/uploads\/2022\/12\/enfant-balancoire-jeux-1024x683.webp\" alt=\"jeux enfant camping var\"><\/div>\n\t<div class=\"ls-cta__title\">\n\t\tAnimazioni e attivit\u00e0\t<\/div>\n\n\t\t\n<\/a><\/div><div class=\"wp-block-column\">\n\n<a href=\"https:\/\/campingdesiscles.com\/it\/campeggio-piscina-riscaldato-roquebrune\/\" target=\"\" rel=\"noopener\" class=\"ls-cta__link\">\n\n\t<div class=\"ls-cta__image\"><img decoding=\"async\" src=\"https:\/\/campingdesiscles.com\/wp-content\/uploads\/2022\/12\/femme-bouee-jaune-iscles-cta-1024x1024.webp\" alt=\"piscine chauff\u00e9e var camping\"><\/div>\n\t<div class=\"ls-cta__title\">\n\t\tPiscina\t<\/div>\n\n\t\t\n<\/a><\/div><div class=\"wp-block-column\">\n\n<a href=\"https:\/\/campingdesiscles.com\/it\/campeggio-familiare-roquebrune\/\" target=\"\" rel=\"noopener\" class=\"ls-cta__link\">\n\n\t<div class=\"ls-cta__image\"><img decoding=\"async\" src=\"https:\/\/campingdesiscles.com\/wp-content\/uploads\/2022\/12\/accueil-iscles-camping-var-1024x722.webp\" alt=\"accueil iscles\"><\/div>\n\t<div class=\"ls-cta__title\">\n\t\tI nostri servizi\t<\/div>\n\n\t\t\n<\/a><\/div><\/div><\/div>\n\n    <\/div>\n<\/section>","protected":false},"excerpt":{"rendered":"","protected":false},"author":1,"featured_media":2863,"parent":0,"menu_order":0,"comment_status":"closed","ping_status":"closed","template":"","meta":{"_acf_changed":false,"footnotes":""},"sujet":[],"class_list":["post-3093","page","type-page","status-publish","has-post-thumbnail","hentry"],"acf":[],"_links":{"self":[{"href":"https:\/\/campingdesiscles.com\/it\/wp-json\/wp\/v2\/pages\/3093","targetHints":{"allow":["GET"]}}],"collection":[{"href":"https:\/\/campingdesiscles.com\/it\/wp-json\/wp\/v2\/pages"}],"about":[{"href":"https:\/\/campingdesiscles.com\/it\/wp-json\/wp\/v2\/types\/page"}],"author":[{"embeddable":true,"href":"https:\/\/campingdesiscles.com\/it\/wp-json\/wp\/v2\/users\/1"}],"replies":[{"embeddable":true,"href":"https:\/\/campingdesiscles.com\/it\/wp-json\/wp\/v2\/comments?post=3093"}],"version-history":[{"count":18,"href":"https:\/\/campingdesiscles.com\/it\/wp-json\/wp\/v2\/pages\/3093\/revisions"}],"predecessor-version":[{"id":4546,"href":"https:\/\/campingdesiscles.com\/it\/wp-json\/wp\/v2\/pages\/3093\/revisions\/4546"}],"wp:featuredmedia":[{"embeddable":true,"href":"https:\/\/campingdesiscles.com\/it\/wp-json\/wp\/v2\/media\/2863"}],"wp:attachment":[{"href":"https:\/\/campingdesiscles.com\/it\/wp-json\/wp\/v2\/media?parent=3093"}],"wp:term":[{"taxonomy":"sujet","embeddable":true,"href":"https:\/\/campingdesiscles.com\/it\/wp-json\/wp\/v2\/sujet?post=3093"}],"curies":[{"name":"wp","href":"https:\/\/api.w.org\/{rel}","templated":true}]}}