{"id":3091,"date":"2022-12-30T11:42:56","date_gmt":"2022-12-30T10:42:56","guid":{"rendered":"https:\/\/campingdesiscles.com\/campeggio-animazioni-roquebrune\/"},"modified":"2023-03-01T16:24:32","modified_gmt":"2023-03-01T15:24:32","slug":"campeggio-animazioni-roquebrune","status":"publish","type":"page","link":"https:\/\/campingdesiscles.com\/it\/campeggio-animazioni-roquebrune\/","title":{"rendered":"Animazioni e attivit\u00e0"},"content":{"rendered":"<section id=\"ls-section-block_23a9d4d7ff32eeb8ea41f5785908d1db\" class=\"ls-section  page-one page background-one has-p-t p-t-12\" >\n        <div class=\"container container--wide\">\n        \n\n<h1 class=\"ls__heading has-text-align-center has-p-b p-b-8 wp-block-heading\">Partecipate alle attivit\u00e0 per famiglie nel campeggio di Roquebrune<\/h1>\n\n\n\n<p class=\"ls-paragraph has-text-align-center has-medium-font-size\">Se cercate un campeggio <strong>con animazione e parchi giochi per bambini<\/strong>, il Camping des Iscles a Roquebrune-sur-Argens fa al caso vostro!<\/p>\n\n\n\n<div class=\"wp-block-columns is-layout-flex wp-container-core-columns-is-layout-9d6595d7 wp-block-columns-is-layout-flex\">\n<div class=\"wp-block-column is-vertically-aligned-center is-layout-flow wp-block-column-is-layout-flow\" style=\"flex-basis:33.33%\">\n<h2 class=\"ls-heading wp-block-heading\">I pi\u00f9 piccoli si divertiranno al parco giochi<\/h2>\n\n\n\n<p class=\"ls-paragraph has-medium-font-size\">Lasciate che i vostri bambini provino le <strong>gioie delle altalene<\/strong>, <strong>dei tornelli<\/strong>, mini-golf, delle aree gioco o <strong>del castello gonfiabile<\/strong> con i loro amici in vacanza. Mentre voi vi rilassate al sole, loro si sfogano all&#8217;aria aperta.<\/p>\n\n\n\n<p class=\"ls-paragraph has-medium-font-size\">Scegliere <strong>il nostro campeggio con un&#8217;area giochi<\/strong> per bambini significa che i vostri figli <strong>potranno divertirsi in un ambiente sicuro<\/strong> e in buona compagnia. <\/p>\n<\/div>\n\n\n\n<div class=\"wp-block-column is-layout-flow wp-block-column-is-layout-flow\" style=\"flex-basis:66.66%\">\n<figure class=\"wp-block-image size-large\"><img decoding=\"async\" width=\"1024\" height=\"683\" src=\"https:\/\/campingdesiscles.com\/wp-content\/uploads\/2022\/12\/enfant-balancoire-jeux-1024x683.webp\" alt=\"giochi di altalena per bambini\" class=\"wp-image-1544\" srcset=\"https:\/\/campingdesiscles.com\/wp-content\/uploads\/2022\/12\/enfant-balancoire-jeux-1024x683.webp 1024w, https:\/\/campingdesiscles.com\/wp-content\/uploads\/2022\/12\/enfant-balancoire-jeux-300x200.webp 300w, https:\/\/campingdesiscles.com\/wp-content\/uploads\/2022\/12\/enfant-balancoire-jeux-768x512.webp 768w, https:\/\/campingdesiscles.com\/wp-content\/uploads\/2022\/12\/enfant-balancoire-jeux-1536x1024.webp 1536w, https:\/\/campingdesiscles.com\/wp-content\/uploads\/2022\/12\/enfant-balancoire-jeux-2048x1365.webp 2048w\" sizes=\"(max-width: 1024px) 100vw, 1024px\" \/><\/figure>\n<\/div>\n<\/div>\n\n\n    <\/div>\n<\/section>\n\n<section id=\"ls-section-block_47a636b467a9feae24374722e00f70a6\" class=\"ls-section  home-second page has-background-image has-m-t m-t-10 has-m-l m-l-10 has-m-r m-r-10\" >\n    <div class=\"ls-section__background-image opacity-100\"><img decoding=\"async\" src=\"https:\/\/campingdesiscles.com\/wp-content\/uploads\/2022\/11\/animation-enfants-camping-roquebrune.webp\" alt=\"animation enfants camping roquebrune\"><\/div>    <div class=\"container container--wide\">\n        \n\n<div class=\"wp-block-columns raisons is-layout-flex wp-container-core-columns-is-layout-9d6595d7 wp-block-columns-is-layout-flex\">\n<div class=\"wp-block-column animated fadeIn delay-200ms slow is-layout-flow wp-block-column-is-layout-flow\" style=\"flex-basis:20%\"><\/div>\n\n\n\n<div class=\"wp-block-column animated fadeIn delay-500ms slow is-layout-flow wp-block-column-is-layout-flow\" style=\"flex-basis:60%\">\n<h2 class=\"ls__heading has-text-align-center wp-block-heading\">Risate durante gli eventi familiari a Roquebrune<\/h2>\n\n\n\n<p class=\"ls-paragraph has-text-align-center has-medium-font-size\">Offriamo un intrattenimento <strong>originale per famiglie,<\/strong> in collaborazione con KX EVENT. Caccia al tesoro, passeggiata aperitivo con degustazione di vini allo Ch\u00e2teau du Rouet<strong>, proponiamo attivit\u00e0 divertenti che<\/strong> incanteranno grandi e piccini.<\/p>\n\n\n\n<p class=\"ls-paragraph has-text-align-center has-medium-font-size\">Scoprirete la regione di Roquebrune-sur-Argens condividendo momenti indimenticabili <strong>con la vostra famiglia.<\/strong> Come dice bene il nostro partner KX EVENT, la felicit\u00e0 a volte \u00e8 guardare la vita in modo diverso!<\/p>\n<\/div>\n\n\n\n<div class=\"wp-block-column animated fadeIn delay-1s slow is-layout-flow wp-block-column-is-layout-flow\" style=\"flex-basis:20%\"><\/div>\n<\/div>\n\n\n    <\/div>\n<\/section>\n\n<section id=\"ls-section-block_587312804524b40562fa5ad2ee658df5\" class=\"ls-section  page-two has-p-t p-t-14 has-p-b p-b-10\" >\n        <div class=\"container container--wide\">\n        \n\n<div class=\"wp-block-columns is-layout-flex wp-container-core-columns-is-layout-9d6595d7 wp-block-columns-is-layout-flex\">\n<div class=\"wp-block-column is-layout-flow wp-block-column-is-layout-flow\">\n<figure class=\"wp-block-image size-large has-m-b m-b-10 animated slideInRight delay-200ms slow\"><a href=\"https:\/\/campingdesiscles.com\/wp-content\/uploads\/2023\/01\/enfant-paddle-riviere-iscles-1024x725.webp\"><img decoding=\"async\" width=\"1024\" height=\"725\" src=\"https:\/\/campingdesiscles.com\/wp-content\/uploads\/2023\/01\/enfant-paddle-riviere-iscles-1024x725.webp\" alt=\"enfant paddle riviere animation roquebrune\" class=\"wp-image-3478\" srcset=\"https:\/\/campingdesiscles.com\/wp-content\/uploads\/2023\/01\/enfant-paddle-riviere-iscles-1024x725.webp 1024w, https:\/\/campingdesiscles.com\/wp-content\/uploads\/2023\/01\/enfant-paddle-riviere-iscles-300x212.webp 300w, https:\/\/campingdesiscles.com\/wp-content\/uploads\/2023\/01\/enfant-paddle-riviere-iscles-768x544.webp 768w, https:\/\/campingdesiscles.com\/wp-content\/uploads\/2023\/01\/enfant-paddle-riviere-iscles.webp 1366w\" sizes=\"(max-width: 1024px) 100vw, 1024px\" \/><\/a><\/figure>\n\n\n\n<h2 class=\"ls-heading wp-block-heading\">Il vostro intrattenimento serale nel Var<\/h2>\n\n\n\n<p class=\"ls-paragraph\">Non c&#8217;\u00e8 <strong>campeggio senza animazione serale<\/strong> nel Var! <strong>Atmosfera musicale,<\/strong> serate danzanti e serate a tema, il nostro campeggio con animazione serale incanter\u00e0 la vostra estate. <\/p>\n\n\n\n<p class=\"ls-paragraph\">Momenti <strong>di condivisione e<\/strong> convivialit\u00e0 garantiti. <br>Balli <strong>e divertimento<\/strong> fino <strong>a mezzanotte.<\/strong><br>Per tutta l&#8217;estate i <strong>nostri animatori<\/strong> serali vi offrono :<\/p>\n\n\n\n<ul class=\"ls-list ls-list-undefined has-color-black-color has-text-color wp-block-list\">\n<li>Luned\u00ec: MEG e BreakFast \/ Repise 80-90 e pop-rock;<\/li>\n\n\n\n<li>Mercoled\u00ec: festa in piscina fino a mezzanotte;<\/li>\n\n\n\n<li>venerd\u00ec: serata musicale con PATHills e The BB.<\/li>\n<\/ul>\n<\/div>\n\n\n\n<div class=\"wp-block-column is-layout-flow wp-block-column-is-layout-flow\">\n<h2 class=\"ls__heading has-text-align-center wp-block-heading\">Campeggio con impianti sportivi a Roquebrune<\/h2>\n\n\n\n<p class=\"ls-paragraph has-text-align-center\">Situato in posizione ideale sulle rive del fiume Argens, <a href=\"\/it\/\">il nostro campeggio nel Var<\/a> vi offre la possibilit\u00e0 di praticare <strong>attivit\u00e0 acquatiche insolite<\/strong>: paddle<strong>, canoa o<\/strong> <strong>paddle stepping.<\/strong> Se desiderate scoprire le gioie dell&#8217;acqua o semplicemente rilassarvi, <strong>la nostra piscina<\/strong> vi aspetta nel nostro campeggio con animazione.<\/p>\n\n\n\n<p class=\"ls-paragraph has-text-align-center\">Scoprite le altre strutture sportive: <strong>campo da bocce<\/strong>, <strong>ping pong all&#8217;aperto<\/strong>, <strong>biliardo, calcio<\/strong> balilla, <strong>freccette e badminton.<\/strong> Tutto ci\u00f2 di cui avete bisogno per divertirvi con la vostra famiglia.<\/p>\n\n\n\n<figure class=\"wp-block-image size-large has-m-t m-t-10 animated slideInLeft delay-200ms slow\"><a href=\"https:\/\/campingdesiscles.com\/wp-content\/uploads\/2023\/01\/soiree-moulin-iscles-var-animations-1024x725.webp\"><img decoding=\"async\" width=\"1024\" height=\"725\" src=\"https:\/\/campingdesiscles.com\/wp-content\/uploads\/2023\/01\/soiree-moulin-iscles-var-animations-1024x725.webp\" alt=\"soiree moulin iscles var animations\" class=\"wp-image-3577\" srcset=\"https:\/\/campingdesiscles.com\/wp-content\/uploads\/2023\/01\/soiree-moulin-iscles-var-animations-1024x725.webp 1024w, https:\/\/campingdesiscles.com\/wp-content\/uploads\/2023\/01\/soiree-moulin-iscles-var-animations-300x212.webp 300w, https:\/\/campingdesiscles.com\/wp-content\/uploads\/2023\/01\/soiree-moulin-iscles-var-animations-768x544.webp 768w, https:\/\/campingdesiscles.com\/wp-content\/uploads\/2023\/01\/soiree-moulin-iscles-var-animations.webp 1136w\" sizes=\"(max-width: 1024px) 100vw, 1024px\" \/><\/a><\/figure>\n<\/div>\n<\/div>\n\n\n    <\/div>\n<\/section>\n\n<section id=\"ls-section-block_ae6b7d237df5b1e898c8c047dd837757\" class=\"ls-section  page-one page background-one has-p-t p-t-3\" >\n        <div class=\"container container--wide\">\n        \n\n<h2 class=\"ls__heading has-text-align-center p-b-5 wp-block-heading\">Il miglior intrattenimento vicino al campeggio<\/h2>\n\n\n\n<p class=\"ls-paragraph has-text-align-center\">Situato in posizione ideale, il nostro campeggio nel <strong>Var \u00e8 vicino alla spiaggia del Fr\u00e9jus<\/strong> (12 minuti in auto) e a soli 1.500 metri dal centro dello storico villaggio millenario di <strong>Roquebrune-sur-Argens.<\/strong> <br>Se avete sete di scoperta <strong>e cultura, scoprite l&#8217;acquedotto di<\/strong> Roquebrune-sur-Argens o <strong>la casa del cioccolato e del cacao.<\/strong><\/p>\n\n\n\n<div class=\"wp-block-columns is-layout-flex wp-container-core-columns-is-layout-9d6595d7 wp-block-columns-is-layout-flex\">\n<div class=\"wp-block-column is-vertically-aligned-top is-layout-flow wp-block-column-is-layout-flow\" style=\"flex-basis:33.33%\">\n<p class=\"ls-paragraph\">Per chi cerca <strong>emozioni o giochi d&#8217;acqua<\/strong>, il parco acquatico <strong>Water Glisse Passion Ar\u00e9na<\/strong> si trova a soli 3 chilometri dal nostro campeggio. <br>Il <strong>parco Aqualand Fr\u00e9jus<\/strong> \u00e8 raggiungibile in auto in soli 17 minuti.<\/p>\n\n\n\n<p class=\"ls-paragraph\">Infine, chiedete al nostro team Var. <br>Il nostro campeggio offre molte <strong>altre attivit\u00e0 nelle vicinanze:<\/strong><\/p>\n\n\n\n<ul class=\"ls-list ls-list-undefined marker-white has-color-white-color has-text-color wp-block-list\">\n<li>I mercati di Roquebrune-sur-Argens, Fr\u00e9jus, Saint Rapha\u00ebl, Les Issambres e Saint-Aygulf.<\/li>\n\n\n\n<li>Eventi estivi a Roquebrune-sur-Argens (serata, festival, fuochi d&#8217;artificio).<\/li>\n\n\n\n<li>Le Mas des Escaravatiers (concerti musicali, brunch sonori e vigneto).<\/li>\n\n\n\n<li>South Wake-Park (skilift, sport acquatici e feste).<\/li>\n\n\n\n<li>Sentieri escursionistici (sentieri delle 3 croci della Roquebrune)<\/li>\n\n\n\n<li>Percorsi per mountain bike e ATV.<\/li>\n\n\n\n<li>Base nature Fran\u00e7ois L\u00e9otard de Fr\u00e9jus (area naturale protetta con accesso alle spiagge sabbiose del Mediterraneo).<\/li>\n<\/ul>\n<\/div>\n\n\n\n<div class=\"wp-block-column is-vertically-aligned-center is-layout-flow wp-block-column-is-layout-flow\" style=\"flex-basis:66.66%\">\n<figure class=\"wp-block-image size-large animated fadeInRight delay-100ms slow\"><img decoding=\"async\" width=\"1024\" height=\"725\" src=\"https:\/\/campingdesiscles.com\/wp-content\/uploads\/2022\/12\/bouee-tractee-roquebrune-1024x725.webp\" alt=\"boa trainata roquebrune\" class=\"wp-image-1595\" srcset=\"https:\/\/campingdesiscles.com\/wp-content\/uploads\/2022\/12\/bouee-tractee-roquebrune-1024x725.webp 1024w, https:\/\/campingdesiscles.com\/wp-content\/uploads\/2022\/12\/bouee-tractee-roquebrune-300x212.webp 300w, https:\/\/campingdesiscles.com\/wp-content\/uploads\/2022\/12\/bouee-tractee-roquebrune-768x544.webp 768w, https:\/\/campingdesiscles.com\/wp-content\/uploads\/2022\/12\/bouee-tractee-roquebrune-1536x1087.webp 1536w, https:\/\/campingdesiscles.com\/wp-content\/uploads\/2022\/12\/bouee-tractee-roquebrune-2048x1449.webp 2048w\" sizes=\"(max-width: 1024px) 100vw, 1024px\" \/><\/figure>\n<\/div>\n<\/div>\n\n\n    <\/div>\n<\/section>\n\n<section id=\"ls-section-block_8d8dd693f901e9998053efbf8d3e06dc\" class=\"ls-section  page-maillage has-p-t p-t-0 has-p-b p-b-6\" >\n        <div class=\"container container--wide\">\n        \n\n<div id=\"ls-heading ls-titre-div-block_4c526cb3656cf486caaabfe10e3bd0e9\" class=\"ls-titre-div aligncenter h2-like has-p-b p-b-8\" >\n    Scoprite i nostri servizi esclusivi, il nostro ristorante e la nostra piscina<\/div>\n\n\n<div id=\"ls-maillage-block_e8a30025316b6d261da2dec689867c5e\" class=\"ls-maillage cta-style-normal\" data-rows=\"3\">\n    <div class=\"wp-block-columns\"><div class=\"wp-block-column\">\n\n<a href=\"https:\/\/campingdesiscles.com\/it\/ristorante-roquebrune\/\" target=\"\" rel=\"noopener\" class=\"ls-cta__link\">\n\n\t<div class=\"ls-cta__image\"><img decoding=\"async\" src=\"https:\/\/campingdesiscles.com\/wp-content\/uploads\/2022\/12\/cocktail-snack-1024x725.webp\" alt=\"cocktail vacances snack roquebrune\"><\/div>\n\t<div class=\"ls-cta__title\">\n\t\tBar Ristorante\t<\/div>\n\n\t\t\n<\/a><\/div><div class=\"wp-block-column\">\n\n<a href=\"https:\/\/campingdesiscles.com\/it\/campeggio-piscina-riscaldato-roquebrune\/\" target=\"\" rel=\"noopener\" class=\"ls-cta__link\">\n\n\t<div class=\"ls-cta__image\"><img decoding=\"async\" src=\"https:\/\/campingdesiscles.com\/wp-content\/uploads\/2022\/12\/femme-bouee-jaune-iscles-cta-1024x1024.webp\" alt=\"piscine chauff\u00e9e var camping\"><\/div>\n\t<div class=\"ls-cta__title\">\n\t\tPiscina\t<\/div>\n\n\t\t\n<\/a><\/div><div class=\"wp-block-column\">\n\n<a href=\"https:\/\/campingdesiscles.com\/it\/campeggio-familiare-roquebrune\/\" target=\"\" rel=\"noopener\" class=\"ls-cta__link\">\n\n\t<div class=\"ls-cta__image\"><img decoding=\"async\" src=\"https:\/\/campingdesiscles.com\/wp-content\/uploads\/2022\/12\/accueil-iscles-camping-var-1024x722.webp\" alt=\"accueil iscles\"><\/div>\n\t<div class=\"ls-cta__title\">\n\t\tI nostri servizi\t<\/div>\n\n\t\t\n<\/a><\/div><\/div><\/div>\n\n    <\/div>\n<\/section>","protected":false},"excerpt":{"rendered":"","protected":false},"author":1,"featured_media":1586,"parent":0,"menu_order":0,"comment_status":"closed","ping_status":"closed","template":"","meta":{"_acf_changed":false,"footnotes":""},"sujet":[],"class_list":["post-3091","page","type-page","status-publish","has-post-thumbnail","hentry"],"acf":[],"_links":{"self":[{"href":"https:\/\/campingdesiscles.com\/it\/wp-json\/wp\/v2\/pages\/3091","targetHints":{"allow":["GET"]}}],"collection":[{"href":"https:\/\/campingdesiscles.com\/it\/wp-json\/wp\/v2\/pages"}],"about":[{"href":"https:\/\/campingdesiscles.com\/it\/wp-json\/wp\/v2\/types\/page"}],"author":[{"embeddable":true,"href":"https:\/\/campingdesiscles.com\/it\/wp-json\/wp\/v2\/users\/1"}],"replies":[{"embeddable":true,"href":"https:\/\/campingdesiscles.com\/it\/wp-json\/wp\/v2\/comments?post=3091"}],"version-history":[{"count":16,"href":"https:\/\/campingdesiscles.com\/it\/wp-json\/wp\/v2\/pages\/3091\/revisions"}],"predecessor-version":[{"id":4540,"href":"https:\/\/campingdesiscles.com\/it\/wp-json\/wp\/v2\/pages\/3091\/revisions\/4540"}],"wp:featuredmedia":[{"embeddable":true,"href":"https:\/\/campingdesiscles.com\/it\/wp-json\/wp\/v2\/media\/1586"}],"wp:attachment":[{"href":"https:\/\/campingdesiscles.com\/it\/wp-json\/wp\/v2\/media?parent=3091"}],"wp:term":[{"taxonomy":"sujet","embeddable":true,"href":"https:\/\/campingdesiscles.com\/it\/wp-json\/wp\/v2\/sujet?post=3091"}],"curies":[{"name":"wp","href":"https:\/\/api.w.org\/{rel}","templated":true}]}}