{"id":3087,"date":"2022-12-30T11:16:43","date_gmt":"2022-12-30T10:16:43","guid":{"rendered":"https:\/\/campingdesiscles.com\/turismo-var\/"},"modified":"2023-03-01T16:44:56","modified_gmt":"2023-03-01T15:44:56","slug":"turismo-var","status":"publish","type":"page","link":"https:\/\/campingdesiscles.com\/it\/turismo-var\/","title":{"rendered":"Dintorni"},"content":{"rendered":"<section id=\"ls-section-block_b162545e4a74e1759ee6d5054360f030\" class=\"ls-section  page-one page background-one has-p-t p-t-1\" >\n        <div class=\"container container--wide\">\n        \n\n<h1 class=\"ls__heading has-text-align-center has-p-b p-b-8 wp-block-heading\">Le vostre vacanze in Provenza-Alpi-Costa Azzurra<\/h1>\n\n\n\n<div class=\"wp-block-columns is-layout-flex wp-container-core-columns-is-layout-9d6595d7 wp-block-columns-is-layout-flex\">\n<div class=\"wp-block-column is-vertically-aligned-center is-layout-flow wp-block-column-is-layout-flow\" style=\"flex-basis:33.33%\">\n<h2 class=\"ls-heading wp-block-heading\">Scoprire Puget e le sue tradizioni<\/h2>\n\n\n\n<p class=\"ls-paragraph\">Puget-sur-Argens \u00e8 un villaggio provenzale, <strong>ricco di terra e cultura.<\/strong> Vigne, ulivi e santoni, visitare Puget <strong>significa scoprire la Provenza<\/strong> dall&#8217;interno.<\/p>\n\n\n\n<p class=\"ls-paragraph\">Ricco <strong>di tradizioni ed eventi<\/strong>, scoprite alcuni luoghi e feste emblematiche durante il vostro soggiorno nel nostro campeggio a Roquebrune-sur-Argens:<\/p>\n\n\n\n<ul class=\"ls-list ls-list-undefined marker-white has-color-white-color has-text-color wp-block-list\">\n<li>Chiesa di San Giacomo Maggiore;<\/li>\n\n\n\n<li>Il Cammino di Santiago;<\/li>\n\n\n\n<li>storia dei &#8220;Mange-Lamberti&#8221; o lucertole verdi.<\/li>\n<\/ul>\n\n\n\n<p class=\"ls-paragraph\">Durante il vostro soggiorno, <strong>non esitate a parlare con gli abitanti di Puget<\/strong>, che saranno lieti di farvi <strong>scoprire le loro tradizioni e culture.<\/strong><\/p>\n<\/div>\n\n\n\n<div class=\"wp-block-column is-layout-flow wp-block-column-is-layout-flow\" style=\"flex-basis:66.66%\">\n<figure class=\"wp-block-image size-large animated fadeInRight delay-100ms slow\"><img decoding=\"async\" width=\"1024\" height=\"682\" src=\"https:\/\/campingdesiscles.com\/wp-content\/uploads\/2022\/12\/puget-sur-argens-village-camping-1024x682.webp\" alt=\"puget sur argens vacanze\" class=\"wp-image-2340\" srcset=\"https:\/\/campingdesiscles.com\/wp-content\/uploads\/2022\/12\/puget-sur-argens-village-camping-1024x682.webp 1024w, https:\/\/campingdesiscles.com\/wp-content\/uploads\/2022\/12\/puget-sur-argens-village-camping-300x200.webp 300w, https:\/\/campingdesiscles.com\/wp-content\/uploads\/2022\/12\/puget-sur-argens-village-camping-768x512.webp 768w, https:\/\/campingdesiscles.com\/wp-content\/uploads\/2022\/12\/puget-sur-argens-village-camping.webp 1136w\" sizes=\"(max-width: 1024px) 100vw, 1024px\" \/><\/figure>\n<\/div>\n<\/div>\n\n\n    <\/div>\n<\/section>\n\n<section id=\"ls-section-block_048f4db1314fb8213bae9221b0ffb642\" class=\"ls-section  home-second page has-background-image has-m-t m-t-10 has-m-l m-l-10 has-m-r m-r-10\" >\n    <div class=\"ls-section__background-image opacity-100\"><img decoding=\"async\" src=\"https:\/\/campingdesiscles.com\/wp-content\/uploads\/2022\/12\/port-st-raphael-coucher-soleil-camping.jpg\" alt=\"tourisme port st raphael var\"><\/div>    <div class=\"container container--wide\">\n        \n\n<h2 class=\"ls__heading has-text-align-center has-p-b p-b-4 wp-block-heading\">VISITARE SAINT-RAPHA\u00cbL A 14.5 KM DAL CAMPEGGIO<\/h2>\n\n\n\n<div class=\"wp-block-columns raisons is-layout-flex wp-container-core-columns-is-layout-9d6595d7 wp-block-columns-is-layout-flex\">\n<div class=\"wp-block-column animated fadeIn delay-200ms slow is-layout-flow wp-block-column-is-layout-flow\" style=\"flex-basis:15%\"><\/div>\n\n\n\n<div class=\"wp-block-column animated fadeIn delay-500ms slow is-layout-flow wp-block-column-is-layout-flow\">\n<p class=\"ls-paragraph has-text-align-center has-medium-font-size\">Durante il vostro soggiorno nel Var, <a href=\"\/it\/\">il nostro campeggio a Roquebrune-sur-Argens<\/a> \u00e8 a soli 14,5 km da Saint-Rapha\u00ebl.<\/p>\n\n\n\n<p class=\"ls-paragraph has-text-align-center has-medium-font-size\">Cogliete l&#8217;occasione <strong>per visitare il quartiere del villaggio<\/strong>. <strong>Un mercato di fiori<\/strong> e verdure vi aspetta <strong>ogni giorno durante l&#8217;estate.<\/strong> Per gli appassionati di storia, <strong>la chiesa romanica di San Raf\u00e8u<\/strong>, risalente al XII secolo, vi dar\u00e0 la possibilit\u00e0 di <strong>scoprire il Museo Archeologico di Saint-Rapha\u00ebl<\/strong>.<\/p>\n\n\n\n<p class=\"ls-paragraph has-text-align-center has-medium-font-size\">Vi attende una torre e <strong>un superbo panorama a 360\u00b0<\/strong>: una vista magica sulle <strong>cime dell&#8217;Est\u00e9rel<\/strong>, <strong>sulla punta di Saint-Tropez<\/strong> e sulla <strong>roccia di Roquebrune-sur-Argens.<\/strong><\/p>\n<\/div>\n\n\n\n<div class=\"wp-block-column animated fadeIn delay-1s slow is-layout-flow wp-block-column-is-layout-flow\" style=\"flex-basis:15%\"><\/div>\n<\/div>\n\n\n    <\/div>\n<\/section>\n\n<section id=\"ls-section-block_7a8f1a6443ae772fb625fa44482deb84\" class=\"ls-section  page-two has-p-t p-t-14 has-p-b p-b-10\" >\n        <div class=\"container container--wide\">\n        \n\n<div class=\"wp-block-columns is-layout-flex wp-container-core-columns-is-layout-9d6595d7 wp-block-columns-is-layout-flex\">\n<div class=\"wp-block-column is-layout-flow wp-block-column-is-layout-flow\">\n<figure class=\"wp-block-image size-full has-m-b m-b-10 animated slideInRight delay-200ms slow\"><a href=\"https:\/\/campingdesiscles.com\/wp-content\/uploads\/2022\/12\/st-tropez-centre-ville-var-visiter.webp\"><img decoding=\"async\" width=\"1024\" height=\"768\" src=\"https:\/\/campingdesiscles.com\/wp-content\/uploads\/2022\/12\/st-tropez-centre-ville-var-visiter.webp\" alt=\"vacanze st tropez cote d'azur\" class=\"wp-image-2355\" srcset=\"https:\/\/campingdesiscles.com\/wp-content\/uploads\/2022\/12\/st-tropez-centre-ville-var-visiter.webp 1024w, https:\/\/campingdesiscles.com\/wp-content\/uploads\/2022\/12\/st-tropez-centre-ville-var-visiter-300x225.webp 300w, https:\/\/campingdesiscles.com\/wp-content\/uploads\/2022\/12\/st-tropez-centre-ville-var-visiter-768x576.webp 768w\" sizes=\"(max-width: 1024px) 100vw, 1024px\" \/><\/a><\/figure>\n\n\n\n<h2 class=\"ls-heading wp-block-heading\">Sainte-Maxime, una destinazione unica<\/h2>\n\n\n\n<p class=\"ls-paragraph\">Oasi di pace, il villaggio di Sainte-Maxime, situato tra terra, <strong>mare e Provenza<\/strong>, vi invita ad assaporare momenti unici. <strong>Paesaggi naturali<\/strong>, cultura, <strong>gastronomia e vini<\/strong>, tutti gli elementi sono riuniti per rendere il vostro soggiorno e le vostre vacanze indimenticabili. Spiagge, <strong>ristoranti,<\/strong> shopping, scoperta <strong>dei mercati provenzali<\/strong>, <strong>caccia al<\/strong> tesoro nel <strong>centro storico e passeggiate alla scoperta<\/strong> del patrimonio naturale.<\/p>\n\n\n\n<p class=\"ls-paragraph\">Informazioni pratiche: il villaggio <strong>di Sainte-Maxime dista 20,7 km<\/strong> (attraverso la D8) dal nostro campeggio <strong>di Roquebrune-sur-Argens.<\/strong><\/p>\n\n\n\n<h2 class=\"ls-heading wp-block-heading\">La spiaggia di Saint-Aygulf<\/h2>\n\n\n\n<p class=\"ls-paragraph\">A Fr\u00e9jus, <strong>la spiaggia di Saint-Aygulf<\/strong> consente il naturismo dal 14 giugno al 31 agosto dalle 9.00 alle 19.00 e dal 1\u00b0 al 26 settembre dalle 10.00 alle 18.00. Una parte della spiaggia \u00e8 <strong>riservata anche ai cani del<\/strong> Fr\u00e9jus. Devono essere tenuti al guinzaglio.<\/p>\n<\/div>\n\n\n\n<div class=\"wp-block-column is-layout-flow wp-block-column-is-layout-flow\">\n<h2 class=\"ls-heading wp-block-heading\">Scoprire Saint-Tropez<\/h2>\n\n\n\n<p class=\"ls-paragraph\"><strong>La mitica spiaggia di Pampelonne<\/strong>, i caff\u00e8, i ristoranti del porto decorati con <strong>gli yacht dei miliardari<\/strong>, <strong>Saint-Tropez<\/strong> rimane un villaggio <strong>provenzale da non perdere.<\/strong> Durante il vostro soggiorno, prendetevi il tempo per visitare e girare i luoghi imperdibili della Costa Azzurra.<\/p>\n\n\n\n<p class=\"ls-paragraph\">Cose da fare a Saint-Tropez : <\/p>\n\n\n\n<ul class=\"ls-list wp-block-list\">\n<li>rilassarsi <strong>sul porto e sui suoi ristoranti,<\/strong> di fronte agli yacht dei miliardari e ai velieri.<\/li>\n\n\n\n<li>ammirate <strong>i giocatori di p\u00e9tanque sulla Place<\/strong> des Lices e scoprite il suo mercato provenzale.<\/li>\n\n\n\n<li>mangiare o nuotare sulla spiaggia di Pampelonne.<\/li>\n\n\n\n<li>visitare <strong>Notre-Dame de l&#8217;Assomption<\/strong> e il famoso <strong>campanile giallo di Saint-Tropez.<\/strong><\/li>\n<\/ul>\n\n\n\n<p class=\"ls-paragraph\">Informazioni pratiche: il villaggio di Saint-Tropez dista 35,8 km (attraverso la strada D8) dal nostro campeggio di Roquebrune-sur-Argens.<\/p>\n\n\n\n<figure class=\"wp-block-image size-full has-m-t m-t-10 animated slideInLeft delay-200ms slow\"><a href=\"https:\/\/campingdesiscles.com\/wp-content\/uploads\/2022\/12\/plage-saint-aygulf.webp\"><img decoding=\"async\" width=\"1024\" height=\"768\" src=\"https:\/\/campingdesiscles.com\/wp-content\/uploads\/2022\/12\/plage-saint-aygulf.webp\" alt=\"spiaggia di saint aygulf\" class=\"wp-image-2963\" srcset=\"https:\/\/campingdesiscles.com\/wp-content\/uploads\/2022\/12\/plage-saint-aygulf.webp 1024w, https:\/\/campingdesiscles.com\/wp-content\/uploads\/2022\/12\/plage-saint-aygulf-300x225.webp 300w, https:\/\/campingdesiscles.com\/wp-content\/uploads\/2022\/12\/plage-saint-aygulf-768x576.webp 768w\" sizes=\"(max-width: 1024px) 100vw, 1024px\" \/><\/a><\/figure>\n<\/div>\n<\/div>\n\n\n    <\/div>\n<\/section>\n\n<section id=\"ls-section-block_f050ec0baa3dc42aa022a6d27559c6e9\" class=\"ls-section  home-second page has-background-image has-m-t m-t-10 has-m-l m-l-10 has-m-r m-r-10\" >\n    <div class=\"ls-section__background-image opacity-100\"><img decoding=\"async\" src=\"https:\/\/campingdesiscles.com\/wp-content\/uploads\/2023\/01\/parc-aquatique-roquebrune-vacances.webp\" alt=\"parc aquatique roquebrune vacances\"><\/div>    <div class=\"container container--wide\">\n        \n\n<h2 class=\"ls__heading has-text-align-center has-p-b p-b-4 wp-block-heading\">LAGO DI SAINT-CASSIEN: UN LUOGO DI FRESCHEZZA<\/h2>\n\n\n\n<div class=\"wp-block-columns raisons is-layout-flex wp-container-core-columns-is-layout-9d6595d7 wp-block-columns-is-layout-flex\">\n<div class=\"wp-block-column animated fadeIn delay-200ms slow is-layout-flow wp-block-column-is-layout-flow\" style=\"flex-basis:15%\"><\/div>\n\n\n\n<div class=\"wp-block-column animated fadeIn delay-500ms slow is-layout-flow wp-block-column-is-layout-flow\">\n<p class=\"ls-paragraph has-text-align-center has-medium-font-size\">Il <strong>lago di Saint-Cassien<\/strong> \u00e8 un&#8217;attrazione turistica emblematica del Var, da non perdere. Situato nella <strong>regione di Fayence<\/strong>, questo lago si estende su una superficie di 420 ettari ed \u00e8 circondato da <strong>un&#8217;area naturale e preservata.<\/strong> Ideale per le famiglie, offre numerose attivit\u00e0: <strong>sport acquatici<\/strong>, <strong>pedal\u00f2,<\/strong> giochi <strong>gonfiabili<\/strong>, <strong>pagaie<\/strong>, <strong>pesca,<\/strong> canottaggio <strong>e ristoranti<\/strong>. L&#8217;accesso <strong>al lago \u00e8 gratuito!<\/strong><\/p>\n\n\n\n<p class=\"ls-paragraph has-text-align-center has-medium-font-size\">Informazioni pratiche: Il lago di Saint-Cassien dista 39,7 km (attraverso l&#8217;autostrada A8) dal nostro campeggio di Roquebrune-sur-Argens. Si pu\u00f2 anche visitare il bellissimo paesino di Tanneron, dove si svolge l&#8217;annuale festa <strong>della mimosa.<\/strong><\/p>\n<\/div>\n\n\n\n<div class=\"wp-block-column animated fadeIn delay-1s slow is-layout-flow wp-block-column-is-layout-flow\" style=\"flex-basis:15%\"><\/div>\n<\/div>\n\n\n    <\/div>\n<\/section>\n\n<section id=\"ls-section-block_7a30d103681557f6e4d012365356a2f6\" class=\"ls-section  page-two has-p-t p-t-14 has-p-b p-b-5\" >\n        <div class=\"container container--wide\">\n        \n\n<div class=\"wp-block-columns is-layout-flex wp-container-core-columns-is-layout-9d6595d7 wp-block-columns-is-layout-flex\">\n<div class=\"wp-block-column is-layout-flow wp-block-column-is-layout-flow\">\n<figure class=\"wp-block-image size-full has-m-b m-b-10 animated slideInRight delay-200ms slow\"><a href=\"https:\/\/campingdesiscles.com\/wp-content\/uploads\/2022\/12\/cannes-port-illumine.jpg\"><img decoding=\"async\" width=\"792\" height=\"528\" src=\"https:\/\/campingdesiscles.com\/wp-content\/uploads\/2022\/12\/cannes-port-illumine.jpg\" alt=\"visitare cannes Croisette mediterranea\" class=\"wp-image-2375\" srcset=\"https:\/\/campingdesiscles.com\/wp-content\/uploads\/2022\/12\/cannes-port-illumine.jpg 792w, https:\/\/campingdesiscles.com\/wp-content\/uploads\/2022\/12\/cannes-port-illumine-300x200.jpg 300w, https:\/\/campingdesiscles.com\/wp-content\/uploads\/2022\/12\/cannes-port-illumine-768x512.jpg 768w\" sizes=\"(max-width: 792px) 100vw, 792px\" \/><\/a><\/figure>\n\n\n\n<h2 class=\"ls-heading wp-block-heading\">Attivit\u00e0 vicino all&#8217;Esterel<\/h2>\n\n\n\n<p class=\"ls-paragraph\">Kayak<strong>, jet-<\/strong>ski, snorkeling, noleggio di barche, equitazione, arrampicata, canyoning o giochi di fuga, <strong>le attivit\u00e0 sono numerose nella regione PACA<\/strong>. Sia d&#8217;estate che d&#8217;inverno, <strong>l&#8217;Est\u00e9rel<\/strong> vi offre un&#8217;ampia scelta <strong>di attivit\u00e0 sportive e di<\/strong> svago con paesaggi magnifici nelle pi\u00f9 <strong>belle aree naturali della Costa Azzurra.<\/strong><\/p>\n\n\n\n<h2 class=\"ls-heading wp-block-heading\">I torrenti dell&#8217;Esterel<\/h2>\n\n\n\n<p class=\"ls-paragraph\">Lontano dal caos della folla, <strong>le insenature dell&#8217;Esterel<\/strong> sono l&#8217;ideale per cambiare completamente scenario. Queste rocce vulcaniche rosse sono luoghi ancora conservati che confinano con il mare. <\/p>\n\n\n\n<p class=\"ls-paragraph\">Il <strong>massiccio dell&#8217;Esterel<\/strong> ospita splendide calanques che apprezzerete per la loro bellezza.<\/p>\n<\/div>\n\n\n\n<div class=\"wp-block-column is-layout-flow wp-block-column-is-layout-flow\">\n<h2 class=\"ls-heading wp-block-heading\">Scoprite Cannes, a 30 km dal campeggio<\/h2>\n\n\n\n<p class=\"ls-paragraph\"><strong>Cannes<\/strong>, luogo emblematico della <strong>Costa Azzurra<\/strong> e <strong>del cinema.<\/strong> <br>\u00c8 impossibile non visitare Cannes senza passeggiare lungo la <strong>mitica Croisette e<\/strong> la scalinata rossa del <strong>Palais des Festivals de Cannes.<\/strong> Atmosfera <strong>lussuosa e chic<\/strong> nelle zone pedonali di <strong>Rue d&#8217;Antibes<\/strong> e Meynadier.<\/p>\n\n\n\n<p class=\"ls-paragraph\">Per quanto riguarda il mare, \u00e8 accessibile ovunque nelle vicinanze (Palm Beach in particolare e le spiagge di Golfe-Juan). Infine, <strong>gli spazi verdi della citt\u00e0<\/strong>, le facciate degli <strong>hotel di lusso<\/strong> (Carlton, Martinez) e le belle berline parcheggiate nelle vicinanze non mancheranno di stupire.<\/p>\n\n\n\n<p class=\"ls-paragraph\">Informazioni pratiche: il nostro campeggio, <strong>Le Moulin des Iscles, si trova a soli 48 km<\/strong> dalla citt\u00e0 di Cannes attraverso l&#8217;autostrada A8.<\/p>\n\n\n\n<p class=\"ls-paragraph\">Godetevela!<\/p>\n\n\n\n<figure class=\"wp-block-image size-full has-m-t m-t-10 animated slideInLeft delay-200ms slow\"><a href=\"https:\/\/campingdesiscles.com\/wp-content\/uploads\/2022\/12\/crique-de-l-esterel.webp\"><img decoding=\"async\" width=\"1024\" height=\"768\" src=\"https:\/\/campingdesiscles.com\/wp-content\/uploads\/2022\/12\/crique-de-l-esterel.webp\" alt=\"torrente di esterel\" class=\"wp-image-2954\" srcset=\"https:\/\/campingdesiscles.com\/wp-content\/uploads\/2022\/12\/crique-de-l-esterel.webp 1024w, https:\/\/campingdesiscles.com\/wp-content\/uploads\/2022\/12\/crique-de-l-esterel-300x225.webp 300w, https:\/\/campingdesiscles.com\/wp-content\/uploads\/2022\/12\/crique-de-l-esterel-768x576.webp 768w\" sizes=\"(max-width: 1024px) 100vw, 1024px\" \/><\/a><\/figure>\n<\/div>\n<\/div>\n\n\n    <\/div>\n<\/section>\n\n<section id=\"ls-section-block_bb660723b8df2766dd575e64ac95bc67\" class=\"ls-section  page-maillage has-p-t p-t-7 has-p-b p-b-10\" >\n        <div class=\"container container--wide\">\n        \n\n<div id=\"ls-heading ls-titre-div-block_bbefba1e1c48bb00edff5e16a9d0a217\" class=\"ls-titre-div aligncenter h2-like has-p-b p-b-8\" >\n    Scoprite il Fr\u00e9jus, Roquebrune e il nostro bar ristorante.<\/div>\n\n\n<div id=\"ls-maillage-block_311fe50d5dfca5a928451c1417ef60fd\" class=\"ls-maillage cta-style-normal\" data-rows=\"3\">\n    <div class=\"wp-block-columns\"><div class=\"wp-block-column\">\n\n<a href=\"https:\/\/campingdesiscles.com\/it\/ristorante-roquebrune\/\" target=\"\" rel=\"noopener\" class=\"ls-cta__link\">\n\n\t<div class=\"ls-cta__image\"><img decoding=\"async\" src=\"https:\/\/campingdesiscles.com\/wp-content\/uploads\/2022\/12\/cocktail-snack-1024x725.webp\" alt=\"cocktail vacances snack roquebrune\"><\/div>\n\t<div class=\"ls-cta__title\">\n\t\tBar Ristorante\t<\/div>\n\n\t\t\n<\/a><\/div><div class=\"wp-block-column\">\n\n<a href=\"https:\/\/campingdesiscles.com\/it\/turismo-frejus\/\" target=\"\" rel=\"noopener\" class=\"ls-cta__link\">\n\n\t<div class=\"ls-cta__image\"><img decoding=\"async\" src=\"https:\/\/campingdesiscles.com\/wp-content\/uploads\/2022\/12\/frejus-port-plage-var-camping.webp\" alt=\"frejus var vacances bord de mer\"><\/div>\n\t<div class=\"ls-cta__title\">\n\t\tScoprire il Fr\u00e9jus\t<\/div>\n\n\t\t\n<\/a><\/div><div class=\"wp-block-column\">\n\n<a href=\"https:\/\/campingdesiscles.com\/it\/turismo-roquebrune\/\" target=\"\" rel=\"noopener\" class=\"ls-cta__link\">\n\n\t<div class=\"ls-cta__image\"><img decoding=\"async\" src=\"https:\/\/campingdesiscles.com\/wp-content\/uploads\/2022\/12\/roquebrune-camping-emplacement-var-1024x682.webp\" alt=\"roquebrune var vacances bord rivi\u00e8re\"><\/div>\n\t<div class=\"ls-cta__title\">\n\t\tScoprire Roquebrune\t<\/div>\n\n\t\t\n<\/a><\/div><\/div><\/div>\n\n    <\/div>\n<\/section>","protected":false},"excerpt":{"rendered":"","protected":false},"author":1,"featured_media":2414,"parent":0,"menu_order":0,"comment_status":"closed","ping_status":"closed","template":"","meta":{"_acf_changed":false,"footnotes":""},"sujet":[],"class_list":["post-3087","page","type-page","status-publish","has-post-thumbnail","hentry"],"acf":[],"_links":{"self":[{"href":"https:\/\/campingdesiscles.com\/it\/wp-json\/wp\/v2\/pages\/3087","targetHints":{"allow":["GET"]}}],"collection":[{"href":"https:\/\/campingdesiscles.com\/it\/wp-json\/wp\/v2\/pages"}],"about":[{"href":"https:\/\/campingdesiscles.com\/it\/wp-json\/wp\/v2\/types\/page"}],"author":[{"embeddable":true,"href":"https:\/\/campingdesiscles.com\/it\/wp-json\/wp\/v2\/users\/1"}],"replies":[{"embeddable":true,"href":"https:\/\/campingdesiscles.com\/it\/wp-json\/wp\/v2\/comments?post=3087"}],"version-history":[{"count":12,"href":"https:\/\/campingdesiscles.com\/it\/wp-json\/wp\/v2\/pages\/3087\/revisions"}],"predecessor-version":[{"id":4561,"href":"https:\/\/campingdesiscles.com\/it\/wp-json\/wp\/v2\/pages\/3087\/revisions\/4561"}],"wp:featuredmedia":[{"embeddable":true,"href":"https:\/\/campingdesiscles.com\/it\/wp-json\/wp\/v2\/media\/2414"}],"wp:attachment":[{"href":"https:\/\/campingdesiscles.com\/it\/wp-json\/wp\/v2\/media?parent=3087"}],"wp:term":[{"taxonomy":"sujet","embeddable":true,"href":"https:\/\/campingdesiscles.com\/it\/wp-json\/wp\/v2\/sujet?post=3087"}],"curies":[{"name":"wp","href":"https:\/\/api.w.org\/{rel}","templated":true}]}}