{"id":3078,"date":"2022-12-30T11:06:36","date_gmt":"2022-12-30T10:06:36","guid":{"rendered":"https:\/\/campingdesiscles.com\/casa\/"},"modified":"2024-11-12T12:43:38","modified_gmt":"2024-11-12T11:43:38","slug":"casa","status":"publish","type":"page","link":"https:\/\/campingdesiscles.com\/it\/","title":{"rendered":"Casa"},"content":{"rendered":"<section id=\"ls-section-block_06aa6476aebad7fad5e8d87267a4eb70\" class=\"ls-section  home-first background-one has-p-t p-t-30\" >\n        <div class=\"container container--full\">\n        \n\n<h1 class=\"ls__heading wp-block-heading has-text-align-center has-p-b p-b-6\">Benvenuti al campeggio Moulin des Iscles <br>a Roquebrune sur Argens<\/h1>\n\n\n\n<div class=\"wp-block-columns columns-one is-layout-flex wp-container-core-columns-is-layout-9d6595d7 wp-block-columns-is-layout-flex\">\n<div class=\"wp-block-column is-vertically-aligned-center is-layout-flow wp-block-column-is-layout-flow\" style=\"flex-basis:30%\">\n<p class=\"ls-paragraph has-medium-font-size\">Questo indirizzo affascinante e autentico vi accoglie in uno dei pi\u00f9 bei villaggi della costa del Var, a circa 10 km dalle insenature e dalle spiagge di sabbia fine del Mediterraneo e dalla stazione ferroviaria di Fr\u00e9jus.<\/p>\n\n\n\n<p class=\"ls-paragraph has-medium-font-size\">Tranquillo e ombreggiato, con servizi di qualit\u00e0, questo campeggio offre ai suoi villeggianti un&#8217;atmosfera amichevole e familiare per riscoprire la gioia delle vacanze in campeggio.<\/p>\n\n\n\n<a href=\"\/location-emplacement-roquebrune\/\" id=\"ls-button-block_01d7334233c42761184095c0bc1f03bc\" target=\"\" rel=\"\" class=\"ls-button\" ><span>Scoprire il campeggio<\/span><span class=\"plus\">+<\/span><\/a>\n<\/div>\n\n\n\n<div class=\"wp-block-column is-layout-flow wp-block-column-is-layout-flow\" style=\"flex-basis:70%\">\n<iframe width=\"100%\" height=\"80%\" src=\"https:\/\/www.youtube.com\/embed\/f-az-6I59-0?si=KWMGRzNxnzMwY3lO\" title=\"YouTube video player\" frameborder=\"0\" allow=\"accelerometer; autoplay; clipboard-write; encrypted-media; gyroscope; picture-in-picture; web-share\" referrerpolicy=\"strict-origin-when-cross-origin\" allowfullscreen><\/iframe>\n<\/div>\n<\/div>\n\n\n\n<div class=\"wp-block-columns columns-two animated fadeInUp delay-200ms slow is-layout-flex wp-container-core-columns-is-layout-9d6595d7 wp-block-columns-is-layout-flex\">\n<div class=\"wp-block-column is-layout-flow wp-block-column-is-layout-flow\">\n<figure class=\"wp-block-image size-large\"><a href=\"https:\/\/campingdesiscles.com\/wp-content\/uploads\/2022\/12\/logement-kenya-lodge-iscles-1024x1024.webp\"><img decoding=\"async\" src=\"https:\/\/campingdesiscles.com\/wp-content\/uploads\/2022\/12\/logement-kenya-lodge-iscles-1024x1024.webp\" alt=\"alloggio kenya lodge iscles\" class=\"wp-image-1465\"\/><\/a><\/figure>\n<\/div>\n\n\n\n<div class=\"wp-block-column is-layout-flow wp-block-column-is-layout-flow\">\n<figure class=\"wp-block-image size-full\"><a href=\"https:\/\/campingdesiscles.com\/wp-content\/uploads\/2023\/01\/famille-camping-emplacements-roquebrune-pas-cher.webp\"><img decoding=\"async\" width=\"640\" height=\"640\" src=\"https:\/\/campingdesiscles.com\/wp-content\/uploads\/2023\/01\/famille-camping-emplacements-roquebrune-pas-cher.webp\" alt=\"famille camping emplacements roquebrune pas cher\" class=\"wp-image-3570\" srcset=\"https:\/\/campingdesiscles.com\/wp-content\/uploads\/2023\/01\/famille-camping-emplacements-roquebrune-pas-cher.webp 640w, https:\/\/campingdesiscles.com\/wp-content\/uploads\/2023\/01\/famille-camping-emplacements-roquebrune-pas-cher-300x300.webp 300w, https:\/\/campingdesiscles.com\/wp-content\/uploads\/2023\/01\/famille-camping-emplacements-roquebrune-pas-cher-150x150.webp 150w\" sizes=\"(max-width: 640px) 100vw, 640px\" \/><\/a><\/figure>\n<\/div>\n\n\n\n<div class=\"wp-block-column is-layout-flow wp-block-column-is-layout-flow\">\n<figure class=\"wp-block-image size-large\"><a href=\"https:\/\/campingdesiscles.com\/wp-content\/uploads\/2022\/12\/IMG-20220526-WA0010-1024x768.jpg\"><img decoding=\"async\" width=\"1024\" height=\"768\" src=\"https:\/\/campingdesiscles.com\/wp-content\/uploads\/2022\/12\/IMG-20220526-WA0010-1024x768.jpg\" alt=\"flowers camping roquebrune\" class=\"wp-image-2974\" srcset=\"https:\/\/campingdesiscles.com\/wp-content\/uploads\/2022\/12\/IMG-20220526-WA0010-1024x768.jpg 1024w, https:\/\/campingdesiscles.com\/wp-content\/uploads\/2022\/12\/IMG-20220526-WA0010-300x225.jpg 300w, https:\/\/campingdesiscles.com\/wp-content\/uploads\/2022\/12\/IMG-20220526-WA0010-768x576.jpg 768w, https:\/\/campingdesiscles.com\/wp-content\/uploads\/2022\/12\/IMG-20220526-WA0010-1536x1152.jpg 1536w, https:\/\/campingdesiscles.com\/wp-content\/uploads\/2022\/12\/IMG-20220526-WA0010.jpg 1600w\" sizes=\"(max-width: 1024px) 100vw, 1024px\" \/><\/a><figcaption class=\"wp-element-caption\">piscine-iscles-jouets-gonflable-1-1024&#215;1024.webp<\/figcaption><\/figure>\n<\/div>\n<\/div>\n\n\n    <\/div>\n<\/section>\n\n<section id=\"ls-section-block_d3fe343761d10471f65b879385df96de\" class=\"ls-section  home-second has-background-image has-m-t m-t-10 has-m-l m-l-10 has-m-r m-r-10\" >\n    <div class=\"ls-section__background-image opacity-100\"><img decoding=\"async\" src=\"https:\/\/campingdesiscles.com\/wp-content\/uploads\/2022\/12\/camping-moulin-des-iscles-pour-des-vacances-exceptionnelles-dans-le-var.jpg\" alt=\"bord rivi\u00e8re camping argens\"><\/div>    <div class=\"container container--wide\">\n        \n\n<h2 class=\"ls__heading wp-block-heading has-text-align-center has-p-b p-b-4\">Una vacanza eccezionale nel Var<\/h2>\n\n\n\n<div class=\"wp-block-columns raisons is-layout-flex wp-container-core-columns-is-layout-9d6595d7 wp-block-columns-is-layout-flex\">\n<div class=\"wp-block-column animated fadeIn delay-200ms slow is-layout-flow wp-block-column-is-layout-flow\">\n<div class=\"raison\">\n<img decoding=\"async\" src=\"\/wp-content\/uploads\/2022\/11\/snack-bar.png\" alt=\"snack bar\"\/>\n<span>Lo snack bar<\/span>\n<\/div>\n\n\n\n<a href=\"\/restaurant-roquebrune\/\" id=\"ls-button-block_00d1e4a41e0ecd59b14c033fb70cf1fa\" target=\"\" rel=\"\" class=\"ls-button aligncenter\" ><span>Per saperne di pi\u00f9<\/span><span class=\"plus\">+<\/span><\/a>\n<\/div>\n\n\n\n<div class=\"wp-block-column animated fadeIn delay-500ms slow is-layout-flow wp-block-column-is-layout-flow\">\n<div class=\"raison\">\n<img decoding=\"async\" src=\"\/wp-content\/uploads\/2022\/11\/wifi.png\" alt=\"services\"\/>\n<span>I servizi<\/span>\n<\/div>\n\n\n\n<a href=\"\/camping-familial-roquebrune\/\" id=\"ls-button-block_67530006aebdfaff1a2cdf3f7d6162f2\" target=\"\" rel=\"\" class=\"ls-button aligncenter\" ><span>Per saperne di pi\u00f9<\/span><span class=\"plus\">+<\/span><\/a>\n<\/div>\n\n\n\n<div class=\"wp-block-column animated fadeIn delay-1s slow is-layout-flow wp-block-column-is-layout-flow\">\n<div class=\"raison\">\n<img decoding=\"async\" src=\"\/wp-content\/uploads\/2022\/11\/animation.png\" alt=\"animazioni\"\/>\n<span>Le animazioni<\/span>\n<\/div>\n\n\n\n<a href=\"\/camping-animations-roquebrune\/\" id=\"ls-button-block_e47d4c45827bead8fa7de8cc97a11de7\" target=\"\" rel=\"\" class=\"ls-button aligncenter\" ><span>Per saperne di pi\u00f9<\/span><span class=\"plus\">+<\/span><\/a>\n<\/div>\n<\/div>\n\n\n    <\/div>\n<\/section>\n\n<section id=\"ls-section-block_dfc6e3bc76def3dc94e5176e608b2efe\" class=\"ls-section  home-third has-p-t p-t-14 has-p-b p-b-14\" >\n        <div class=\"container container--full\">\n        \n\n<h2 class=\"ls__heading wp-block-heading has-text-align-center p-b-10\">Il vostro soggiorno in un campeggio 3 stelle<\/h2>\n\n\n\n<div class=\"wp-block-columns is-layout-flex wp-container-core-columns-is-layout-9d6595d7 wp-block-columns-is-layout-flex\">\n<div class=\"wp-block-column left is-layout-flow wp-block-column-is-layout-flow\">\n<figure class=\"wp-block-image size-large has-m-b m-b-10\"><img decoding=\"async\" width=\"1024\" height=\"683\" src=\"https:\/\/campingdesiscles.com\/wp-content\/uploads\/2022\/12\/moulin-des-iscles-riviere-1024x683.webp\" alt=\"campeggio moulin des iscles riviere\" class=\"wp-image-1438\" srcset=\"https:\/\/campingdesiscles.com\/wp-content\/uploads\/2022\/12\/moulin-des-iscles-riviere-1024x683.webp 1024w, https:\/\/campingdesiscles.com\/wp-content\/uploads\/2022\/12\/moulin-des-iscles-riviere-300x200.webp 300w, https:\/\/campingdesiscles.com\/wp-content\/uploads\/2022\/12\/moulin-des-iscles-riviere-768x512.webp 768w, https:\/\/campingdesiscles.com\/wp-content\/uploads\/2022\/12\/moulin-des-iscles-riviere-1536x1024.webp 1536w, https:\/\/campingdesiscles.com\/wp-content\/uploads\/2022\/12\/moulin-des-iscles-riviere-2048x1365.webp 2048w\" sizes=\"(max-width: 1024px) 100vw, 1024px\" \/><\/figure>\n\n\n\n<p class=\"ls-paragraph\">Il nostro campeggio a misura d&#8217;uomo e il suo ambiente familiare vi faranno condividere momenti indimenticabili di scambio e relax. Forniamo servizi di qualit\u00e0 per tutta la durata <a href=\"https:\/\/campingdesiscles.com\/it\/campeggio-familiare-roquebrune\/\">del vostro soggiorno.<\/a> <\/p>\n\n\n\n<p class=\"ls-paragraph\">Il nostro bar-ristorante, con la sua cucina tradizionale di qualit\u00e0, vi far\u00e0 scoprire i sapori della Provenza, ricchi di gusti e colori&#8230; La qualit\u00e0 dei nostri ingredienti freschi, la nostra filiera corta e il nostro chef, riconosciuto come il miglior apprendista di Francia, stimoleranno le <a href=\"https:\/\/campingdesiscles.com\/it\/ristorante-roquebrune\/\">vostre papille gustative.<\/a><\/p>\n\n\n\n<p class=\"ls-paragraph\">Oltre <a href=\"https:\/\/campingdesiscles.com\/it\/campeggio-animazioni-roquebrune\/\">all&#8217;animazione del campeggio<\/a>, durante i mesi estivi vengono organizzate tre feste a settimana per farvi ballare.<\/p>\n\n\n\n<a href=\"\/camping-bord-de-fleuve-roquebrune\/\" id=\"ls-button-block_ef61e6a4a1358a9c00a682d1e3b5fb8d\" target=\"\" rel=\"\" class=\"ls-button has-m-l m-l-10\" ><span>Per saperne di pi\u00f9<\/span><span class=\"plus\">+<\/span><\/a>\n\n\n\n<figure class=\"wp-block-image size-full is-resized tuba animated slideInLeft delay-200ms slow\"><img decoding=\"async\" width=\"649\" height=\"442\" src=\"https:\/\/campingdesiscles.com\/wp-content\/uploads\/2022\/11\/masque_tuba.png\" alt=\"maschera snorkel piscina var\" class=\"wp-image-435\" style=\"width:649px;height:442px\" srcset=\"https:\/\/campingdesiscles.com\/wp-content\/uploads\/2022\/11\/masque_tuba.png 649w, https:\/\/campingdesiscles.com\/wp-content\/uploads\/2022\/11\/masque_tuba-300x204.png 300w\" sizes=\"(max-width: 649px) 100vw, 649px\" \/><\/figure>\n<\/div>\n\n\n\n<div class=\"wp-block-column right is-layout-flow wp-block-column-is-layout-flow\">\n<figure class=\"wp-block-image size-full is-resized flamand-rose animated slideInRight delay-200ms slow\"><img decoding=\"async\" width=\"517\" height=\"472\" src=\"https:\/\/campingdesiscles.com\/wp-content\/uploads\/2022\/11\/flamingo.png\" alt=\"campeggio boa var roquebrune\" class=\"wp-image-433\" style=\"width:517px;height:472px\" srcset=\"https:\/\/campingdesiscles.com\/wp-content\/uploads\/2022\/11\/flamingo.png 517w, https:\/\/campingdesiscles.com\/wp-content\/uploads\/2022\/11\/flamingo-300x274.png 300w\" sizes=\"(max-width: 517px) 100vw, 517px\" \/><\/figure>\n\n\n\n<h2 class=\"ls__heading wp-block-heading\">Un momento di relax intorno all&#8217;acqua<\/h2>\n\n\n\n<p class=\"ls-paragraph\">Godetevi un momento di relax in riva al mare. L&#8217;area acquatica riscaldata del Var \u00e8 ideale per nuotare a vasche e per accompagnare i bambini nei loro primi passi in acqua.<br><br>Volete essere vicini alla natura? Passeggiate lungo la riva del fiume, accessibile direttamente dal campeggio.<\/p>\n\n\n\n<a href=\"\/camping-piscine-chauffee-roquebrune\/\" id=\"ls-button-block_7e8d5c4b3065c8c6968de2ca74cdb570\" target=\"\" rel=\"\" class=\"ls-button has-m-l m-l-10\" ><span>Per saperne di pi\u00f9<\/span><span class=\"plus\">+<\/span><\/a>\n\n\n\n<figure class=\"wp-block-image size-large has-m-t m-t-10\"><img decoding=\"async\" width=\"1024\" height=\"756\" src=\"https:\/\/campingdesiscles.com\/wp-content\/uploads\/2022\/12\/femme-bouee-jaune-iscles-1024x756.webp\" alt=\"piscine chauff\u00e9e var vacances\" class=\"wp-image-1451\" srcset=\"https:\/\/campingdesiscles.com\/wp-content\/uploads\/2022\/12\/femme-bouee-jaune-iscles-1024x756.webp 1024w, https:\/\/campingdesiscles.com\/wp-content\/uploads\/2022\/12\/femme-bouee-jaune-iscles-300x222.webp 300w, https:\/\/campingdesiscles.com\/wp-content\/uploads\/2022\/12\/femme-bouee-jaune-iscles-768x567.webp 768w, https:\/\/campingdesiscles.com\/wp-content\/uploads\/2022\/12\/femme-bouee-jaune-iscles-1536x1134.webp 1536w, https:\/\/campingdesiscles.com\/wp-content\/uploads\/2022\/12\/femme-bouee-jaune-iscles-2048x1513.webp 2048w\" sizes=\"(max-width: 1024px) 100vw, 1024px\" \/><\/figure>\n\n\n\n<div id=\"ls-heading ls-titre-div-block_9c9bd20f1486ffcb5cf270c7935c41c8\" class=\"ls-titre-div aligncenter h2-like has-text-color has-color-5-color has-p-t p-t-14\" >\n    Il luogo perfetto per ricaricare le batterie&#8230;<\/div>\n<\/div>\n<\/div>\n\n\n    <\/div>\n<\/section>\n\n<section id=\"ls-section-block_59733c79b254153e255315f44e1fab1d\" class=\"ls-section  home-fourth has-p-t p-t-5 has-p-b p-b-20\" >\n        <div class=\"container container--full\">\n        \n\n<div class=\"wp-block-columns is-layout-flex wp-container-core-columns-is-layout-9d6595d7 wp-block-columns-is-layout-flex\">\n<div class=\"wp-block-column is-vertically-aligned-center is-layout-flow wp-block-column-is-layout-flow\" style=\"flex-basis:30%\">\n<h2 class=\"ls__heading wp-block-heading\">Il nostro alloggio confortevole<\/h2>\n\n\n\n<p class=\"ls-paragraph\">Sulle rive dell&#8217;Argens, la natura della Provenza \u00e8 a vostra disposizione. \u00c8 qui che troverete la vostra piazzola di noleggio ideale (maglia della piazzola) tra i vicoli fioriti. Le nostre case mobili in affitto (rete di case mobili) sono dotate di attrezzature di alta gamma e del massimo comfort.<\/p>\n\n\n\n<p class=\"ls-paragraph\">Per le piazzole scoperte dal 01 febbraio al 30 novembre. Il campeggio \u00e8 aperto dal 6 aprile al 03 novembre.<\/p>\n\n\n\n<a href=\"\/location-mobil-home-roquebrune\/\" id=\"ls-button-block_cd442a91b4cfe73d328d4902c9a73b6f\" target=\"\" rel=\"\" class=\"ls-button\" ><span>Scoprire<\/span><span class=\"plus\">+<\/span><\/a>\n<\/div>\n\n\n\n<div class=\"wp-block-column is-layout-flow wp-block-column-is-layout-flow\" style=\"flex-basis:70%\"><div id=\"maillage-hebergements\" class=\"ls-maillage cta-style-normal\" data-rows=\"3\">\n    <div class=\"wp-block-columns\"><div class=\"wp-block-column\">\n\n<a href=\"https:\/\/campingdesiscles.com\/it\/localita-roquebrune\/\" target=\"\" rel=\"noopener\" class=\"ls-cta__link\">\n\n\t<div class=\"ls-cta__image\"><img decoding=\"async\" src=\"https:\/\/campingdesiscles.com\/wp-content\/uploads\/2022\/12\/emplacement-camping-var-roquebrune-var.webp\" alt=\"emplacement camping var pas cher\"><\/div>\n\t<div class=\"ls-cta__title\">\n\t\tPiazzola\t<\/div>\n\n\t\t\n<\/a><\/div><div class=\"wp-block-column\">\n\n<a href=\"https:\/\/campingdesiscles.com\/it\/posizione-mobil-casa-roquebrune\/\" target=\"\" rel=\"noopener\" class=\"ls-cta__link\">\n\n\t<div class=\"ls-cta__image\"><img decoding=\"async\" src=\"https:\/\/campingdesiscles.com\/wp-content\/uploads\/2022\/11\/image-1-1-1024x683.jpg\" alt=\"rocher roquebrune camping var paca\"><\/div>\n\t<div class=\"ls-cta__title\">\n\t\tLe nostre case mobili\t<\/div>\n\n\t\t\n<\/a><\/div><\/div><\/div><\/div>\n<\/div>\n\n\n    <\/div>\n<\/section>\n\n<section id=\"ls-section-block_770cdc8b4b807e067d9c6fa4fcddc556\" class=\"ls-section  home-fifth background-two has-p-t p-t-24\" >\n        <div class=\"container container--full\">\n        \n\n<div class=\"wp-block-columns columns-parent is-layout-flex wp-container-core-columns-is-layout-9d6595d7 wp-block-columns-is-layout-flex\">\n<div class=\"wp-block-column left is-layout-flow wp-block-column-is-layout-flow\" style=\"flex-basis:55%\">\n<h2 class=\"ls__heading wp-block-heading has-text-align-center\">Scoprire i dintorni del campeggio<\/h2>\n\n\n\n<p class=\"ls-paragraph has-text-align-center\">Scoprite la regione <a href=\"https:\/\/campingdesiscles.com\/it\/turismo-var\/\">del Var e<\/a> le sue bellezze! Qui a <a href=\"https:\/\/campingdesiscles.com\/it\/turismo-roquebrune\/\">Roquebrune<\/a>, anche il <a href=\"https:\/\/campingdesiscles.com\/it\/turismo-frejus\/\">Fr\u00e9jus e la grandiosa cascata di Sillans<\/a> sono luoghi che meritano una visita.<\/p>\n\n\n\n<div class=\"wp-block-columns columns-child animated slideInLeft delay-200ms slow is-layout-flex wp-container-core-columns-is-layout-9d6595d7 wp-block-columns-is-layout-flex\">\n<div class=\"wp-block-column is-layout-flow wp-block-column-is-layout-flow\">\n<div id=\"ls-cta-block_7424994e6847650e7ef938b13e0bdb7e\" class=\"ls-cta cta-alentours\">  \n    \n\n<a href=\"\/tourisme-roquebrune\/\" target=\"\" rel=\"noopener\" class=\"ls-cta__link\">\n\n\t<div class=\"ls-cta__image\"><img decoding=\"async\" src=\"https:\/\/campingdesiscles.com\/wp-content\/uploads\/2022\/12\/roquebrune-camping-emplacement-var-1024x682.webp\" alt=\"roquebrune var vacances bord rivi\u00e8re\"><\/div>\n\t<div class=\"ls-cta__title\">\n\t\tRoquebrune\t<\/div>\n\n\t\t\n<\/a><\/div><\/div>\n\n\n\n<div class=\"wp-block-column is-layout-flow wp-block-column-is-layout-flow\">\n<div id=\"ls-cta-block_0bb8e1e97ba91b57f9a45e3480b1411e\" class=\"ls-cta cta-alentours\">  \n    \n\n<a href=\"\/tourisme-frejus\/\" target=\"\" rel=\"noopener\" class=\"ls-cta__link\">\n\n\t<div class=\"ls-cta__image\"><img decoding=\"async\" src=\"https:\/\/campingdesiscles.com\/wp-content\/uploads\/2022\/12\/camping-moulin-des-iscles-proche-de-frejus.jpg\" alt=\"Frejus proche camping centre ville\"><\/div>\n\t<div class=\"ls-cta__title\">\n\t\tFrejus\t<\/div>\n\n\t\t\n<\/a><\/div><\/div>\n<\/div>\n\n\n\n<div id=\"ls-cta-block_5da38787001138ce043a365242cefc20\" class=\"ls-cta cta-alentours animated fadeInUp delay-200ms slow\">  \n    \n\n<a href=\"\/tourisme-var\/\" target=\"\" rel=\"noopener\" class=\"ls-cta__link\">\n\n\t<div class=\"ls-cta__image\"><img decoding=\"async\" src=\"https:\/\/campingdesiscles.com\/wp-content\/uploads\/2022\/12\/camping-moulin-des-iscles-proche-de-la-mer.jpg\" alt=\"alentours moulin des iscles\"><\/div>\n\t<div class=\"ls-cta__title\">\n\t\tI dintorni\t<\/div>\n\n\t\t\n<\/a><\/div><\/div>\n\n\n\n<div class=\"wp-block-column is-vertically-aligned-top right is-layout-flow wp-block-column-is-layout-flow\" style=\"flex-basis:45%\">\n<figure class=\"wp-block-image size-full plan\"><img decoding=\"async\" width=\"1600\" height=\"779\" src=\"https:\/\/campingdesiscles.com\/wp-content\/uploads\/2022\/12\/camping-moulin-des-iscles-1.png\" alt=\"campeggio moulin des iscles\" class=\"wp-image-942\" srcset=\"https:\/\/campingdesiscles.com\/wp-content\/uploads\/2022\/12\/camping-moulin-des-iscles-1.png 1600w, https:\/\/campingdesiscles.com\/wp-content\/uploads\/2022\/12\/camping-moulin-des-iscles-1-300x146.png 300w, https:\/\/campingdesiscles.com\/wp-content\/uploads\/2022\/12\/camping-moulin-des-iscles-1-1024x499.png 1024w, https:\/\/campingdesiscles.com\/wp-content\/uploads\/2022\/12\/camping-moulin-des-iscles-1-768x374.png 768w, https:\/\/campingdesiscles.com\/wp-content\/uploads\/2022\/12\/camping-moulin-des-iscles-1-1536x748.png 1536w\" sizes=\"(max-width: 1600px) 100vw, 1600px\" \/><\/figure>\n<\/div>\n<\/div>\n\n\n\n<div class=\"wp-block-columns is-layout-flex wp-container-core-columns-is-layout-9d6595d7 wp-block-columns-is-layout-flex\">\n<div class=\"wp-block-column is-layout-flow wp-block-column-is-layout-flow\" style=\"flex-basis:55%\"><\/div>\n\n\n\n<div class=\"wp-block-column is-layout-flow wp-block-column-is-layout-flow\" style=\"flex-basis:45%\">\n<div id=\"ls-heading ls-titre-div-block_21247c69edaa34b98047b3fc590353c7\" class=\"ls-titre-div animated rubberBand aligncenter h2-like\" >\n    Scoprite una delle pi\u00f9 belle <\/br> regions della Francia!<\/div>\n<\/div>\n<\/div>\n\n\n    <\/div>\n<\/section>\n\n<section id=\"ls-section-block_272cd12cad04210697a17c9c30576c79\" class=\"ls-section  home-sixth\" >\n        <div class=\"container container--wide\">\n        \n\n<div class=\"wp-block-columns is-layout-flex wp-container-core-columns-is-layout-9d6595d7 wp-block-columns-is-layout-flex\">\n<div class=\"wp-block-column is-layout-flow wp-block-column-is-layout-flow\"><\/div>\n\n\n\n<div class=\"wp-block-column colonne-avis has-color-white-background-color has-background is-layout-flow wp-block-column-is-layout-flow\">\n<div id=\"ls-heading ls-titre-div-block_478369feaccd66c6be2518dd61f1cd3b\" class=\"ls-titre-div aligncenter h2-like has-text-color has-color-1-color has-p-b p-b-4\" >\n    Parlano di noi<\/div>\n\n\n<div class=\"avis-container\"><div class=\"avis\"><div class=\"avis-note\">5\/5<\/div><div class=\"avis-etoile\">\n                                <span><i class=\"moulin-star\"><\/i><\/span><span><i class=\"moulin-star\"><\/i><\/span><span><i class=\"moulin-star\"><\/i><\/span><span><i class=\"moulin-star\"><\/i><\/span><span><i class=\"moulin-star\"><\/i><\/span>\n                            <\/div><div class=\"avis-content-container\"><div class=\"avis-text-container\"><div class=\"avis-content\"><p style=\"text-align: center;\">Consiglio questo campeggio perch\u00e9 \u00e8 tranquillo e in mezzo alla natura. Fiumi e lago a pochi minuti, non lontano dal villaggio di Puget-sur-Argens. Eccellente! Qualit\u00e0 del prezzo, ottima accoglienza e servizi. Il personale \u00e8 molto cordiale. Lo consiglio vivamente!<\/p>\n<\/div><div class=\"avis-name\">Famille V.<\/div><\/div><\/div><\/div><div class=\"avis\"><div class=\"avis-note\">5\/5<\/div><div class=\"avis-etoile\">\n                                <span><i class=\"moulin-star\"><\/i><\/span><span><i class=\"moulin-star\"><\/i><\/span><span><i class=\"moulin-star\"><\/i><\/span><span><i class=\"moulin-star\"><\/i><\/span><span><i class=\"moulin-star\"><\/i><\/span>\n                            <\/div><div class=\"avis-content-container\"><div class=\"avis-text-container\"><div class=\"avis-content\"><p style=\"text-align: center;\">Posto fantastico, accoglienza molto cordiale, casa mobile molto pulita, fa venire voglia di tornare. Consiglio vivamente questo campeggio a Roquebrune\/Argens. Vorrei ringraziare tutto il personale. A presto!<\/p>\n<\/div><div class=\"avis-name\">Sylvie M.<\/div><\/div><\/div><\/div><div class=\"avis\"><div class=\"avis-note\">5\/5<\/div><div class=\"avis-etoile\">\n                                <span><i class=\"moulin-star\"><\/i><\/span><span><i class=\"moulin-star\"><\/i><\/span><span><i class=\"moulin-star\"><\/i><\/span><span><i class=\"moulin-star\"><\/i><\/span><span><i class=\"moulin-star\"><\/i><\/span>\n                            <\/div><div class=\"avis-content-container\"><div class=\"avis-text-container\"><div class=\"avis-content\"><p style=\"text-align: center;\">Lontano dalla folla, ma vicino al villaggio. Personale molto cordiale e disponibile ad aiutare con le attrezzature. Piscina splendida, pulita e ben riscaldata per la fine di settembre. Soggiorno molto piacevole nella casa mobile.<\/p>\n<\/div><div class=\"avis-name\">Alain R.<\/div><\/div><\/div><\/div><\/div>\n<\/div>\n\n\n\n<div class=\"wp-block-column is-layout-flow wp-block-column-is-layout-flow\"><\/div>\n<\/div>\n\n\n    <\/div>\n<\/section>","protected":false},"excerpt":{"rendered":"","protected":false},"author":1,"featured_media":0,"parent":0,"menu_order":0,"comment_status":"closed","ping_status":"closed","template":"","meta":{"_acf_changed":false,"footnotes":""},"sujet":[],"class_list":["post-3078","page","type-page","status-publish","hentry"],"acf":[],"_links":{"self":[{"href":"https:\/\/campingdesiscles.com\/it\/wp-json\/wp\/v2\/pages\/3078","targetHints":{"allow":["GET"]}}],"collection":[{"href":"https:\/\/campingdesiscles.com\/it\/wp-json\/wp\/v2\/pages"}],"about":[{"href":"https:\/\/campingdesiscles.com\/it\/wp-json\/wp\/v2\/types\/page"}],"author":[{"embeddable":true,"href":"https:\/\/campingdesiscles.com\/it\/wp-json\/wp\/v2\/users\/1"}],"replies":[{"embeddable":true,"href":"https:\/\/campingdesiscles.com\/it\/wp-json\/wp\/v2\/comments?post=3078"}],"version-history":[{"count":29,"href":"https:\/\/campingdesiscles.com\/it\/wp-json\/wp\/v2\/pages\/3078\/revisions"}],"predecessor-version":[{"id":6018,"href":"https:\/\/campingdesiscles.com\/it\/wp-json\/wp\/v2\/pages\/3078\/revisions\/6018"}],"wp:attachment":[{"href":"https:\/\/campingdesiscles.com\/it\/wp-json\/wp\/v2\/media?parent=3078"}],"wp:term":[{"taxonomy":"sujet","embeddable":true,"href":"https:\/\/campingdesiscles.com\/it\/wp-json\/wp\/v2\/sujet?post=3078"}],"curies":[{"name":"wp","href":"https:\/\/api.w.org\/{rel}","templated":true}]}}