{"id":5696,"date":"2023-11-27T10:46:16","date_gmt":"2023-11-27T09:46:16","guid":{"rendered":"https:\/\/campingdesiscles.com\/?page_id=5696"},"modified":"2023-11-27T11:12:20","modified_gmt":"2023-11-27T10:12:20","slug":"nuestra-historia","status":"publish","type":"page","link":"https:\/\/campingdesiscles.com\/es\/nuestra-historia\/","title":{"rendered":"Nuestra historia"},"content":{"rendered":"\n<p class=\"ls-paragraph has-text-align-center\">Situado en <strong>Roquebrune-sur-Argens<\/strong>, en el Var, le invitamos a descubrir <strong>Flower Camping Moulin des iscles<\/strong>, un camping a escala humana enclavado en medio de una exuberante vegetaci\u00f3n.<\/p>\n\n\n\n<p class=\"ls-paragraph has-text-align-center\">Es el camping<strong> m\u00e1s antiguo<\/strong> (30 de junio de 1966), inaugurado en el pueblo con su antiguo molino que data del siglo XIII, lo que le confiere un cach\u00e9 \u00fanico que marca la autenticidad del lugar.<\/p>\n\n\n\n<p class=\"ls-paragraph has-text-align-center\">El Sr. y la Sra. Eloi, fundadores del lugar, realizaron un trabajo incre\u00edble para transformar este lugar, originalmente agr\u00edcola, en un lugar para vivir y conocer gente.<\/p>\n\n\n\n<p class=\"ls-paragraph has-text-align-center\">Explotado desde hace 28 a\u00f1os, hasta 2018, por el Sr. y la Sra. Dumarcet, han sabido dar a este lugar toda la <strong>convivialidad <\/strong>y el <strong>ambiente<\/strong> que<strong> esperamos <\/strong>de este tipo de establecimiento tur\u00edstico (pero no demasiado \ud83d\ude09 ).<\/p>\n\n\n\n<p class=\"ls-paragraph has-text-align-center\">Rodeado de campos y bordeado por el r\u00edo Argens, este lugar es un aut\u00e9ntico remanso de paz.<\/p>\n\n\n\n<p class=\"ls-paragraph has-text-align-center\">Los amantes de la naturaleza quedar\u00e1n encantados con el canto de los p\u00e1jaros. En 2023, se registraron aqu\u00ed 17 especies permanentes (mart\u00edn pescador, periquitos, pico picapinos\u2026.).<\/p>\n\n\n\n<p class=\"ls-paragraph has-text-align-center\">La fauna acu\u00e1tica tambi\u00e9n est\u00e1 bien representada, con especies salvajes como las tortugas Hermann y las anguilas\u2026.<\/p>\n\n\n\n<p class=\"ls-paragraph has-text-align-center\">El compromiso perfecto para satisfacer los deseos de todos: la \u00f3smosis entre el entorno natural, tan ex\u00f3tico, y el confort de las instalaciones para una estancia de lo m\u00e1s relajante.<\/p>\n\n\n\n<p class=\"ls-paragraph has-text-align-center\">Para nosotros es un <strong>honor ofrecer una acogida<\/strong> de calidad y estar cerca de nuestros clientes.<\/p>\n\n\n\n<p class=\"ls-paragraph has-text-align-center\"><strong>La calma y la tranquilidad <\/strong>son las principales bazas de este establecimiento.<\/p>\n\n\n\n<p class=\"ls-paragraph has-text-align-center\">La direcci\u00f3n del Moulin des Iscles fue asumida en mayo de 2022 por el Sr. Baci Tomy.<\/p>\n\n\n\n<p class=\"ls-paragraph has-text-align-center\">Su trayectoria profesional at\u00edpica le ha permitido poner en valor los conocimientos adquiridos en sus diversas experiencias profesionales y privadas, as\u00ed como en su diploma de Director del establecimiento.<\/p>\n\n\n\n<p class=\"ls-paragraph has-text-align-center\">Al igual que nuestras aves migratorias, emigrar\u00e1 al Var en noviembre de 2021 para poner en marcha este maravilloso proyecto.<\/p>\n\n\n\n<p class=\"ls-paragraph has-text-align-center\">Como nuestras aves migratorias, ha alzado el vuelo para dar a este establecimiento el impulso que necesita para volar serenamente con sus colegas.<\/p>\n\n\n\n<figure class=\"wp-block-gallery has-nested-images columns-default is-cropped wp-block-gallery-1 is-layout-flex wp-block-gallery-is-layout-flex\">\n<figure class=\"wp-block-image size-large\"><img decoding=\"async\" width=\"724\" height=\"1024\" data-id=\"5653\" src=\"https:\/\/campingdesiscles.com\/wp-content\/uploads\/2023\/11\/Permis-damenager-30-03-1966_page-0001-724x1024.jpg\" alt=\"\" class=\"wp-image-5653\" srcset=\"https:\/\/campingdesiscles.com\/wp-content\/uploads\/2023\/11\/Permis-damenager-30-03-1966_page-0001-724x1024.jpg 724w, https:\/\/campingdesiscles.com\/wp-content\/uploads\/2023\/11\/Permis-damenager-30-03-1966_page-0001-212x300.jpg 212w, https:\/\/campingdesiscles.com\/wp-content\/uploads\/2023\/11\/Permis-damenager-30-03-1966_page-0001-768x1086.jpg 768w, https:\/\/campingdesiscles.com\/wp-content\/uploads\/2023\/11\/Permis-damenager-30-03-1966_page-0001-1086x1536.jpg 1086w, https:\/\/campingdesiscles.com\/wp-content\/uploads\/2023\/11\/Permis-damenager-30-03-1966_page-0001.jpg 1241w\" sizes=\"(max-width: 724px) 100vw, 724px\" \/><\/figure>\n\n\n\n<figure class=\"wp-block-image size-large\"><img decoding=\"async\" width=\"709\" height=\"524\" data-id=\"5605\" src=\"https:\/\/campingdesiscles.com\/wp-content\/uploads\/2023\/11\/Entree-en-1965.png\" alt=\"\" class=\"wp-image-5605\" srcset=\"https:\/\/campingdesiscles.com\/wp-content\/uploads\/2023\/11\/Entree-en-1965.png 709w, https:\/\/campingdesiscles.com\/wp-content\/uploads\/2023\/11\/Entree-en-1965-300x222.png 300w\" sizes=\"(max-width: 709px) 100vw, 709px\" \/><\/figure>\n\n\n\n<figure class=\"wp-block-image size-large\"><img decoding=\"async\" width=\"835\" height=\"606\" data-id=\"5620\" src=\"https:\/\/campingdesiscles.com\/wp-content\/uploads\/2023\/11\/Camping-en-1965.png\" alt=\"\" class=\"wp-image-5620\" srcset=\"https:\/\/campingdesiscles.com\/wp-content\/uploads\/2023\/11\/Camping-en-1965.png 835w, https:\/\/campingdesiscles.com\/wp-content\/uploads\/2023\/11\/Camping-en-1965-300x218.png 300w, https:\/\/campingdesiscles.com\/wp-content\/uploads\/2023\/11\/Camping-en-1965-768x557.png 768w\" sizes=\"(max-width: 835px) 100vw, 835px\" \/><\/figure>\n\n\n\n<figure class=\"wp-block-image size-large\"><img decoding=\"async\" width=\"706\" height=\"530\" data-id=\"5615\" src=\"https:\/\/campingdesiscles.com\/wp-content\/uploads\/2023\/11\/Debut-des-traveaux-1965.png\" alt=\"\" class=\"wp-image-5615\" srcset=\"https:\/\/campingdesiscles.com\/wp-content\/uploads\/2023\/11\/Debut-des-traveaux-1965.png 706w, https:\/\/campingdesiscles.com\/wp-content\/uploads\/2023\/11\/Debut-des-traveaux-1965-300x225.png 300w\" sizes=\"(max-width: 706px) 100vw, 706px\" \/><\/figure>\n\n\n\n<figure class=\"wp-block-image size-large\"><img decoding=\"async\" width=\"732\" height=\"723\" data-id=\"5630\" src=\"https:\/\/campingdesiscles.com\/wp-content\/uploads\/2023\/11\/arrivee-du-premier-Mobil-Home.png\" alt=\"\" class=\"wp-image-5630\" srcset=\"https:\/\/campingdesiscles.com\/wp-content\/uploads\/2023\/11\/arrivee-du-premier-Mobil-Home.png 732w, https:\/\/campingdesiscles.com\/wp-content\/uploads\/2023\/11\/arrivee-du-premier-Mobil-Home-300x296.png 300w\" sizes=\"(max-width: 732px) 100vw, 732px\" \/><\/figure>\n\n\n\n<figure class=\"wp-block-image size-large\"><img decoding=\"async\" width=\"719\" height=\"517\" data-id=\"5572\" src=\"https:\/\/campingdesiscles.com\/wp-content\/uploads\/2022\/11\/Vieux-Moulin.png\" alt=\"\" class=\"wp-image-5572\" srcset=\"https:\/\/campingdesiscles.com\/wp-content\/uploads\/2022\/11\/Vieux-Moulin.png 719w, https:\/\/campingdesiscles.com\/wp-content\/uploads\/2022\/11\/Vieux-Moulin-300x216.png 300w\" sizes=\"(max-width: 719px) 100vw, 719px\" \/><\/figure>\n\n\n\n<figure class=\"wp-block-image size-large\"><img decoding=\"async\" width=\"722\" height=\"594\" data-id=\"5577\" src=\"https:\/\/campingdesiscles.com\/wp-content\/uploads\/2022\/11\/Vieux-Moulin-en-1965.png\" alt=\"\" class=\"wp-image-5577\" srcset=\"https:\/\/campingdesiscles.com\/wp-content\/uploads\/2022\/11\/Vieux-Moulin-en-1965.png 722w, https:\/\/campingdesiscles.com\/wp-content\/uploads\/2022\/11\/Vieux-Moulin-en-1965-300x247.png 300w\" sizes=\"(max-width: 722px) 100vw, 722px\" \/><\/figure>\n\n\n\n<figure class=\"wp-block-image size-large\"><img decoding=\"async\" width=\"732\" height=\"534\" data-id=\"5640\" src=\"https:\/\/campingdesiscles.com\/wp-content\/uploads\/2023\/11\/ouverture-de-letablissement.png\" alt=\"\" class=\"wp-image-5640\" srcset=\"https:\/\/campingdesiscles.com\/wp-content\/uploads\/2023\/11\/ouverture-de-letablissement.png 732w, https:\/\/campingdesiscles.com\/wp-content\/uploads\/2023\/11\/ouverture-de-letablissement-300x219.png 300w\" sizes=\"(max-width: 732px) 100vw, 732px\" \/><\/figure>\n\n\n\n<figure class=\"wp-block-image size-large\"><img decoding=\"async\" width=\"480\" height=\"360\" data-id=\"5645\" src=\"https:\/\/campingdesiscles.com\/wp-content\/uploads\/2023\/11\/Moulin-de-nuit.jpg\" alt=\"\" class=\"wp-image-5645\" srcset=\"https:\/\/campingdesiscles.com\/wp-content\/uploads\/2023\/11\/Moulin-de-nuit.jpg 480w, https:\/\/campingdesiscles.com\/wp-content\/uploads\/2023\/11\/Moulin-de-nuit-300x225.jpg 300w\" sizes=\"(max-width: 480px) 100vw, 480px\" \/><\/figure>\n\n\n\n<figure class=\"wp-block-image size-large\"><img decoding=\"async\" width=\"600\" height=\"450\" data-id=\"5676\" src=\"https:\/\/campingdesiscles.com\/wp-content\/uploads\/2023\/11\/detente-a-la-piscine-1.jpg\" alt=\"\" class=\"wp-image-5676\" srcset=\"https:\/\/campingdesiscles.com\/wp-content\/uploads\/2023\/11\/detente-a-la-piscine-1.jpg 600w, https:\/\/campingdesiscles.com\/wp-content\/uploads\/2023\/11\/detente-a-la-piscine-1-300x225.jpg 300w\" sizes=\"(max-width: 600px) 100vw, 600px\" \/><\/figure>\n\n\n\n<figure class=\"wp-block-image size-large\"><img decoding=\"async\" width=\"605\" height=\"454\" data-id=\"5660\" src=\"https:\/\/campingdesiscles.com\/wp-content\/uploads\/2023\/11\/piscine-nocturne.jpg\" alt=\"\" class=\"wp-image-5660\" srcset=\"https:\/\/campingdesiscles.com\/wp-content\/uploads\/2023\/11\/piscine-nocturne.jpg 605w, https:\/\/campingdesiscles.com\/wp-content\/uploads\/2023\/11\/piscine-nocturne-300x225.jpg 300w\" sizes=\"(max-width: 605px) 100vw, 605px\" \/><\/figure>\n\n\n\n<figure class=\"wp-block-image size-large\"><img decoding=\"async\" width=\"1024\" height=\"749\" data-id=\"5671\" src=\"https:\/\/campingdesiscles.com\/wp-content\/uploads\/2023\/11\/Mobilhome-Luxe-1024x749.jpg\" alt=\"\" class=\"wp-image-5671\" srcset=\"https:\/\/campingdesiscles.com\/wp-content\/uploads\/2023\/11\/Mobilhome-Luxe-1024x749.jpg 1024w, https:\/\/campingdesiscles.com\/wp-content\/uploads\/2023\/11\/Mobilhome-Luxe-300x219.jpg 300w, https:\/\/campingdesiscles.com\/wp-content\/uploads\/2023\/11\/Mobilhome-Luxe-768x562.jpg 768w, https:\/\/campingdesiscles.com\/wp-content\/uploads\/2023\/11\/Mobilhome-Luxe.jpg 1080w\" sizes=\"(max-width: 1024px) 100vw, 1024px\" \/><\/figure>\n<\/figure>\n","protected":false},"excerpt":{"rendered":"<p>Situado en Roquebrune-sur-Argens, en el Var, le invitamos a descubrir Flower Camping Moulin des iscles, un camping a escala humana enclavado en medio de una exuberante vegetaci\u00f3n. Es el camping m\u00e1s antiguo (30 de junio de 1966), inaugurado en el pueblo con su antiguo molino que data del siglo XIII, lo que le confiere un [&hellip;]<\/p>\n","protected":false},"author":2,"featured_media":0,"parent":0,"menu_order":0,"comment_status":"closed","ping_status":"closed","template":"","meta":{"_acf_changed":false,"footnotes":""},"sujet":[],"class_list":["post-5696","page","type-page","status-publish","hentry"],"acf":[],"_links":{"self":[{"href":"https:\/\/campingdesiscles.com\/es\/wp-json\/wp\/v2\/pages\/5696","targetHints":{"allow":["GET"]}}],"collection":[{"href":"https:\/\/campingdesiscles.com\/es\/wp-json\/wp\/v2\/pages"}],"about":[{"href":"https:\/\/campingdesiscles.com\/es\/wp-json\/wp\/v2\/types\/page"}],"author":[{"embeddable":true,"href":"https:\/\/campingdesiscles.com\/es\/wp-json\/wp\/v2\/users\/2"}],"replies":[{"embeddable":true,"href":"https:\/\/campingdesiscles.com\/es\/wp-json\/wp\/v2\/comments?post=5696"}],"version-history":[{"count":1,"href":"https:\/\/campingdesiscles.com\/es\/wp-json\/wp\/v2\/pages\/5696\/revisions"}],"predecessor-version":[{"id":5697,"href":"https:\/\/campingdesiscles.com\/es\/wp-json\/wp\/v2\/pages\/5696\/revisions\/5697"}],"wp:attachment":[{"href":"https:\/\/campingdesiscles.com\/es\/wp-json\/wp\/v2\/media?parent=5696"}],"wp:term":[{"taxonomy":"sujet","embeddable":true,"href":"https:\/\/campingdesiscles.com\/es\/wp-json\/wp\/v2\/sujet?post=5696"}],"curies":[{"name":"wp","href":"https:\/\/api.w.org\/{rel}","templated":true}]}}