{"id":4316,"date":"2023-01-11T16:24:50","date_gmt":"2023-01-11T15:24:50","guid":{"rendered":"https:\/\/campingdesiscles.com\/venta-de-scooters-move-eco\/"},"modified":"2023-01-11T16:24:51","modified_gmt":"2023-01-11T15:24:51","slug":"venta-de-scooters-move-eco","status":"publish","type":"page","link":"https:\/\/campingdesiscles.com\/es\/venta-de-scooters-move-eco\/","title":{"rendered":"Venta de Scooters Move eco"},"content":{"rendered":"<section id=\"ls-section-block_d4dc54dec226b5f20d0fbc1cbfb98c1b\" class=\"ls-section  page-one page background-one has-p-t p-t-12\" >\n        <div class=\"container container--wide\">\n        \n\n<h1 class=\"ls__heading has-text-align-center has-p-b p-b-8 has-color-1-color has-text-color wp-block-heading\"><strong>las ventas de movilidad el\u00e9ctrica se vuelven eco<\/strong>.<\/h1>\n\n\n\n<div class=\"wp-block-columns is-layout-flex wp-container-core-columns-is-layout-9d6595d7 wp-block-columns-is-layout-flex\">\n<div class=\"wp-block-column is-vertically-aligned-center is-layout-flow wp-block-column-is-layout-flow\" style=\"flex-basis:33.33%\">\n<div id=\"ls-heading ls-titre-div-block_cceb4218e7096a84dc04c423c99fe9b7\" class=\"ls-titre-div h2-like\" >\n    La oportunidad s\u00f3lo llama una vez a la puerta.<\/div>\n\n\n\n<p class=\"ls-paragraph\">Ya sea verano o invierno, seas de la ciudad o del campo, tengas un negocio o no, podemos ayudarte con un triciclo.<br\/>Move Eco es sin\u00f3nimo de confianza, honestidad, respeto, atenci\u00f3n al cliente y garant\u00eda de calidad. Nos gusta ser la norma, \u00a1nunca seremos un modelo!<\/p>\n\n\n\n<p class=\"ls-paragraph\">Las ventajas de utilizar un triciclo el\u00e9ctrico son<\/p>\n\n\n\n<ul class=\"ls-list wp-block-list\">\n<li>Protecci\u00f3n del medio ambiente<\/li>\n\n\n\n<li>Bajo consumo el\u00e9ctrico<\/li>\n\n\n\n<li>La posibilidad de su utilizaci\u00f3n en diversos \u00e1mbitos de actividad (viticultura, agricultura, agroboarding, ganader\u00eda, zool\u00f3gicos, ayuntamientos, complejos hoteleros, cultivos diversos&#8230;).<\/li>\n\n\n\n<li>Su eficacia en actividades de ocio (caza, pesca, circuito paddock, etc.)<\/li>\n\n\n\n<li>Homologaci\u00f3n vial, conducci\u00f3n a partir de 14 a\u00f1os<\/li>\n<\/ul>\n<\/div>\n\n\n\n<div class=\"wp-block-column is-layout-flow wp-block-column-is-layout-flow\" style=\"flex-basis:66.66%\">\n<figure class=\"wp-block-image size-large animated fadeInRight delay-100ms slow\"><img decoding=\"async\" width=\"1024\" height=\"725\" src=\"https:\/\/campingdesiscles.com\/wp-content\/uploads\/2023\/01\/IMG_20221104_101956_resultat-1024x725.webp\" alt=\"acheter triporteur frejus\" class=\"wp-image-4040\" srcset=\"https:\/\/campingdesiscles.com\/wp-content\/uploads\/2023\/01\/IMG_20221104_101956_resultat-1024x725.webp 1024w, https:\/\/campingdesiscles.com\/wp-content\/uploads\/2023\/01\/IMG_20221104_101956_resultat-300x212.webp 300w, https:\/\/campingdesiscles.com\/wp-content\/uploads\/2023\/01\/IMG_20221104_101956_resultat-768x544.webp 768w, https:\/\/campingdesiscles.com\/wp-content\/uploads\/2023\/01\/IMG_20221104_101956_resultat-1536x1087.webp 1536w, https:\/\/campingdesiscles.com\/wp-content\/uploads\/2023\/01\/IMG_20221104_101956_resultat.webp 1695w\" sizes=\"(max-width: 1024px) 100vw, 1024px\" \/><\/figure>\n<\/div>\n<\/div>\n\n\n\n<figure class=\"wp-block-gallery has-nested-images columns-default is-cropped wp-block-gallery-1 is-layout-flex wp-block-gallery-is-layout-flex\">\n<figure class=\"wp-block-image size-large\"><a href=\"https:\/\/campingdesiscles.com\/wp-content\/uploads\/2023\/01\/acheter-triporteur-frejus_resultat-1024x725.webp\"><img decoding=\"async\" width=\"1024\" height=\"725\" data-id=\"4060\" src=\"https:\/\/campingdesiscles.com\/wp-content\/uploads\/2023\/01\/acheter-triporteur-frejus_resultat-1024x725.webp\" alt=\"acheter triporteur frejus resultat\" class=\"wp-image-4060\" srcset=\"https:\/\/campingdesiscles.com\/wp-content\/uploads\/2023\/01\/acheter-triporteur-frejus_resultat-1024x725.webp 1024w, https:\/\/campingdesiscles.com\/wp-content\/uploads\/2023\/01\/acheter-triporteur-frejus_resultat-300x212.webp 300w, https:\/\/campingdesiscles.com\/wp-content\/uploads\/2023\/01\/acheter-triporteur-frejus_resultat-768x544.webp 768w, https:\/\/campingdesiscles.com\/wp-content\/uploads\/2023\/01\/acheter-triporteur-frejus_resultat-1536x1087.webp 1536w, https:\/\/campingdesiscles.com\/wp-content\/uploads\/2023\/01\/acheter-triporteur-frejus_resultat.webp 1695w\" sizes=\"(max-width: 1024px) 100vw, 1024px\" \/><\/a><\/figure>\n\n\n\n<figure class=\"wp-block-image size-large\"><a href=\"https:\/\/campingdesiscles.com\/wp-content\/uploads\/2023\/01\/acheter-triporteur-sainte-maxime_resultat-1024x725.webp\"><img decoding=\"async\" width=\"1024\" height=\"725\" data-id=\"4070\" src=\"https:\/\/campingdesiscles.com\/wp-content\/uploads\/2023\/01\/acheter-triporteur-sainte-maxime_resultat-1024x725.webp\" alt=\"acheter triporteur sainte maxime resultat\" class=\"wp-image-4070\" srcset=\"https:\/\/campingdesiscles.com\/wp-content\/uploads\/2023\/01\/acheter-triporteur-sainte-maxime_resultat-1024x725.webp 1024w, https:\/\/campingdesiscles.com\/wp-content\/uploads\/2023\/01\/acheter-triporteur-sainte-maxime_resultat-300x212.webp 300w, https:\/\/campingdesiscles.com\/wp-content\/uploads\/2023\/01\/acheter-triporteur-sainte-maxime_resultat-768x544.webp 768w, https:\/\/campingdesiscles.com\/wp-content\/uploads\/2023\/01\/acheter-triporteur-sainte-maxime_resultat-1536x1087.webp 1536w, https:\/\/campingdesiscles.com\/wp-content\/uploads\/2023\/01\/acheter-triporteur-sainte-maxime_resultat.webp 1695w\" sizes=\"(max-width: 1024px) 100vw, 1024px\" \/><\/a><\/figure>\n\n\n\n<figure class=\"wp-block-image size-large\"><a href=\"https:\/\/campingdesiscles.com\/wp-content\/uploads\/2023\/01\/triporteur-bleu_resultat-1024x725.webp\"><img decoding=\"async\" width=\"1024\" height=\"725\" data-id=\"4085\" src=\"https:\/\/campingdesiscles.com\/wp-content\/uploads\/2023\/01\/triporteur-bleu_resultat-1024x725.webp\" alt=\"triporteur bleu resultat\" class=\"wp-image-4085\" srcset=\"https:\/\/campingdesiscles.com\/wp-content\/uploads\/2023\/01\/triporteur-bleu_resultat-1024x725.webp 1024w, https:\/\/campingdesiscles.com\/wp-content\/uploads\/2023\/01\/triporteur-bleu_resultat-300x212.webp 300w, https:\/\/campingdesiscles.com\/wp-content\/uploads\/2023\/01\/triporteur-bleu_resultat-768x544.webp 768w, https:\/\/campingdesiscles.com\/wp-content\/uploads\/2023\/01\/triporteur-bleu_resultat-1536x1087.webp 1536w, https:\/\/campingdesiscles.com\/wp-content\/uploads\/2023\/01\/triporteur-bleu_resultat.webp 1695w\" sizes=\"(max-width: 1024px) 100vw, 1024px\" \/><\/a><\/figure>\n\n\n\n<figure class=\"wp-block-image size-large\"><a href=\"https:\/\/campingdesiscles.com\/wp-content\/uploads\/2023\/01\/acheter-triporteur-paca_resultat-1024x725.webp\"><img decoding=\"async\" width=\"1024\" height=\"725\" data-id=\"4065\" src=\"https:\/\/campingdesiscles.com\/wp-content\/uploads\/2023\/01\/acheter-triporteur-paca_resultat-1024x725.webp\" alt=\"acheter triporteur paca resultat\" class=\"wp-image-4065\" srcset=\"https:\/\/campingdesiscles.com\/wp-content\/uploads\/2023\/01\/acheter-triporteur-paca_resultat-1024x725.webp 1024w, https:\/\/campingdesiscles.com\/wp-content\/uploads\/2023\/01\/acheter-triporteur-paca_resultat-300x212.webp 300w, https:\/\/campingdesiscles.com\/wp-content\/uploads\/2023\/01\/acheter-triporteur-paca_resultat-768x544.webp 768w, https:\/\/campingdesiscles.com\/wp-content\/uploads\/2023\/01\/acheter-triporteur-paca_resultat-1536x1087.webp 1536w, https:\/\/campingdesiscles.com\/wp-content\/uploads\/2023\/01\/acheter-triporteur-paca_resultat.webp 1695w\" sizes=\"(max-width: 1024px) 100vw, 1024px\" \/><\/a><\/figure>\n\n\n\n<figure class=\"wp-block-image size-large\"><a href=\"https:\/\/campingdesiscles.com\/wp-content\/uploads\/2023\/01\/triporteur-var_resultat-1024x725.webp\"><img decoding=\"async\" width=\"1024\" height=\"725\" data-id=\"4110\" src=\"https:\/\/campingdesiscles.com\/wp-content\/uploads\/2023\/01\/triporteur-var_resultat-1024x725.webp\" alt=\"triporteur var resultat\" class=\"wp-image-4110\" srcset=\"https:\/\/campingdesiscles.com\/wp-content\/uploads\/2023\/01\/triporteur-var_resultat-1024x725.webp 1024w, https:\/\/campingdesiscles.com\/wp-content\/uploads\/2023\/01\/triporteur-var_resultat-300x212.webp 300w, https:\/\/campingdesiscles.com\/wp-content\/uploads\/2023\/01\/triporteur-var_resultat-768x544.webp 768w, https:\/\/campingdesiscles.com\/wp-content\/uploads\/2023\/01\/triporteur-var_resultat-1536x1087.webp 1536w, https:\/\/campingdesiscles.com\/wp-content\/uploads\/2023\/01\/triporteur-var_resultat.webp 1695w\" sizes=\"(max-width: 1024px) 100vw, 1024px\" \/><\/a><\/figure>\n\n\n\n<figure class=\"wp-block-image size-large\"><a href=\"https:\/\/campingdesiscles.com\/wp-content\/uploads\/2023\/01\/move-eco-cargo-500_resultat-1024x725.webp\"><img decoding=\"async\" width=\"1024\" height=\"725\" data-id=\"4080\" src=\"https:\/\/campingdesiscles.com\/wp-content\/uploads\/2023\/01\/move-eco-cargo-500_resultat-1024x725.webp\" alt=\"move eco cargo resultat\" class=\"wp-image-4080\" srcset=\"https:\/\/campingdesiscles.com\/wp-content\/uploads\/2023\/01\/move-eco-cargo-500_resultat-1024x725.webp 1024w, https:\/\/campingdesiscles.com\/wp-content\/uploads\/2023\/01\/move-eco-cargo-500_resultat-300x212.webp 300w, https:\/\/campingdesiscles.com\/wp-content\/uploads\/2023\/01\/move-eco-cargo-500_resultat-768x544.webp 768w, https:\/\/campingdesiscles.com\/wp-content\/uploads\/2023\/01\/move-eco-cargo-500_resultat-1536x1087.webp 1536w, https:\/\/campingdesiscles.com\/wp-content\/uploads\/2023\/01\/move-eco-cargo-500_resultat.webp 1695w\" sizes=\"(max-width: 1024px) 100vw, 1024px\" \/><\/a><\/figure>\n\n\n\n<figure class=\"wp-block-image size-large\"><a href=\"https:\/\/campingdesiscles.com\/wp-content\/uploads\/2023\/01\/triporteur-electrique_resultat-1024x725.webp\"><img decoding=\"async\" width=\"1024\" height=\"725\" data-id=\"4090\" src=\"https:\/\/campingdesiscles.com\/wp-content\/uploads\/2023\/01\/triporteur-electrique_resultat-1024x725.webp\" alt=\"triporteur electrique resultat\" class=\"wp-image-4090\" srcset=\"https:\/\/campingdesiscles.com\/wp-content\/uploads\/2023\/01\/triporteur-electrique_resultat-1024x725.webp 1024w, https:\/\/campingdesiscles.com\/wp-content\/uploads\/2023\/01\/triporteur-electrique_resultat-300x212.webp 300w, https:\/\/campingdesiscles.com\/wp-content\/uploads\/2023\/01\/triporteur-electrique_resultat-768x544.webp 768w, https:\/\/campingdesiscles.com\/wp-content\/uploads\/2023\/01\/triporteur-electrique_resultat-1536x1087.webp 1536w, https:\/\/campingdesiscles.com\/wp-content\/uploads\/2023\/01\/triporteur-electrique_resultat.webp 1695w\" sizes=\"(max-width: 1024px) 100vw, 1024px\" \/><\/a><\/figure>\n\n\n\n<figure class=\"wp-block-image size-large\"><a href=\"https:\/\/campingdesiscles.com\/wp-content\/uploads\/2023\/01\/triporteur-move-cargo-eco-500_resultat-1024x725.webp\"><img decoding=\"async\" width=\"1024\" height=\"725\" data-id=\"4095\" src=\"https:\/\/campingdesiscles.com\/wp-content\/uploads\/2023\/01\/triporteur-move-cargo-eco-500_resultat-1024x725.webp\" alt=\"triporteur move cargo eco resultat\" class=\"wp-image-4095\" srcset=\"https:\/\/campingdesiscles.com\/wp-content\/uploads\/2023\/01\/triporteur-move-cargo-eco-500_resultat-1024x725.webp 1024w, https:\/\/campingdesiscles.com\/wp-content\/uploads\/2023\/01\/triporteur-move-cargo-eco-500_resultat-300x212.webp 300w, https:\/\/campingdesiscles.com\/wp-content\/uploads\/2023\/01\/triporteur-move-cargo-eco-500_resultat-768x544.webp 768w, https:\/\/campingdesiscles.com\/wp-content\/uploads\/2023\/01\/triporteur-move-cargo-eco-500_resultat-1536x1087.webp 1536w, https:\/\/campingdesiscles.com\/wp-content\/uploads\/2023\/01\/triporteur-move-cargo-eco-500_resultat.webp 1695w\" sizes=\"(max-width: 1024px) 100vw, 1024px\" \/><\/a><\/figure>\n\n\n\n<figure class=\"wp-block-image size-large\"><a href=\"https:\/\/campingdesiscles.com\/wp-content\/uploads\/2023\/01\/triporteur-move-eco_resultat-1024x725.webp\"><img decoding=\"async\" width=\"1024\" height=\"725\" data-id=\"4100\" src=\"https:\/\/campingdesiscles.com\/wp-content\/uploads\/2023\/01\/triporteur-move-eco_resultat-1024x725.webp\" alt=\"triporteur move eco resultat\" class=\"wp-image-4100\" srcset=\"https:\/\/campingdesiscles.com\/wp-content\/uploads\/2023\/01\/triporteur-move-eco_resultat-1024x725.webp 1024w, https:\/\/campingdesiscles.com\/wp-content\/uploads\/2023\/01\/triporteur-move-eco_resultat-300x212.webp 300w, https:\/\/campingdesiscles.com\/wp-content\/uploads\/2023\/01\/triporteur-move-eco_resultat-768x544.webp 768w, https:\/\/campingdesiscles.com\/wp-content\/uploads\/2023\/01\/triporteur-move-eco_resultat-1536x1087.webp 1536w, https:\/\/campingdesiscles.com\/wp-content\/uploads\/2023\/01\/triporteur-move-eco_resultat.webp 1695w\" sizes=\"(max-width: 1024px) 100vw, 1024px\" \/><\/a><\/figure>\n\n\n\n<figure class=\"wp-block-image size-large\"><a href=\"https:\/\/campingdesiscles.com\/wp-content\/uploads\/2023\/01\/triporteur-remorque.jpg\"><img decoding=\"async\" width=\"510\" height=\"382\" data-id=\"4050\" src=\"https:\/\/campingdesiscles.com\/wp-content\/uploads\/2023\/01\/triporteur-remorque.jpg\" alt=\"triporteur remorque\" class=\"wp-image-4050\" srcset=\"https:\/\/campingdesiscles.com\/wp-content\/uploads\/2023\/01\/triporteur-remorque.jpg 510w, https:\/\/campingdesiscles.com\/wp-content\/uploads\/2023\/01\/triporteur-remorque-300x225.jpg 300w\" sizes=\"(max-width: 510px) 100vw, 510px\" \/><\/a><\/figure>\n\n\n\n<figure class=\"wp-block-image size-large\"><a href=\"https:\/\/campingdesiscles.com\/wp-content\/uploads\/2023\/01\/acheter-triporteur-saint-raphael_resultat-1024x725.webp\"><img decoding=\"async\" width=\"1024\" height=\"725\" data-id=\"4075\" src=\"https:\/\/campingdesiscles.com\/wp-content\/uploads\/2023\/01\/acheter-triporteur-saint-raphael_resultat-1024x725.webp\" alt=\"acheter triporteur saint raphael resultat\" class=\"wp-image-4075\" srcset=\"https:\/\/campingdesiscles.com\/wp-content\/uploads\/2023\/01\/acheter-triporteur-saint-raphael_resultat-1024x725.webp 1024w, https:\/\/campingdesiscles.com\/wp-content\/uploads\/2023\/01\/acheter-triporteur-saint-raphael_resultat-300x212.webp 300w, https:\/\/campingdesiscles.com\/wp-content\/uploads\/2023\/01\/acheter-triporteur-saint-raphael_resultat-768x544.webp 768w, https:\/\/campingdesiscles.com\/wp-content\/uploads\/2023\/01\/acheter-triporteur-saint-raphael_resultat-1536x1087.webp 1536w, https:\/\/campingdesiscles.com\/wp-content\/uploads\/2023\/01\/acheter-triporteur-saint-raphael_resultat.webp 1695w\" sizes=\"(max-width: 1024px) 100vw, 1024px\" \/><\/a><\/figure>\n\n\n\n<figure class=\"wp-block-image size-large\"><a href=\"https:\/\/campingdesiscles.com\/wp-content\/uploads\/2023\/01\/triporteur-roquebrune_resultat-1024x819.webp\"><img decoding=\"async\" width=\"1024\" height=\"819\" data-id=\"4105\" src=\"https:\/\/campingdesiscles.com\/wp-content\/uploads\/2023\/01\/triporteur-roquebrune_resultat-1024x819.webp\" alt=\"triporteur roquebrune resultat\" class=\"wp-image-4105\" srcset=\"https:\/\/campingdesiscles.com\/wp-content\/uploads\/2023\/01\/triporteur-roquebrune_resultat-1024x819.webp 1024w, https:\/\/campingdesiscles.com\/wp-content\/uploads\/2023\/01\/triporteur-roquebrune_resultat-300x240.webp 300w, https:\/\/campingdesiscles.com\/wp-content\/uploads\/2023\/01\/triporteur-roquebrune_resultat-768x614.webp 768w, https:\/\/campingdesiscles.com\/wp-content\/uploads\/2023\/01\/triporteur-roquebrune_resultat.webp 1500w\" sizes=\"(max-width: 1024px) 100vw, 1024px\" \/><\/a><\/figure>\n<\/figure>\n\n\n\n<div class=\"wp-block-columns is-layout-flex wp-container-core-columns-is-layout-9d6595d7 wp-block-columns-is-layout-flex\">\n<div class=\"wp-block-column is-layout-flow wp-block-column-is-layout-flow\"><\/div>\n\n\n\n<div class=\"wp-block-column is-layout-flow wp-block-column-is-layout-flow\">\n<figure class=\"wp-block-video\"><video height=\"1280\" style=\"aspect-ratio: 720 \/ 1280;\" width=\"720\" controls=\"\" src=\"https:\/\/campingdesiscles.com\/wp-content\/uploads\/2023\/01\/VID_185041218_100020_485.mp4\"><\/video><\/figure>\n<\/div>\n\n\n\n<div class=\"wp-block-column is-layout-flow wp-block-column-is-layout-flow\">\n<figure class=\"wp-block-video\"><video height=\"1280\" style=\"aspect-ratio: 720 \/ 1280;\" width=\"720\" controls=\"\" src=\"https:\/\/campingdesiscles.com\/wp-content\/uploads\/2023\/01\/VID_185020403_033138_249.mp4\"><\/video><\/figure>\n<\/div>\n\n\n\n<div class=\"wp-block-column is-layout-flow wp-block-column-is-layout-flow\"><\/div>\n<\/div>\n\n\n\n<a href=\"https:\/\/campingdesiscles.com\/wp-content\/uploads\/2022\/11\/Presentation-Move-eco-Cargo-500_compressed.pdf\" id=\"ls-button-block_c0edb79cb84fbf9baa5ba8718bbdeed1\" target=\"_blank\" rel=\"noopener\" class=\"ls-button aligncenter has-m-t m-t-8\" ><span>T\u00e9l\u00e9charger la brochure<\/span><span class=\"plus\">+<\/span><\/a>\n\n\n    <\/div>\n<\/section><section id=\"ls-section-block_1afa46d955c95d41128e234b95e2e992\" class=\"ls-section  page-contact has-p-t p-t-0 has-p-b p-b-15\" >\n        <div class=\"container \">\n        \n\n<div id=\"ls-heading ls-titre-div-block_132feaa423d48db117af8c9b6079d678\" class=\"ls-titre-div aligncenter h2-like\" >\n    \u00bfTiene alguna pregunta?  P\u00f3ngase en contacto con nosotros en el 04 94 45 70 74 o a trav\u00e9s de camping.moulindesiscles@gmail.com<\/div>\n\n\n    <\/div>\n<\/section>","protected":false},"excerpt":{"rendered":"","protected":false},"author":1,"featured_media":4184,"parent":0,"menu_order":0,"comment_status":"closed","ping_status":"closed","template":"","meta":{"_acf_changed":false,"footnotes":""},"sujet":[],"class_list":["post-4316","page","type-page","status-publish","has-post-thumbnail","hentry"],"acf":[],"_links":{"self":[{"href":"https:\/\/campingdesiscles.com\/es\/wp-json\/wp\/v2\/pages\/4316","targetHints":{"allow":["GET"]}}],"collection":[{"href":"https:\/\/campingdesiscles.com\/es\/wp-json\/wp\/v2\/pages"}],"about":[{"href":"https:\/\/campingdesiscles.com\/es\/wp-json\/wp\/v2\/types\/page"}],"author":[{"embeddable":true,"href":"https:\/\/campingdesiscles.com\/es\/wp-json\/wp\/v2\/users\/1"}],"replies":[{"embeddable":true,"href":"https:\/\/campingdesiscles.com\/es\/wp-json\/wp\/v2\/comments?post=4316"}],"version-history":[{"count":1,"href":"https:\/\/campingdesiscles.com\/es\/wp-json\/wp\/v2\/pages\/4316\/revisions"}],"predecessor-version":[{"id":4317,"href":"https:\/\/campingdesiscles.com\/es\/wp-json\/wp\/v2\/pages\/4316\/revisions\/4317"}],"wp:featuredmedia":[{"embeddable":true,"href":"https:\/\/campingdesiscles.com\/es\/wp-json\/wp\/v2\/media\/4184"}],"wp:attachment":[{"href":"https:\/\/campingdesiscles.com\/es\/wp-json\/wp\/v2\/media?parent=4316"}],"wp:term":[{"taxonomy":"sujet","embeddable":true,"href":"https:\/\/campingdesiscles.com\/es\/wp-json\/wp\/v2\/sujet?post=4316"}],"curies":[{"name":"wp","href":"https:\/\/api.w.org\/{rel}","templated":true}]}}