{"id":3158,"date":"2022-12-30T14:35:56","date_gmt":"2022-12-30T13:35:56","guid":{"rendered":"https:\/\/campingdesiscles.com\/camping-familiar-roquebrune\/"},"modified":"2023-03-01T16:00:35","modified_gmt":"2023-03-01T15:00:35","slug":"camping-familiar-roquebrune","status":"publish","type":"page","link":"https:\/\/campingdesiscles.com\/es\/camping-familiar-roquebrune\/","title":{"rendered":"Servicios"},"content":{"rendered":"<section id=\"ls-section-block_c4997d609e590ce01ee492b61f776be7\" class=\"ls-section  page-one page background-one has-p-t p-t-12\" >\n        <div class=\"container container--wide\">\n        \n\n<h1 class=\"ls__heading has-text-align-center has-p-b p-b-8 wp-block-heading\">Su camping familiar en Roquebrune <\/h1>\n\n\n\n<div class=\"wp-block-columns is-layout-flex wp-container-core-columns-is-layout-9d6595d7 wp-block-columns-is-layout-flex\">\n<div class=\"wp-block-column is-vertically-aligned-center is-layout-flow wp-block-column-is-layout-flow\" style=\"flex-basis:33.33%\">\n<h2 class=\"ls-heading wp-block-heading\">La recepci\u00f3n del camping<\/h2>\n\n\n\n<p class=\"ls-paragraph\">El equipo del Flower <strong>Camping Moulin des Iscles se complace en<\/strong> darle la bienvenida de:<\/p>\n\n\n\n<ul class=\"ls-list wp-block-list\">\n<li>10h-12h30 \/ 13h30-17h00 del 06 de noviembre al 01 de diciembre y del 01 de febrero al 01 de abril<\/li>\n\n\n\n<li>09h-12h30 \/ 13h30-18h00 del 01 de abril al 08 de julio y del 02 de septiembre al 05 de noviembre<\/li>\n\n\n\n<li>08h-12h30 \/ 13h30-19h00 del 08 de julio al 26 de agosto<\/li>\n<\/ul>\n\n\n\n<p class=\"ls-paragraph\">El camping permanecer\u00e1 cerrado del 1 de diciembre al 31 de enero para las parcelas y del 6 de noviembre de 2023 al 1 de abril de 2024 para los alojamientos.<\/p>\n\n\n\n<p class=\"ls-paragraph\">El <strong>personal de recepci\u00f3n<\/strong> est\u00e1 a <strong>su disposici\u00f3n durante todo el d\u00eda<\/strong> para atender sus necesidades y peticiones.<\/p>\n\n\n\n<p class=\"ls-paragraph\">Se admiten animales de compa\u00f1\u00eda en todo el camping. (excepto la terraza del restaurante, el snack bar y la zona de la piscina).<\/p>\n\n\n\n<h2 class=\"ls-heading wp-block-heading\">Acampar en una zona boscosa<\/h2>\n\n\n\n<p class=\"ls-paragraph\">Ofrecemos un camping <strong>familiar de 3 hect\u00e1reas<\/strong> en el Var. <br>El terreno, <strong>lleno de \u00e1rboles<\/strong>, es ideal para su estancia.<\/p>\n<\/div>\n\n\n\n<div class=\"wp-block-column is-layout-flow wp-block-column-is-layout-flow\" style=\"flex-basis:66.66%\">\n<figure class=\"wp-block-image size-large animated fadeInRight delay-100ms slow\"><img decoding=\"async\" width=\"1024\" height=\"722\" src=\"https:\/\/campingdesiscles.com\/wp-content\/uploads\/2022\/12\/accueil-iscles-camping-var-1024x722.webp\" alt=\"accueil camping iscles var\" class=\"wp-image-1489\" srcset=\"https:\/\/campingdesiscles.com\/wp-content\/uploads\/2022\/12\/accueil-iscles-camping-var-1024x722.webp 1024w, https:\/\/campingdesiscles.com\/wp-content\/uploads\/2022\/12\/accueil-iscles-camping-var-300x212.webp 300w, https:\/\/campingdesiscles.com\/wp-content\/uploads\/2022\/12\/accueil-iscles-camping-var-768x541.webp 768w, https:\/\/campingdesiscles.com\/wp-content\/uploads\/2022\/12\/accueil-iscles-camping-var-1536x1083.webp 1536w, https:\/\/campingdesiscles.com\/wp-content\/uploads\/2022\/12\/accueil-iscles-camping-var-2048x1444.webp 2048w\" sizes=\"(max-width: 1024px) 100vw, 1024px\" \/><\/figure>\n<\/div>\n<\/div>\n\n\n    <\/div>\n<\/section>\n\n<section id=\"ls-section-block_3f6abc22059e79b67cd3f672675cec79\" class=\"ls-section  home-second page has-background-image has-m-t m-t-10 has-m-l m-l-10 has-m-r m-r-10\" >\n    <div class=\"ls-section__background-image opacity-100\"><img decoding=\"async\" src=\"https:\/\/campingdesiscles.com\/wp-content\/uploads\/2022\/12\/viennoiserie-pain.webp\" alt=\"\"><\/div>    <div class=\"container container--wide\">\n        \n\n<h2 class=\"ls__heading has-text-align-center has-p-b p-b-4 wp-block-heading\"> Venta de pan y boller\u00eda en el camping<\/h2>\n\n\n\n<div class=\"wp-block-columns raisons is-layout-flex wp-container-core-columns-is-layout-9d6595d7 wp-block-columns-is-layout-flex\">\n<div class=\"wp-block-column animated fadeIn delay-200ms slow is-layout-flow wp-block-column-is-layout-flow\" style=\"flex-basis:20%\"><\/div>\n\n\n\n<div class=\"wp-block-column animated fadeIn delay-500ms slow is-layout-flow wp-block-column-is-layout-flow\" style=\"flex-basis:60%\">\n<p class=\"ls-paragraph has-text-align-center has-medium-font-size\">Ofrecemos <strong>pan y boller\u00eda horneados<\/strong> in situ <strong>todas las ma\u00f1anas.<\/strong><\/p>\n\n\n\n<p class=\"ls-paragraph has-text-align-center has-medium-font-size\">Puede encargar baguettes, croissants o pains au chocolats la v\u00edspera y recogerlos al d\u00eda siguiente.<\/p>\n<\/div>\n\n\n\n<div class=\"wp-block-column animated fadeIn delay-1s slow is-layout-flow wp-block-column-is-layout-flow\" style=\"flex-basis:20%\"><\/div>\n<\/div>\n\n\n    <\/div>\n<\/section>\n\n<section id=\"ls-section-block_ca5d3b6a6e8cdde9c16e6924a8c1dc4a\" class=\"ls-section  page-two has-p-t p-t-14 has-p-b p-b-5\" >\n        <div class=\"container container--wide\">\n        \n\n<div class=\"wp-block-columns is-layout-flex wp-container-core-columns-is-layout-9d6595d7 wp-block-columns-is-layout-flex\">\n<div class=\"wp-block-column is-layout-flow wp-block-column-is-layout-flow\">\n<figure class=\"wp-block-image size-large has-m-b m-b-10 animated slideInRight delay-200ms slow\"><a href=\"https:\/\/campingdesiscles.com\/wp-content\/uploads\/2022\/12\/wifi-camping-tente-1024x722.webp\"><img decoding=\"async\" width=\"1024\" height=\"722\" src=\"https:\/\/campingdesiscles.com\/wp-content\/uploads\/2022\/12\/wifi-camping-tente-1024x722.webp\" alt=\"wifi camping tente\" class=\"wp-image-1501\" srcset=\"https:\/\/campingdesiscles.com\/wp-content\/uploads\/2022\/12\/wifi-camping-tente-1024x722.webp 1024w, https:\/\/campingdesiscles.com\/wp-content\/uploads\/2022\/12\/wifi-camping-tente-300x211.webp 300w, https:\/\/campingdesiscles.com\/wp-content\/uploads\/2022\/12\/wifi-camping-tente-768x541.webp 768w, https:\/\/campingdesiscles.com\/wp-content\/uploads\/2022\/12\/wifi-camping-tente.webp 1074w\" sizes=\"(max-width: 1024px) 100vw, 1024px\" \/><\/a><\/figure>\n\n\n\n<h2 class=\"ls-heading wp-block-heading\">Su colada en el camping<\/h2>\n\n\n\n<p class=\"ls-paragraph\">Si est\u00e1 planeando <strong>unas vacaciones familiares en el Var<\/strong>, tenemos todo lo que necesita para viajar ligero.<\/p>\n\n\n\n<p class=\"ls-paragraph\">La lavander\u00eda <strong>incluye lavadoras,<\/strong> todas por 5\u20ac, y una secadora por 4\u20ac. <br>Para quienes necesiten planchar su ropa despu\u00e9s de lavarla, <strong>disponemos de tablas de planchar y plancha<\/strong>.<\/p>\n<\/div>\n\n\n\n<div class=\"wp-block-column is-layout-flow wp-block-column-is-layout-flow\">\n<h2 class=\"ls-heading wp-block-heading\">Conectado a wifi<\/h2>\n\n\n\n<p class=\"ls-paragraph\">Para estar conectado incluso en vacaciones, ofrecemos un servicio <strong>Wi-Fi gratuito<\/strong> (Ancho de banda limitado). Si desea descargar, trabajar a distancia\u2026 ofrecemos un servicio de pago (20mgb) 5\u20ac-24h \/ 9\u20ac-48h \/ 13\u20ac-72H \/ 28\u20ac semana<\/p>\n\n\n\n<h2 class=\"ls-heading wp-block-heading\"> El \u00e1rea de servicio para autocaravanas<\/h2>\n\n\n\n<p class=\"ls-paragraph\">En el recinto <a href=\"\/es\/\">de nuestro camping Moulins des Iscles<\/a>, <strong>el \u00e1rea de servicio<\/strong> le permite repostar agua y <strong>vaciar sus aguas grises.<\/strong><\/p>\n\n\n\n<figure class=\"wp-block-image size-full has-m-t m-t-10 animated slideInLeft delay-200ms slow\"><a href=\"https:\/\/campingdesiscles.com\/wp-content\/uploads\/2022\/12\/camping-car-recharge.webp\"><img decoding=\"async\" width=\"1000\" height=\"718\" src=\"https:\/\/campingdesiscles.com\/wp-content\/uploads\/2022\/12\/camping-car-recharge.webp\" alt=\"recarga camping car\" class=\"wp-image-1496\" srcset=\"https:\/\/campingdesiscles.com\/wp-content\/uploads\/2022\/12\/camping-car-recharge.webp 1000w, https:\/\/campingdesiscles.com\/wp-content\/uploads\/2022\/12\/camping-car-recharge-300x215.webp 300w, https:\/\/campingdesiscles.com\/wp-content\/uploads\/2022\/12\/camping-car-recharge-768x551.webp 768w\" sizes=\"(max-width: 1000px) 100vw, 1000px\" \/><\/a><\/figure>\n<\/div>\n<\/div>\n\n\n    <\/div>\n<\/section>\n\n<section id=\"ls-section-block_d1b80d45a9b4063e97ceb9837a07a9d5\" class=\"ls-section  page-one page background-one has-p-t p-t-5\" >\n        <div class=\"container container--wide\">\n        \n\n<div class=\"wp-block-columns is-layout-flex wp-container-core-columns-is-layout-9d6595d7 wp-block-columns-is-layout-flex\">\n<div class=\"wp-block-column is-layout-flow wp-block-column-is-layout-flow\" style=\"flex-basis:66.66%\">\n<figure class=\"wp-block-image size-large animated fadeInRight delay-100ms slow\"><img decoding=\"async\" width=\"1024\" height=\"722\" src=\"https:\/\/campingdesiscles.com\/wp-content\/uploads\/2022\/12\/enfant-camping-voiture-pleine-vacances-1024x722.webp\" alt=\"camping ni\u00f1o coche vacaciones completas\" class=\"wp-image-1508\" srcset=\"https:\/\/campingdesiscles.com\/wp-content\/uploads\/2022\/12\/enfant-camping-voiture-pleine-vacances-1024x722.webp 1024w, https:\/\/campingdesiscles.com\/wp-content\/uploads\/2022\/12\/enfant-camping-voiture-pleine-vacances-300x211.webp 300w, https:\/\/campingdesiscles.com\/wp-content\/uploads\/2022\/12\/enfant-camping-voiture-pleine-vacances-768x541.webp 768w, https:\/\/campingdesiscles.com\/wp-content\/uploads\/2022\/12\/enfant-camping-voiture-pleine-vacances.webp 1074w\" sizes=\"(max-width: 1024px) 100vw, 1024px\" \/><\/figure>\n<\/div>\n\n\n\n<div class=\"wp-block-column is-vertically-aligned-center is-layout-flow wp-block-column-is-layout-flow\" style=\"flex-basis:33.33%\">\n<h2 class=\"ls-heading wp-block-heading\">Alquileres adicionales<\/h2>\n\n\n\n<p class=\"ls-paragraph\">Nuestro <strong>juego de toallas<\/strong> cuesta 3 euros, el <strong>de ropa de cama doble puede alquilarse<\/strong> por s\u00f3lo 9 euros por noche y el de ropa de cama individual, por s\u00f3lo 7 euros.<\/p>\n\n\n\n<p class=\"ls-paragraph\">Si necesita <strong>una nevera en su parcela<\/strong>, podemos alquilarla por 7 euros al d\u00eda, seg\u00fan disponibilidad. S\u00f3lo tiene que solicitarlo o reservarlo al mismo tiempo que su estancia en nuestro sitio web.<\/p>\n\n\n\n<p class=\"ls-paragraph\">Tambi\u00e9n <strong>ofrecemos cunas y tronas<\/strong> por 5 \u20ac al d\u00eda o 30 \u20ac a la semana, seg\u00fan disponibilidad.<\/p>\n\n\n\n<p class=\"ls-paragraph\">Las <strong>planchas<\/strong> cuestan 5 euros al d\u00eda y 30 euros a la semana.<\/p>\n<\/div>\n<\/div>\n\n\n    <\/div>\n<\/section>\n\n<section id=\"ls-section-block_56685da5fb275c1c56e3ca2a3918bde3\" class=\"ls-section  home-second page has-background-image has-m-t m-t-10 has-m-l m-l-10 has-m-r m-r-10\" >\n    <div class=\"ls-section__background-image opacity-100\"><img decoding=\"async\" src=\"https:\/\/campingdesiscles.com\/wp-content\/uploads\/2023\/01\/snack-boissons-camping-roquebrune.webp\" alt=\"snack boissons camping roquebrune\"><\/div>    <div class=\"container container--wide\">\n        \n\n<h2 class=\"ls__heading has-text-align-center has-p-b p-b-4 wp-block-heading\">Su merienda en el camping<\/h2>\n\n\n\n<div class=\"wp-block-columns raisons is-layout-flex wp-container-core-columns-is-layout-9d6595d7 wp-block-columns-is-layout-flex\">\n<div class=\"wp-block-column animated fadeIn delay-200ms slow is-layout-flow wp-block-column-is-layout-flow\" style=\"flex-basis:20%\"><\/div>\n\n\n\n<div class=\"wp-block-column animated fadeIn delay-500ms slow is-layout-flow wp-block-column-is-layout-flow\" style=\"flex-basis:60%\">\n<p class=\"ls-paragraph has-text-align-center has-medium-font-size\">El snack bar del camping abre todos los d\u00edas de 11 a 18 h del 22 de abril al 5 de noviembre. \u00a1Podr\u00e1s venir a degustar paninis, ensaladas y tablas caseras!<\/p>\n\n\n\n<p class=\"ls-paragraph has-text-align-center has-medium-font-size\"><strong>\u00a1Nuevo en 2023!<\/strong><\/p>\n\n\n\n<p class=\"ls-paragraph has-text-align-center has-medium-font-size\">Abriremos una nueva cafeter\u00eda junto a la piscina. Marav\u00edllese con la puesta de sol sobre la roca Roquebrune mientras toma un aperitivo junto a la piscina.<\/p>\n<\/div>\n\n\n\n<div class=\"wp-block-column animated fadeIn delay-1s slow is-layout-flow wp-block-column-is-layout-flow\" style=\"flex-basis:20%\"><\/div>\n<\/div>\n\n\n    <\/div>\n<\/section>\n\n<section id=\"ls-section-block_eb8d32abc45167e99e51de49560aff6f\" class=\"ls-section  page-maillage has-p-t p-t-14 has-p-b p-b-10\" >\n        <div class=\"container container--wide\">\n        \n\n<div id=\"ls-heading ls-titre-div-block_b36ff806d557a0def842cf568cc7956b\" class=\"ls-titre-div rouge aligncenter h2-like has-text-color has-color-white-color has-p-b p-b-8\" >\n    Descubra las animaciones, el snack bar y la piscina de nuestro camping<\/div>\n\n\n<div id=\"ls-maillage-block_55d2dc3c09a800b1b0097e3db8044fcd\" class=\"ls-maillage cta-style-normal\" data-rows=\"3\">\n    <div class=\"wp-block-columns\"><div class=\"wp-block-column\">\n\n<a href=\"https:\/\/campingdesiscles.com\/es\/camping-animaciones-roquebrune\/\" target=\"\" rel=\"noopener\" class=\"ls-cta__link\">\n\n\t<div class=\"ls-cta__image\"><img decoding=\"async\" src=\"https:\/\/campingdesiscles.com\/wp-content\/uploads\/2022\/12\/enfant-balancoire-jeux-1024x683.webp\" alt=\"jeux enfant camping var\"><\/div>\n\t<div class=\"ls-cta__title\">\n\t\tAnimaciones y actividades\t<\/div>\n\n\t\t\n<\/a><\/div><div class=\"wp-block-column\">\n\n<a href=\"https:\/\/campingdesiscles.com\/es\/restaurante-roquebrune\/\" target=\"\" rel=\"noopener\" class=\"ls-cta__link\">\n\n\t<div class=\"ls-cta__image\"><img decoding=\"async\" src=\"https:\/\/campingdesiscles.com\/wp-content\/uploads\/2022\/12\/cocktail-snack-1024x725.webp\" alt=\"cocktail vacances snack roquebrune\"><\/div>\n\t<div class=\"ls-cta__title\">\n\t\tBar Restaurante\t<\/div>\n\n\t\t\n<\/a><\/div><div class=\"wp-block-column\">\n\n<a href=\"https:\/\/campingdesiscles.com\/es\/camping-piscina-climatizada-roquebrune\/\" target=\"\" rel=\"noopener\" class=\"ls-cta__link\">\n\n\t<div class=\"ls-cta__image\"><img decoding=\"async\" src=\"https:\/\/campingdesiscles.com\/wp-content\/uploads\/2022\/12\/femme-bouee-jaune-iscles-cta-1024x1024.webp\" alt=\"piscine chauff\u00e9e var camping\"><\/div>\n\t<div class=\"ls-cta__title\">\n\t\tPiscina\t<\/div>\n\n\t\t\n<\/a><\/div><\/div><\/div>\n\n    <\/div>\n<\/section>","protected":false},"excerpt":{"rendered":"","protected":false},"author":1,"featured_media":1582,"parent":0,"menu_order":0,"comment_status":"closed","ping_status":"closed","template":"","meta":{"_acf_changed":false,"footnotes":""},"sujet":[],"class_list":["post-3158","page","type-page","status-publish","has-post-thumbnail","hentry"],"acf":[],"_links":{"self":[{"href":"https:\/\/campingdesiscles.com\/es\/wp-json\/wp\/v2\/pages\/3158","targetHints":{"allow":["GET"]}}],"collection":[{"href":"https:\/\/campingdesiscles.com\/es\/wp-json\/wp\/v2\/pages"}],"about":[{"href":"https:\/\/campingdesiscles.com\/es\/wp-json\/wp\/v2\/types\/page"}],"author":[{"embeddable":true,"href":"https:\/\/campingdesiscles.com\/es\/wp-json\/wp\/v2\/users\/1"}],"replies":[{"embeddable":true,"href":"https:\/\/campingdesiscles.com\/es\/wp-json\/wp\/v2\/comments?post=3158"}],"version-history":[{"count":10,"href":"https:\/\/campingdesiscles.com\/es\/wp-json\/wp\/v2\/pages\/3158\/revisions"}],"predecessor-version":[{"id":4527,"href":"https:\/\/campingdesiscles.com\/es\/wp-json\/wp\/v2\/pages\/3158\/revisions\/4527"}],"wp:featuredmedia":[{"embeddable":true,"href":"https:\/\/campingdesiscles.com\/es\/wp-json\/wp\/v2\/media\/1582"}],"wp:attachment":[{"href":"https:\/\/campingdesiscles.com\/es\/wp-json\/wp\/v2\/media?parent=3158"}],"wp:term":[{"taxonomy":"sujet","embeddable":true,"href":"https:\/\/campingdesiscles.com\/es\/wp-json\/wp\/v2\/sujet?post=3158"}],"curies":[{"name":"wp","href":"https:\/\/api.w.org\/{rel}","templated":true}]}}