{"id":3156,"date":"2022-12-30T14:32:17","date_gmt":"2022-12-30T13:32:17","guid":{"rendered":"https:\/\/campingdesiscles.com\/turismo-roquebrune\/"},"modified":"2023-01-03T17:04:53","modified_gmt":"2023-01-03T16:04:53","slug":"turismo-roquebrune","status":"publish","type":"page","link":"https:\/\/campingdesiscles.com\/es\/turismo-roquebrune\/","title":{"rendered":"Roquebrune"},"content":{"rendered":"<section id=\"ls-section-block_f24b10ea0adf62a85f1b0e55d9291b75\" class=\"ls-section  page-one page background-one has-p-t p-t-2\" >\n        <div class=\"container container--wide\">\n        \n\n<h1 class=\"ls__heading has-text-align-center has-p-b p-b-8 wp-block-heading\">El pueblo medieval de Roquebrune por descubrir<\/h1>\n\n\n\n<div id=\"ls-heading ls-titre-div-block_1bb21463b5ae349f12745f2d8f7d7975\" class=\"ls-titre-div aligncenter h3-like has-m-b m-b-5\" >\n    El centro del pueblo est\u00e1 a s\u00f3lo 1.500 metros de nuestro camping.<\/div>\n\n\n\n<div class=\"wp-block-columns is-layout-flex wp-container-core-columns-is-layout-9d6595d7 wp-block-columns-is-layout-flex\">\n<div class=\"wp-block-column is-vertically-aligned-center is-layout-flow wp-block-column-is-layout-flow\" style=\"flex-basis:33.33%\">\n<h2 class=\"ls-heading wp-block-heading\">Visite el centro de Roquebrune-sur-Argens<\/h2>\n\n\n\n<p class=\"ls-paragraph\"><strong>Pueblo de fachadas coloridas<\/strong> y calles estrechas, <strong>Roquebrune-sur-Argens<\/strong> es conocido como etapa en la ruta de peregrinaci\u00f3n <strong>a Santiago de Compostela.<\/strong> Cada verano, <strong>las tradiciones provenzales<\/strong> llegan al coraz\u00f3n del pueblo: bailes, parques de atracciones, <strong>actividades infantiles y fuegos artificiales<\/strong>. <strong>Destino hist\u00f3rico y aut\u00e9ntico<\/strong>, el centro de Roquebrune-sur-Argens har\u00e1 las delicias de grandes y peque\u00f1os.<\/p>\n\n\n\n<p class=\"ls-paragraph\">Mercados en Roquebrune-sur-Argens : <\/p>\n\n\n\n<ul class=\"ls-list wp-block-list\">\n<li><strong>Mercado provenzal<\/strong> todos los viernes en la plaza central del pueblo<\/li>\n\n\n\n<li><strong>Mercado nocturno<\/strong> todos los martes por la noche en julio\/agosto<\/li>\n<\/ul>\n\n\n\n<p class=\"ls-paragraph\">Informaci\u00f3n pr\u00e1ctica: <strong>el pueblo de Puget-sur-Argens est\u00e1 a 8,3 kil\u00f3metros<\/strong> (por la D7 y la N7) de nuestro camping de Roquebrune-sur-Argens.<\/p>\n<\/div>\n\n\n\n<div class=\"wp-block-column is-layout-flow wp-block-column-is-layout-flow\" style=\"flex-basis:66.66%\">\n<figure class=\"wp-block-image size-large animated fadeInRight delay-100ms slow\"><img decoding=\"async\" width=\"1024\" height=\"682\" src=\"https:\/\/campingdesiscles.com\/wp-content\/uploads\/2022\/12\/roquebrune-camping-emplacement-var-1024x682.webp\" alt=\"camping roquebrune var\" class=\"wp-image-2250\" srcset=\"https:\/\/campingdesiscles.com\/wp-content\/uploads\/2022\/12\/roquebrune-camping-emplacement-var-1024x682.webp 1024w, https:\/\/campingdesiscles.com\/wp-content\/uploads\/2022\/12\/roquebrune-camping-emplacement-var-300x200.webp 300w, https:\/\/campingdesiscles.com\/wp-content\/uploads\/2022\/12\/roquebrune-camping-emplacement-var-768x512.webp 768w, https:\/\/campingdesiscles.com\/wp-content\/uploads\/2022\/12\/roquebrune-camping-emplacement-var.webp 1366w\" sizes=\"(max-width: 1024px) 100vw, 1024px\" \/><\/figure>\n<\/div>\n<\/div>\n\n\n    <\/div>\n<\/section>\n\n<section id=\"ls-section-block_56cf740d9565ee989489f11017b57133\" class=\"ls-section  home-second page has-background-image has-m-t m-t-10 has-m-l m-l-10 has-m-r m-r-10\" >\n    <div class=\"ls-section__background-image opacity-100\"><img decoding=\"async\" src=\"https:\/\/campingdesiscles.com\/wp-content\/uploads\/2022\/12\/14533686.jpg\" alt=\"activit\u00e9 roquebrune camping proche mer\"><\/div>    <div class=\"container container--wide\">\n        \n\n<h2 class=\"ls__heading has-text-align-center has-p-b p-b-4 wp-block-heading\">Roquebrune tiene mucho que ofrecer<\/h2>\n\n\n\n<div class=\"wp-block-columns raisons is-layout-flex wp-container-core-columns-is-layout-9d6595d7 wp-block-columns-is-layout-flex\">\n<div class=\"wp-block-column animated fadeIn delay-200ms slow is-layout-flow wp-block-column-is-layout-flow\" style=\"flex-basis:15%\"><\/div>\n\n\n\n<div class=\"wp-block-column animated fadeIn delay-500ms slow is-layout-flow wp-block-column-is-layout-flow\">\n<p class=\"ls-paragraph has-text-align-center has-medium-font-size\"><strong>Las actividades<\/strong> que se pueden realizar en <a href=\"https:\/\/www.roquebrune.com\/\">Roquebrune-sur-Argens<\/a> son infinitas. <strong>Actividades n\u00e1uticas<\/strong>, eventos culturales, <strong>turismo verde<\/strong>, <strong>aqu\u00ed tiene algunas de<\/strong> las <strong>mejores actividades<\/strong> para realizar durante su estancia en nuestro camping de Roquebrune-sur-Argens:<\/p>\n\n\n\n<ul class=\"ls-list ls-list-undefined has-color-white-color has-text-color has-medium-font-size wp-block-list\">\n<li>visite la roca de Roquebrune-sur-Argens ;<\/li>\n\n\n\n<li>Caminata de las 3 Cruces de la Roca;<\/li>\n\n\n\n<li>vagan por los campos de lavanda;<\/li>\n\n\n\n<li>degustar aceite de oliva en el Domaine de l&#8217;Olivette ;<\/li>\n\n\n\n<li>descubrir las Gargantas del Verdon ;<\/li>\n\n\n\n<li>tomar el sendero costero y contemplar la puesta de sol;<\/li>\n\n\n\n<li>Actividades de alquiler de motos acu\u00e1ticas y barcos en el Mediterr\u00e1neo;<\/li>\n\n\n\n<li>vida nocturna en la zona y sus alrededores&#8230; discotecas&#8230; bares de ambiente&#8230; \u00a1hay para todos los gustos!<\/li>\n<\/ul>\n<\/div>\n\n\n\n<div class=\"wp-block-column animated fadeIn delay-1s slow is-layout-flow wp-block-column-is-layout-flow\" style=\"flex-basis:15%\"><\/div>\n<\/div>\n\n\n    <\/div>\n<\/section>\n\n<section id=\"ls-section-block_f1f8f0d9e391f088eabc30d1356a98d9\" class=\"ls-section  page-two has-p-t p-t-14 has-p-b p-b-10\" >\n        <div class=\"container container--wide\">\n        \n\n<div class=\"wp-block-columns is-layout-flex wp-container-core-columns-is-layout-9d6595d7 wp-block-columns-is-layout-flex\">\n<div class=\"wp-block-column is-layout-flow wp-block-column-is-layout-flow\">\n<figure class=\"wp-block-image size-large has-m-b m-b-10 animated slideInRight delay-200ms slow\"><a href=\"https:\/\/campingdesiscles.com\/wp-content\/uploads\/2022\/12\/maison-chocolat-roquebrune-camping-activite-1024x682.webp\"><img decoding=\"async\" width=\"1024\" height=\"682\" src=\"https:\/\/campingdesiscles.com\/wp-content\/uploads\/2022\/12\/maison-chocolat-roquebrune-camping-activite-1024x682.webp\" alt=\"maison chocolat roquebrune actividad de camping\" class=\"wp-image-2264\" srcset=\"https:\/\/campingdesiscles.com\/wp-content\/uploads\/2022\/12\/maison-chocolat-roquebrune-camping-activite-1024x682.webp 1024w, https:\/\/campingdesiscles.com\/wp-content\/uploads\/2022\/12\/maison-chocolat-roquebrune-camping-activite-300x200.webp 300w, https:\/\/campingdesiscles.com\/wp-content\/uploads\/2022\/12\/maison-chocolat-roquebrune-camping-activite-768x512.webp 768w, https:\/\/campingdesiscles.com\/wp-content\/uploads\/2022\/12\/maison-chocolat-roquebrune-camping-activite.webp 1136w\" sizes=\"(max-width: 1024px) 100vw, 1024px\" \/><\/a><\/figure>\n\n\n\n<p class=\"ls-paragraph\">Durante su estancia en el Var, aproveche para descubrir :<\/p>\n\n\n\n<ul class=\"ls-list wp-block-list\">\n<li>Participe en <strong>una b\u00fasqueda del tesoro<\/strong> en el coraz\u00f3n de la villa medieval;<\/li>\n\n\n\n<li>el <strong>viejo puente de Argens;<\/strong><\/li>\n\n\n\n<li>las <strong>numerosas capillas<\/strong> y el lavadero de Roquebrune ;<\/li>\n\n\n\n<li><strong>la iglesia parroquial de San Pedro y San Pablo;<\/strong><\/li>\n\n\n\n<li>la <strong>antigua fuente<\/strong> y la Torre del Reloj;<\/li>\n\n\n\n<li>el <strong>estanque galo-romano<\/strong><\/li>\n\n\n\n<li>la <strong>casa de la prehistoria<\/strong>.<\/li>\n<\/ul>\n<\/div>\n\n\n\n<div class=\"wp-block-column is-layout-flow wp-block-column-is-layout-flow\">\n<h2 class=\"ls-heading wp-block-heading\">Visitas culturales en Roquebrune<\/h2>\n\n\n\n<p class=\"ls-paragraph\">La Provenza est\u00e1 <strong>llena de visitas y actividades culturales<\/strong> que realizar:<\/p>\n\n\n\n<ul class=\"ls-list wp-block-list\">\n<li>la <strong>Casa del Chocolate y del Cacao<\/strong>: visita guiada y gastron\u00f3mica;<\/li>\n\n\n\n<li>el <strong>m\u00e1gico mundo de las orqu\u00eddeas<\/strong> ;<\/li>\n\n\n\n<li>el <strong>antiguo pueblo de Roquebrune<\/strong> en scooter;<\/li>\n<\/ul>\n\n\n\n<figure class=\"wp-block-image size-full has-m-t m-t-10 animated slideInLeft delay-200ms slow\"><a href=\"https:\/\/campingdesiscles.com\/wp-content\/uploads\/2022\/12\/croix-roquebrune-camping-var-activites-1.webp\"><img decoding=\"async\" width=\"1024\" height=\"682\" src=\"https:\/\/campingdesiscles.com\/wp-content\/uploads\/2022\/12\/croix-roquebrune-camping-var-activites-1.webp\" alt=\"cross roquebrune camping var actividades\" class=\"wp-image-2257\" srcset=\"https:\/\/campingdesiscles.com\/wp-content\/uploads\/2022\/12\/croix-roquebrune-camping-var-activites-1.webp 1024w, https:\/\/campingdesiscles.com\/wp-content\/uploads\/2022\/12\/croix-roquebrune-camping-var-activites-1-300x200.webp 300w, https:\/\/campingdesiscles.com\/wp-content\/uploads\/2022\/12\/croix-roquebrune-camping-var-activites-1-768x512.webp 768w\" sizes=\"(max-width: 1024px) 100vw, 1024px\" \/><\/a><\/figure>\n<\/div>\n<\/div>\n\n\n    <\/div>\n<\/section>\n\n<section id=\"ls-section-block_95500c478ce349f977895a604a67385d\" class=\"ls-section  page-maillage has-p-t p-t-14 has-p-b p-b-10\" >\n        <div class=\"container container--wide\">\n        \n\n<div id=\"ls-heading ls-titre-div-block_32d0ce8a8effaa1df746c1fc6de92e10\" class=\"ls-titre-div aligncenter h2-like has-p-b p-b-8\" >\n    Descubra Frejus, nuestros alojamientos y la piscina del camping.<\/div>\n\n\n<div id=\"ls-maillage-block_7a99f0134c946fbd5bda36e03e178398\" class=\"ls-maillage cta-style-normal\" data-rows=\"3\">\n    <div class=\"wp-block-columns\"><div class=\"wp-block-column\">\n\n<a href=\"https:\/\/campingdesiscles.com\/es\/turismo-frejus\/\" target=\"\" rel=\"noopener\" class=\"ls-cta__link\">\n\n\t<div class=\"ls-cta__image\"><img decoding=\"async\" src=\"https:\/\/campingdesiscles.com\/wp-content\/uploads\/2022\/12\/frejus-port-plage-var-camping.webp\" alt=\"frejus var vacances bord de mer\"><\/div>\n\t<div class=\"ls-cta__title\">\n\t\tDescubrir Fr\u00e9jus\t<\/div>\n\n\t\t\n<\/a><\/div><div class=\"wp-block-column\">\n\n<a href=\"https:\/\/campingdesiscles.com\/es\/ubicacion-mobil-home-roquebrune\/\" target=\"\" rel=\"noopener\" class=\"ls-cta__link\">\n\n\t<div class=\"ls-cta__image\"><img decoding=\"async\" src=\"https:\/\/campingdesiscles.com\/wp-content\/uploads\/2022\/11\/image-1-1-1024x683.jpg\" alt=\"rocher roquebrune camping var paca\"><\/div>\n\t<div class=\"ls-cta__title\">\n\t\tNuestras casas m\u00f3viles\t<\/div>\n\n\t\t\n<\/a><\/div><div class=\"wp-block-column\">\n\n<a href=\"https:\/\/campingdesiscles.com\/es\/camping-piscina-climatizada-roquebrune\/\" target=\"\" rel=\"noopener\" class=\"ls-cta__link\">\n\n\t<div class=\"ls-cta__image\"><img decoding=\"async\" src=\"https:\/\/campingdesiscles.com\/wp-content\/uploads\/2022\/12\/femme-bouee-jaune-iscles-cta-1024x1024.webp\" alt=\"piscine chauff\u00e9e var camping\"><\/div>\n\t<div class=\"ls-cta__title\">\n\t\tPiscina\t<\/div>\n\n\t\t\n<\/a><\/div><\/div><\/div>\n\n    <\/div>\n<\/section>","protected":false},"excerpt":{"rendered":"","protected":false},"author":1,"featured_media":2291,"parent":0,"menu_order":0,"comment_status":"closed","ping_status":"closed","template":"","meta":{"_acf_changed":false,"footnotes":""},"sujet":[],"class_list":["post-3156","page","type-page","status-publish","has-post-thumbnail","hentry"],"acf":[],"_links":{"self":[{"href":"https:\/\/campingdesiscles.com\/es\/wp-json\/wp\/v2\/pages\/3156","targetHints":{"allow":["GET"]}}],"collection":[{"href":"https:\/\/campingdesiscles.com\/es\/wp-json\/wp\/v2\/pages"}],"about":[{"href":"https:\/\/campingdesiscles.com\/es\/wp-json\/wp\/v2\/types\/page"}],"author":[{"embeddable":true,"href":"https:\/\/campingdesiscles.com\/es\/wp-json\/wp\/v2\/users\/1"}],"replies":[{"embeddable":true,"href":"https:\/\/campingdesiscles.com\/es\/wp-json\/wp\/v2\/comments?post=3156"}],"version-history":[{"count":6,"href":"https:\/\/campingdesiscles.com\/es\/wp-json\/wp\/v2\/pages\/3156\/revisions"}],"predecessor-version":[{"id":3874,"href":"https:\/\/campingdesiscles.com\/es\/wp-json\/wp\/v2\/pages\/3156\/revisions\/3874"}],"wp:featuredmedia":[{"embeddable":true,"href":"https:\/\/campingdesiscles.com\/es\/wp-json\/wp\/v2\/media\/2291"}],"wp:attachment":[{"href":"https:\/\/campingdesiscles.com\/es\/wp-json\/wp\/v2\/media?parent=3156"}],"wp:term":[{"taxonomy":"sujet","embeddable":true,"href":"https:\/\/campingdesiscles.com\/es\/wp-json\/wp\/v2\/sujet?post=3156"}],"curies":[{"name":"wp","href":"https:\/\/api.w.org\/{rel}","templated":true}]}}