{"id":3153,"date":"2022-12-30T14:28:19","date_gmt":"2022-12-30T13:28:19","guid":{"rendered":"https:\/\/campingdesiscles.com\/camping-piscina-climatizada-roquebrune\/"},"modified":"2023-03-01T16:40:18","modified_gmt":"2023-03-01T15:40:18","slug":"camping-piscina-climatizada-roquebrune","status":"publish","type":"page","link":"https:\/\/campingdesiscles.com\/es\/camping-piscina-climatizada-roquebrune\/","title":{"rendered":"Piscina"},"content":{"rendered":"<section id=\"ls-section-block_41d54e2392a9ba6592d394bd98a03420\" class=\"ls-section  page-one page background-one has-p-t p-t-12\" >\n        <div class=\"container container--wide\">\n        \n\n<h1 class=\"ls__heading has-text-align-center has-p-b p-b-8 wp-block-heading\">Camping con un gran parque acu\u00e1tico <br>en Roquebrune<\/h1>\n\n\n\n<div class=\"wp-block-columns is-layout-flex wp-container-core-columns-is-layout-9d6595d7 wp-block-columns-is-layout-flex\">\n<div class=\"wp-block-column is-vertically-aligned-center is-layout-flow wp-block-column-is-layout-flow\" style=\"flex-basis:33.33%\">\n<h2 class=\"ls-heading wp-block-heading\">Sum\u00e9rjase en nuestra piscina climatizada<\/h2>\n\n\n\n<p class=\"ls-paragraph\">Nuestro <strong>camping con piscina climatizada<\/strong> en Roquebrune-sur-Argens le da la bienvenida para todos sus momentos de relax. Dedicado al mundo de la nataci\u00f3n, <strong>nuestro espacio acu\u00e1tico<\/strong> consta de una <strong>piscina exterior climatizada<\/strong>, equipada con <strong>tumbonas<\/strong> y su gran <strong>sol\u00e1rium semisombreado.<\/strong> <\/p>\n\n\n\n<p class=\"ls-paragraph\">Si le gusta la sencillez, <a href=\"\/es\/\">nuestro camping en Moulins des Iscles<\/a> varois con piscina es para usted. Disponemos de <strong>una piscina climatizada<\/strong>, equipada con una <strong>ba\u00f1era de hidromasaje con<\/strong> asiento y reclinable para garantizarle <strong>momentos de puro relax.<\/strong><\/p>\n\n\n\n<p class=\"ls-paragraph\">Los juegos acu\u00e1ticos, <strong>las fiestas en la piscina<\/strong> y la <strong>nataci\u00f3n nocturna<\/strong> formar\u00e1n parte de su rutina diaria. Para su informaci\u00f3n, nuestro camping no dispone de toboganes acu\u00e1ticos.<\/p>\n\n\n\n<p class=\"ls-paragraph\">Informaci\u00f3n : Piscina climatizada abierta todos los d\u00edas de 8.00 a 20.00 horas del 22 de abril al 30 de septiembre. Piscina con piscina infantil, juegos acu\u00e1ticos (fiesta nocturna en la piscina los mi\u00e9rcoles hasta las 23:00 con m\u00fasica y pool bar) y tomar el sol. Zona de hidromasaje para sentarse y tumbarse.<\/p>\n<\/div>\n\n\n\n<div class=\"wp-block-column is-layout-flow wp-block-column-is-layout-flow\" style=\"flex-basis:66.66%\">\n<figure class=\"wp-block-image size-full animated fadeInRight delay-100ms slow\"><img decoding=\"async\" width=\"800\" height=\"564\" src=\"https:\/\/campingdesiscles.com\/wp-content\/uploads\/2022\/12\/espace-aquatique-roquebrune.jpg\" alt=\"espacio acu\u00e1tico roquebrune\" class=\"wp-image-2844\" srcset=\"https:\/\/campingdesiscles.com\/wp-content\/uploads\/2022\/12\/espace-aquatique-roquebrune.jpg 800w, https:\/\/campingdesiscles.com\/wp-content\/uploads\/2022\/12\/espace-aquatique-roquebrune-300x212.jpg 300w, https:\/\/campingdesiscles.com\/wp-content\/uploads\/2022\/12\/espace-aquatique-roquebrune-768x541.jpg 768w\" sizes=\"(max-width: 800px) 100vw, 800px\" \/><\/figure>\n<\/div>\n<\/div>\n\n\n    <\/div>\n<\/section>\n\n<section id=\"ls-section-block_17c8910351200ae32ecdcb65869b488e\" class=\"ls-section  home-second page has-background-image has-m-t m-t-10 has-m-l m-l-10 has-m-r m-r-10\" >\n    <div class=\"ls-section__background-image opacity-100\"><img decoding=\"async\" src=\"https:\/\/campingdesiscles.com\/wp-content\/uploads\/2022\/12\/5e3c283b3b877_camping-moulin-iscles-panoramique-1.jpg\" alt=\"piscine chauff\u00e9e moulin iscles roquebrune\"><\/div>    <div class=\"container container--wide\">\n        \n\n<h2 class=\"ls__heading has-text-align-center has-p-b p-b-4 wp-block-heading\">Descansando en nuestras tumbonas<\/h2>\n\n\n\n<div class=\"wp-block-columns raisons is-layout-flex wp-container-core-columns-is-layout-9d6595d7 wp-block-columns-is-layout-flex\">\n<div class=\"wp-block-column animated fadeIn delay-200ms slow is-layout-flow wp-block-column-is-layout-flow\" style=\"flex-basis:20%\"><\/div>\n\n\n\n<div class=\"wp-block-column animated fadeIn delay-500ms slow is-layout-flow wp-block-column-is-layout-flow\" style=\"flex-basis:60%\">\n<p class=\"ls-paragraph has-text-align-center has-medium-font-size\">En <strong>nuestro camping de Roquebrune<\/strong>, adem\u00e1s de la <strong>zona de hidromasaje<\/strong> y la piscina infantil, hay <strong>tumbonas<\/strong> al borde de la piscina <strong>bajo sombrillas.<\/strong> Hay tumbonas <strong>para relajarse<\/strong> junto a la piscina climatizada mientras se disfruta del sol. <strong>D\u00edas de ocio, ba\u00f1os de sol y relax garantizados.<\/strong><\/p>\n<\/div>\n\n\n\n<div class=\"wp-block-column animated fadeIn delay-1s slow is-layout-flow wp-block-column-is-layout-flow\" style=\"flex-basis:20%\"><\/div>\n<\/div>\n\n\n    <\/div>\n<\/section>\n\n<section id=\"ls-section-block_7a4f675b2abea2f06f64c1551ca28c31\" class=\"ls-section  page-two has-p-t p-t-14 has-p-b p-b-10\" >\n        <div class=\"container container--wide\">\n        \n\n<div class=\"wp-block-columns is-layout-flex wp-container-core-columns-is-layout-9d6595d7 wp-block-columns-is-layout-flex\">\n<div class=\"wp-block-column is-layout-flow wp-block-column-is-layout-flow\">\n<figure class=\"wp-block-image size-full has-m-b m-b-10 animated slideInRight delay-200ms slow\"><a href=\"https:\/\/campingdesiscles.com\/wp-content\/uploads\/2022\/12\/femme-transat-farniente-iscles.webp\"><img decoding=\"async\" width=\"1024\" height=\"683\" src=\"https:\/\/campingdesiscles.com\/wp-content\/uploads\/2022\/12\/femme-transat-farniente-iscles.webp\" alt=\"mujer tumbona farniente iscles\" class=\"wp-image-1715\" srcset=\"https:\/\/campingdesiscles.com\/wp-content\/uploads\/2022\/12\/femme-transat-farniente-iscles.webp 1024w, https:\/\/campingdesiscles.com\/wp-content\/uploads\/2022\/12\/femme-transat-farniente-iscles-300x200.webp 300w, https:\/\/campingdesiscles.com\/wp-content\/uploads\/2022\/12\/femme-transat-farniente-iscles-768x512.webp 768w\" sizes=\"(max-width: 1024px) 100vw, 1024px\" \/><\/a><\/figure>\n\n\n\n<h2 class=\"ls-heading wp-block-heading\">La piscina infantil del camping para sus hijos en Roquebrune<\/h2>\n\n\n\n<p class=\"ls-paragraph\"><strong>La piscina infantil<\/strong> de la piscina climatizada acoge a los m\u00e1s peque\u00f1os para que hasta <strong>los m\u00e1s peque\u00f1os puedan disfrutar<\/strong> de una zona acu\u00e1tica. Podr\u00e1n aprender los placeres, <strong>las alegr\u00edas y los juegos<\/strong> del agua en <strong>un entorno seguro.<\/strong><\/p>\n\n\n\n<p class=\"ls-paragraph\">Nuestra <strong>piscina familiar<\/strong> con piscina infantil en Roquebrune-sur-Argens es ideal para su tiempo en familia. Nuestra <strong>piscina infantil<\/strong>, al igual que la de nataci\u00f3n, est\u00e1 <strong>climatizada.<\/strong> <br>Con tumbonas cerca, garantiza <strong>una vigilancia \u00f3ptima.<\/strong><\/p>\n<\/div>\n\n\n\n<div class=\"wp-block-column is-layout-flow wp-block-column-is-layout-flow\">\n<h2 class=\"ls__heading has-m-t m-t-10 wp-block-heading\">Su momento de relax<\/h2>\n\n\n\n<p class=\"ls-paragraph\">Relajaci\u00f3n, <strong>ba\u00f1eras de hidromasaje<\/strong> y <strong>masajes<\/strong> forman parte del servicio de nuestro camping en Roquebrune-sur-Argens. Nuestra <strong>piscina climatizada<\/strong> dispone de ba\u00f1era de hidromasaje. <br>Ideal para recuperarse despu\u00e9s de <strong>un d\u00eda en la playa<\/strong> o en <strong>bicicleta de monta\u00f1a.<\/strong> <\/p>\n\n\n\n<figure class=\"wp-block-image size-full is-resized has-m-t m-t-10 animated slideInLeft delay-200ms slow\"><a href=\"https:\/\/campingdesiscles.com\/wp-content\/uploads\/2022\/12\/piscine-moulin-des-iscles-enfants.webp\"><img decoding=\"async\" src=\"https:\/\/campingdesiscles.com\/wp-content\/uploads\/2022\/12\/piscine-moulin-des-iscles-enfants.webp\" alt=\"piscina moulin des iscles ni\u00f1os\" class=\"wp-image-1444\" width=\"650\" height=\"477\" srcset=\"https:\/\/campingdesiscles.com\/wp-content\/uploads\/2022\/12\/piscine-moulin-des-iscles-enfants.webp 650w, https:\/\/campingdesiscles.com\/wp-content\/uploads\/2022\/12\/piscine-moulin-des-iscles-enfants-300x220.webp 300w\" sizes=\"(max-width: 650px) 100vw, 650px\" \/><\/a><\/figure>\n<\/div>\n<\/div>\n\n\n    <\/div>\n<\/section>\n\n<section id=\"ls-section-block_5c83a477b68a58edcabbb30234e640be\" class=\"ls-section  page-avis has-p-t p-t-14 has-p-b p-b-14\" >\n        <div class=\"container container--wide\">\n        \n\n<div class=\"wp-block-columns is-layout-flex wp-container-core-columns-is-layout-9d6595d7 wp-block-columns-is-layout-flex\">\n<div class=\"wp-block-column is-vertically-aligned-bottom is-layout-flow wp-block-column-is-layout-flow\">\n<figure class=\"wp-block-image size-full animated slideInLeft delay-200ms slow\"><img decoding=\"async\" width=\"327\" height=\"268\" src=\"https:\/\/campingdesiscles.com\/wp-content\/uploads\/2022\/12\/piscine.png\" alt=\"logo piscine bou\u00e9e canard\" class=\"wp-image-708\" srcset=\"https:\/\/campingdesiscles.com\/wp-content\/uploads\/2022\/12\/piscine.png 327w, https:\/\/campingdesiscles.com\/wp-content\/uploads\/2022\/12\/piscine-300x246.png 300w\" sizes=\"(max-width: 327px) 100vw, 327px\" \/><\/figure>\n<\/div>\n\n\n\n<div class=\"wp-block-column colonne-avis has-color-white-background-color has-background is-layout-flow wp-block-column-is-layout-flow\">\n<div id=\"ls-heading ls-titre-div-block_f5d7fb8b0d63561ca290223543796c6d\" class=\"ls-titre-div aligncenter h2-like has-p-b p-b-8\" >\n    \u00bfQu\u00e9 opinan nuestros clientes de la piscina?<\/div>\n\n\n<div class=\"avis-container\"><div class=\"avis\"><div class=\"avis-note\">Perfecto<\/div><div class=\"avis-etoile\">\n                <span><i class=\"moulin-star\"><\/i><\/span><span><i class=\"moulin-star\"><\/i><\/span><span><i class=\"moulin-star\"><\/i><\/span><span><i class=\"moulin-star\"><\/i><\/span><span><i class=\"moulin-star\"><\/i><\/span>\n                <\/div><div class=\"avis-content-container\"><div class=\"avis-text-container\"><div class=\"avis-content\"><p style=\"text-align: center;\">Lejos de las multitudes, pero cerca del pueblo. Personal muy amable disponible para ayudar con el equipo. Piscina espl\u00e9ndida, limpia y bien climatizada para finales de septiembre. Estancia muy agradable en casa m\u00f3vil.<\/p>\n<\/div><div class=\"avis-name\">Jacques M.<\/div><\/div><\/div><\/div><div class=\"avis\"><div class=\"avis-note\">Peque\u00f1o para\u00edso<\/div><div class=\"avis-etoile\">\n                <span><i class=\"moulin-star\"><\/i><\/span><span><i class=\"moulin-star\"><\/i><\/span><span><i class=\"moulin-star\"><\/i><\/span><span><i class=\"moulin-star\"><\/i><\/span><span><i class=\"moulin-star\"><\/i><\/span>\n                <\/div><div class=\"avis-content-container\"><div class=\"avis-text-container\"><div class=\"avis-content\"><p style=\"text-align: center;\">Un peque\u00f1o para\u00edso. Personal muy motivado, direcci\u00f3n atenta y disponible. Un cocinero dedicado, asistentes sonrientes, \u00e1rboles sombreados y una piscina muy agradable. La piscina es c\u00e1lida y las ba\u00f1eras de hidromasaje y masaje est\u00e1n en su punto.<\/p>\n<\/div><div class=\"avis-name\">Leon D.<\/div><\/div><\/div><\/div><div class=\"avis\"><div class=\"avis-note\">Piscina perfecta<\/div><div class=\"avis-etoile\">\n                <span><i class=\"moulin-star\"><\/i><\/span><span><i class=\"moulin-star\"><\/i><\/span><span><i class=\"moulin-star\"><\/i><\/span><span><i class=\"moulin-star\"><\/i><\/span><span><i class=\"moulin-star\"><\/i><\/span>\n                <\/div><div class=\"avis-content-container\"><div class=\"avis-text-container\"><div class=\"avis-content\"><p style=\"text-align: center;\">Estancia muy corta pero ubicaci\u00f3n estupenda, instalaciones sanitarias nuevas y limpias, piscina moderna y bonita.<\/p>\n<\/div><div class=\"avis-name\">Martin V.<\/div><\/div><\/div><\/div><\/div>\n<\/div>\n\n\n\n<div class=\"wp-block-column is-layout-flow wp-block-column-is-layout-flow\">\n<figure class=\"wp-block-image size-large\"><img decoding=\"async\" width=\"1024\" height=\"768\" src=\"https:\/\/campingdesiscles.com\/wp-content\/uploads\/2022\/12\/IMG-20220526-WA0004-1024x768.jpg\" alt=\"IMG WA\" class=\"wp-image-2981\" srcset=\"https:\/\/campingdesiscles.com\/wp-content\/uploads\/2022\/12\/IMG-20220526-WA0004-1024x768.jpg 1024w, https:\/\/campingdesiscles.com\/wp-content\/uploads\/2022\/12\/IMG-20220526-WA0004-300x225.jpg 300w, https:\/\/campingdesiscles.com\/wp-content\/uploads\/2022\/12\/IMG-20220526-WA0004-768x576.jpg 768w, https:\/\/campingdesiscles.com\/wp-content\/uploads\/2022\/12\/IMG-20220526-WA0004-1536x1152.jpg 1536w, https:\/\/campingdesiscles.com\/wp-content\/uploads\/2022\/12\/IMG-20220526-WA0004.jpg 1600w\" sizes=\"(max-width: 1024px) 100vw, 1024px\" \/><figcaption class=\"wp-element-caption\">Refr\u00e9squese en la piscina \ud83d\ude09<\/figcaption><\/figure>\n<\/div>\n<\/div>\n\n\n    <\/div>\n<\/section>\n\n<section id=\"ls-section-block_a566498901256987763018ccffd197f5\" class=\"ls-section  page-maillage has-p-t p-t-14 has-p-b p-b-10\" >\n        <div class=\"container container--wide\">\n        \n\n<div id=\"ls-heading ls-titre-div-block_9c7590918225f546540f2466300eec37\" class=\"ls-titre-div aligncenter h2-like has-p-b p-b-8\" >\n    Descubra los alojamientos y servicios de nuestro camping<\/div>\n\n\n<div id=\"ls-maillage-block_4ebcef955e1ab103a724f71c514bb705\" class=\"ls-maillage cta-style-normal\" data-rows=\"3\">\n    <div class=\"wp-block-columns\"><div class=\"wp-block-column\">\n\n<a href=\"https:\/\/campingdesiscles.com\/es\/camping-animaciones-roquebrune\/\" target=\"\" rel=\"noopener\" class=\"ls-cta__link\">\n\n\t<div class=\"ls-cta__image\"><img decoding=\"async\" src=\"https:\/\/campingdesiscles.com\/wp-content\/uploads\/2022\/12\/enfant-balancoire-jeux-1024x683.webp\" alt=\"jeux enfant camping var\"><\/div>\n\t<div class=\"ls-cta__title\">\n\t\tAnimaciones y actividades\t<\/div>\n\n\t\t\n<\/a><\/div><div class=\"wp-block-column\">\n\n<a href=\"https:\/\/campingdesiscles.com\/es\/ubicacion-mobil-home-roquebrune\/\" target=\"\" rel=\"noopener\" class=\"ls-cta__link\">\n\n\t<div class=\"ls-cta__image\"><img decoding=\"async\" src=\"https:\/\/campingdesiscles.com\/wp-content\/uploads\/2022\/11\/image-1-1-1024x683.jpg\" alt=\"rocher roquebrune camping var paca\"><\/div>\n\t<div class=\"ls-cta__title\">\n\t\tNuestras casas m\u00f3viles\t<\/div>\n\n\t\t\n<\/a><\/div><div class=\"wp-block-column\">\n\n<a href=\"https:\/\/campingdesiscles.com\/es\/camping-familiar-roquebrune\/\" target=\"\" rel=\"noopener\" class=\"ls-cta__link\">\n\n\t<div class=\"ls-cta__image\"><img decoding=\"async\" src=\"https:\/\/campingdesiscles.com\/wp-content\/uploads\/2022\/12\/accueil-iscles-camping-var-1024x722.webp\" alt=\"accueil iscles\"><\/div>\n\t<div class=\"ls-cta__title\">\n\t\tServicios\t<\/div>\n\n\t\t\n<\/a><\/div><\/div><\/div>\n\n    <\/div>\n<\/section>","protected":false},"excerpt":{"rendered":"","protected":false},"author":1,"featured_media":1696,"parent":0,"menu_order":0,"comment_status":"closed","ping_status":"closed","template":"","meta":{"_acf_changed":false,"footnotes":""},"sujet":[],"class_list":["post-3153","page","type-page","status-publish","has-post-thumbnail","hentry"],"acf":[],"_links":{"self":[{"href":"https:\/\/campingdesiscles.com\/es\/wp-json\/wp\/v2\/pages\/3153","targetHints":{"allow":["GET"]}}],"collection":[{"href":"https:\/\/campingdesiscles.com\/es\/wp-json\/wp\/v2\/pages"}],"about":[{"href":"https:\/\/campingdesiscles.com\/es\/wp-json\/wp\/v2\/types\/page"}],"author":[{"embeddable":true,"href":"https:\/\/campingdesiscles.com\/es\/wp-json\/wp\/v2\/users\/1"}],"replies":[{"embeddable":true,"href":"https:\/\/campingdesiscles.com\/es\/wp-json\/wp\/v2\/comments?post=3153"}],"version-history":[{"count":10,"href":"https:\/\/campingdesiscles.com\/es\/wp-json\/wp\/v2\/pages\/3153\/revisions"}],"predecessor-version":[{"id":4553,"href":"https:\/\/campingdesiscles.com\/es\/wp-json\/wp\/v2\/pages\/3153\/revisions\/4553"}],"wp:featuredmedia":[{"embeddable":true,"href":"https:\/\/campingdesiscles.com\/es\/wp-json\/wp\/v2\/media\/1696"}],"wp:attachment":[{"href":"https:\/\/campingdesiscles.com\/es\/wp-json\/wp\/v2\/media?parent=3153"}],"wp:term":[{"taxonomy":"sujet","embeddable":true,"href":"https:\/\/campingdesiscles.com\/es\/wp-json\/wp\/v2\/sujet?post=3153"}],"curies":[{"name":"wp","href":"https:\/\/api.w.org\/{rel}","templated":true}]}}