{"id":3151,"date":"2022-12-30T14:23:41","date_gmt":"2022-12-30T13:23:41","guid":{"rendered":"https:\/\/campingdesiscles.com\/camping-barato-roquebrune\/"},"modified":"2023-01-09T16:17:00","modified_gmt":"2023-01-09T15:17:00","slug":"camping-barato-roquebrune","status":"publish","type":"page","link":"https:\/\/campingdesiscles.com\/es\/camping-barato-roquebrune\/","title":{"rendered":"Nuestras tarifas"},"content":{"rendered":"<section id=\"ls-section-block_e26a22d1ee369f4dbf2b392ee92d44ba\" class=\"ls-section  page-one page background-one has-p-t p-t-12 has-p-b p-b-0\" >\n        <div class=\"container \">\n        \n\n<h1 class=\"ls__heading has-text-align-center has-p-b p-b-8 wp-block-heading\">Alquilar un apartamento a bajo precio en Roquebrune<\/h1>\n\n\n    <\/div>\n<\/section><section id=\"ls-section-block_ea7ae323bca5de770154835b921e7045\" class=\"ls-section  page-one-tarifs has-p-t p-t-0\" >\n        <div class=\"container container--wide\">\n        \n\n<ctv-availability data-background-color=\"#F7A35D00\"><\/ctv-availability>\r\n\n\n\n<div class=\"wp-block-columns is-layout-flex wp-container-core-columns-is-layout-9d6595d7 wp-block-columns-is-layout-flex\">\n<div class=\"wp-block-column is-vertically-aligned-center has-color-white-color has-text-color is-layout-flow wp-block-column-is-layout-flow\" style=\"flex-basis:33.33%\">\n<p class=\"ls-paragraph\">Todos nuestros alojamientos de alquiler ofrecen la mejor relaci\u00f3n calidad-precio de la regi\u00f3n de Var. Si busca un camping econ\u00f3mico en Roquebrune-sur-Argens con todas las prestaciones de un camping de tres estrellas, nuestro camping Le Moulin des Iscles es la elecci\u00f3n perfecta.<br\/><br\/>Acceso privado al r\u00edo Argens, c\u00f3modas casas m\u00f3viles o lodges sobre pilotes, le ofrecemos la calidad del Var al mejor precio, en <a href=\"https:\/\/campingdesiscles.com\/es\/ubicacion-mobil-home-roquebrune\/\">un entorno provenzal.<\/a> No dude en consultarnos los precios seg\u00fan la fecha de su estancia y su elecci\u00f3n de parcela.<\/p>\n\n\n\n<p class=\"ls-paragraph\">Tasa tur\u00edstica: 0,89 \u20ac \/ persona \/ noche<\/p>\n<\/div>\n\n\n\n<div class=\"wp-block-column is-layout-flow wp-block-column-is-layout-flow\" style=\"flex-basis:66.66%\">\n<figure class=\"wp-block-image size-large animated fadeInRight delay-100ms slow\"><img decoding=\"async\" width=\"1024\" height=\"640\" src=\"https:\/\/campingdesiscles.com\/wp-content\/uploads\/2022\/12\/camping-pas-cher-roquebrune-amis-1024x640.webp\" alt=\"camping budget Roquebrune\" class=\"wp-image-2074\" srcset=\"https:\/\/campingdesiscles.com\/wp-content\/uploads\/2022\/12\/camping-pas-cher-roquebrune-amis-1024x640.webp 1024w, https:\/\/campingdesiscles.com\/wp-content\/uploads\/2022\/12\/camping-pas-cher-roquebrune-amis-300x188.webp 300w, https:\/\/campingdesiscles.com\/wp-content\/uploads\/2022\/12\/camping-pas-cher-roquebrune-amis-768x480.webp 768w, https:\/\/campingdesiscles.com\/wp-content\/uploads\/2022\/12\/camping-pas-cher-roquebrune-amis.webp 1280w\" sizes=\"(max-width: 1024px) 100vw, 1024px\" \/><\/figure>\n<\/div>\n<\/div>\n\n\n    <\/div>\n<\/section><section id=\"ls-section-block_5936b918680f5640ce468cbd40ea3b7c\" class=\"ls-section  home-second page has-background-image has-m-t m-t-10 has-m-l m-l-10 has-m-r m-r-10\" >\n    <div class=\"ls-section__background-image opacity-100\"><img decoding=\"async\" src=\"https:\/\/campingdesiscles.com\/wp-content\/uploads\/2022\/12\/camping-accueil-roquebrune-pas-cher.webp\" alt=\"camping accueil Roquebrune vacances pas cher\"><\/div>    <div class=\"container container--wide\">\n        \n\n<h2 class=\"ls__heading has-text-align-center has-p-b p-b-4 wp-block-heading\">Aproveche nuestras promociones en el Var<\/h2>\n\n\n\n<div class=\"wp-block-columns raisons is-layout-flex wp-container-core-columns-is-layout-9d6595d7 wp-block-columns-is-layout-flex\">\n<div class=\"wp-block-column animated fadeIn delay-200ms slow is-layout-flow wp-block-column-is-layout-flow\" style=\"flex-basis:10%\"><\/div>\n\n\n\n<div class=\"wp-block-column animated fadeIn delay-500ms slow is-layout-flow wp-block-column-is-layout-flow\">\n<p class=\"ls-paragraph has-text-align-center has-medium-font-size\">Promociones, ofertas especiales, \u00a1<strong>nuestro camping<\/strong> en Roquebrune-sur-Argens <strong>est\u00e1 lleno de buenas ofertas!<\/strong> Le ofrecemos ideas para estancias, <strong>fines de semana especiales<\/strong> para parejas y <strong>ofertas especiales de alquiler<\/strong> de parcelas <a href=\"https:\/\/campingdesiscles.com\/es\/ubicacion-roquebrune\/\">o alojamiento en tribus.<\/a> <\/p>\n\n\n\n<p class=\"ls-paragraph has-text-align-center has-medium-font-size\">Reserve ya su estancia en nuestro camping para beneficiarse de <strong>una oferta promocional<\/strong> o p\u00f3ngase en contacto con nosotros en el tel\u00e9fono <strong>04 94 45 70 74<\/strong> o a trav\u00e9s <strong>del formulario de contacto.<\/strong><\/p>\n\n\n\n<p class=\"ls-paragraph has-text-align-center has-medium-font-size\">Atenci\u00f3n: nuestras ofertas promocionales est\u00e1n disponibles durante toda la temporada (excepto en temporada muy alta) y son v\u00e1lidas para todos los alojamientos y parcelas. <br\/>Al ser un camping peque\u00f1o, disponemos de cantidades limitadas. Disfr\u00fatalo, no te arrepentir\u00e1s.<\/p>\n<\/div>\n\n\n\n<div class=\"wp-block-column animated fadeIn delay-1s slow is-layout-flow wp-block-column-is-layout-flow\" style=\"flex-basis:10%\"><\/div>\n<\/div>\n\n\n    <\/div>\n<\/section><section id=\"ls-section-block_03ac8ff1ae1b90cf1a9446bb3874f6bc\" class=\"ls-section  page-two has-p-t p-t-14 has-p-b p-b-10\" >\n        <div class=\"container container--wide\">\n        \n\n<div class=\"wp-block-columns is-layout-flex wp-container-core-columns-is-layout-9d6595d7 wp-block-columns-is-layout-flex\">\n<div class=\"wp-block-column is-layout-flow wp-block-column-is-layout-flow\">\n<figure class=\"wp-block-image size-full has-m-b m-b-10 animated slideInRight delay-200ms slow\"><a href=\"https:\/\/campingdesiscles.com\/wp-content\/uploads\/2022\/12\/famille-camping-roquebrune-pas-cher.jpg\"><img decoding=\"async\" width=\"1024\" height=\"768\" src=\"https:\/\/campingdesiscles.com\/wp-content\/uploads\/2022\/12\/famille-camping-roquebrune-pas-cher.jpg\" alt=\"vacaciones familiares baratas var\" class=\"wp-image-2093\" srcset=\"https:\/\/campingdesiscles.com\/wp-content\/uploads\/2022\/12\/famille-camping-roquebrune-pas-cher.jpg 1024w, https:\/\/campingdesiscles.com\/wp-content\/uploads\/2022\/12\/famille-camping-roquebrune-pas-cher-300x225.jpg 300w, https:\/\/campingdesiscles.com\/wp-content\/uploads\/2022\/12\/famille-camping-roquebrune-pas-cher-768x576.jpg 768w\" sizes=\"(max-width: 1024px) 100vw, 1024px\" \/><\/a><\/figure>\n\n\n\n<p class=\"ls-paragraph\">As\u00ed que no espere hasta el \u00faltimo momento para aprovechar nuestras buenas ofertas y promociones para su estancia en el Var.<\/p>\n\n\n\n<p class=\"ls-paragraph\">Tiene la <strong>posibilidad de reservar<\/strong> su futura estancia directamente <strong>por tel\u00e9fono<\/strong> con uno de nuestros empleados. <br\/>Para ello, puede ponerse en contacto directamente con nosotros en <strong>el siguiente n\u00famero: 04 94 45 70 74<\/strong><\/p>\n<\/div>\n\n\n\n<div class=\"wp-block-column is-layout-flow wp-block-column-is-layout-flow\">\n<h2 class=\"ls-heading wp-block-heading\">Reserve en l\u00ednea para obtener los mejores precios<\/h2>\n\n\n\n<p class=\"ls-paragraph\">Para obtener <strong>el mejor precio para<\/strong> su estancia <a href=\"\/\">en nuestro camping en Var<\/a>, piense en <strong>reservar directamente.<\/strong><br\/><br\/><strong>Camping low cost en Roquebrune<\/strong>, ofertas especiales en parcelas de larga estancia a orillas del r\u00edo Argens, nuestro camping le permite <strong>beneficiarse del mejor precio<\/strong> si reserva directamente.<\/p>\n\n\n\n<figure class=\"wp-block-image size-full has-m-t m-t-10 animated slideInLeft delay-200ms slow\"><a href=\"https:\/\/campingdesiscles.com\/wp-content\/uploads\/2022\/12\/famille-var-camping-proche-mer-frejus.webp\"><img decoding=\"async\" width=\"1024\" height=\"768\" src=\"https:\/\/campingdesiscles.com\/wp-content\/uploads\/2022\/12\/famille-var-camping-proche-mer-frejus.webp\" alt=\"Roquebrune camping vacaciones baratas\" class=\"wp-image-2088\" srcset=\"https:\/\/campingdesiscles.com\/wp-content\/uploads\/2022\/12\/famille-var-camping-proche-mer-frejus.webp 1024w, https:\/\/campingdesiscles.com\/wp-content\/uploads\/2022\/12\/famille-var-camping-proche-mer-frejus-300x225.webp 300w, https:\/\/campingdesiscles.com\/wp-content\/uploads\/2022\/12\/famille-var-camping-proche-mer-frejus-768x576.webp 768w\" sizes=\"(max-width: 1024px) 100vw, 1024px\" \/><\/a><\/figure>\n<\/div>\n<\/div>\n\n\n    <\/div>\n<\/section><section id=\"ls-section-block_b6fc935f97ae1fe6898a07ea3ec1bb26\" class=\"ls-section  page-maillage has-p-t p-t-14 has-p-b p-b-10\" >\n        <div class=\"container container--wide\">\n        \n\n<div id=\"ls-heading ls-titre-div-block_1c246feb54e7eb8b20387d1b8ca31ac2\" class=\"ls-titre-div aligncenter h2-like has-p-b p-b-8\" >\n    Descubra nuestros alojamientos, nuestras parcelas y nuestra piscina<\/div>\n\n\n<div id=\"ls-maillage-block_20ee843935a2e29f755c32091905f77c\" class=\"ls-maillage cta-style-normal\" data-rows=\"3\">\n    <div class=\"wp-block-columns\"><div class=\"wp-block-column\">\n\n<a href=\"https:\/\/campingdesiscles.com\/es\/ubicacion-roquebrune\/\" target=\"\" rel=\"noopener\" class=\"ls-cta__link\">\n\n\t<div class=\"ls-cta__image\"><img decoding=\"async\" src=\"https:\/\/campingdesiscles.com\/wp-content\/uploads\/2022\/12\/emplacement-camping-var-roquebrune-var.webp\" alt=\"emplacement camping var pas cher\"><\/div>\n\t<div class=\"ls-cta__title\">\n\t\tNuestras sedes\t<\/div>\n\n\t\t\n<\/a><\/div><div class=\"wp-block-column\">\n\n<a href=\"https:\/\/campingdesiscles.com\/es\/ubicacion-mobil-home-roquebrune\/\" target=\"\" rel=\"noopener\" class=\"ls-cta__link\">\n\n\t<div class=\"ls-cta__image\"><img decoding=\"async\" src=\"https:\/\/campingdesiscles.com\/wp-content\/uploads\/2022\/11\/image-1-1-1024x683.jpg\" alt=\"rocher roquebrune camping var paca\"><\/div>\n\t<div class=\"ls-cta__title\">\n\t\tNuestras casas m\u00f3viles\t<\/div>\n\n\t\t\n<\/a><\/div><div class=\"wp-block-column\">\n\n<a href=\"https:\/\/campingdesiscles.com\/es\/camping-piscina-climatizada-roquebrune\/\" target=\"\" rel=\"noopener\" class=\"ls-cta__link\">\n\n\t<div class=\"ls-cta__image\"><img decoding=\"async\" src=\"https:\/\/campingdesiscles.com\/wp-content\/uploads\/2022\/12\/femme-bouee-jaune-iscles-cta-1024x1024.webp\" alt=\"piscine chauff\u00e9e var camping\"><\/div>\n\t<div class=\"ls-cta__title\">\n\t\tPiscina\t<\/div>\n\n\t\t\n<\/a><\/div><\/div><\/div>\n\n    <\/div>\n<\/section>","protected":false},"excerpt":{"rendered":"","protected":false},"author":1,"featured_media":2585,"parent":0,"menu_order":0,"comment_status":"closed","ping_status":"closed","template":"","meta":{"_acf_changed":false,"footnotes":""},"sujet":[],"class_list":["post-3151","page","type-page","status-publish","has-post-thumbnail","hentry"],"acf":[],"_links":{"self":[{"href":"https:\/\/campingdesiscles.com\/es\/wp-json\/wp\/v2\/pages\/3151","targetHints":{"allow":["GET"]}}],"collection":[{"href":"https:\/\/campingdesiscles.com\/es\/wp-json\/wp\/v2\/pages"}],"about":[{"href":"https:\/\/campingdesiscles.com\/es\/wp-json\/wp\/v2\/types\/page"}],"author":[{"embeddable":true,"href":"https:\/\/campingdesiscles.com\/es\/wp-json\/wp\/v2\/users\/1"}],"replies":[{"embeddable":true,"href":"https:\/\/campingdesiscles.com\/es\/wp-json\/wp\/v2\/comments?post=3151"}],"version-history":[{"count":9,"href":"https:\/\/campingdesiscles.com\/es\/wp-json\/wp\/v2\/pages\/3151\/revisions"}],"predecessor-version":[{"id":4280,"href":"https:\/\/campingdesiscles.com\/es\/wp-json\/wp\/v2\/pages\/3151\/revisions\/4280"}],"wp:featuredmedia":[{"embeddable":true,"href":"https:\/\/campingdesiscles.com\/es\/wp-json\/wp\/v2\/media\/2585"}],"wp:attachment":[{"href":"https:\/\/campingdesiscles.com\/es\/wp-json\/wp\/v2\/media?parent=3151"}],"wp:term":[{"taxonomy":"sujet","embeddable":true,"href":"https:\/\/campingdesiscles.com\/es\/wp-json\/wp\/v2\/sujet?post=3151"}],"curies":[{"name":"wp","href":"https:\/\/api.w.org\/{rel}","templated":true}]}}