{"id":3143,"date":"2022-12-30T14:09:49","date_gmt":"2022-12-30T13:09:49","guid":{"rendered":"https:\/\/campingdesiscles.com\/avisos-legales\/"},"modified":"2023-10-20T09:55:31","modified_gmt":"2023-10-20T07:55:31","slug":"avisos-legales","status":"publish","type":"page","link":"https:\/\/campingdesiscles.com\/es\/avisos-legales\/","title":{"rendered":"Informaci\u00f3n jur\u00eddica"},"content":{"rendered":"<section id=\"ls-section-block_fa3b3849df9ea38e421936b1af6bdb69\" class=\"ls-section \" >\n        <div class=\"container container--wide\">\n        \n\n<h1 class=\"ls__heading wp-block-heading has-text-align-center\">AVISOS LEGALES<\/h1>\n\n\n\n<h2 class=\"ls__heading wp-block-heading has-text-align-center\">EDITOR DEL SITIO<\/h2>\n\n\n\n<p class=\"ls-paragraph has-text-align-center\">Empresa: ATOL<br>SIRET : 91197702300017<br>TVA intracommunautaire : FR06911977023<br>Code APE : 5530Z<br>Adresse : 690 chemin du moulin des Iscles, 83520 Roquebrune-sur-Argens<br>T\u00e9l: 04.94.45.70.74<br>Email : contact@campingdesiscles.com<br>Responsable de la publicaci\u00f3n : Tomy Baci<\/p>\n\n\n\n<h2 class=\"ls__heading wp-block-heading has-text-align-center\">REALIZACI\u00d3N<\/h2>\n\n\n\n<p class=\"ls-paragraph has-text-align-center\">GEEK TONIC, representada por el Sr. Yohan Darmayan en calidad de Gerente<br>Sede social : 1 all\u00e9e Pierre Lat\u00e9co\u00e8re 64200 Biarritz<br>T\u00e9l : 05 32 74 11 52<br>E-mail : support@geek-tonic.com<br>Site web : <a href=\"https:\/\/www.geek-tonic.com\/\" target=\"_blank\" rel=\"noreferrer noopener\">www.geek-tonic.com<\/a><br>SIRET : 89746755100015<br>APE : 6201Z<\/p>\n\n\n\n<h2 class=\"ls__heading wp-block-heading has-text-align-center\">DERECHOS DE AUTOR<\/h2>\n\n\n\n<p class=\"ls-paragraph has-text-align-center\">Todo el contenido de este sitio est\u00e1 sujeto a derechos de autor y de propiedad intelectual seg\u00fan la legislaci\u00f3n francesa<br>Queda prohibida toda reproducci\u00f3n (incluidas fotos, iconos y documentos descargables) sin el consentimiento previo de GEEK TONIC.<br>Queda prohibida la reproducci\u00f3n en un soporte electr\u00f3nico de la totalidad o parte del sitio en formato papel o electr\u00f3nico.<br>GEEK TONIC no se hace responsable del contenido del sitio web.<br>GEEK TONIC declina asimismo toda responsabilidad por los enlaces externos a este sitio.<\/p>\n\n\n\n<h2 class=\"ls__heading wp-block-heading has-text-align-center\">DATOS PERSONALES E INFORMACI\u00d3N NOMINATIVA<\/h2>\n\n\n\n<p class=\"ls-paragraph has-text-align-center\">Dispone de un derecho de acceso, modificaci\u00f3n, rectificaci\u00f3n y supresi\u00f3n de los datos que le conciernen, de conformidad con el art\u00edculo 34 de la Ley francesa de protecci\u00f3n de datos (Loi \u00bb Informatique et Libert\u00e9s \u00bb n\u00b0 78-17 de 6 de enero de 1978, modificada el 6 de agosto de 2018).<br>Para ejercer este derecho de acceso, puede presentar una solicitud por escrito al editor del sitio.<\/p>\n\n\n\n<h2 class=\"ls__heading wp-block-heading has-text-align-center\">LEGISLACI\u00d3N<\/h2>\n\n\n\n<p class=\"ls-paragraph has-text-align-center\">Seg\u00fan la ley de 11 de marzo de 1957 (art. 41) y el c\u00f3digo de la propiedad intelectual de 1 de julio de 1992, est\u00e1 prohibida la reproducci\u00f3n total o parcial de cualquier parte del sitio sin autorizaci\u00f3n previa del editor del sitio.<br>Los logotipos, elementos visuales, fotos, v\u00eddeos, cuadros gr\u00e1ficos y textos son propiedad de sus respectivos due\u00f1os.<br>Este sitio puede, sin su conocimiento, haber sido enlazado a otros sitios mediante hiperv\u00ednculos. El editor del sitio declina toda responsabilidad por la informaci\u00f3n presentada en estos otros sitios.<br>El internauta reconoce que la utilizaci\u00f3n de este sitio se rige por la legislaci\u00f3n francesa.<\/p>\n\n\n\n<h2 class=\"ls__heading wp-block-heading has-text-align-center\"><strong>4X pago con tarjeta de cr\u00e9dito con nuestro socio FLOA<\/strong><\/h2>\n\n\n\n<p class=\"ls-paragraph has-text-align-center\">Nuestro socio financiero FLOA le ofrece soluciones de pago para sus compras de bienes y\/o servicios, en 4 plazos mediante tarjeta bancaria. Estas soluciones de pago est\u00e1n reservadas a los particulares (mayores de 18 a\u00f1os) residentes en Francia, titulares de una tarjeta bancaria Visa o MasterCard con una fecha de validez correspondiente a la duraci\u00f3n del reembolso. FLOA, RCS Bordeaux 434 130 423, con domicilio social en Immeuble G7 &#8211; 71 Rue Lucien Faure, Bordeaux (33300), est\u00e1 sujeta a la supervisi\u00f3n de la Autorit\u00e9 de Contr\u00f4le Prudentiel et de R\u00e9solution (ACPR), 4 Place de Budapest, CS 92459, 75436 PARIS CEDEX 09, y est\u00e1 registrada en la ORIAS con el n\u00famero 07 028 160 (<a href=\"http:\/\/www.orias.fr\">www.orias.fr<\/a>).<\/p>\n\n\n\n<p class=\"ls-paragraph has-text-align-center\">FLOA se reserva el derecho de aceptar o rechazar su solicitud de financiaci\u00f3n; dispone de un plazo legal de reflexi\u00f3n de 14 d\u00edas. Para m\u00e1s informaci\u00f3n, haga <a href=\"https:\/\/www.floabank.fr\/conditions-generales-paiement-plusieurs-fois\">clic aqu\u00ed<\/a>.<\/p>\n\n\n\n<p class=\"ls-paragraph has-text-align-center\">Llamamos su atenci\u00f3n sobre el hecho de que si solicita pagar su pedido de bienes y\/o servicios mediante estas soluciones de pago, sus datos personales ser\u00e1n transmitidos a FLOA para el estudio de su solicitud de financiaci\u00f3n, la gesti\u00f3n de su contrato de cr\u00e9dito y, en su caso, el cobro de deudas. Para m\u00e1s informaci\u00f3n, haga <a href=\"https:\/\/www.floabank.fr\/politique-confidentialite\">clic aqu\u00ed<\/a>.<\/p>\n\n\n    <\/div>\n<\/section>","protected":false},"excerpt":{"rendered":"","protected":false},"author":1,"featured_media":0,"parent":0,"menu_order":0,"comment_status":"closed","ping_status":"closed","template":"","meta":{"_acf_changed":false,"footnotes":""},"sujet":[],"class_list":["post-3143","page","type-page","status-publish","hentry"],"acf":[],"_links":{"self":[{"href":"https:\/\/campingdesiscles.com\/es\/wp-json\/wp\/v2\/pages\/3143","targetHints":{"allow":["GET"]}}],"collection":[{"href":"https:\/\/campingdesiscles.com\/es\/wp-json\/wp\/v2\/pages"}],"about":[{"href":"https:\/\/campingdesiscles.com\/es\/wp-json\/wp\/v2\/types\/page"}],"author":[{"embeddable":true,"href":"https:\/\/campingdesiscles.com\/es\/wp-json\/wp\/v2\/users\/1"}],"replies":[{"embeddable":true,"href":"https:\/\/campingdesiscles.com\/es\/wp-json\/wp\/v2\/comments?post=3143"}],"version-history":[{"count":4,"href":"https:\/\/campingdesiscles.com\/es\/wp-json\/wp\/v2\/pages\/3143\/revisions"}],"predecessor-version":[{"id":5297,"href":"https:\/\/campingdesiscles.com\/es\/wp-json\/wp\/v2\/pages\/3143\/revisions\/5297"}],"wp:attachment":[{"href":"https:\/\/campingdesiscles.com\/es\/wp-json\/wp\/v2\/media?parent=3143"}],"wp:term":[{"taxonomy":"sujet","embeddable":true,"href":"https:\/\/campingdesiscles.com\/es\/wp-json\/wp\/v2\/sujet?post=3143"}],"curies":[{"name":"wp","href":"https:\/\/api.w.org\/{rel}","templated":true}]}}