{"id":3141,"date":"2022-12-30T14:07:38","date_gmt":"2022-12-30T13:07:38","guid":{"rendered":"https:\/\/campingdesiscles.com\/turismo-frejus\/"},"modified":"2023-03-02T12:08:44","modified_gmt":"2023-03-02T11:08:44","slug":"turismo-frejus","status":"publish","type":"page","link":"https:\/\/campingdesiscles.com\/es\/turismo-frejus\/","title":{"rendered":"Frejus"},"content":{"rendered":"<section id=\"ls-section-block_f9b0a8be08f85a68e6f952cd54ce0f28\" class=\"ls-section  page-one page background-one has-p-t p-t-10\" >\n        <div class=\"container container--wide\">\n        \n\n<h1 class=\"ls__heading has-text-align-center has-p-b p-b-8 wp-block-heading\">Fr\u00e9jus, la estaci\u00f3n balnearia que hay que visitar<\/h1>\n\n\n\n<div class=\"wp-block-columns is-layout-flex wp-container-core-columns-is-layout-9d6595d7 wp-block-columns-is-layout-flex\">\n<div class=\"wp-block-column is-vertically-aligned-center is-layout-flow wp-block-column-is-layout-flow\" style=\"flex-basis:33.33%\">\n<h2 class=\"ls-heading wp-block-heading\">Un centro y unas playas por descubrir<\/h2>\n\n\n\n<p class=\"ls-paragraph\"><strong>Estaci\u00f3n balnearia muy popular<\/strong> entre los turistas, <strong>la ciudad de Fr\u00e9jus<\/strong> est\u00e1 repleta de lugares que visitar. Sus <strong>playas de arena fina<\/strong> se extienden hasta donde alcanza la vista.<\/p>\n\n\n\n<p class=\"ls-paragraph\">Durante su estancia en nuestro camping, aproveche para visitar la <strong>playa de Saint-Aygulf<\/strong> o Fr\u00e9jus-Plage. Descubra tambi\u00e9n <strong>el centro de Fr\u00e9jus<\/strong>, apreciado por su proximidad al mar<strong>. Tiendas y restaurantes<\/strong> cercanos. Por \u00faltimo, <strong>el mercado de Fr\u00e9jus<\/strong> tiene lugar todos los martes, viernes y domingos por la ma\u00f1ana. Ambiente provenzal garantizado.<\/p>\n\n\n\n<p class=\"ls-paragraph\">Informaci\u00f3n pr\u00e1ctica: <strong>la playa de Saint-Aygulf<\/strong> en Fr\u00e9jus est\u00e1 a <strong>12,5 km de nuestro camping.<\/strong> <br>Fr\u00e9jus Plage, a 12,8 km por la D7 y la D8.<\/p>\n<\/div>\n\n\n\n<div class=\"wp-block-column is-layout-flow wp-block-column-is-layout-flow\" style=\"flex-basis:66.66%\">\n<figure class=\"wp-block-image size-full animated fadeInRight delay-100ms slow\"><img decoding=\"async\" width=\"1024\" height=\"683\" src=\"https:\/\/campingdesiscles.com\/wp-content\/uploads\/2022\/12\/frejus-port-plage-var-camping.webp\" alt=\"visita Fr\u00e9jus port plaisance var\" class=\"wp-image-2135\" srcset=\"https:\/\/campingdesiscles.com\/wp-content\/uploads\/2022\/12\/frejus-port-plage-var-camping.webp 1024w, https:\/\/campingdesiscles.com\/wp-content\/uploads\/2022\/12\/frejus-port-plage-var-camping-300x200.webp 300w, https:\/\/campingdesiscles.com\/wp-content\/uploads\/2022\/12\/frejus-port-plage-var-camping-768x512.webp 768w\" sizes=\"(max-width: 1024px) 100vw, 1024px\" \/><\/figure>\n<\/div>\n<\/div>\n\n\n    <\/div>\n<\/section>\n\n<section id=\"ls-section-block_a0e13bff30c4e939e8a703adc9aca582\" class=\"ls-section  home-second page has-background-image has-m-t m-t-10 has-m-l m-l-10 has-m-r m-r-10\" >\n    <div class=\"ls-section__background-image opacity-100\"><img decoding=\"async\" src=\"https:\/\/campingdesiscles.com\/wp-content\/uploads\/2022\/12\/calanque-bonne-eau-1300x728-1.jpg\" alt=\"calanque fr\u00e9jus var camping\"><\/div>    <div class=\"container container--wide\">\n        \n\n<h2 class=\"ls__heading has-text-align-center has-p-b p-b-4 wp-block-heading\">ACTIVIDADES EN FR\u00c9JUS<\/h2>\n\n\n\n<div class=\"wp-block-columns raisons is-layout-flex wp-container-core-columns-is-layout-9d6595d7 wp-block-columns-is-layout-flex\">\n<div class=\"wp-block-column animated fadeIn delay-200ms slow is-layout-flow wp-block-column-is-layout-flow\" style=\"flex-basis:15%\"><\/div>\n\n\n\n<div class=\"wp-block-column animated fadeIn delay-500ms slow is-layout-flow wp-block-column-is-layout-flow\">\n<p class=\"ls-paragraph has-text-align-center has-medium-font-size\">La <a href=\"https:\/\/www.ville-frejus.fr\/\" target=\"_blank\" rel=\"noreferrer noopener\">ciudad de Fr\u00e9jus<\/a> est\u00e1 situada <strong>en la costa<\/strong> mediterr\u00e1nea. Hay <strong>muchas actividades acu\u00e1ticas<\/strong> disponibles. He aqu\u00ed algunos de los m\u00e1s conocidos:<\/p>\n\n\n\n<ul class=\"ls-list ls-list-undefined has-color-white-color has-text-color has-medium-font-size wp-block-list\">\n<li>alquiler de barcos y motos acu\u00e1ticas ; <\/li>\n\n\n\n<li>ubicaci\u00f3n de stand-up paddles ;<\/li>\n\n\n\n<li>rafting, barranquismo y pirag\u00fcismo ;<\/li>\n\n\n\n<li>hidrospeed y boyas remolcadas ;<\/li>\n\n\n\n<li>parasailing ;<\/li>\n\n\n\n<li>submarinismo y snorkel ;<\/li>\n\n\n\n<li>ociosidad en las playas de Fr\u00e9jus ;<\/li>\n\n\n\n<li>Parque acu\u00e1tico Aqualand.<\/li>\n<\/ul>\n<\/div>\n\n\n\n<div class=\"wp-block-column animated fadeIn delay-1s slow is-layout-flow wp-block-column-is-layout-flow\" style=\"flex-basis:15%\"><\/div>\n<\/div>\n\n\n    <\/div>\n<\/section>\n\n<section id=\"ls-section-block_987c1b3d355a55bb23592b884c5fbe40\" class=\"ls-section  page-two has-p-t p-t-14 has-p-b p-b-10\" >\n        <div class=\"container container--wide\">\n        \n\n<div class=\"wp-block-columns is-layout-flex wp-container-core-columns-is-layout-9d6595d7 wp-block-columns-is-layout-flex\">\n<div class=\"wp-block-column is-layout-flow wp-block-column-is-layout-flow\">\n<figure class=\"wp-block-image size-full has-m-b m-b-10 animated slideInRight delay-200ms slow\"><a href=\"https:\/\/campingdesiscles.com\/wp-content\/uploads\/2022\/12\/plage-frejus-proche-camping-var.webp\"><img decoding=\"async\" width=\"1024\" height=\"683\" src=\"https:\/\/campingdesiscles.com\/wp-content\/uploads\/2022\/12\/plage-frejus-proche-camping-var.webp\" alt=\"verano playa Fr\u00e9jus turismo\" class=\"wp-image-2143\" srcset=\"https:\/\/campingdesiscles.com\/wp-content\/uploads\/2022\/12\/plage-frejus-proche-camping-var.webp 1024w, https:\/\/campingdesiscles.com\/wp-content\/uploads\/2022\/12\/plage-frejus-proche-camping-var-300x200.webp 300w, https:\/\/campingdesiscles.com\/wp-content\/uploads\/2022\/12\/plage-frejus-proche-camping-var-768x512.webp 768w\" sizes=\"(max-width: 1024px) 100vw, 1024px\" \/><\/a><\/figure>\n\n\n\n<p class=\"ls-paragraph\"> <strong>P\u00f3ngase en contacto<\/strong> con nosotros <strong>para organizar<\/strong> su estancia en grupo en <strong>casas m\u00f3viles o lodges sobre pilotes.<\/strong> <br><br>Tambi\u00e9n disponemos de parcelas de alquiler <strong>para campistas tradicionales<\/strong>: caravanas, <strong>autocaravanas<\/strong> y <strong>tiendas.<\/strong><\/p>\n\n\n\n<p class=\"ls-paragraph\">Informaci\u00f3n pr\u00e1ctica: <strong>la ciudad de Fr\u00e9jus se encuentra a 12,1 kil\u00f3metros<\/strong> (por la carretera D8) de nuestro camping en Roquebrune-sur-Argens.<\/p>\n<\/div>\n\n\n\n<div class=\"wp-block-column is-layout-flow wp-block-column-is-layout-flow\">\n<h2 class=\"ls-heading wp-block-heading\">Camping a s\u00f3lo 12.1 km de Fr\u00e9jus<\/h2>\n\n\n\n<p class=\"ls-paragraph\">\u00bfBusca <strong>una estancia a su medida<\/strong>? \u00bfDesea descubrir la regi\u00f3n de <strong>Provenza-Alpes-Costa Azul en grupo<\/strong>? \u00a1Es posible!<\/p>\n\n\n\n<p class=\"ls-paragraph\">Nuestro <a href=\"\/\">camping en Roquebrune-sur-Argens<\/a> le da la bienvenida y le <strong>permite beneficiarse de parcelas \u00fanicas<\/strong>, a orillas del r\u00edo.<\/p>\n\n\n\n<figure class=\"wp-block-image size-full has-m-t m-t-10 animated slideInLeft delay-200ms slow\"><a href=\"https:\/\/campingdesiscles.com\/wp-content\/uploads\/2022\/12\/plage-frejus-camping-var-sable.webp\"><img decoding=\"async\" width=\"1024\" height=\"683\" src=\"https:\/\/campingdesiscles.com\/wp-content\/uploads\/2022\/12\/plage-frejus-camping-var-sable.webp\" alt=\"playa arena verano paca sol\" class=\"wp-image-2163\" srcset=\"https:\/\/campingdesiscles.com\/wp-content\/uploads\/2022\/12\/plage-frejus-camping-var-sable.webp 1024w, https:\/\/campingdesiscles.com\/wp-content\/uploads\/2022\/12\/plage-frejus-camping-var-sable-300x200.webp 300w, https:\/\/campingdesiscles.com\/wp-content\/uploads\/2022\/12\/plage-frejus-camping-var-sable-768x512.webp 768w\" sizes=\"(max-width: 1024px) 100vw, 1024px\" \/><\/a><\/figure>\n<\/div>\n<\/div>\n\n\n    <\/div>\n<\/section>\n\n<section id=\"ls-section-block_9dcc17751522d0cdda6b1abdb08ec814\" class=\"ls-section  page-maillage has-p-t p-t-14 has-p-b p-b-10\" >\n        <div class=\"container container--wide\">\n        \n\n<div id=\"ls-heading ls-titre-div-block_67e90656228808c8ede1adb78530f917\" class=\"ls-titre-div aligncenter h2-like has-p-b p-b-8\" >\n    Descubra Roquebrune, nuestros alojamientos y parcelas<\/div>\n\n\n<div id=\"ls-maillage-block_944a6a07798bdeda0ac0f8dc805a0d24\" class=\"ls-maillage cta-style-normal\" data-rows=\"3\">\n    <div class=\"wp-block-columns\"><div class=\"wp-block-column\">\n\n<a href=\"https:\/\/campingdesiscles.com\/es\/ubicacion-roquebrune\/\" target=\"\" rel=\"noopener\" class=\"ls-cta__link\">\n\n\t<div class=\"ls-cta__image\"><img decoding=\"async\" src=\"https:\/\/campingdesiscles.com\/wp-content\/uploads\/2022\/12\/emplacement-camping-var-roquebrune-var.webp\" alt=\"emplacement camping var pas cher\"><\/div>\n\t<div class=\"ls-cta__title\">\n\t\tNuestras sedes\t<\/div>\n\n\t\t\n<\/a><\/div><div class=\"wp-block-column\">\n\n<a href=\"https:\/\/campingdesiscles.com\/es\/ubicacion-mobil-home-roquebrune\/\" target=\"\" rel=\"noopener\" class=\"ls-cta__link\">\n\n\t<div class=\"ls-cta__image\"><img decoding=\"async\" src=\"https:\/\/campingdesiscles.com\/wp-content\/uploads\/2022\/11\/image-1-1-1024x683.jpg\" alt=\"rocher roquebrune camping var paca\"><\/div>\n\t<div class=\"ls-cta__title\">\n\t\tNuestras casas m\u00f3viles\t<\/div>\n\n\t\t\n<\/a><\/div><div class=\"wp-block-column\">\n\n<a href=\"https:\/\/campingdesiscles.com\/es\/turismo-roquebrune\/\" target=\"\" rel=\"noopener\" class=\"ls-cta__link\">\n\n\t<div class=\"ls-cta__image\"><img decoding=\"async\" src=\"https:\/\/campingdesiscles.com\/wp-content\/uploads\/2022\/12\/roquebrune-camping-emplacement-var-1024x682.webp\" alt=\"roquebrune var vacances bord rivi\u00e8re\"><\/div>\n\t<div class=\"ls-cta__title\">\n\t\tDescubrir Roquebrune\t<\/div>\n\n\t\t\n<\/a><\/div><\/div><\/div>\n\n    <\/div>\n<\/section>","protected":false},"excerpt":{"rendered":"","protected":false},"author":1,"featured_media":2195,"parent":0,"menu_order":0,"comment_status":"closed","ping_status":"closed","template":"","meta":{"_acf_changed":false,"footnotes":""},"sujet":[],"class_list":["post-3141","page","type-page","status-publish","has-post-thumbnail","hentry"],"acf":[],"_links":{"self":[{"href":"https:\/\/campingdesiscles.com\/es\/wp-json\/wp\/v2\/pages\/3141","targetHints":{"allow":["GET"]}}],"collection":[{"href":"https:\/\/campingdesiscles.com\/es\/wp-json\/wp\/v2\/pages"}],"about":[{"href":"https:\/\/campingdesiscles.com\/es\/wp-json\/wp\/v2\/types\/page"}],"author":[{"embeddable":true,"href":"https:\/\/campingdesiscles.com\/es\/wp-json\/wp\/v2\/users\/1"}],"replies":[{"embeddable":true,"href":"https:\/\/campingdesiscles.com\/es\/wp-json\/wp\/v2\/comments?post=3141"}],"version-history":[{"count":9,"href":"https:\/\/campingdesiscles.com\/es\/wp-json\/wp\/v2\/pages\/3141\/revisions"}],"predecessor-version":[{"id":4570,"href":"https:\/\/campingdesiscles.com\/es\/wp-json\/wp\/v2\/pages\/3141\/revisions\/4570"}],"wp:featuredmedia":[{"embeddable":true,"href":"https:\/\/campingdesiscles.com\/es\/wp-json\/wp\/v2\/media\/2195"}],"wp:attachment":[{"href":"https:\/\/campingdesiscles.com\/es\/wp-json\/wp\/v2\/media?parent=3141"}],"wp:term":[{"taxonomy":"sujet","embeddable":true,"href":"https:\/\/campingdesiscles.com\/es\/wp-json\/wp\/v2\/sujet?post=3141"}],"curies":[{"name":"wp","href":"https:\/\/api.w.org\/{rel}","templated":true}]}}