{"id":3137,"date":"2022-12-30T14:02:35","date_gmt":"2022-12-30T13:02:35","guid":{"rendered":"https:\/\/campingdesiscles.com\/camping-orillas-del-rio-roquebrune\/"},"modified":"2023-01-03T17:02:17","modified_gmt":"2023-01-03T16:02:17","slug":"camping-orillas-del-rio-roquebrune","status":"publish","type":"page","link":"https:\/\/campingdesiscles.com\/es\/camping-orillas-del-rio-roquebrune\/","title":{"rendered":"Frente al r\u00edo"},"content":{"rendered":"<section id=\"ls-section-block_d167de7b2210b7ca230d974cb88813ea\" class=\"ls-section  page-one page background-one has-p-t p-t-10\" >\n        <div class=\"container container--wide\">\n        \n\n<h1 class=\"ls__heading has-text-align-center has-p-b p-b-5 wp-block-heading\">Camping con acceso directo al r\u00edo Argens en Roquebrune<\/h1>\n\n\n\n<div class=\"wp-block-columns is-layout-flex wp-container-core-columns-is-layout-9d6595d7 wp-block-columns-is-layout-flex\">\n<div class=\"wp-block-column is-vertically-aligned-center is-layout-flow wp-block-column-is-layout-flow\" style=\"flex-basis:33.33%\">\n<h2 class=\"ls-heading wp-block-heading\">Ba\u00f1o en el r\u00edo Var<\/h2>\n\n\n\n<p class=\"ls-paragraph has-medium-font-size\">Idealmente situado, <a href=\"\/es\/\">nuestro camping en el Var<\/a> est\u00e1 bordeado por <strong>el r\u00edo \u00abL&#8217;Argens\u00bb.<\/strong> <br><br>Es muy <strong>posible ba\u00f1arse en el r\u00edo Argens<\/strong>, y sus fieles compa\u00f1eros de cuatro patas tambi\u00e9n encontrar\u00e1n all\u00ed su mayor felicidad.<\/p>\n\n\n\n<p class=\"ls-paragraph has-medium-font-size\">Las actividades acu\u00e1ticas a orillas del r\u00edo prometen momentos sencillos en un entorno natural.<\/p>\n<\/div>\n\n\n\n<div class=\"wp-block-column is-layout-flow wp-block-column-is-layout-flow\" style=\"flex-basis:66.66%\">\n<figure class=\"wp-block-image size-full animated fadeInRight delay-100ms slow\"><img decoding=\"async\" width=\"1024\" height=\"683\" src=\"https:\/\/campingdesiscles.com\/wp-content\/uploads\/2022\/12\/jeux-eau-riviere-camping-moulin-var.webp\" alt=\"juegos de agua r\u00edo camping moulin var\" class=\"wp-image-1740\" srcset=\"https:\/\/campingdesiscles.com\/wp-content\/uploads\/2022\/12\/jeux-eau-riviere-camping-moulin-var.webp 1024w, https:\/\/campingdesiscles.com\/wp-content\/uploads\/2022\/12\/jeux-eau-riviere-camping-moulin-var-300x200.webp 300w, https:\/\/campingdesiscles.com\/wp-content\/uploads\/2022\/12\/jeux-eau-riviere-camping-moulin-var-768x512.webp 768w\" sizes=\"(max-width: 1024px) 100vw, 1024px\" \/><\/figure>\n<\/div>\n<\/div>\n\n\n    <\/div>\n<\/section>\n\n<section id=\"ls-section-block_ca5c7c5ff5f249520351106c7b8a4b57\" class=\"ls-section  home-second page has-background-image has-m-t m-t-10 has-m-l m-l-10 has-m-r m-r-10\" >\n    <div class=\"ls-section__background-image opacity-100\"><img decoding=\"async\" src=\"https:\/\/campingdesiscles.com\/wp-content\/uploads\/2022\/12\/peche-riviere-argens-roquebrune-camping.webp\" alt=\"\"><\/div>    <div class=\"container container--wide\">\n        \n\n<h2 class=\"ls__heading has-text-align-center has-p-b p-b-4 wp-block-heading\">Pesca en el r\u00edo Argens<\/h2>\n\n\n\n<div class=\"wp-block-columns raisons is-layout-flex wp-container-core-columns-is-layout-9d6595d7 wp-block-columns-is-layout-flex\">\n<div class=\"wp-block-column animated fadeIn delay-200ms slow is-layout-flow wp-block-column-is-layout-flow\" style=\"flex-basis:15%\"><\/div>\n\n\n\n<div class=\"wp-block-column animated fadeIn delay-500ms slow is-layout-flow wp-block-column-is-layout-flow\">\n<p class=\"ls-paragraph has-text-align-center has-medium-font-size\">Si sue\u00f1a con <strong>aprender a pescar<\/strong>, es posible hacerlo en el r\u00edo Argens. Todo lo que necesita es <strong>una tarjeta de la federaci\u00f3n departamental<\/strong> de pesca de Var. Los pescadores de Var y los habitantes de <strong>Roquebrune-sur-Argens<\/strong> est\u00e1n muy apegados a su r\u00edo.<\/p>\n\n\n\n<p class=\"ls-paragraph has-text-align-center has-medium-font-size\">Si desea <strong>iniciarse en la pesca o sensibilizar a sus hijos<\/strong> con el medio acu\u00e1tico, <strong>nuestro camping en el Var<\/strong> es el lugar ideal para <strong>conocer a pescadores<\/strong> apasionados. <strong>Lucio, carpa, cacho<\/strong> y barbo <strong>se pescar\u00e1n con placer.<\/strong> Su estancia entre los pescadores ser\u00e1 rica en conocimientos y momentos <strong>para compartir.<\/strong><\/p>\n<\/div>\n\n\n\n<div class=\"wp-block-column animated fadeIn delay-1s slow is-layout-flow wp-block-column-is-layout-flow\" style=\"flex-basis:15%\"><\/div>\n<\/div>\n\n\n    <\/div>\n<\/section>\n\n<section id=\"ls-section-block_1083efbd7c8309e9c7ca5c10181a20c1\" class=\"ls-section  page-two has-p-t p-t-14 has-p-b p-b-3\" >\n        <div class=\"container container--wide\">\n        \n\n<div class=\"wp-block-columns is-layout-flex wp-container-core-columns-is-layout-9d6595d7 wp-block-columns-is-layout-flex\">\n<div class=\"wp-block-column is-layout-flow wp-block-column-is-layout-flow\">\n<figure class=\"wp-block-image size-large has-m-b m-b-10 animated slideInRight delay-200ms slow\"><a href=\"https:\/\/campingdesiscles.com\/wp-content\/uploads\/2022\/12\/camping-argens-var-kayak-roquebrune-819x1024.webp\"><img decoding=\"async\" width=\"819\" height=\"1024\" src=\"https:\/\/campingdesiscles.com\/wp-content\/uploads\/2022\/12\/camping-argens-var-kayak-roquebrune-819x1024.webp\" alt=\"camping argens var kayak roquebrune\" class=\"wp-image-1757\" srcset=\"https:\/\/campingdesiscles.com\/wp-content\/uploads\/2022\/12\/camping-argens-var-kayak-roquebrune-819x1024.webp 819w, https:\/\/campingdesiscles.com\/wp-content\/uploads\/2022\/12\/camping-argens-var-kayak-roquebrune-240x300.webp 240w, https:\/\/campingdesiscles.com\/wp-content\/uploads\/2022\/12\/camping-argens-var-kayak-roquebrune-768x960.webp 768w, https:\/\/campingdesiscles.com\/wp-content\/uploads\/2022\/12\/camping-argens-var-kayak-roquebrune-1228x1536.webp 1228w, https:\/\/campingdesiscles.com\/wp-content\/uploads\/2022\/12\/camping-argens-var-kayak-roquebrune.webp 1514w\" sizes=\"(max-width: 819px) 100vw, 819px\" \/><\/a><\/figure>\n<\/div>\n\n\n\n<div class=\"wp-block-column is-layout-flow wp-block-column-is-layout-flow\">\n<h2 class=\"ls__heading p-b-7 p-t-7 wp-block-heading\">Acceso al r\u00edo que bordea el camping<\/h2>\n\n\n\n<p class=\"ls-paragraph p-b-1\">Nuestro camping en Roquebrune-sur-Argens es \u00fanico por su <strong>proximidad al r\u00edo Argens.<\/strong> Con acceso <strong>directo y un camino peatonal.<\/strong> Si busca un lugar para ba\u00f1arse en plena naturaleza, <strong>nuestro camping Roquebrunois<\/strong> es el <strong>lugar ideal para su estancia.<\/strong><\/p>\n\n\n\n<figure class=\"wp-block-image size-large has-m-t m-t-10 animated slideInLeft delay-200ms slow\"><a href=\"https:\/\/campingdesiscles.com\/wp-content\/uploads\/2022\/12\/argens-roquebrune-camping-moulin-iscles-1024x683.webp\"><img decoding=\"async\" width=\"1024\" height=\"683\" src=\"https:\/\/campingdesiscles.com\/wp-content\/uploads\/2022\/12\/argens-roquebrune-camping-moulin-iscles-1024x683.webp\" alt=\"argens roquebrune camping moulin iscles\" class=\"wp-image-1734\" srcset=\"https:\/\/campingdesiscles.com\/wp-content\/uploads\/2022\/12\/argens-roquebrune-camping-moulin-iscles-1024x683.webp 1024w, https:\/\/campingdesiscles.com\/wp-content\/uploads\/2022\/12\/argens-roquebrune-camping-moulin-iscles-300x200.webp 300w, https:\/\/campingdesiscles.com\/wp-content\/uploads\/2022\/12\/argens-roquebrune-camping-moulin-iscles-768x512.webp 768w, https:\/\/campingdesiscles.com\/wp-content\/uploads\/2022\/12\/argens-roquebrune-camping-moulin-iscles-1536x1024.webp 1536w, https:\/\/campingdesiscles.com\/wp-content\/uploads\/2022\/12\/argens-roquebrune-camping-moulin-iscles-2048x1365.webp 2048w\" sizes=\"(max-width: 1024px) 100vw, 1024px\" \/><\/a><\/figure>\n<\/div>\n<\/div>\n\n\n    <\/div>\n<\/section>\n\n<section id=\"ls-section-block_0b06b8edceef93b34bfe05f64e25d383\" class=\"ls-section  page-maillage has-p-t p-t-4 has-p-b p-b-10\" >\n        <div class=\"container container--wide\">\n        \n\n<div id=\"ls-heading ls-titre-div-block_9a0c84ae1de5612620e9fe826e9a449f\" class=\"ls-titre-div aligncenter h2-like has-p-b p-b-8\" >\n    Descubra nuestra piscina, nuestros alojamientos y nuestros servicios<\/div>\n\n\n<div id=\"ls-maillage-block_cb86a0210c31d588e829b26f1e850027\" class=\"ls-maillage cta-style-normal\" data-rows=\"3\">\n    <div class=\"wp-block-columns\"><div class=\"wp-block-column\">\n\n<a href=\"https:\/\/campingdesiscles.com\/es\/ubicacion-mobil-home-roquebrune\/\" target=\"\" rel=\"noopener\" class=\"ls-cta__link\">\n\n\t<div class=\"ls-cta__image\"><img decoding=\"async\" src=\"https:\/\/campingdesiscles.com\/wp-content\/uploads\/2022\/11\/image-1-1-1024x683.jpg\" alt=\"rocher roquebrune camping var paca\"><\/div>\n\t<div class=\"ls-cta__title\">\n\t\tNuestras casas m\u00f3viles\t<\/div>\n\n\t\t\n<\/a><\/div><div class=\"wp-block-column\">\n\n<a href=\"https:\/\/campingdesiscles.com\/es\/camping-piscina-climatizada-roquebrune\/\" target=\"\" rel=\"noopener\" class=\"ls-cta__link\">\n\n\t<div class=\"ls-cta__image\"><img decoding=\"async\" src=\"https:\/\/campingdesiscles.com\/wp-content\/uploads\/2022\/12\/femme-bouee-jaune-iscles-cta-1024x1024.webp\" alt=\"piscine chauff\u00e9e var camping\"><\/div>\n\t<div class=\"ls-cta__title\">\n\t\tPiscina\t<\/div>\n\n\t\t\n<\/a><\/div><div class=\"wp-block-column\">\n\n<a href=\"https:\/\/campingdesiscles.com\/es\/camping-familiar-roquebrune\/\" target=\"\" rel=\"noopener\" class=\"ls-cta__link\">\n\n\t<div class=\"ls-cta__image\"><img decoding=\"async\" src=\"https:\/\/campingdesiscles.com\/wp-content\/uploads\/2022\/12\/accueil-iscles-camping-var-1024x722.webp\" alt=\"accueil iscles\"><\/div>\n\t<div class=\"ls-cta__title\">\n\t\tServicios\t<\/div>\n\n\t\t\n<\/a><\/div><\/div><\/div>\n\n    <\/div>\n<\/section>","protected":false},"excerpt":{"rendered":"","protected":false},"author":1,"featured_media":3708,"parent":0,"menu_order":0,"comment_status":"closed","ping_status":"closed","template":"","meta":{"_acf_changed":false,"footnotes":""},"sujet":[],"class_list":["post-3137","page","type-page","status-publish","has-post-thumbnail","hentry"],"acf":[],"_links":{"self":[{"href":"https:\/\/campingdesiscles.com\/es\/wp-json\/wp\/v2\/pages\/3137","targetHints":{"allow":["GET"]}}],"collection":[{"href":"https:\/\/campingdesiscles.com\/es\/wp-json\/wp\/v2\/pages"}],"about":[{"href":"https:\/\/campingdesiscles.com\/es\/wp-json\/wp\/v2\/types\/page"}],"author":[{"embeddable":true,"href":"https:\/\/campingdesiscles.com\/es\/wp-json\/wp\/v2\/users\/1"}],"replies":[{"embeddable":true,"href":"https:\/\/campingdesiscles.com\/es\/wp-json\/wp\/v2\/comments?post=3137"}],"version-history":[{"count":5,"href":"https:\/\/campingdesiscles.com\/es\/wp-json\/wp\/v2\/pages\/3137\/revisions"}],"predecessor-version":[{"id":3860,"href":"https:\/\/campingdesiscles.com\/es\/wp-json\/wp\/v2\/pages\/3137\/revisions\/3860"}],"wp:featuredmedia":[{"embeddable":true,"href":"https:\/\/campingdesiscles.com\/es\/wp-json\/wp\/v2\/media\/3708"}],"wp:attachment":[{"href":"https:\/\/campingdesiscles.com\/es\/wp-json\/wp\/v2\/media?parent=3137"}],"wp:term":[{"taxonomy":"sujet","embeddable":true,"href":"https:\/\/campingdesiscles.com\/es\/wp-json\/wp\/v2\/sujet?post=3137"}],"curies":[{"name":"wp","href":"https:\/\/api.w.org\/{rel}","templated":true}]}}