{"id":3135,"date":"2022-12-30T13:59:25","date_gmt":"2022-12-30T12:59:25","guid":{"rendered":"https:\/\/campingdesiscles.com\/restaurante-roquebrune\/"},"modified":"2023-03-01T16:36:37","modified_gmt":"2023-03-01T15:36:37","slug":"restaurante-roquebrune","status":"publish","type":"page","link":"https:\/\/campingdesiscles.com\/es\/restaurante-roquebrune\/","title":{"rendered":"Bar Restaurante"},"content":{"rendered":"<section id=\"ls-section-block_191a2bb5d84a3efdcbe2f2c6b46e87c9\" class=\"ls-section  page-one page background-one has-p-t p-t-12\" >\n        <div class=\"container container--wide\">\n        \n\n<h1 class=\"ls__heading has-text-align-center has-p-b p-b-8 wp-block-heading\">Nuestro snack bar en Roquebrune<\/h1>\n\n\n\n<div class=\"wp-block-columns is-layout-flex wp-container-core-columns-is-layout-9d6595d7 wp-block-columns-is-layout-flex\">\n<div class=\"wp-block-column is-vertically-aligned-center is-layout-flow wp-block-column-is-layout-flow\" style=\"flex-basis:33.33%\">\n<h2 class=\"ls-heading wp-block-heading\">Su pausa para el aperitivo en el Var<\/h2>\n\n\n\n<p class=\"ls-paragraph\">Nuestro <a href=\"\/es\/\">camping en Roquebrune-sur-Argens<\/a> est\u00e1 situado en <strong>plena campi\u00f1a del Var.<\/strong> Ofrecemos servicios <strong>de comida r\u00e1pida<\/strong> con posibilidad de comida para llevar para sus excursiones o salidas.<\/p>\n\n\n\n<p class=\"ls-paragraph\">Si prefiere comer en la tranquilidad de <strong>la terraza a la sombra<\/strong> de su bungalow o junto a nuestra piscina, podr\u00e1 disfrutar de nuestros paninis caseros frescos, <strong>ensaladas caseras<\/strong> y nuestra selecci\u00f3n <strong>de helados.<\/strong><\/p>\n<\/div>\n\n\n\n<div class=\"wp-block-column is-layout-flow wp-block-column-is-layout-flow\" style=\"flex-basis:66.66%\">\n<figure class=\"wp-block-image size-large animated fadeInRight delay-100ms slow\"><img decoding=\"async\" width=\"1024\" height=\"725\" src=\"https:\/\/campingdesiscles.com\/wp-content\/uploads\/2022\/12\/vin-rose-piscine-iscles-1024x725.webp\" alt=\"Aperitivo piscina roquebrune cantina snack\" class=\"wp-image-1645\" srcset=\"https:\/\/campingdesiscles.com\/wp-content\/uploads\/2022\/12\/vin-rose-piscine-iscles-1024x725.webp 1024w, https:\/\/campingdesiscles.com\/wp-content\/uploads\/2022\/12\/vin-rose-piscine-iscles-300x212.webp 300w, https:\/\/campingdesiscles.com\/wp-content\/uploads\/2022\/12\/vin-rose-piscine-iscles-768x543.webp 768w, https:\/\/campingdesiscles.com\/wp-content\/uploads\/2022\/12\/vin-rose-piscine-iscles-1536x1087.webp 1536w, https:\/\/campingdesiscles.com\/wp-content\/uploads\/2022\/12\/vin-rose-piscine-iscles-2048x1449.webp 2048w\" sizes=\"(max-width: 1024px) 100vw, 1024px\" \/><\/figure>\n<\/div>\n<\/div>\n\n\n    <\/div>\n<\/section>\n\n<section id=\"ls-section-block_27cfc429a718cb095853744e72200476\" class=\"ls-section  home-second page has-background-image has-m-t m-t-10 has-m-l m-l-10 has-m-r m-r-10\" >\n    <div class=\"ls-section__background-image opacity-100\"><img decoding=\"async\" src=\"https:\/\/campingdesiscles.com\/wp-content\/uploads\/2023\/01\/snack-boissons-camping-roquebrune.webp\" alt=\"snack boissons camping roquebrune\"><\/div>    <div class=\"container container--wide\">\n        \n\n<h2 class=\"ls__heading has-text-align-center has-p-b p-b-4 wp-block-heading\">Refr\u00e9scate en el bar de Roquebrune<\/h2>\n\n\n\n<div class=\"wp-block-columns raisons is-layout-flex wp-container-core-columns-is-layout-9d6595d7 wp-block-columns-is-layout-flex\">\n<div class=\"wp-block-column animated fadeIn delay-200ms slow is-layout-flow wp-block-column-is-layout-flow\" style=\"flex-basis:15%\"><\/div>\n\n\n\n<div class=\"wp-block-column animated fadeIn delay-500ms slow is-layout-flow wp-block-column-is-layout-flow\">\n<p class=\"ls-paragraph has-text-align-center has-medium-font-size\">Nuestro camping Roquebrunois dispone de <strong>un bar-restaurante<\/strong> para que sus vacaciones rimen con relajaci\u00f3n.<\/p>\n\n\n\n<p class=\"ls-paragraph has-text-align-center has-medium-font-size\">Durante toda su estancia, nuestro bar le ofrece la posibilidad de tomar <strong>el desayuno<\/strong> (caf\u00e9, t\u00e9, croissants, pains au chocolat), <strong>bebidas fr\u00edas,<\/strong> <strong>c\u00f3cteles con y sin alcohol.<\/strong><\/p>\n\n\n\n<p class=\"ls-paragraph has-text-align-center has-medium-font-size\"><strong>Los helados<\/strong> y postres har\u00e1n las delicias de peque\u00f1os y mayores. <br>\u00a1100% ambiente de camping garantizado con nuestro <strong>snack bar junto a la piscina!<\/strong><\/p>\n<\/div>\n\n\n\n<div class=\"wp-block-column animated fadeIn delay-1s slow is-layout-flow wp-block-column-is-layout-flow\" style=\"flex-basis:15%\"><\/div>\n<\/div>\n\n\n    <\/div>\n<\/section>\n\n<section id=\"ls-section-block_15ec33be44c1ab8aaea89cf212ccb366\" class=\"ls-section  page-two has-p-t p-t-14 has-p-b p-b-10\" >\n        <div class=\"container container--wide\">\n        \n\n<div class=\"wp-block-columns is-layout-flex wp-container-core-columns-is-layout-9d6595d7 wp-block-columns-is-layout-flex\">\n<div class=\"wp-block-column is-vertically-aligned-center is-layout-flow wp-block-column-is-layout-flow\">\n<figure class=\"wp-block-image size-large has-m-b m-b-2 animated slideInRight delay-200ms slow\"><a href=\"https:\/\/campingdesiscles.com\/wp-content\/uploads\/2023\/01\/restaurant-theme-vvar-roquebrune-1024x725.webp\"><img decoding=\"async\" width=\"1024\" height=\"725\" src=\"https:\/\/campingdesiscles.com\/wp-content\/uploads\/2023\/01\/restaurant-theme-vvar-roquebrune-1024x725.webp\" alt=\"restaurant theme var roquebrune\" class=\"wp-image-3467\" srcset=\"https:\/\/campingdesiscles.com\/wp-content\/uploads\/2023\/01\/restaurant-theme-vvar-roquebrune-1024x725.webp 1024w, https:\/\/campingdesiscles.com\/wp-content\/uploads\/2023\/01\/restaurant-theme-vvar-roquebrune-300x212.webp 300w, https:\/\/campingdesiscles.com\/wp-content\/uploads\/2023\/01\/restaurant-theme-vvar-roquebrune-768x544.webp 768w, https:\/\/campingdesiscles.com\/wp-content\/uploads\/2023\/01\/restaurant-theme-vvar-roquebrune.webp 1366w\" sizes=\"(max-width: 1024px) 100vw, 1024px\" \/><\/a><\/figure>\n\n\n\n<p class=\"ls-paragraph\">\u00bfQuiere descubrir nuestra especialidad? En temporada baja, le preparamos platos provenzales cada semana<strong>.<\/strong> Una oportunidad para reunirse con otros campistas y disfrutar de una comida caliente.<\/p>\n<\/div>\n\n\n\n<div class=\"wp-block-column is-vertically-aligned-center is-layout-flow wp-block-column-is-layout-flow\">\n<h2 class=\"ls-heading wp-block-heading\">Restaurante provenzal con terraza<\/h2>\n\n\n\n<p class=\"ls-paragraph\">Nuestro <strong>restaurante,<\/strong> con su t\u00edpico edificio provenzal, le transportar\u00e1 para una comida. Si\u00e9ntese en su <strong>encantadora terraza<\/strong> y disfrute de una <strong>bebida refrescante<\/strong> o comparta una comida.<\/p>\n\n\n\n<figure class=\"wp-block-image size-large has-m-t m-t-2 animated slideInLeft delay-200ms slow\"><a href=\"https:\/\/campingdesiscles.com\/wp-content\/uploads\/2023\/01\/famille-snack-camping-iscles-qualite-1024x725.webp\"><img decoding=\"async\" width=\"1024\" height=\"725\" src=\"https:\/\/campingdesiscles.com\/wp-content\/uploads\/2023\/01\/famille-snack-camping-iscles-qualite-1024x725.webp\" alt=\"famille snack camping iscles qualit\u00e9\" class=\"wp-image-3714\" srcset=\"https:\/\/campingdesiscles.com\/wp-content\/uploads\/2023\/01\/famille-snack-camping-iscles-qualite-1024x725.webp 1024w, https:\/\/campingdesiscles.com\/wp-content\/uploads\/2023\/01\/famille-snack-camping-iscles-qualite-300x212.webp 300w, https:\/\/campingdesiscles.com\/wp-content\/uploads\/2023\/01\/famille-snack-camping-iscles-qualite-768x544.webp 768w, https:\/\/campingdesiscles.com\/wp-content\/uploads\/2023\/01\/famille-snack-camping-iscles-qualite.webp 1405w\" sizes=\"(max-width: 1024px) 100vw, 1024px\" \/><\/a><\/figure>\n<\/div>\n<\/div>\n\n\n    <\/div>\n<\/section>\n\n<section id=\"ls-section-block_ae87071855448ee3d9bd7a642d5f2ce5\" class=\"ls-section  page-avis has-p-t p-t-14 has-p-b p-b-14\" >\n        <div class=\"container container--wide\">\n        \n\n<div class=\"wp-block-columns is-layout-flex wp-container-core-columns-is-layout-9d6595d7 wp-block-columns-is-layout-flex\">\n<div class=\"wp-block-column is-vertically-aligned-bottom is-layout-flow wp-block-column-is-layout-flow\">\n<figure class=\"wp-block-image size-full animated slideInLeft delay-200ms slow\"><img decoding=\"async\" width=\"327\" height=\"268\" src=\"https:\/\/campingdesiscles.com\/wp-content\/uploads\/2022\/12\/piscine.png\" alt=\"logo boya piscina\" class=\"wp-image-708\" srcset=\"https:\/\/campingdesiscles.com\/wp-content\/uploads\/2022\/12\/piscine.png 327w, https:\/\/campingdesiscles.com\/wp-content\/uploads\/2022\/12\/piscine-300x246.png 300w\" sizes=\"(max-width: 327px) 100vw, 327px\" \/><\/figure>\n<\/div>\n\n\n\n<div class=\"wp-block-column colonne-avis has-color-white-background-color has-background is-layout-flow wp-block-column-is-layout-flow\">\n<div id=\"ls-heading ls-titre-div-block_851f3790c69045935be2e037ed9f445b\" class=\"ls-titre-div aligncenter h2-like has-p-b p-b-8\" >\n    \u00bfQu\u00e9 opinan nuestros clientes del restaurante?<\/div>\n\n\n<div class=\"avis-container\"><div class=\"avis\"><div class=\"avis-note\">Excelente<\/div><div class=\"avis-etoile\">\n                <span><i class=\"moulin-star\"><\/i><\/span><span><i class=\"moulin-star\"><\/i><\/span><span><i class=\"moulin-star\"><\/i><\/span><span><i class=\"moulin-star\"><\/i><\/span><span><i class=\"moulin-star\"><\/i><\/span>\n                <\/div><div class=\"avis-content-container\"><div class=\"avis-text-container\"><div class=\"avis-content\"><p style=\"text-align: center;\">Tuvimos una estancia estupenda en este camping. Una gran bienvenida por parte de Tomy y su equipo. Un lugar tranquilo y de descanso, donde pudimos disfrutar de la tranquilidad de la piscina, as\u00ed como de su ubicaci\u00f3n.<br \/>\n\u00a1El restaurante\/cafeter\u00eda del lugar nos permiti\u00f3 disfrutar de las preparaciones del cocinero Fred!<\/p>\n<\/div><div class=\"avis-name\"><\/div><\/div><\/div><\/div><div class=\"avis\"><div class=\"avis-note\">\u00a1Gran equipo!<\/div><div class=\"avis-etoile\">\n                <span><i class=\"moulin-star\"><\/i><\/span><span><i class=\"moulin-star\"><\/i><\/span><span><i class=\"moulin-star\"><\/i><\/span><span><i class=\"moulin-star\"><\/i><\/span><span><i class=\"moulin-star\"><\/i><\/span>\n                <\/div><div class=\"avis-content-container\"><div class=\"avis-text-container\"><div class=\"avis-content\"><p style=\"text-align: center;\">\u00a1Qu\u00e9 bueno! El nuevo director es estupendo y el equipo es de primera.<br \/>\nLa piscina siempre est\u00e1 caliente y el entretenimiento es de primera y el restaurante es perfecto. \u00a1Lo recomiendo encarecidamente!<\/p>\n<\/div><div class=\"avis-name\"><\/div><\/div><\/div><\/div><div class=\"avis\"><div class=\"avis-note\">\u00a1Buena bienvenida!<\/div><div class=\"avis-etoile\">\n                <span><i class=\"moulin-star\"><\/i><\/span><span><i class=\"moulin-star\"><\/i><\/span><span><i class=\"moulin-star\"><\/i><\/span><span><i class=\"moulin-star\"><\/i><\/span><span><i class=\"moulin-star\"><\/i><\/span>\n                <\/div><div class=\"avis-content-container\"><div class=\"avis-text-container\"><div class=\"avis-content\"><p style=\"text-align: center;\">Personal muy sonriente y acogedor. La piscina es perfecta, temperatura del agua 29\u00b0. Muy buen restaurante, los ni\u00f1os pueden correr por el camping sin preocuparse. Nuestro perro tambi\u00e9n fue muy bien recibido.<\/p>\n<\/div><div class=\"avis-name\"><\/div><\/div><\/div><\/div><\/div>\n<\/div>\n\n\n\n<div class=\"wp-block-column is-layout-flow wp-block-column-is-layout-flow\"><div class=\"wp-block-image animated slideInRight delay-200ms slow\">\n<figure class=\"alignleft size-full is-resized\"><img decoding=\"async\" src=\"https:\/\/campingdesiscles.com\/wp-content\/uploads\/2022\/11\/snack-bar.png\" alt=\"logotipo restaurante bar\" class=\"wp-image-388\" width=\"162\" height=\"178\"\/><\/figure>\n<\/div><\/div>\n<\/div>\n\n\n    <\/div>\n<\/section>\n\n<section id=\"ls-section-block_9c6493483131f66917a690df63d483cb\" class=\"ls-section  page-maillage has-p-t p-t-14 has-p-b p-b-10\" >\n        <div class=\"container container--wide\">\n        \n\n<div id=\"ls-heading ls-titre-div-block_e398c20990479661f23931e6e4810dd7\" class=\"ls-titre-div aligncenter h2-like has-p-b p-b-8\" >\n    \u00a1Descubra los servicios, las animaciones del camping y nuestra piscina!<\/div>\n\n\n<div id=\"ls-maillage-block_def75308a3d8ddfe40cb7d51a4fc419c\" class=\"ls-maillage cta-style-normal\" data-rows=\"3\">\n    <div class=\"wp-block-columns\"><div class=\"wp-block-column\">\n\n<a href=\"https:\/\/campingdesiscles.com\/es\/camping-animaciones-roquebrune\/\" target=\"\" rel=\"noopener\" class=\"ls-cta__link\">\n\n\t<div class=\"ls-cta__image\"><img decoding=\"async\" src=\"https:\/\/campingdesiscles.com\/wp-content\/uploads\/2022\/12\/enfant-balancoire-jeux-1024x683.webp\" alt=\"jeux enfant camping var\"><\/div>\n\t<div class=\"ls-cta__title\">\n\t\tAnimaciones y actividades\t<\/div>\n\n\t\t\n<\/a><\/div><div class=\"wp-block-column\">\n\n<a href=\"https:\/\/campingdesiscles.com\/es\/camping-piscina-climatizada-roquebrune\/\" target=\"\" rel=\"noopener\" class=\"ls-cta__link\">\n\n\t<div class=\"ls-cta__image\"><img decoding=\"async\" src=\"https:\/\/campingdesiscles.com\/wp-content\/uploads\/2022\/12\/femme-bouee-jaune-iscles-cta-1024x1024.webp\" alt=\"piscine chauff\u00e9e var camping\"><\/div>\n\t<div class=\"ls-cta__title\">\n\t\tPiscina\t<\/div>\n\n\t\t\n<\/a><\/div><div class=\"wp-block-column\">\n\n<a href=\"https:\/\/campingdesiscles.com\/es\/camping-familiar-roquebrune\/\" target=\"\" rel=\"noopener\" class=\"ls-cta__link\">\n\n\t<div class=\"ls-cta__image\"><img decoding=\"async\" src=\"https:\/\/campingdesiscles.com\/wp-content\/uploads\/2022\/12\/accueil-iscles-camping-var-1024x722.webp\" alt=\"accueil iscles\"><\/div>\n\t<div class=\"ls-cta__title\">\n\t\tServicios\t<\/div>\n\n\t\t\n<\/a><\/div><\/div><\/div>\n\n    <\/div>\n<\/section>","protected":false},"excerpt":{"rendered":"","protected":false},"author":1,"featured_media":2864,"parent":0,"menu_order":0,"comment_status":"closed","ping_status":"closed","template":"","meta":{"_acf_changed":false,"footnotes":""},"sujet":[],"class_list":["post-3135","page","type-page","status-publish","has-post-thumbnail","hentry"],"acf":[],"_links":{"self":[{"href":"https:\/\/campingdesiscles.com\/es\/wp-json\/wp\/v2\/pages\/3135","targetHints":{"allow":["GET"]}}],"collection":[{"href":"https:\/\/campingdesiscles.com\/es\/wp-json\/wp\/v2\/pages"}],"about":[{"href":"https:\/\/campingdesiscles.com\/es\/wp-json\/wp\/v2\/types\/page"}],"author":[{"embeddable":true,"href":"https:\/\/campingdesiscles.com\/es\/wp-json\/wp\/v2\/users\/1"}],"replies":[{"embeddable":true,"href":"https:\/\/campingdesiscles.com\/es\/wp-json\/wp\/v2\/comments?post=3135"}],"version-history":[{"count":16,"href":"https:\/\/campingdesiscles.com\/es\/wp-json\/wp\/v2\/pages\/3135\/revisions"}],"predecessor-version":[{"id":4547,"href":"https:\/\/campingdesiscles.com\/es\/wp-json\/wp\/v2\/pages\/3135\/revisions\/4547"}],"wp:featuredmedia":[{"embeddable":true,"href":"https:\/\/campingdesiscles.com\/es\/wp-json\/wp\/v2\/media\/2864"}],"wp:attachment":[{"href":"https:\/\/campingdesiscles.com\/es\/wp-json\/wp\/v2\/media?parent=3135"}],"wp:term":[{"taxonomy":"sujet","embeddable":true,"href":"https:\/\/campingdesiscles.com\/es\/wp-json\/wp\/v2\/sujet?post=3135"}],"curies":[{"name":"wp","href":"https:\/\/api.w.org\/{rel}","templated":true}]}}