{"id":3133,"date":"2022-12-30T13:55:54","date_gmt":"2022-12-30T12:55:54","guid":{"rendered":"https:\/\/campingdesiscles.com\/camping-animaciones-roquebrune\/"},"modified":"2023-03-01T16:24:58","modified_gmt":"2023-03-01T15:24:58","slug":"camping-animaciones-roquebrune","status":"publish","type":"page","link":"https:\/\/campingdesiscles.com\/es\/camping-animaciones-roquebrune\/","title":{"rendered":"Animaciones y actividades"},"content":{"rendered":"<section id=\"ls-section-block_2584c497f04bc8f45c48f69f644a948c\" class=\"ls-section  page-one page background-one has-p-t p-t-12\" >\n        <div class=\"container container--wide\">\n        \n\n<h1 class=\"ls__heading has-text-align-center has-p-b p-b-8 wp-block-heading\">Participar en actividades familiares en el camping de Roquebrune<\/h1>\n\n\n\n<p class=\"ls-paragraph has-text-align-center has-medium-font-size\">Si busca un camping <strong>con animaci\u00f3n y zonas de juegos infantiles<\/strong>, \u00a1el Camping des Iscles en Roquebrune-sur-Argens es lo que busca!<\/p>\n\n\n\n<div class=\"wp-block-columns is-layout-flex wp-container-core-columns-is-layout-9d6595d7 wp-block-columns-is-layout-flex\">\n<div class=\"wp-block-column is-vertically-aligned-center is-layout-flow wp-block-column-is-layout-flow\" style=\"flex-basis:33.33%\">\n<h2 class=\"ls-heading wp-block-heading\">Los m\u00e1s peque\u00f1os se divertir\u00e1n en el parque infantil<\/h2>\n\n\n\n<p class=\"ls-paragraph has-medium-font-size\">Deje que sus hijos prueben las alegr\u00edas de <strong>los columpios<\/strong>, <strong>los tornos<\/strong>, <strong>minigolf<\/strong>, las zonas de juego o el <strong>castillo hinchable<\/strong> con sus amigos de vacaciones. Mientras usted se relaja al sol, ellos se desahogan al aire libre.<\/p>\n\n\n\n<p class=\"ls-paragraph has-medium-font-size\">Elegir nuestro camping <strong>con zona de juegos infantiles<\/strong> significa que sus hijos podr\u00e1n divertirse en <strong>un entorno seguro<\/strong> y en buena compa\u00f1\u00eda. <\/p>\n<\/div>\n\n\n\n<div class=\"wp-block-column is-layout-flow wp-block-column-is-layout-flow\" style=\"flex-basis:66.66%\">\n<figure class=\"wp-block-image size-large\"><img decoding=\"async\" width=\"1024\" height=\"683\" src=\"https:\/\/campingdesiscles.com\/wp-content\/uploads\/2022\/12\/enfant-balancoire-jeux-1024x683.webp\" alt=\"juegos de columpio para ni\u00f1os\" class=\"wp-image-1544\" srcset=\"https:\/\/campingdesiscles.com\/wp-content\/uploads\/2022\/12\/enfant-balancoire-jeux-1024x683.webp 1024w, https:\/\/campingdesiscles.com\/wp-content\/uploads\/2022\/12\/enfant-balancoire-jeux-300x200.webp 300w, https:\/\/campingdesiscles.com\/wp-content\/uploads\/2022\/12\/enfant-balancoire-jeux-768x512.webp 768w, https:\/\/campingdesiscles.com\/wp-content\/uploads\/2022\/12\/enfant-balancoire-jeux-1536x1024.webp 1536w, https:\/\/campingdesiscles.com\/wp-content\/uploads\/2022\/12\/enfant-balancoire-jeux-2048x1365.webp 2048w\" sizes=\"(max-width: 1024px) 100vw, 1024px\" \/><\/figure>\n<\/div>\n<\/div>\n\n\n    <\/div>\n<\/section>\n\n<section id=\"ls-section-block_eb53407daf68bc7bd73b5b9b83b56fd0\" class=\"ls-section  home-second page has-background-image has-m-t m-t-10 has-m-l m-l-10 has-m-r m-r-10\" >\n    <div class=\"ls-section__background-image opacity-100\"><img decoding=\"async\" src=\"https:\/\/campingdesiscles.com\/wp-content\/uploads\/2022\/11\/animation-enfants-camping-roquebrune.webp\" alt=\"animation enfants camping roquebrune\"><\/div>    <div class=\"container container--wide\">\n        \n\n<div class=\"wp-block-columns raisons is-layout-flex wp-container-core-columns-is-layout-9d6595d7 wp-block-columns-is-layout-flex\">\n<div class=\"wp-block-column animated fadeIn delay-200ms slow is-layout-flow wp-block-column-is-layout-flow\" style=\"flex-basis:20%\"><\/div>\n\n\n\n<div class=\"wp-block-column animated fadeIn delay-500ms slow is-layout-flow wp-block-column-is-layout-flow\" style=\"flex-basis:60%\">\n<h2 class=\"ls__heading has-text-align-center wp-block-heading\">Risas durante los actos familiares en Roquebrune<\/h2>\n\n\n\n<p class=\"ls-paragraph has-text-align-center has-medium-font-size\">Ofrecemos <strong>entretenimiento familiar original<\/strong>, en colaboraci\u00f3n con KX EVENT. B\u00fasqueda del tesoro, paseo de aperitivo con degustaci\u00f3n de vinos en el Ch\u00e2teau du Rouet, <strong>le proponemos divertidas actividades<\/strong> que encantar\u00e1n a grandes y peque\u00f1os.<\/p>\n\n\n\n<p class=\"ls-paragraph has-text-align-center has-medium-font-size\">Descubrir\u00e1 la regi\u00f3n de Roquebrune-sur-Argens compartiendo <strong>momentos inolvidables con su familia.<\/strong> Como bien dice nuestro socio KX EVENT, \u00a1la felicidad consiste a veces en ver la vida de otra manera!<\/p>\n<\/div>\n\n\n\n<div class=\"wp-block-column animated fadeIn delay-1s slow is-layout-flow wp-block-column-is-layout-flow\" style=\"flex-basis:20%\"><\/div>\n<\/div>\n\n\n    <\/div>\n<\/section>\n\n<section id=\"ls-section-block_1773d7cdddecab14dd7b8d2d912878e5\" class=\"ls-section  page-two has-p-t p-t-14 has-p-b p-b-10\" >\n        <div class=\"container container--wide\">\n        \n\n<div class=\"wp-block-columns is-layout-flex wp-container-core-columns-is-layout-9d6595d7 wp-block-columns-is-layout-flex\">\n<div class=\"wp-block-column is-layout-flow wp-block-column-is-layout-flow\">\n<figure class=\"wp-block-image size-large has-m-b m-b-10 animated slideInRight delay-200ms slow\"><a href=\"https:\/\/campingdesiscles.com\/wp-content\/uploads\/2023\/01\/enfant-paddle-riviere-iscles-1024x725.webp\"><img decoding=\"async\" width=\"1024\" height=\"725\" src=\"https:\/\/campingdesiscles.com\/wp-content\/uploads\/2023\/01\/enfant-paddle-riviere-iscles-1024x725.webp\" alt=\"enfant paddle riviere animation roquebrune\" class=\"wp-image-3478\" srcset=\"https:\/\/campingdesiscles.com\/wp-content\/uploads\/2023\/01\/enfant-paddle-riviere-iscles-1024x725.webp 1024w, https:\/\/campingdesiscles.com\/wp-content\/uploads\/2023\/01\/enfant-paddle-riviere-iscles-300x212.webp 300w, https:\/\/campingdesiscles.com\/wp-content\/uploads\/2023\/01\/enfant-paddle-riviere-iscles-768x544.webp 768w, https:\/\/campingdesiscles.com\/wp-content\/uploads\/2023\/01\/enfant-paddle-riviere-iscles.webp 1366w\" sizes=\"(max-width: 1024px) 100vw, 1024px\" \/><\/a><\/figure>\n\n\n\n<h2 class=\"ls-heading wp-block-heading\">Su entretenimiento nocturno en el Var<\/h2>\n\n\n\n<p class=\"ls-paragraph\">\u00a1No hay camping sin <strong>animaci\u00f3n nocturna en el Var<\/strong>! Ambiente musical, noches de <strong>baile y veladas tem\u00e1ticas<\/strong>, nuestro camping con animaci\u00f3n nocturna encantar\u00e1 su verano. <\/p>\n\n\n\n<p class=\"ls-paragraph\">Momentos de <strong>compartir y convivencia<\/strong> garantizados. <br><strong>Baile y diversi\u00f3n<\/strong> hasta <strong>medianoche.<\/strong><br>Durante todo el verano, <strong>nuestros animadores<\/strong> nocturnos le ofrecen :<\/p>\n\n\n\n<ul class=\"ls-list ls-list-undefined has-color-black-color has-text-color wp-block-list\">\n<li>Lunes: MEG y BreakFast \/ Repite 80-90 y pop-rock;<\/li>\n\n\n\n<li>Mi\u00e9rcoles: fiesta en la piscina hasta medianoche;<\/li>\n\n\n\n<li>Viernes: velada musical con PATHills y The BB.<\/li>\n<\/ul>\n<\/div>\n\n\n\n<div class=\"wp-block-column is-layout-flow wp-block-column-is-layout-flow\">\n<h2 class=\"ls__heading has-text-align-center wp-block-heading\">Camping con instalaciones deportivas en Roquebrune<\/h2>\n\n\n\n<p class=\"ls-paragraph has-text-align-center\">Idealmente situado a orillas del r\u00edo Argens, <a href=\"\/es\/\">nuestro camping en el Var<\/a> le ofrece la posibilidad <strong>de realizar actividades acu\u00e1ticas<\/strong> fuera de lo com\u00fan: <strong>remo,<\/strong> pirag\u00fcismo o <strong>paddle stepping.<\/strong> Si desea descubrir los placeres del agua o simplemente relajarse, en nuestro camping le espera <strong>una piscina con animaci\u00f3n<\/strong>.<\/p>\n\n\n\n<p class=\"ls-paragraph has-text-align-center\">Descubra nuestras otras instalaciones deportivas: <strong>pista de petanca<\/strong>, <strong>tenis de mesa<\/strong> al aire libre, <strong>billar<\/strong>, <strong>futbol\u00edn<\/strong>, dardos y b\u00e1dminton. Todo lo que necesitas para pasarlo bien con tu familia.<\/p>\n\n\n\n<figure class=\"wp-block-image size-large has-m-t m-t-10 animated slideInLeft delay-200ms slow\"><a href=\"https:\/\/campingdesiscles.com\/wp-content\/uploads\/2023\/01\/soiree-moulin-iscles-var-animations-1024x725.webp\"><img decoding=\"async\" width=\"1024\" height=\"725\" src=\"https:\/\/campingdesiscles.com\/wp-content\/uploads\/2023\/01\/soiree-moulin-iscles-var-animations-1024x725.webp\" alt=\"soiree moulin iscles var animations\" class=\"wp-image-3577\" srcset=\"https:\/\/campingdesiscles.com\/wp-content\/uploads\/2023\/01\/soiree-moulin-iscles-var-animations-1024x725.webp 1024w, https:\/\/campingdesiscles.com\/wp-content\/uploads\/2023\/01\/soiree-moulin-iscles-var-animations-300x212.webp 300w, https:\/\/campingdesiscles.com\/wp-content\/uploads\/2023\/01\/soiree-moulin-iscles-var-animations-768x544.webp 768w, https:\/\/campingdesiscles.com\/wp-content\/uploads\/2023\/01\/soiree-moulin-iscles-var-animations.webp 1136w\" sizes=\"(max-width: 1024px) 100vw, 1024px\" \/><\/a><\/figure>\n<\/div>\n<\/div>\n\n\n    <\/div>\n<\/section>\n\n<section id=\"ls-section-block_22518095f845e16a3df788724b75c4ab\" class=\"ls-section  page-one page background-one has-p-t p-t-3\" >\n        <div class=\"container container--wide\">\n        \n\n<h2 class=\"ls__heading has-text-align-center p-b-5 wp-block-heading\">Los mejores entretenimientos cerca del camping<\/h2>\n\n\n\n<p class=\"ls-paragraph has-text-align-center\">Idealmente situado, nuestro camping de Var est\u00e1 cerca de <strong>la playa de Fr\u00e9jus<\/strong> (12 minutos en coche) y a s\u00f3lo 1.500 metros del centro del hist\u00f3rico pueblo milenario de <strong>Roquebrune-sur-Argens.<\/strong> <br>Si tiene sed <strong>de descubrimientos y cultura<\/strong>, descubra el acueducto de Roquebrune-sur-Argens o <strong>la casa del chocolate y el cacao.<\/strong><\/p>\n\n\n\n<div class=\"wp-block-columns is-layout-flex wp-container-core-columns-is-layout-9d6595d7 wp-block-columns-is-layout-flex\">\n<div class=\"wp-block-column is-vertically-aligned-top is-layout-flow wp-block-column-is-layout-flow\" style=\"flex-basis:33.33%\">\n<p class=\"ls-paragraph\">Para los que <strong>buscan emociones<\/strong> o juegos acu\u00e1ticos, el <strong>parque acu\u00e1tico Water Glisse Passion Ar\u00e9na<\/strong> est\u00e1 a s\u00f3lo 3 kil\u00f3metros de nuestro camping. <br><strong>El parque Aqualand Fr\u00e9jus<\/strong> est\u00e1 a 17 minutos en coche.<\/p>\n\n\n\n<p class=\"ls-paragraph\">Por \u00faltimo, pregunte a nuestro equipo de Var. <br>Nuestro camping tiene muchas <strong>otras actividades cerca:<\/strong><\/p>\n\n\n\n<ul class=\"ls-list ls-list-undefined marker-white has-color-white-color has-text-color wp-block-list\">\n<li>Los mercados de Roquebrune-sur-Argens, Fr\u00e9jus, Saint Rapha\u00ebl, Les Issambres y Saint-Aygulf.<\/li>\n\n\n\n<li>Eventos estivales en Roquebrune-sur-Argens (velada, festival, fuegos artificiales).<\/li>\n\n\n\n<li>Le Mas des Escaravatiers (conciertos musicales, brunch sonoro y vi\u00f1edo).<\/li>\n\n\n\n<li>South Wake-Park (telesqu\u00ed acu\u00e1tico, deportes acu\u00e1ticos y fiestas).<\/li>\n\n\n\n<li>Rutas de senderismo (senderos de las 3 cruces de Roquebrune)<\/li>\n\n\n\n<li>Rutas en bicicleta de monta\u00f1a y quad.<\/li>\n\n\n\n<li>Base nature Fran\u00e7ois L\u00e9otard de Fr\u00e9jus (espacio natural protegido con acceso a las playas de arena del Mediterr\u00e1neo).<\/li>\n<\/ul>\n<\/div>\n\n\n\n<div class=\"wp-block-column is-vertically-aligned-center is-layout-flow wp-block-column-is-layout-flow\" style=\"flex-basis:66.66%\">\n<figure class=\"wp-block-image size-large animated fadeInRight delay-100ms slow\"><img decoding=\"async\" width=\"1024\" height=\"725\" src=\"https:\/\/campingdesiscles.com\/wp-content\/uploads\/2022\/12\/bouee-tractee-roquebrune-1024x725.webp\" alt=\"boya remolcada roquebrune\" class=\"wp-image-1595\" srcset=\"https:\/\/campingdesiscles.com\/wp-content\/uploads\/2022\/12\/bouee-tractee-roquebrune-1024x725.webp 1024w, https:\/\/campingdesiscles.com\/wp-content\/uploads\/2022\/12\/bouee-tractee-roquebrune-300x212.webp 300w, https:\/\/campingdesiscles.com\/wp-content\/uploads\/2022\/12\/bouee-tractee-roquebrune-768x544.webp 768w, https:\/\/campingdesiscles.com\/wp-content\/uploads\/2022\/12\/bouee-tractee-roquebrune-1536x1087.webp 1536w, https:\/\/campingdesiscles.com\/wp-content\/uploads\/2022\/12\/bouee-tractee-roquebrune-2048x1449.webp 2048w\" sizes=\"(max-width: 1024px) 100vw, 1024px\" \/><\/figure>\n<\/div>\n<\/div>\n\n\n    <\/div>\n<\/section>\n\n<section id=\"ls-section-block_b4a20255b33452f8bb0e4bbdd3155b64\" class=\"ls-section  page-maillage has-p-t p-t-0 has-p-b p-b-6\" >\n        <div class=\"container container--wide\">\n        \n\n<div id=\"ls-heading ls-titre-div-block_378640b6b88f820a43bae0fb1fbbcef3\" class=\"ls-titre-div aligncenter h2-like has-p-b p-b-8\" >\n    Descubra nuestros servicios exclusivos, nuestro restaurante y nuestra piscina<\/div>\n\n\n<div id=\"ls-maillage-block_b29d73cfc99f94c05e7f436c0c25ba5a\" class=\"ls-maillage cta-style-normal\" data-rows=\"3\">\n    <div class=\"wp-block-columns\"><div class=\"wp-block-column\">\n\n<a href=\"https:\/\/campingdesiscles.com\/es\/restaurante-roquebrune\/\" target=\"\" rel=\"noopener\" class=\"ls-cta__link\">\n\n\t<div class=\"ls-cta__image\"><img decoding=\"async\" src=\"https:\/\/campingdesiscles.com\/wp-content\/uploads\/2022\/12\/cocktail-snack-1024x725.webp\" alt=\"cocktail vacances snack roquebrune\"><\/div>\n\t<div class=\"ls-cta__title\">\n\t\tBar Restaurante\t<\/div>\n\n\t\t\n<\/a><\/div><div class=\"wp-block-column\">\n\n<a href=\"https:\/\/campingdesiscles.com\/es\/camping-piscina-climatizada-roquebrune\/\" target=\"\" rel=\"noopener\" class=\"ls-cta__link\">\n\n\t<div class=\"ls-cta__image\"><img decoding=\"async\" src=\"https:\/\/campingdesiscles.com\/wp-content\/uploads\/2022\/12\/femme-bouee-jaune-iscles-cta-1024x1024.webp\" alt=\"piscine chauff\u00e9e var camping\"><\/div>\n\t<div class=\"ls-cta__title\">\n\t\tPiscina\t<\/div>\n\n\t\t\n<\/a><\/div><div class=\"wp-block-column\">\n\n<a href=\"https:\/\/campingdesiscles.com\/es\/camping-familiar-roquebrune\/\" target=\"\" rel=\"noopener\" class=\"ls-cta__link\">\n\n\t<div class=\"ls-cta__image\"><img decoding=\"async\" src=\"https:\/\/campingdesiscles.com\/wp-content\/uploads\/2022\/12\/accueil-iscles-camping-var-1024x722.webp\" alt=\"accueil iscles\"><\/div>\n\t<div class=\"ls-cta__title\">\n\t\tServicios\t<\/div>\n\n\t\t\n<\/a><\/div><\/div><\/div>\n\n    <\/div>\n<\/section>","protected":false},"excerpt":{"rendered":"","protected":false},"author":1,"featured_media":1587,"parent":0,"menu_order":0,"comment_status":"closed","ping_status":"closed","template":"","meta":{"_acf_changed":false,"footnotes":""},"sujet":[],"class_list":["post-3133","page","type-page","status-publish","has-post-thumbnail","hentry"],"acf":[],"_links":{"self":[{"href":"https:\/\/campingdesiscles.com\/es\/wp-json\/wp\/v2\/pages\/3133","targetHints":{"allow":["GET"]}}],"collection":[{"href":"https:\/\/campingdesiscles.com\/es\/wp-json\/wp\/v2\/pages"}],"about":[{"href":"https:\/\/campingdesiscles.com\/es\/wp-json\/wp\/v2\/types\/page"}],"author":[{"embeddable":true,"href":"https:\/\/campingdesiscles.com\/es\/wp-json\/wp\/v2\/users\/1"}],"replies":[{"embeddable":true,"href":"https:\/\/campingdesiscles.com\/es\/wp-json\/wp\/v2\/comments?post=3133"}],"version-history":[{"count":13,"href":"https:\/\/campingdesiscles.com\/es\/wp-json\/wp\/v2\/pages\/3133\/revisions"}],"predecessor-version":[{"id":4541,"href":"https:\/\/campingdesiscles.com\/es\/wp-json\/wp\/v2\/pages\/3133\/revisions\/4541"}],"wp:featuredmedia":[{"embeddable":true,"href":"https:\/\/campingdesiscles.com\/es\/wp-json\/wp\/v2\/media\/1587"}],"wp:attachment":[{"href":"https:\/\/campingdesiscles.com\/es\/wp-json\/wp\/v2\/media?parent=3133"}],"wp:term":[{"taxonomy":"sujet","embeddable":true,"href":"https:\/\/campingdesiscles.com\/es\/wp-json\/wp\/v2\/sujet?post=3133"}],"curies":[{"name":"wp","href":"https:\/\/api.w.org\/{rel}","templated":true}]}}