{"id":3131,"date":"2022-12-30T13:51:31","date_gmt":"2022-12-30T12:51:31","guid":{"rendered":"https:\/\/campingdesiscles.com\/turismo-var\/"},"modified":"2023-03-01T16:45:13","modified_gmt":"2023-03-01T15:45:13","slug":"turismo-var","status":"publish","type":"page","link":"https:\/\/campingdesiscles.com\/es\/turismo-var\/","title":{"rendered":"Alrededores"},"content":{"rendered":"<section id=\"ls-section-block_9f694db12d1f65d930d7d720bedf10f0\" class=\"ls-section  page-one page background-one has-p-t p-t-1\" >\n        <div class=\"container container--wide\">\n        \n\n<h1 class=\"ls__heading has-text-align-center has-p-b p-b-8 wp-block-heading\">Sus vacaciones en Provenza-Alpes-Costa Azul<\/h1>\n\n\n\n<div class=\"wp-block-columns is-layout-flex wp-container-core-columns-is-layout-9d6595d7 wp-block-columns-is-layout-flex\">\n<div class=\"wp-block-column is-vertically-aligned-center is-layout-flow wp-block-column-is-layout-flow\" style=\"flex-basis:33.33%\">\n<h2 class=\"ls-heading wp-block-heading\">Descubra Puget y sus tradiciones<\/h2>\n\n\n\n<p class=\"ls-paragraph\">Puget-sur-Argens es un pueblo provenzal, lleno de <strong>tierra y cultura.<\/strong> Vi\u00f1as, olivos y santones, visitar Puget es <strong>descubrir la Provenza desde dentro.<\/strong><\/p>\n\n\n\n<p class=\"ls-paragraph\">Rico <strong>en tradiciones y eventos<\/strong>, descubra algunos lugares y fiestas emblem\u00e1ticos durante su estancia en nuestro camping de Roquebrune-sur-Argens:<\/p>\n\n\n\n<ul class=\"ls-list ls-list-undefined marker-white has-color-white-color has-text-color wp-block-list\">\n<li>Iglesia de Santiago el Mayor;<\/li>\n\n\n\n<li>El Camino de Santiago;<\/li>\n\n\n\n<li>historia de los \u00abMange-Lamberts\u00bb o lagartos verdes.<\/li>\n<\/ul>\n\n\n\n<p class=\"ls-paragraph\">Durante su estancia, no dude <strong>en hablar con los habitantes<\/strong> de Puget, estar\u00e1n encantados de ayudarle a <strong>descubrir sus tradiciones y culturas.<\/strong><\/p>\n<\/div>\n\n\n\n<div class=\"wp-block-column is-layout-flow wp-block-column-is-layout-flow\" style=\"flex-basis:66.66%\">\n<figure class=\"wp-block-image size-large animated fadeInRight delay-100ms slow\"><img decoding=\"async\" width=\"1024\" height=\"682\" src=\"https:\/\/campingdesiscles.com\/wp-content\/uploads\/2022\/12\/puget-sur-argens-village-camping-1024x682.webp\" alt=\"puget sur argens vacaciones\" class=\"wp-image-2340\" srcset=\"https:\/\/campingdesiscles.com\/wp-content\/uploads\/2022\/12\/puget-sur-argens-village-camping-1024x682.webp 1024w, https:\/\/campingdesiscles.com\/wp-content\/uploads\/2022\/12\/puget-sur-argens-village-camping-300x200.webp 300w, https:\/\/campingdesiscles.com\/wp-content\/uploads\/2022\/12\/puget-sur-argens-village-camping-768x512.webp 768w, https:\/\/campingdesiscles.com\/wp-content\/uploads\/2022\/12\/puget-sur-argens-village-camping.webp 1136w\" sizes=\"(max-width: 1024px) 100vw, 1024px\" \/><\/figure>\n<\/div>\n<\/div>\n\n\n    <\/div>\n<\/section>\n\n<section id=\"ls-section-block_168868e509c5f485ea7c037e67694deb\" class=\"ls-section  home-second page has-background-image has-m-t m-t-10 has-m-l m-l-10 has-m-r m-r-10\" >\n    <div class=\"ls-section__background-image opacity-100\"><img decoding=\"async\" src=\"https:\/\/campingdesiscles.com\/wp-content\/uploads\/2022\/12\/port-st-raphael-coucher-soleil-camping.jpg\" alt=\"tourisme port st raphael var\"><\/div>    <div class=\"container container--wide\">\n        \n\n<h2 class=\"ls__heading has-text-align-center has-p-b p-b-4 wp-block-heading\">VISITE SAINT-RAPHA\u00cbL A 14.5 KM DEL CAMPING<\/h2>\n\n\n\n<div class=\"wp-block-columns raisons is-layout-flex wp-container-core-columns-is-layout-9d6595d7 wp-block-columns-is-layout-flex\">\n<div class=\"wp-block-column animated fadeIn delay-200ms slow is-layout-flow wp-block-column-is-layout-flow\" style=\"flex-basis:15%\"><\/div>\n\n\n\n<div class=\"wp-block-column animated fadeIn delay-500ms slow is-layout-flow wp-block-column-is-layout-flow\">\n<p class=\"ls-paragraph has-text-align-center has-medium-font-size\">Durante su estancia en el Var, <a href=\"\/es\/\">nuestro camping de Roquebrune-sur-Argens<\/a> est\u00e1 a s\u00f3lo 14,5 kil\u00f3metros de Saint-Rapha\u00ebl.<\/p>\n\n\n\n<p class=\"ls-paragraph has-text-align-center has-medium-font-size\">Aproveche <strong>para visitar el barrio del pueblo<\/strong>. <strong>Un mercado de flores<\/strong> y verduras le espera todos los d\u00edas <strong>durante el verano.<\/strong> Para los aficionados a la historia, <strong>la iglesia rom\u00e1nica de San Raf\u00e8u<\/strong>, del siglo XII, les dar\u00e1 la oportunidad de descubrir el <strong>Museo Arqueol\u00f3gico de Saint-Rapha\u00ebl.<\/strong><\/p>\n\n\n\n<p class=\"ls-paragraph has-text-align-center has-medium-font-size\">Le espera una torre y un magn\u00edfico panorama de 360\u00b0: <strong>una vista m\u00e1gica de los picos<\/strong> del <strong>Est\u00e9rel<\/strong>, la punta de <strong>Saint-Tropez y<\/strong> el pe\u00f1\u00f3n de <strong>Roquebrune-sur-Argens<\/strong>.<\/p>\n<\/div>\n\n\n\n<div class=\"wp-block-column animated fadeIn delay-1s slow is-layout-flow wp-block-column-is-layout-flow\" style=\"flex-basis:15%\"><\/div>\n<\/div>\n\n\n    <\/div>\n<\/section>\n\n<section id=\"ls-section-block_e5b8e7321609414bf43d0da70050a9b2\" class=\"ls-section  page-two has-p-t p-t-14 has-p-b p-b-10\" >\n        <div class=\"container container--wide\">\n        \n\n<div class=\"wp-block-columns is-layout-flex wp-container-core-columns-is-layout-9d6595d7 wp-block-columns-is-layout-flex\">\n<div class=\"wp-block-column is-layout-flow wp-block-column-is-layout-flow\">\n<figure class=\"wp-block-image size-full has-m-b m-b-10 animated slideInRight delay-200ms slow\"><a href=\"https:\/\/campingdesiscles.com\/wp-content\/uploads\/2022\/12\/st-tropez-centre-ville-var-visiter.webp\"><img decoding=\"async\" width=\"1024\" height=\"768\" src=\"https:\/\/campingdesiscles.com\/wp-content\/uploads\/2022\/12\/st-tropez-centre-ville-var-visiter.webp\" alt=\"vacaciones st tropez costa azul\" class=\"wp-image-2355\" srcset=\"https:\/\/campingdesiscles.com\/wp-content\/uploads\/2022\/12\/st-tropez-centre-ville-var-visiter.webp 1024w, https:\/\/campingdesiscles.com\/wp-content\/uploads\/2022\/12\/st-tropez-centre-ville-var-visiter-300x225.webp 300w, https:\/\/campingdesiscles.com\/wp-content\/uploads\/2022\/12\/st-tropez-centre-ville-var-visiter-768x576.webp 768w\" sizes=\"(max-width: 1024px) 100vw, 1024px\" \/><\/a><\/figure>\n\n\n\n<h2 class=\"ls-heading wp-block-heading\">Sainte-Maxime, un destino \u00fanico<\/h2>\n\n\n\n<p class=\"ls-paragraph\">Remanso de paz, el pueblo de Sainte-Maxime, <strong>situado entre la tierra, el mar<\/strong> y la Provenza, le invita a saborear momentos \u00fanicos. <strong>Paisajes naturales<\/strong>, cultura, <strong>gastronom\u00eda y vinos<\/strong>, todos los elementos se re\u00fanen para que su estancia y sus vacaciones sean inolvidables. <strong>Playas<\/strong>, restaurantes, <strong>compras<\/strong>, descubrir <strong>los mercados provenzales<\/strong>, <strong>b\u00fasquedas del tesoro en el casco<\/strong> antiguo y paseos para descubrir el patrimonio natural.<\/p>\n\n\n\n<p class=\"ls-paragraph\">Informaci\u00f3n pr\u00e1ctica: el pueblo de <strong>Sainte-Maxime est\u00e1 a 20,7 kil\u00f3metros<\/strong> (por la D8) <strong>de nuestro camping<\/strong> de Roquebrune-sur-Argens.<\/p>\n\n\n\n<h2 class=\"ls-heading wp-block-heading\">La playa de Saint-Aygulf<\/h2>\n\n\n\n<p class=\"ls-paragraph\">En Fr\u00e9jus, la playa de <strong>Saint-Aygulf<\/strong> autoriza el naturismo del 14 de junio al 31 de agosto de 9:00 a 19:00 y del 1 al 26 de septiembre de 10:00 a 18:00. Una parte de la playa tambi\u00e9n <strong>est\u00e1 reservada a los perros<\/strong> de Fr\u00e9jus. Hay que llevarlos con correa.<\/p>\n<\/div>\n\n\n\n<div class=\"wp-block-column is-layout-flow wp-block-column-is-layout-flow\">\n<h2 class=\"ls-heading wp-block-heading\">Descubrir Saint-Tropez<\/h2>\n\n\n\n<p class=\"ls-paragraph\"><strong>M\u00edtica playa de Pampelonne<\/strong>, caf\u00e9s, restaurantes junto al puerto <strong>decorado con yates de multimillonarios<\/strong>, <strong>Saint-Tropez<\/strong> sigue siendo un pueblo <strong>provenzal de visita obligada.<\/strong> Durante su estancia, t\u00f3mese su tiempo para visitar y recorrer los lugares imprescindibles de la Costa Azul.<\/p>\n\n\n\n<p class=\"ls-paragraph\">Qu\u00e9 hacer en Saint-Tropez : <\/p>\n\n\n\n<ul class=\"ls-list wp-block-list\">\n<li>Rel\u00e1jese en <strong>el puerto y sus restaurantes<\/strong>, frente a los yates de multimillonarios y veleros.<\/li>\n\n\n\n<li>Admire a <strong>los jugadores de petanca en la plaza des Lices<\/strong> y descubra su mercado provenzal.<\/li>\n\n\n\n<li>comer o ba\u00f1arse en la playa de Pampelonne.<\/li>\n\n\n\n<li>Visite <strong>Notre-Dame de l&#8217;Assomption<\/strong> y el famoso <strong>campanario amarillo de Saint-<\/strong>Tropez.<\/li>\n<\/ul>\n\n\n\n<p class=\"ls-paragraph\">Informaci\u00f3n pr\u00e1ctica: el pueblo de Saint-Tropez est\u00e1 a 35,8 kil\u00f3metros (por la carretera D8) de nuestro camping de Roquebrune-sur-Argens.<\/p>\n\n\n\n<figure class=\"wp-block-image size-full has-m-t m-t-10 animated slideInLeft delay-200ms slow\"><a href=\"https:\/\/campingdesiscles.com\/wp-content\/uploads\/2022\/12\/plage-saint-aygulf.webp\"><img decoding=\"async\" width=\"1024\" height=\"768\" src=\"https:\/\/campingdesiscles.com\/wp-content\/uploads\/2022\/12\/plage-saint-aygulf.webp\" alt=\"playa de saint aygulf\" class=\"wp-image-2963\" srcset=\"https:\/\/campingdesiscles.com\/wp-content\/uploads\/2022\/12\/plage-saint-aygulf.webp 1024w, https:\/\/campingdesiscles.com\/wp-content\/uploads\/2022\/12\/plage-saint-aygulf-300x225.webp 300w, https:\/\/campingdesiscles.com\/wp-content\/uploads\/2022\/12\/plage-saint-aygulf-768x576.webp 768w\" sizes=\"(max-width: 1024px) 100vw, 1024px\" \/><\/a><\/figure>\n<\/div>\n<\/div>\n\n\n    <\/div>\n<\/section>\n\n<section id=\"ls-section-block_26bef5fe9c2c124c5edb93bc9f64289d\" class=\"ls-section  home-second page has-background-image has-m-t m-t-10 has-m-l m-l-10 has-m-r m-r-10\" >\n    <div class=\"ls-section__background-image opacity-100\"><img decoding=\"async\" src=\"https:\/\/campingdesiscles.com\/wp-content\/uploads\/2023\/01\/parc-aquatique-roquebrune-vacances.webp\" alt=\"parc aquatique roquebrune vacances\"><\/div>    <div class=\"container container--wide\">\n        \n\n<h2 class=\"ls__heading has-text-align-center has-p-b p-b-4 wp-block-heading\">LAGO DE SAINT-CASSIEN: UN LUGAR DE FRESCOR<\/h2>\n\n\n\n<div class=\"wp-block-columns raisons is-layout-flex wp-container-core-columns-is-layout-9d6595d7 wp-block-columns-is-layout-flex\">\n<div class=\"wp-block-column animated fadeIn delay-200ms slow is-layout-flow wp-block-column-is-layout-flow\" style=\"flex-basis:15%\"><\/div>\n\n\n\n<div class=\"wp-block-column animated fadeIn delay-500ms slow is-layout-flow wp-block-column-is-layout-flow\">\n<p class=\"ls-paragraph has-text-align-center has-medium-font-size\">El lago de <strong>Saint-Cassien es una atracci\u00f3n<\/strong> tur\u00edstica emblem\u00e1tica del Var que no debe perderse. Situado en <strong>la regi\u00f3n de Fayence<\/strong>, este lago ocupa una superficie de 420 hect\u00e1reas y est\u00e1 rodeado por <strong>una zona natural y preservada.<\/strong> Ideal para <strong>pasar un rato en familia<\/strong>, <strong>se ofrecen numerosas<\/strong> actividades<strong>: deportes n\u00e1uticos<\/strong>, hidropedales, <strong>juegos hinchables<\/strong>, palas, <strong>pesca<\/strong>, remo <strong>y restaurantes<\/strong>. El acceso <strong>al lago es gratuito.<\/strong><\/p>\n\n\n\n<p class=\"ls-paragraph has-text-align-center has-medium-font-size\">Informaci\u00f3n pr\u00e1ctica: El lago de Saint-Cassien se encuentra a 39,7 kil\u00f3metros (por la autopista A8) de nuestro camping en Roquebrune-sur-Argens. Tambi\u00e9n puede visitar el precioso pueblecito de Tanneron, donde se celebra anualmente <strong>el festival de la mimosa.<\/strong><\/p>\n<\/div>\n\n\n\n<div class=\"wp-block-column animated fadeIn delay-1s slow is-layout-flow wp-block-column-is-layout-flow\" style=\"flex-basis:15%\"><\/div>\n<\/div>\n\n\n    <\/div>\n<\/section>\n\n<section id=\"ls-section-block_ef699c8e602c05f8aca727d2c4dec5e6\" class=\"ls-section  page-two has-p-t p-t-14 has-p-b p-b-5\" >\n        <div class=\"container container--wide\">\n        \n\n<div class=\"wp-block-columns is-layout-flex wp-container-core-columns-is-layout-9d6595d7 wp-block-columns-is-layout-flex\">\n<div class=\"wp-block-column is-layout-flow wp-block-column-is-layout-flow\">\n<figure class=\"wp-block-image size-full has-m-b m-b-10 animated slideInRight delay-200ms slow\"><a href=\"https:\/\/campingdesiscles.com\/wp-content\/uploads\/2022\/12\/cannes-port-illumine.jpg\"><img decoding=\"async\" width=\"792\" height=\"528\" src=\"https:\/\/campingdesiscles.com\/wp-content\/uploads\/2022\/12\/cannes-port-illumine.jpg\" alt=\"visita la croisette mediterr\u00e1nea de cannes\" class=\"wp-image-2375\" srcset=\"https:\/\/campingdesiscles.com\/wp-content\/uploads\/2022\/12\/cannes-port-illumine.jpg 792w, https:\/\/campingdesiscles.com\/wp-content\/uploads\/2022\/12\/cannes-port-illumine-300x200.jpg 300w, https:\/\/campingdesiscles.com\/wp-content\/uploads\/2022\/12\/cannes-port-illumine-768x512.jpg 768w\" sizes=\"(max-width: 792px) 100vw, 792px\" \/><\/a><\/figure>\n\n\n\n<h2 class=\"ls-heading wp-block-heading\">Actividades cerca del Esterel<\/h2>\n\n\n\n<p class=\"ls-paragraph\"><strong>Kayak,<\/strong> moto acu\u00e1tica, snorkel, alquiler de barcos, equitaci\u00f3n, escalada, barranquismo o juegos de escape, las actividades son <strong>numerosas en la regi\u00f3n PACA<\/strong>. Tanto en verano como en invierno, <strong>l&#8217;Est\u00e9rel<\/strong> le ofrece multitud de opciones para practicar deportes y actividades de ocio <strong>con magn\u00edficos paisajes<\/strong> en <strong>los espacios naturales m\u00e1s bellos<\/strong> de la Costa Azul.<\/p>\n\n\n\n<h2 class=\"ls-heading wp-block-heading\">Los arroyos del Esterel<\/h2>\n\n\n\n<p class=\"ls-paragraph\">Lejos del bullicio de las multitudes, <strong>las calas del Esterel<\/strong> son ideales para cambiar completamente de aires. Estas rocas volc\u00e1nicas rojas a\u00fan conservan lugares que bordean el mar. <\/p>\n\n\n\n<p class=\"ls-paragraph\">El <strong>macizo del Esterel<\/strong> alberga hermosas calanques que sabr\u00e1 apreciar por su belleza.<\/p>\n<\/div>\n\n\n\n<div class=\"wp-block-column is-layout-flow wp-block-column-is-layout-flow\">\n<h2 class=\"ls-heading wp-block-heading\">Descubra Cannes, a 30 km del camping<\/h2>\n\n\n\n<p class=\"ls-paragraph\"><strong>Cannes<\/strong>, lugar emblem\u00e1tico de la <strong>Costa Azul<\/strong> y <strong>del cine.<\/strong> <br>Es imposible no visitar Cannes sin pasear por la m\u00edtica <strong>Croisette y la escalinata roja<\/strong> del <strong>Palacio de Festivales<\/strong> de Cannes. Ambiente <strong>lujoso y chic<\/strong> en las zonas peatonales de <strong>Rue d&#8217;Antibes<\/strong> y Meynadier.<\/p>\n\n\n\n<p class=\"ls-paragraph\">En cuanto al mar, es accesible por todas partes en los alrededores (Palm Beach en particular y las playas de Golfe-Juan). Por \u00faltimo, <strong>los espacios verdes de la ciudad<\/strong>, <strong>las fachadas de los hoteles de lujo<\/strong> (Carlton, Martinez) y las bellas berlinas aparcadas en los alrededores son garant\u00eda de asombro.<\/p>\n\n\n\n<p class=\"ls-paragraph\">Informaci\u00f3n pr\u00e1ctica: nuestro camping, Le Moulin des Iscles, <strong>se encuentra a s\u00f3lo 48 kil\u00f3metros de la ciudad de Cannes<\/strong> por la autopista A8.<\/p>\n\n\n\n<p class=\"ls-paragraph\">\u00a1Que aproveche!<\/p>\n\n\n\n<figure class=\"wp-block-image size-full has-m-t m-t-10 animated slideInLeft delay-200ms slow\"><a href=\"https:\/\/campingdesiscles.com\/wp-content\/uploads\/2022\/12\/crique-de-l-esterel.webp\"><img decoding=\"async\" width=\"1024\" height=\"768\" src=\"https:\/\/campingdesiscles.com\/wp-content\/uploads\/2022\/12\/crique-de-l-esterel.webp\" alt=\"arroyo de esterel\" class=\"wp-image-2954\" srcset=\"https:\/\/campingdesiscles.com\/wp-content\/uploads\/2022\/12\/crique-de-l-esterel.webp 1024w, https:\/\/campingdesiscles.com\/wp-content\/uploads\/2022\/12\/crique-de-l-esterel-300x225.webp 300w, https:\/\/campingdesiscles.com\/wp-content\/uploads\/2022\/12\/crique-de-l-esterel-768x576.webp 768w\" sizes=\"(max-width: 1024px) 100vw, 1024px\" \/><\/a><\/figure>\n<\/div>\n<\/div>\n\n\n    <\/div>\n<\/section>\n\n<section id=\"ls-section-block_2d98e089311719eb52cefe8644c3495b\" class=\"ls-section  page-maillage has-p-t p-t-7 has-p-b p-b-10\" >\n        <div class=\"container container--wide\">\n        \n\n<div id=\"ls-heading ls-titre-div-block_7a8af8f8f1847c4b7aa160f8c068023a\" class=\"ls-titre-div aligncenter h2-like has-p-b p-b-8\" >\n    Descubra Fr\u00e9jus, Roquebrune y nuestro Restaurante bar.<\/div>\n\n\n<div id=\"ls-maillage-block_d03e0900f966070a64cb5c16e937b857\" class=\"ls-maillage cta-style-normal\" data-rows=\"3\">\n    <div class=\"wp-block-columns\"><div class=\"wp-block-column\">\n\n<a href=\"https:\/\/campingdesiscles.com\/es\/restaurante-roquebrune\/\" target=\"\" rel=\"noopener\" class=\"ls-cta__link\">\n\n\t<div class=\"ls-cta__image\"><img decoding=\"async\" src=\"https:\/\/campingdesiscles.com\/wp-content\/uploads\/2022\/12\/cocktail-snack-1024x725.webp\" alt=\"cocktail vacances snack roquebrune\"><\/div>\n\t<div class=\"ls-cta__title\">\n\t\tBar Restaurante\t<\/div>\n\n\t\t\n<\/a><\/div><div class=\"wp-block-column\">\n\n<a href=\"https:\/\/campingdesiscles.com\/es\/turismo-frejus\/\" target=\"\" rel=\"noopener\" class=\"ls-cta__link\">\n\n\t<div class=\"ls-cta__image\"><img decoding=\"async\" src=\"https:\/\/campingdesiscles.com\/wp-content\/uploads\/2022\/12\/frejus-port-plage-var-camping.webp\" alt=\"frejus var vacances bord de mer\"><\/div>\n\t<div class=\"ls-cta__title\">\n\t\tDescubrir Fr\u00e9jus\t<\/div>\n\n\t\t\n<\/a><\/div><div class=\"wp-block-column\">\n\n<a href=\"https:\/\/campingdesiscles.com\/es\/turismo-roquebrune\/\" target=\"\" rel=\"noopener\" class=\"ls-cta__link\">\n\n\t<div class=\"ls-cta__image\"><img decoding=\"async\" src=\"https:\/\/campingdesiscles.com\/wp-content\/uploads\/2022\/12\/roquebrune-camping-emplacement-var-1024x682.webp\" alt=\"roquebrune var vacances bord rivi\u00e8re\"><\/div>\n\t<div class=\"ls-cta__title\">\n\t\tDescubrir Roquebrune\t<\/div>\n\n\t\t\n<\/a><\/div><\/div><\/div>\n\n    <\/div>\n<\/section>","protected":false},"excerpt":{"rendered":"","protected":false},"author":1,"featured_media":2415,"parent":0,"menu_order":0,"comment_status":"closed","ping_status":"closed","template":"","meta":{"_acf_changed":false,"footnotes":""},"sujet":[],"class_list":["post-3131","page","type-page","status-publish","has-post-thumbnail","hentry"],"acf":[],"_links":{"self":[{"href":"https:\/\/campingdesiscles.com\/es\/wp-json\/wp\/v2\/pages\/3131","targetHints":{"allow":["GET"]}}],"collection":[{"href":"https:\/\/campingdesiscles.com\/es\/wp-json\/wp\/v2\/pages"}],"about":[{"href":"https:\/\/campingdesiscles.com\/es\/wp-json\/wp\/v2\/types\/page"}],"author":[{"embeddable":true,"href":"https:\/\/campingdesiscles.com\/es\/wp-json\/wp\/v2\/users\/1"}],"replies":[{"embeddable":true,"href":"https:\/\/campingdesiscles.com\/es\/wp-json\/wp\/v2\/comments?post=3131"}],"version-history":[{"count":11,"href":"https:\/\/campingdesiscles.com\/es\/wp-json\/wp\/v2\/pages\/3131\/revisions"}],"predecessor-version":[{"id":4562,"href":"https:\/\/campingdesiscles.com\/es\/wp-json\/wp\/v2\/pages\/3131\/revisions\/4562"}],"wp:featuredmedia":[{"embeddable":true,"href":"https:\/\/campingdesiscles.com\/es\/wp-json\/wp\/v2\/media\/2415"}],"wp:attachment":[{"href":"https:\/\/campingdesiscles.com\/es\/wp-json\/wp\/v2\/media?parent=3131"}],"wp:term":[{"taxonomy":"sujet","embeddable":true,"href":"https:\/\/campingdesiscles.com\/es\/wp-json\/wp\/v2\/sujet?post=3131"}],"curies":[{"name":"wp","href":"https:\/\/api.w.org\/{rel}","templated":true}]}}