{"id":3122,"date":"2022-12-30T13:43:14","date_gmt":"2022-12-30T12:43:14","guid":{"rendered":"https:\/\/campingdesiscles.com\/inicio\/"},"modified":"2024-11-12T12:44:18","modified_gmt":"2024-11-12T11:44:18","slug":"inicio","status":"publish","type":"page","link":"https:\/\/campingdesiscles.com\/es\/","title":{"rendered":"Inicio"},"content":{"rendered":"<section id=\"ls-section-block_a24a4470cf2f042b024909aef8cacf75\" class=\"ls-section  home-first background-one has-p-t p-t-30\" >\n        <div class=\"container container--full\">\n        \n\n<h1 class=\"ls__heading wp-block-heading has-text-align-center has-p-b p-b-6\">Bienvenido al camping Moulin des Iscles <br>en Roquebrune sur Argens<\/h1>\n\n\n\n<div class=\"wp-block-columns columns-one is-layout-flex wp-container-core-columns-is-layout-9d6595d7 wp-block-columns-is-layout-flex\">\n<div class=\"wp-block-column is-vertically-aligned-center is-layout-flow wp-block-column-is-layout-flow\" style=\"flex-basis:30%\">\n<p class=\"ls-paragraph has-medium-font-size\">Esta encantadora y aut\u00e9ntica direcci\u00f3n le da la bienvenida en uno de los pueblos m\u00e1s bonitos de la costa de Var, a unos 10 km de las calas y playas de arena fina del Mediterr\u00e1neo y de la estaci\u00f3n de tren de Fr\u00e9jus.<\/p>\n\n\n\n<p class=\"ls-paragraph has-medium-font-size\">Tranquilo y sombreado, con instalaciones de calidad, este camping ofrece a sus veraneantes un ambiente familiar y acogedor para redescubrir el placer de las vacaciones en camping.<\/p>\n\n\n\n<a href=\"\/location-emplacement-roquebrune\/\" id=\"ls-button-block_1b8b1279cab18fe6bb193e6dc6eaae32\" target=\"\" rel=\"\" class=\"ls-button\" ><span>Descubra el camping<\/span><span class=\"plus\">+<\/span><\/a>\n<\/div>\n\n\n\n<div class=\"wp-block-column is-layout-flow wp-block-column-is-layout-flow\" style=\"flex-basis:70%\">\n<iframe width=\"100%\" height=\"80%\" src=\"https:\/\/www.youtube.com\/embed\/f-az-6I59-0?si=KWMGRzNxnzMwY3lO\" title=\"YouTube video player\" frameborder=\"0\" allow=\"accelerometer; autoplay; clipboard-write; encrypted-media; gyroscope; picture-in-picture; web-share\" referrerpolicy=\"strict-origin-when-cross-origin\" allowfullscreen><\/iframe>\n<\/div>\n<\/div>\n\n\n\n<div class=\"wp-block-columns columns-two animated fadeInUp delay-200ms slow is-layout-flex wp-container-core-columns-is-layout-9d6595d7 wp-block-columns-is-layout-flex\">\n<div class=\"wp-block-column is-layout-flow wp-block-column-is-layout-flow\">\n<figure class=\"wp-block-image size-large\"><a href=\"https:\/\/campingdesiscles.com\/wp-content\/uploads\/2022\/12\/logement-kenya-lodge-iscles-1024x1024.webp\"><img decoding=\"async\" src=\"https:\/\/campingdesiscles.com\/wp-content\/uploads\/2022\/12\/logement-kenya-lodge-iscles-1024x1024.webp\" alt=\"logement kenya lodge iscles\" class=\"wp-image-1465\"\/><\/a><\/figure>\n<\/div>\n\n\n\n<div class=\"wp-block-column is-layout-flow wp-block-column-is-layout-flow\">\n<figure class=\"wp-block-image size-large\"><a href=\"https:\/\/campingdesiscles.com\/wp-content\/uploads\/2022\/12\/famille-camping-emplacements-1024x1024.webp\"><img decoding=\"async\" width=\"1024\" height=\"1024\" src=\"https:\/\/campingdesiscles.com\/wp-content\/uploads\/2022\/12\/famille-camping-emplacements-1024x1024.webp\" alt=\"famille camping emplacements\" class=\"wp-image-1483\" srcset=\"https:\/\/campingdesiscles.com\/wp-content\/uploads\/2022\/12\/famille-camping-emplacements-1024x1024.webp 1024w, https:\/\/campingdesiscles.com\/wp-content\/uploads\/2022\/12\/famille-camping-emplacements-300x300.webp 300w, https:\/\/campingdesiscles.com\/wp-content\/uploads\/2022\/12\/famille-camping-emplacements-150x150.webp 150w, https:\/\/campingdesiscles.com\/wp-content\/uploads\/2022\/12\/famille-camping-emplacements-768x768.webp 768w, https:\/\/campingdesiscles.com\/wp-content\/uploads\/2022\/12\/famille-camping-emplacements-1536x1536.webp 1536w, https:\/\/campingdesiscles.com\/wp-content\/uploads\/2022\/12\/famille-camping-emplacements-2048x2048.webp 2048w\" sizes=\"(max-width: 1024px) 100vw, 1024px\" \/><\/a><\/figure>\n<\/div>\n\n\n\n<div class=\"wp-block-column is-layout-flow wp-block-column-is-layout-flow\">\n<figure class=\"wp-block-image size-large\"><a href=\"https:\/\/campingdesiscles.com\/wp-content\/uploads\/2022\/12\/IMG-20220526-WA0010-1024x768.jpg\"><img decoding=\"async\" width=\"1024\" height=\"768\" src=\"https:\/\/campingdesiscles.com\/wp-content\/uploads\/2022\/12\/IMG-20220526-WA0010-1024x768.jpg\" alt=\"flowers camping roquebrune\" class=\"wp-image-2974\" srcset=\"https:\/\/campingdesiscles.com\/wp-content\/uploads\/2022\/12\/IMG-20220526-WA0010-1024x768.jpg 1024w, https:\/\/campingdesiscles.com\/wp-content\/uploads\/2022\/12\/IMG-20220526-WA0010-300x225.jpg 300w, https:\/\/campingdesiscles.com\/wp-content\/uploads\/2022\/12\/IMG-20220526-WA0010-768x576.jpg 768w, https:\/\/campingdesiscles.com\/wp-content\/uploads\/2022\/12\/IMG-20220526-WA0010-1536x1152.jpg 1536w, https:\/\/campingdesiscles.com\/wp-content\/uploads\/2022\/12\/IMG-20220526-WA0010.jpg 1600w\" sizes=\"(max-width: 1024px) 100vw, 1024px\" \/><\/a><figcaption class=\"wp-element-caption\">piscine-iscles-jouets-gonflable-1-1024&#215;1024.webp<\/figcaption><\/figure>\n<\/div>\n<\/div>\n\n\n    <\/div>\n<\/section>\n\n<section id=\"ls-section-block_fef0a6a32d61959e4da7d7c40ea3e381\" class=\"ls-section  home-second has-background-image has-m-t m-t-10 has-m-l m-l-10 has-m-r m-r-10\" >\n    <div class=\"ls-section__background-image opacity-100\"><img decoding=\"async\" src=\"https:\/\/campingdesiscles.com\/wp-content\/uploads\/2022\/12\/camping-moulin-des-iscles-pour-des-vacances-exceptionnelles-dans-le-var.jpg\" alt=\"bord rivi\u00e8re camping argens\"><\/div>    <div class=\"container container--wide\">\n        \n\n<h2 class=\"ls__heading wp-block-heading has-text-align-center has-p-b p-b-4\">Unas vacaciones excepcionales en el Var<\/h2>\n\n\n\n<div class=\"wp-block-columns raisons is-layout-flex wp-container-core-columns-is-layout-9d6595d7 wp-block-columns-is-layout-flex\">\n<div class=\"wp-block-column animated fadeIn delay-200ms slow is-layout-flow wp-block-column-is-layout-flow\">\n<div class=\"raison\">\n<img decoding=\"async\" src=\"\/wp-content\/uploads\/2022\/11\/snack-bar.png\" alt=\"snack\"\/>\n<span>Le snack bar<\/span>\n<\/div>\n\n\n\n<a href=\"\/restaurant-roquebrune\/\" id=\"ls-button-block_2bd548020883c9e8af726c0bba125524\" target=\"\" rel=\"\" class=\"ls-button aligncenter\" ><span>Seguir leyendo<\/span><span class=\"plus\">+<\/span><\/a>\n<\/div>\n\n\n\n<div class=\"wp-block-column animated fadeIn delay-500ms slow is-layout-flow wp-block-column-is-layout-flow\">\n<div class=\"raison\">\n<img decoding=\"async\" src=\"\/wp-content\/uploads\/2022\/11\/wifi.png\" alt=\"services\"\/>\n<span>Les services<\/span>\n<\/div>\n\n\n\n<a href=\"\/camping-familial-roquebrune\/\" id=\"ls-button-block_1c44d8942ffce896d383673aa7fb4a14\" target=\"\" rel=\"\" class=\"ls-button aligncenter\" ><span>Seguir leyendo<\/span><span class=\"plus\">+<\/span><\/a>\n<\/div>\n\n\n\n<div class=\"wp-block-column animated fadeIn delay-1s slow is-layout-flow wp-block-column-is-layout-flow\">\n<div class=\"raison\">\n<img decoding=\"async\" src=\"\/wp-content\/uploads\/2022\/11\/animation.png\" alt=\"animations\"\/>\n<span>Les animations<\/span>\n<\/div>\n\n\n\n<a href=\"\/camping-animations-roquebrune\/\" id=\"ls-button-block_c32a96d87b049c6cf3c053f5942a171e\" target=\"\" rel=\"\" class=\"ls-button aligncenter\" ><span>Seguir leyendo<\/span><span class=\"plus\">+<\/span><\/a>\n<\/div>\n<\/div>\n\n\n    <\/div>\n<\/section>\n\n<section id=\"ls-section-block_ccf7365edc29d3a7d3d931b35d1b2f33\" class=\"ls-section  home-third has-p-t p-t-14 has-p-b p-b-14\" >\n        <div class=\"container container--full\">\n        \n\n<h2 class=\"ls__heading wp-block-heading has-text-align-center p-b-10\">Su estancia en un camping de 3 estrellas<\/h2>\n\n\n\n<div class=\"wp-block-columns is-layout-flex wp-container-core-columns-is-layout-9d6595d7 wp-block-columns-is-layout-flex\">\n<div class=\"wp-block-column left is-layout-flow wp-block-column-is-layout-flow\">\n<figure class=\"wp-block-image size-large has-m-b m-b-10\"><img decoding=\"async\" width=\"1024\" height=\"683\" src=\"https:\/\/campingdesiscles.com\/wp-content\/uploads\/2022\/12\/moulin-des-iscles-riviere-1024x683.webp\" alt=\"camping moulin des iscles riviere\" class=\"wp-image-1438\" srcset=\"https:\/\/campingdesiscles.com\/wp-content\/uploads\/2022\/12\/moulin-des-iscles-riviere-1024x683.webp 1024w, https:\/\/campingdesiscles.com\/wp-content\/uploads\/2022\/12\/moulin-des-iscles-riviere-300x200.webp 300w, https:\/\/campingdesiscles.com\/wp-content\/uploads\/2022\/12\/moulin-des-iscles-riviere-768x512.webp 768w, https:\/\/campingdesiscles.com\/wp-content\/uploads\/2022\/12\/moulin-des-iscles-riviere-1536x1024.webp 1536w, https:\/\/campingdesiscles.com\/wp-content\/uploads\/2022\/12\/moulin-des-iscles-riviere-2048x1365.webp 2048w\" sizes=\"(max-width: 1024px) 100vw, 1024px\" \/><\/figure>\n\n\n\n<p class=\"ls-paragraph\">Notre camping \u00e0 taille humaine et son environnement familial vous feront partager des moments d&#8217;\u00e9change et de d\u00e9tente inoubliable. Nous vous assurons des <a href=\"https:\/\/campingdesiscles.com\/camping-familial-roquebrune\/\">services de qualit\u00e9 durant tout votre s\u00e9jour<\/a>.&nbsp;<\/p>\n\n\n\n<p class=\"ls-paragraph\">Notre <a href=\"https:\/\/campingdesiscles.com\/restaurant-roquebrune\/\">bar restaurant<\/a> avec sa cuisine traditionnelle de qualit\u00e9, vous fait partager les saveurs de Provence, riches en go\u00fbts et en couleurs\u2026 La qualit\u00e9 des ingr\u00e9dients frais, notre approvisionnement en circuit court et notre chef reconnu meilleur apprenti de France sauront stimuler vos papilles.<\/p>\n\n\n\n<p class=\"ls-paragraph\">En plus des <a href=\"https:\/\/campingdesiscles.com\/camping-animations-roquebrune\/\">animations du camping<\/a>, trois soir\u00e9es par semaine en p\u00e9riode estivale sont organis\u00e9es pour vous faire danser.<\/p>\n\n\n\n<a href=\"\/camping-bord-de-fleuve-roquebrune\/\" id=\"ls-button-block_51ff0af56dde097afafdfbdba3e35cc4\" target=\"\" rel=\"\" class=\"ls-button has-m-l m-l-10\" ><span>Seguir leyendo<\/span><span class=\"plus\">+<\/span><\/a>\n\n\n\n<figure class=\"wp-block-image size-full is-resized tuba animated slideInLeft delay-200ms slow\"><img decoding=\"async\" width=\"649\" height=\"442\" src=\"https:\/\/campingdesiscles.com\/wp-content\/uploads\/2022\/11\/masque_tuba.png\" alt=\"m\u00e1scara snorkel piscina var\" class=\"wp-image-435\" style=\"width:649px;height:442px\" srcset=\"https:\/\/campingdesiscles.com\/wp-content\/uploads\/2022\/11\/masque_tuba.png 649w, https:\/\/campingdesiscles.com\/wp-content\/uploads\/2022\/11\/masque_tuba-300x204.png 300w\" sizes=\"(max-width: 649px) 100vw, 649px\" \/><\/figure>\n<\/div>\n\n\n\n<div class=\"wp-block-column right is-layout-flow wp-block-column-is-layout-flow\">\n<figure class=\"wp-block-image size-full is-resized flamand-rose animated slideInRight delay-200ms slow\"><img decoding=\"async\" width=\"517\" height=\"472\" src=\"https:\/\/campingdesiscles.com\/wp-content\/uploads\/2022\/11\/flamingo.png\" alt=\"boya camping var roquebrune\" class=\"wp-image-433\" style=\"width:517px;height:472px\" srcset=\"https:\/\/campingdesiscles.com\/wp-content\/uploads\/2022\/11\/flamingo.png 517w, https:\/\/campingdesiscles.com\/wp-content\/uploads\/2022\/11\/flamingo-300x274.png 300w\" sizes=\"(max-width: 517px) 100vw, 517px\" \/><\/figure>\n\n\n\n<h2 class=\"ls__heading wp-block-heading\">Un momento de relajaci\u00f3n en torno al agua<\/h2>\n\n\n\n<p class=\"ls-paragraph\">Disfrute de un momento al borde del agua para relajarse. La zona acu\u00e1tica climatizada del Var es ideal para hacer largos y acompa\u00f1ar a sus hijos en sus primeros pasos en el agua.<br><br>\u00bfQuiere estar cerca de la naturaleza? D\u00e9 un paseo por la orilla del r\u00edo, a la que se puede acceder directamente desde el camping.<\/p>\n\n\n\n<a href=\"\/camping-piscine-chauffee-roquebrune\/\" id=\"ls-button-block_91f86e4e67c22f1cafc17e96db10b380\" target=\"\" rel=\"\" class=\"ls-button has-m-l m-l-10\" ><span>Seguir leyendo<\/span><span class=\"plus\">+<\/span><\/a>\n\n\n\n<figure class=\"wp-block-image size-large has-m-t m-t-10\"><img decoding=\"async\" width=\"1024\" height=\"756\" src=\"https:\/\/campingdesiscles.com\/wp-content\/uploads\/2022\/12\/femme-bouee-jaune-iscles-1024x756.webp\" alt=\"piscine chauff\u00e9e var vacances\" class=\"wp-image-1451\" srcset=\"https:\/\/campingdesiscles.com\/wp-content\/uploads\/2022\/12\/femme-bouee-jaune-iscles-1024x756.webp 1024w, https:\/\/campingdesiscles.com\/wp-content\/uploads\/2022\/12\/femme-bouee-jaune-iscles-300x222.webp 300w, https:\/\/campingdesiscles.com\/wp-content\/uploads\/2022\/12\/femme-bouee-jaune-iscles-768x567.webp 768w, https:\/\/campingdesiscles.com\/wp-content\/uploads\/2022\/12\/femme-bouee-jaune-iscles-1536x1134.webp 1536w, https:\/\/campingdesiscles.com\/wp-content\/uploads\/2022\/12\/femme-bouee-jaune-iscles-2048x1513.webp 2048w\" sizes=\"(max-width: 1024px) 100vw, 1024px\" \/><\/figure>\n\n\n\n<div id=\"ls-heading ls-titre-div-block_c73496714d1e96f89120c814698ca2d0\" class=\"ls-titre-div aligncenter h2-like has-text-color has-color-5-color has-p-t p-t-14\" >\n    El lugar perfecto para recargar las pilas&#8230;<\/div>\n<\/div>\n<\/div>\n\n\n    <\/div>\n<\/section>\n\n<section id=\"ls-section-block_4847304015e9fc0910ab954968d5b1bb\" class=\"ls-section  home-fourth has-p-t p-t-5 has-p-b p-b-20\" >\n        <div class=\"container container--full\">\n        \n\n<div class=\"wp-block-columns is-layout-flex wp-container-core-columns-is-layout-9d6595d7 wp-block-columns-is-layout-flex\">\n<div class=\"wp-block-column is-vertically-aligned-center is-layout-flow wp-block-column-is-layout-flow\" style=\"flex-basis:30%\">\n<h2 class=\"ls__heading wp-block-heading\">Nuestro confortable alojamiento<\/h2>\n\n\n\n<p class=\"ls-paragraph\">A orillas del Argens, disfrute de la naturaleza de Provenza. Aqu\u00ed es donde encontrar\u00e1 su parcela de alquiler ideal (malla de parcela) entre los callejones floridos. Nuestras casas m\u00f3viles de alquiler (red de casas m\u00f3viles) cuentan con equipamiento de alta gama y el m\u00e1ximo confort.<\/p>\n\n\n\n<p class=\"ls-paragraph\">Para parcelas descubiertas del 1 de febrero al 30 Noviembre. El camping est\u00e1 abierto del 6 abril al 03 Noviembre.<\/p>\n\n\n\n<a href=\"\/location-mobil-home-roquebrune\/\" id=\"ls-button-block_0776ba100b7c898280e64339a401731e\" target=\"\" rel=\"\" class=\"ls-button\" ><span>Descubra<\/span><span class=\"plus\">+<\/span><\/a>\n<\/div>\n\n\n\n<div class=\"wp-block-column is-layout-flow wp-block-column-is-layout-flow\" style=\"flex-basis:70%\"><div id=\"maillage-hebergements\" class=\"ls-maillage cta-style-normal\" data-rows=\"3\">\n    <div class=\"wp-block-columns\"><div class=\"wp-block-column\">\n\n<a href=\"https:\/\/campingdesiscles.com\/es\/ubicacion-roquebrune\/\" target=\"\" rel=\"noopener\" class=\"ls-cta__link\">\n\n\t<div class=\"ls-cta__image\"><img decoding=\"async\" src=\"https:\/\/campingdesiscles.com\/wp-content\/uploads\/2022\/12\/emplacement-camping-var-roquebrune-var.webp\" alt=\"emplacement camping var pas cher\"><\/div>\n\t<div class=\"ls-cta__title\">\n\t\tNuestras sedes\t<\/div>\n\n\t\t\n<\/a><\/div><div class=\"wp-block-column\">\n\n<a href=\"https:\/\/campingdesiscles.com\/es\/ubicacion-mobil-home-roquebrune\/\" target=\"\" rel=\"noopener\" class=\"ls-cta__link\">\n\n\t<div class=\"ls-cta__image\"><img decoding=\"async\" src=\"https:\/\/campingdesiscles.com\/wp-content\/uploads\/2022\/11\/image-1-1-1024x683.jpg\" alt=\"rocher roquebrune camping var paca\"><\/div>\n\t<div class=\"ls-cta__title\">\n\t\tNuestras casas m\u00f3viles\t<\/div>\n\n\t\t\n<\/a><\/div><\/div><\/div><\/div>\n<\/div>\n\n\n    <\/div>\n<\/section>\n\n<section id=\"ls-section-block_6b0622ed7409170db49e9130c89b15de\" class=\"ls-section  home-fifth background-two has-p-t p-t-24\" >\n        <div class=\"container container--full\">\n        \n\n<div class=\"wp-block-columns columns-parent is-layout-flex wp-container-core-columns-is-layout-9d6595d7 wp-block-columns-is-layout-flex\">\n<div class=\"wp-block-column left is-layout-flow wp-block-column-is-layout-flow\" style=\"flex-basis:55%\">\n<h2 class=\"ls__heading wp-block-heading has-text-align-center\">Descubra los alrededores del camping<\/h2>\n\n\n\n<p class=\"ls-paragraph has-text-align-center\">Descubra la regi\u00f3n del Var y <a href=\"https:\/\/campingdesiscles.com\/es\/turismo-var\/\">sus bellos parajes<\/a> Aqu\u00ed, en <a href=\"https:\/\/campingdesiscles.com\/es\/turismo-roquebrune\/\">Roquebrune<\/a>, <a href=\"https:\/\/campingdesiscles.com\/es\/turismo-frejus\/\">Fr\u00e9jus y<\/a> la grandiosa cascada de Sillans son tambi\u00e9n lugares que merecen una visita.<\/p>\n\n\n\n<div class=\"wp-block-columns columns-child animated slideInLeft delay-200ms slow is-layout-flex wp-container-core-columns-is-layout-9d6595d7 wp-block-columns-is-layout-flex\">\n<div class=\"wp-block-column is-layout-flow wp-block-column-is-layout-flow\">\n<div id=\"ls-cta-block_ba4cfffba486d71f2252b0587fe5df43\" class=\"ls-cta cta-alentours\">  \n    \n\n<a href=\"\/tourisme-roquebrune\/\" target=\"\" rel=\"noopener\" class=\"ls-cta__link\">\n\n\t<div class=\"ls-cta__image\"><img decoding=\"async\" src=\"https:\/\/campingdesiscles.com\/wp-content\/uploads\/2022\/12\/roquebrune-camping-emplacement-var-1024x682.webp\" alt=\"roquebrune var vacances bord rivi\u00e8re\"><\/div>\n\t<div class=\"ls-cta__title\">\n\t\tRoquebrune\t<\/div>\n\n\t\t\n<\/a><\/div><\/div>\n\n\n\n<div class=\"wp-block-column is-layout-flow wp-block-column-is-layout-flow\">\n<div id=\"ls-cta-block_5be3ac3d4c5381ee2f920b49a5249862\" class=\"ls-cta cta-alentours\">  \n    \n\n<a href=\"\/tourisme-frejus\/\" target=\"\" rel=\"noopener\" class=\"ls-cta__link\">\n\n\t<div class=\"ls-cta__image\"><img decoding=\"async\" src=\"https:\/\/campingdesiscles.com\/wp-content\/uploads\/2022\/12\/camping-moulin-des-iscles-proche-de-frejus.jpg\" alt=\"Frejus proche camping centre ville\"><\/div>\n\t<div class=\"ls-cta__title\">\n\t\tFrejus\t<\/div>\n\n\t\t\n<\/a><\/div><\/div>\n<\/div>\n\n\n\n<div id=\"ls-cta-block_3114e81d9b1d5c7c613c9df2180f8fe5\" class=\"ls-cta cta-alentours animated fadeInUp delay-200ms slow\">  \n    \n\n<a href=\"\/tourisme-var\/\" target=\"\" rel=\"noopener\" class=\"ls-cta__link\">\n\n\t<div class=\"ls-cta__image\"><img decoding=\"async\" src=\"https:\/\/campingdesiscles.com\/wp-content\/uploads\/2022\/12\/camping-moulin-des-iscles-proche-de-la-mer.jpg\" alt=\"alentours moulin des iscles\"><\/div>\n\t<div class=\"ls-cta__title\">\n\t\tEl entorno\t<\/div>\n\n\t\t\n<\/a><\/div><\/div>\n\n\n\n<div class=\"wp-block-column is-vertically-aligned-top right is-layout-flow wp-block-column-is-layout-flow\" style=\"flex-basis:45%\">\n<figure class=\"wp-block-image size-full plan\"><img decoding=\"async\" width=\"1600\" height=\"779\" src=\"https:\/\/campingdesiscles.com\/wp-content\/uploads\/2022\/12\/camping-moulin-des-iscles-1.png\" alt=\"camping moulin des iscles\" class=\"wp-image-942\" srcset=\"https:\/\/campingdesiscles.com\/wp-content\/uploads\/2022\/12\/camping-moulin-des-iscles-1.png 1600w, https:\/\/campingdesiscles.com\/wp-content\/uploads\/2022\/12\/camping-moulin-des-iscles-1-300x146.png 300w, https:\/\/campingdesiscles.com\/wp-content\/uploads\/2022\/12\/camping-moulin-des-iscles-1-1024x499.png 1024w, https:\/\/campingdesiscles.com\/wp-content\/uploads\/2022\/12\/camping-moulin-des-iscles-1-768x374.png 768w, https:\/\/campingdesiscles.com\/wp-content\/uploads\/2022\/12\/camping-moulin-des-iscles-1-1536x748.png 1536w\" sizes=\"(max-width: 1600px) 100vw, 1600px\" \/><\/figure>\n<\/div>\n<\/div>\n\n\n\n<div class=\"wp-block-columns is-layout-flex wp-container-core-columns-is-layout-9d6595d7 wp-block-columns-is-layout-flex\">\n<div class=\"wp-block-column is-layout-flow wp-block-column-is-layout-flow\" style=\"flex-basis:55%\"><\/div>\n\n\n\n<div class=\"wp-block-column is-layout-flow wp-block-column-is-layout-flow\" style=\"flex-basis:45%\">\n<div id=\"ls-heading ls-titre-div-block_8e7961cc994cdd5da0af30094ae577d7\" class=\"ls-titre-div animated rubberBand aligncenter h2-like\" >\n    Descubra una de las regiones<\/br> m\u00e1s bellas de Francia.<\/div>\n<\/div>\n<\/div>\n\n\n    <\/div>\n<\/section>\n\n<section id=\"ls-section-block_e4f40cda6a4f0012fd0f1ae8042e75a7\" class=\"ls-section  home-sixth\" >\n        <div class=\"container container--wide\">\n        \n\n<div class=\"wp-block-columns is-layout-flex wp-container-core-columns-is-layout-9d6595d7 wp-block-columns-is-layout-flex\">\n<div class=\"wp-block-column is-layout-flow wp-block-column-is-layout-flow\"><\/div>\n\n\n\n<div class=\"wp-block-column colonne-avis has-color-white-background-color has-background is-layout-flow wp-block-column-is-layout-flow\">\n<div id=\"ls-heading ls-titre-div-block_f43f5ede1242a1a2a937117ad5e9e982\" class=\"ls-titre-div aligncenter h2-like has-text-color has-color-1-color has-p-b p-b-4\" >\n    Hablan de nosotros<\/div>\n\n\n<div class=\"avis-container\"><div class=\"avis\"><div class=\"avis-note\">5\/5<\/div><div class=\"avis-etoile\">\n                                <span><i class=\"moulin-star\"><\/i><\/span><span><i class=\"moulin-star\"><\/i><\/span><span><i class=\"moulin-star\"><\/i><\/span><span><i class=\"moulin-star\"><\/i><\/span><span><i class=\"moulin-star\"><\/i><\/span>\n                            <\/div><div class=\"avis-content-container\"><div class=\"avis-text-container\"><div class=\"avis-content\"><p style=\"text-align: center;\">Gran lugar, muy amable bienvenida, casa m\u00f3vil muy limpio, te hace querer volver. Recomiendo encarecidamente este camping en Roquebrune\/Argens. Me gustar\u00eda dar las gracias a todo el personal. Hasta pronto.<\/p>\n<\/div><div class=\"avis-name\">Famille V.<\/div><\/div><\/div><\/div><div class=\"avis\"><div class=\"avis-note\">5\/5<\/div><div class=\"avis-etoile\">\n                                <span><i class=\"moulin-star\"><\/i><\/span><span><i class=\"moulin-star\"><\/i><\/span><span><i class=\"moulin-star\"><\/i><\/span><span><i class=\"moulin-star\"><\/i><\/span><span><i class=\"moulin-star\"><\/i><\/span>\n                            <\/div><div class=\"avis-content-container\"><div class=\"avis-text-container\"><div class=\"avis-content\"><p style=\"text-align: center;\">Recomiendo este camping por ser tranquilo y estar en plena naturaleza. R\u00edos y lago a pocos minutos, no lejos del pueblo Puget-sur-Argens. \u00a1Excelente! Calidad precio, gran acogida y servicios. El personal es muy amable. Lo recomiendo encarecidamente.<\/p>\n<\/div><div class=\"avis-name\">Sylvie M.<\/div><\/div><\/div><\/div><div class=\"avis\"><div class=\"avis-note\">5\/5<\/div><div class=\"avis-etoile\">\n                                <span><i class=\"moulin-star\"><\/i><\/span><span><i class=\"moulin-star\"><\/i><\/span><span><i class=\"moulin-star\"><\/i><\/span><span><i class=\"moulin-star\"><\/i><\/span><span><i class=\"moulin-star\"><\/i><\/span>\n                            <\/div><div class=\"avis-content-container\"><div class=\"avis-text-container\"><div class=\"avis-content\"><p style=\"text-align: center;\">Lejos de las multitudes, pero cerca del pueblo. Personal muy amable disponible para ayudar con el equipo. Piscina espl\u00e9ndida, limpia y bien climatizada para finales de septiembre. Estancia muy agradable en casa m\u00f3vil.<\/p>\n<\/div><div class=\"avis-name\">Alain R.<\/div><\/div><\/div><\/div><\/div>\n<\/div>\n\n\n\n<div class=\"wp-block-column is-layout-flow wp-block-column-is-layout-flow\"><\/div>\n<\/div>\n\n\n    <\/div>\n<\/section>","protected":false},"excerpt":{"rendered":"","protected":false},"author":1,"featured_media":0,"parent":0,"menu_order":0,"comment_status":"closed","ping_status":"closed","template":"","meta":{"_acf_changed":false,"footnotes":""},"sujet":[],"class_list":["post-3122","page","type-page","status-publish","hentry"],"acf":[],"_links":{"self":[{"href":"https:\/\/campingdesiscles.com\/es\/wp-json\/wp\/v2\/pages\/3122","targetHints":{"allow":["GET"]}}],"collection":[{"href":"https:\/\/campingdesiscles.com\/es\/wp-json\/wp\/v2\/pages"}],"about":[{"href":"https:\/\/campingdesiscles.com\/es\/wp-json\/wp\/v2\/types\/page"}],"author":[{"embeddable":true,"href":"https:\/\/campingdesiscles.com\/es\/wp-json\/wp\/v2\/users\/1"}],"replies":[{"embeddable":true,"href":"https:\/\/campingdesiscles.com\/es\/wp-json\/wp\/v2\/comments?post=3122"}],"version-history":[{"count":25,"href":"https:\/\/campingdesiscles.com\/es\/wp-json\/wp\/v2\/pages\/3122\/revisions"}],"predecessor-version":[{"id":6019,"href":"https:\/\/campingdesiscles.com\/es\/wp-json\/wp\/v2\/pages\/3122\/revisions\/6019"}],"wp:attachment":[{"href":"https:\/\/campingdesiscles.com\/es\/wp-json\/wp\/v2\/media?parent=3122"}],"wp:term":[{"taxonomy":"sujet","embeddable":true,"href":"https:\/\/campingdesiscles.com\/es\/wp-json\/wp\/v2\/sujet?post=3122"}],"curies":[{"name":"wp","href":"https:\/\/api.w.org\/{rel}","templated":true}]}}