{"id":3032,"date":"2022-12-29T15:33:40","date_gmt":"2022-12-29T14:33:40","guid":{"rendered":"https:\/\/campingdesiscles.com\/legal-notices\/"},"modified":"2023-10-20T09:51:13","modified_gmt":"2023-10-20T07:51:13","slug":"legal-notices","status":"publish","type":"page","link":"https:\/\/campingdesiscles.com\/en\/legal-notices\/","title":{"rendered":"Legal information"},"content":{"rendered":"<section id=\"ls-section-block_65a0cbfa091b337aff0a9fa0f4634ee8\" class=\"ls-section \" >\n        <div class=\"container container--wide\">\n        \n\n<h1 class=\"ls__heading wp-block-heading has-text-align-center\">LEGAL NOTICES<\/h1>\n\n\n\n<h2 class=\"ls__heading wp-block-heading has-text-align-center\">SITE EDITOR<\/h2>\n\n\n\n<p class=\"ls-paragraph has-text-align-center\">Company: ATOL<br>SIRET number: 91197702300017<br>TVA intracommunautaire : FR06911977023<br>APE Code: 5530Z<br>Adresse : 690 chemin du moulin des Iscles, 83520 Roquebrune-sur-Argens<br>T\u00e9l: 04.94.45.70.74<\/p>\n\n\n\n<p class=\"ls-paragraph has-text-align-center\">Responsible for publication : Tomy Baci<\/p>\n\n\n\n<p class=\"ls-paragraph has-text-align-center\">Email : contact@campingdesiscles.com<\/p>\n\n\n\n<h2 class=\"ls__heading wp-block-heading has-text-align-center\">R\u00c9ALISATION<\/h2>\n\n\n\n<p class=\"ls-paragraph has-text-align-center\">GEEK TONIC, represented by Mr. Yohan Darmayan in his capacity as Manager<br>Si\u00e8ge social : 1 all\u00e9e Pierre Lat\u00e9co\u00e8re 64200 Biarritz<br>T\u00e9l : 05 32 74 11 52<br>E-mail : support@geek-tonic.com<br>Site web : <a href=\"https:\/\/www.geek-tonic.com\/\" target=\"_blank\" rel=\"noreferrer noopener\">www.geek-tonic.com<\/a><br>SIRET : 89746755100015<br>APE : 6201Z<\/p>\n\n\n\n<h2 class=\"ls__heading wp-block-heading has-text-align-center\">COPYRIGHTS AND COPYRIGHT<\/h2>\n\n\n\n<p class=\"ls-paragraph has-text-align-center\">The entire content of this site is subject to copyright and intellectual property rights under French law<br>Any reproduction (including photos, icons and downloadable documents) is prohibited without prior agreement from GEEK TONIC.<br>The reproduction on an electronic medium of all or part of the site in paper or electronic format is prohibited.<br>GEEK TONIC is not responsible for the content of the website.<br>GEEK TONIC also declines all responsibility for external links to this site.<\/p>\n\n\n\n<h2 class=\"ls__heading wp-block-heading has-text-align-center\">PERSONAL DATA AND NOMINATIVE INFORMATION<\/h2>\n\n\n\n<p class=\"ls-paragraph has-text-align-center\">You have the right to access, modify, rectify and delete data concerning you in accordance with Article 34 of the French Data Protection Act (Loi &#8221; Informatique et Libert\u00e9s &#8221; n\u00b0 78-17 of 6 January 1978, modified on 6 August 2018).<br>To exercise this right of access, you may make a written request to the site editor.<\/p>\n\n\n\n<h2 class=\"ls__heading wp-block-heading has-text-align-center\">LEGISLATION<\/h2>\n\n\n\n<p class=\"ls-paragraph has-text-align-center\">According to the law of 11 March 1957 (art. 41) and the intellectual property code of 1 July 1992, it is forbidden to reproduce partially or totally any part of the site without prior authorisation from the site editor.<br>The logos, visuals, photos, videos, graphic charts and texts are the property of their respective owners.<br>This site may, without its knowledge, have been linked to other sites through hypermedia links. The site editor declines all responsibility for the information presented on these other sites.<br>The Internet user acknowledges that the use of this site is governed by French law.<\/p>\n\n\n\n<h2 class=\"ls__heading wp-block-heading has-text-align-center\"><strong>4X payment by credit card with our partner FLOA<\/strong><\/h2>\n\n\n\n<p class=\"ls-paragraph has-text-align-center\">Our financial partner FLOA offers payment solutions for your purchases of goods and\/or services, in 4 instalments by bank card. These payment solutions are reserved for private individuals (over 18 years of age) residing in France, holding a Visa or MasterCard bank card with a validity date corresponding to the duration of the refund. FLOA, RCS Bordeaux 434 130 423, whose registered office is at Immeuble G7 &#8211; 71 Rue Lucien Faure, Bordeaux (33300), is subject to supervision by the Autorit\u00e9 de Contr\u00f4le Prudentiel et de R\u00e9solution (ACPR), 4 Place de Budapest, CS 92459, 75436 PARIS CEDEX 09, and is registered with the ORIAS under number 07 028 160 (<a href=\"http:\/\/www.orias.fr\">www.orias.fr<\/a>).<\/p>\n\n\n\n<p class=\"ls-paragraph has-text-align-center\">FLOA reserves the right to accept or refuse your request for finance; you have a statutory cooling-off period of 14 days. To find out more, <a href=\"https:\/\/www.floabank.fr\/conditions-generales-paiement-plusieurs-fois\">click here<\/a>.<\/p>\n\n\n\n<p class=\"ls-paragraph has-text-align-center\">We draw your attention to the fact that if you ask to pay for your order of goods and\/or services by means of these payment solutions, your personal data will be transmitted to FLOA for the purposes of studying your request for financing, managing your credit contract and, where applicable, debt collection. For more information, <a href=\"https:\/\/www.floabank.fr\/politique-confidentialite\">click here<\/a>.<\/p>\n\n\n    <\/div>\n<\/section>","protected":false},"excerpt":{"rendered":"","protected":false},"author":1,"featured_media":0,"parent":0,"menu_order":0,"comment_status":"closed","ping_status":"closed","template":"","meta":{"_acf_changed":false,"footnotes":""},"sujet":[],"class_list":["post-3032","page","type-page","status-publish","hentry"],"acf":[],"_links":{"self":[{"href":"https:\/\/campingdesiscles.com\/en\/wp-json\/wp\/v2\/pages\/3032","targetHints":{"allow":["GET"]}}],"collection":[{"href":"https:\/\/campingdesiscles.com\/en\/wp-json\/wp\/v2\/pages"}],"about":[{"href":"https:\/\/campingdesiscles.com\/en\/wp-json\/wp\/v2\/types\/page"}],"author":[{"embeddable":true,"href":"https:\/\/campingdesiscles.com\/en\/wp-json\/wp\/v2\/users\/1"}],"replies":[{"embeddable":true,"href":"https:\/\/campingdesiscles.com\/en\/wp-json\/wp\/v2\/comments?post=3032"}],"version-history":[{"count":5,"href":"https:\/\/campingdesiscles.com\/en\/wp-json\/wp\/v2\/pages\/3032\/revisions"}],"predecessor-version":[{"id":5293,"href":"https:\/\/campingdesiscles.com\/en\/wp-json\/wp\/v2\/pages\/3032\/revisions\/5293"}],"wp:attachment":[{"href":"https:\/\/campingdesiscles.com\/en\/wp-json\/wp\/v2\/media?parent=3032"}],"wp:term":[{"taxonomy":"sujet","embeddable":true,"href":"https:\/\/campingdesiscles.com\/en\/wp-json\/wp\/v2\/sujet?post=3032"}],"curies":[{"name":"wp","href":"https:\/\/api.w.org\/{rel}","templated":true}]}}