{"id":3014,"date":"2022-12-29T14:57:00","date_gmt":"2022-12-29T13:57:00","guid":{"rendered":"https:\/\/campingdesiscles.com\/camping-pool-heated-roquebrune\/"},"modified":"2023-03-01T16:41:14","modified_gmt":"2023-03-01T15:41:14","slug":"camping-pool-heated-roquebrune","status":"publish","type":"page","link":"https:\/\/campingdesiscles.com\/en\/camping-pool-heated-roquebrune\/","title":{"rendered":"Swimming pool"},"content":{"rendered":"<section id=\"ls-section-block_9f1309c47d287657db61d2c64ca31f14\" class=\"ls-section  page-one page background-one has-p-t p-t-12\" >\n        <div class=\"container container--wide\">\n        \n\n<h1 class=\"ls__heading has-text-align-center has-p-b p-b-8 wp-block-heading\">Campsite with a great water park <br>in Roquebrune<\/h1>\n\n\n\n<div class=\"wp-block-columns is-layout-flex wp-container-core-columns-is-layout-9d6595d7 wp-block-columns-is-layout-flex\">\n<div class=\"wp-block-column is-vertically-aligned-center is-layout-flow wp-block-column-is-layout-flow\" style=\"flex-basis:33.33%\">\n<h2 class=\"ls-heading wp-block-heading\">Take a dip in our heated pool<\/h2>\n\n\n\n<p class=\"ls-paragraph\">Our campsite with heated swimming pool in Roquebrune-sur-Argens welcomes you for all your <strong>relaxing moments.<\/strong> Dedicated to the world of swimming, <strong>our aquatic area<\/strong> consists of a <strong>heated outdoor pool<\/strong>, equipped <strong>with deckchairs<\/strong> and a large <strong>semi-shaded solarium.<\/strong> <\/p>\n\n\n\n<p class=\"ls-paragraph\">If you like simplicity, our Moulins des Iscles Varois <a href=\"\/en\/\">campsite with swimming pool<\/a> is for you. We have a <strong>heated swimming pool<\/strong>, which is equipped with a <strong>seated and reclining whirlpool<\/strong> to guarantee you pure <strong>moments of relaxation.<\/strong><\/p>\n\n\n\n<p class=\"ls-paragraph\">Water games, <strong>pool parties<\/strong> and <strong>night-time swimming<\/strong> will be part of your daily routine. For your information, our campsite does not have water slides.<\/p>\n\n\n\n<p class=\"ls-paragraph\">Info : Heated swimming pool open every day from 8 am to 8 pm from 22 April to 30 September. Swimming pool with paddling pool, water games (nightly pool party on Wednesdays until 11pm with music and pool bar) and sunbathing. Sitting and lying whirlpool area.<\/p>\n<\/div>\n\n\n\n<div class=\"wp-block-column is-layout-flow wp-block-column-is-layout-flow\" style=\"flex-basis:66.66%\">\n<figure class=\"wp-block-image size-full animated fadeInRight delay-100ms slow\"><img decoding=\"async\" width=\"800\" height=\"564\" src=\"https:\/\/campingdesiscles.com\/wp-content\/uploads\/2022\/12\/espace-aquatique-roquebrune.jpg\" alt=\"aquatic space roquebrune\" class=\"wp-image-2844\" srcset=\"https:\/\/campingdesiscles.com\/wp-content\/uploads\/2022\/12\/espace-aquatique-roquebrune.jpg 800w, https:\/\/campingdesiscles.com\/wp-content\/uploads\/2022\/12\/espace-aquatique-roquebrune-300x212.jpg 300w, https:\/\/campingdesiscles.com\/wp-content\/uploads\/2022\/12\/espace-aquatique-roquebrune-768x541.jpg 768w\" sizes=\"(max-width: 800px) 100vw, 800px\" \/><\/figure>\n<\/div>\n<\/div>\n\n\n    <\/div>\n<\/section>\n\n<section id=\"ls-section-block_6341eba568f95c2c6c11304c162dab51\" class=\"ls-section  home-second page has-background-image has-m-t m-t-10 has-m-l m-l-10 has-m-r m-r-10\" >\n    <div class=\"ls-section__background-image opacity-100\"><img decoding=\"async\" src=\"https:\/\/campingdesiscles.com\/wp-content\/uploads\/2022\/12\/5e3c283b3b877_camping-moulin-iscles-panoramique-1.jpg\" alt=\"piscine chauff\u00e9e moulin iscles roquebrune\"><\/div>    <div class=\"container container--wide\">\n        \n\n<h2 class=\"ls__heading has-text-align-center has-p-b p-b-4 wp-block-heading\">Resting on our sunbeds<\/h2>\n\n\n\n<div class=\"wp-block-columns raisons is-layout-flex wp-container-core-columns-is-layout-9d6595d7 wp-block-columns-is-layout-flex\">\n<div class=\"wp-block-column animated fadeIn delay-200ms slow is-layout-flow wp-block-column-is-layout-flow\" style=\"flex-basis:20%\"><\/div>\n\n\n\n<div class=\"wp-block-column animated fadeIn delay-500ms slow is-layout-flow wp-block-column-is-layout-flow\" style=\"flex-basis:60%\">\n<p class=\"ls-paragraph has-text-align-center has-medium-font-size\">At our <strong>campsite in Roquebrune<\/strong>, in addition to <strong>the whirlpool<\/strong> and the paddling pool area, there <strong>are sunbeds<\/strong> at the poolside <strong>under parasols.<\/strong> There are <strong>sun loungers to relax<\/strong> on by the heated swimming pool, while enjoying the sun. Lazy days, <strong>sunbathing and relaxation guaranteed.<\/strong><\/p>\n<\/div>\n\n\n\n<div class=\"wp-block-column animated fadeIn delay-1s slow is-layout-flow wp-block-column-is-layout-flow\" style=\"flex-basis:20%\"><\/div>\n<\/div>\n\n\n    <\/div>\n<\/section>\n\n<section id=\"ls-section-block_72f0cd69103be69cef098057ce569ef0\" class=\"ls-section  page-two has-p-t p-t-14 has-p-b p-b-10\" >\n        <div class=\"container container--wide\">\n        \n\n<div class=\"wp-block-columns is-layout-flex wp-container-core-columns-is-layout-9d6595d7 wp-block-columns-is-layout-flex\">\n<div class=\"wp-block-column is-layout-flow wp-block-column-is-layout-flow\">\n<figure class=\"wp-block-image size-full has-m-b m-b-10 animated slideInRight delay-200ms slow\"><a href=\"https:\/\/campingdesiscles.com\/wp-content\/uploads\/2022\/12\/femme-transat-farniente-iscles.webp\"><img decoding=\"async\" width=\"1024\" height=\"683\" src=\"https:\/\/campingdesiscles.com\/wp-content\/uploads\/2022\/12\/femme-transat-farniente-iscles.webp\" alt=\"woman deckchair farniente iscles\" class=\"wp-image-1715\" srcset=\"https:\/\/campingdesiscles.com\/wp-content\/uploads\/2022\/12\/femme-transat-farniente-iscles.webp 1024w, https:\/\/campingdesiscles.com\/wp-content\/uploads\/2022\/12\/femme-transat-farniente-iscles-300x200.webp 300w, https:\/\/campingdesiscles.com\/wp-content\/uploads\/2022\/12\/femme-transat-farniente-iscles-768x512.webp 768w\" sizes=\"(max-width: 1024px) 100vw, 1024px\" \/><\/a><\/figure>\n\n\n\n<h2 class=\"ls-heading wp-block-heading\">The campsite paddling pool for your children in Roquebrune<\/h2>\n\n\n\n<p class=\"ls-paragraph\"><strong>The paddling pool<\/strong> of the heated swimming pool <strong>welcomes your youngest<\/strong> children so that even the smallest can enjoy a water area. They can learn the pleasures, <strong>joys and games<\/strong> of water in a <strong>safe and secure environment<\/strong>.<\/p>\n\n\n\n<p class=\"ls-paragraph\">Our <strong>family pool<\/strong> with paddling pool in Roquebrune-sur-Argens is ideal for your family time. Our <strong>paddling pool<\/strong>, like the swimming pool, <strong>is heated.<\/strong> <br>Bordered by deckchairs in the vicinity, it <strong>ensures optimal surveillance.<\/strong><\/p>\n<\/div>\n\n\n\n<div class=\"wp-block-column is-layout-flow wp-block-column-is-layout-flow\">\n<h2 class=\"ls__heading has-m-t m-t-10 wp-block-heading\">Your moment of relaxation<\/h2>\n\n\n\n<p class=\"ls-paragraph\">Relaxation, <strong>whirlpools<\/strong> and <strong>massages<\/strong> are all part of the service at our campsite in Roquebrune-sur-Argens. Our heated <strong>swimming pool<\/strong> has a whirlpool. <br>Ideal for recovering after <strong>a day on the beach<\/strong> or <strong>mountain biking.<\/strong> <\/p>\n\n\n\n<figure class=\"wp-block-image size-full is-resized has-m-t m-t-10 animated slideInLeft delay-200ms slow\"><a href=\"https:\/\/campingdesiscles.com\/wp-content\/uploads\/2022\/12\/piscine-moulin-des-iscles-enfants.webp\"><img decoding=\"async\" src=\"https:\/\/campingdesiscles.com\/wp-content\/uploads\/2022\/12\/piscine-moulin-des-iscles-enfants.webp\" alt=\"piscine moulin des iscles enfants\" class=\"wp-image-1444\" width=\"650\" height=\"477\" srcset=\"https:\/\/campingdesiscles.com\/wp-content\/uploads\/2022\/12\/piscine-moulin-des-iscles-enfants.webp 650w, https:\/\/campingdesiscles.com\/wp-content\/uploads\/2022\/12\/piscine-moulin-des-iscles-enfants-300x220.webp 300w\" sizes=\"(max-width: 650px) 100vw, 650px\" \/><\/a><\/figure>\n<\/div>\n<\/div>\n\n\n    <\/div>\n<\/section>\n\n<section id=\"ls-section-block_90b69ddfbfbed7bcfeec40c0736f8f48\" class=\"ls-section  page-avis has-p-t p-t-14 has-p-b p-b-14\" >\n        <div class=\"container container--wide\">\n        \n\n<div class=\"wp-block-columns is-layout-flex wp-container-core-columns-is-layout-9d6595d7 wp-block-columns-is-layout-flex\">\n<div class=\"wp-block-column is-vertically-aligned-bottom is-layout-flow wp-block-column-is-layout-flow\">\n<figure class=\"wp-block-image size-full animated slideInLeft delay-200ms slow\"><img decoding=\"async\" width=\"327\" height=\"268\" src=\"https:\/\/campingdesiscles.com\/wp-content\/uploads\/2022\/12\/piscine.png\" alt=\"logo piscine bou\u00e9e canard\" class=\"wp-image-708\" srcset=\"https:\/\/campingdesiscles.com\/wp-content\/uploads\/2022\/12\/piscine.png 327w, https:\/\/campingdesiscles.com\/wp-content\/uploads\/2022\/12\/piscine-300x246.png 300w\" sizes=\"(max-width: 327px) 100vw, 327px\" \/><\/figure>\n<\/div>\n\n\n\n<div class=\"wp-block-column colonne-avis has-color-white-background-color has-background is-layout-flow wp-block-column-is-layout-flow\">\n<div id=\"ls-heading ls-titre-div-block_1471079ea44b72efe864c347df52b885\" class=\"ls-titre-div aligncenter h2-like has-p-b p-b-8\" >\n    What do our customers think of the pool?<\/div>\n\n\n<div class=\"avis-container\"><div class=\"avis\"><div class=\"avis-note\">Parfait<\/div><div class=\"avis-etoile\">\n                <span><i class=\"moulin-star\"><\/i><\/span><span><i class=\"moulin-star\"><\/i><\/span><span><i class=\"moulin-star\"><\/i><\/span><span><i class=\"moulin-star\"><\/i><\/span><span><i class=\"moulin-star\"><\/i><\/span>\n                <\/div><div class=\"avis-content-container\"><div class=\"avis-text-container\"><div class=\"avis-content\"><p style=\"text-align: center;\">Loin de la foule, mais pr\u00e8s du village. Personnel tr\u00e8s accueillant et disponible pour intervenir sur le mat\u00e9riel. <span class=\"jLQSJ\">Piscine<\/span>\u00a0splendide, propre et bien chauff\u00e9e pour une fin septembre. Tr\u00e8s agr\u00e9able s\u00e9jour en mobile home.<\/p>\n<\/div><div class=\"avis-name\">Jacques M.<\/div><\/div><\/div><\/div><div class=\"avis\"><div class=\"avis-note\">Petit Paradis<\/div><div class=\"avis-etoile\">\n                <span><i class=\"moulin-star\"><\/i><\/span><span><i class=\"moulin-star\"><\/i><\/span><span><i class=\"moulin-star\"><\/i><\/span><span><i class=\"moulin-star\"><\/i><\/span><span><i class=\"moulin-star\"><\/i><\/span>\n                <\/div><div class=\"avis-content-container\"><div class=\"avis-text-container\"><div class=\"avis-content\"><p style=\"text-align: center;\">Le petit paradis. Du personnel tr\u00e8s motiv\u00e9 une direction \u00e0 l\u2019\u00e9coute et disponible. Un cuisinier d\u00e9vou\u00e9, des assistantes souriantes, des arbres ombrag\u00e9s une <span class=\"jLQSJ\">piscine<\/span> tr\u00e8s agr\u00e9able. L&#8217;est est chaude et les bains bouillonnants et massant sont juste ce qu&#8217;il faut.<\/p>\n<\/div><div class=\"avis-name\">Leon D.<\/div><\/div><\/div><\/div><div class=\"avis\"><div class=\"avis-note\">Piscine parfaite<\/div><div class=\"avis-etoile\">\n                <span><i class=\"moulin-star\"><\/i><\/span><span><i class=\"moulin-star\"><\/i><\/span><span><i class=\"moulin-star\"><\/i><\/span><span><i class=\"moulin-star\"><\/i><\/span><span><i class=\"moulin-star\"><\/i><\/span>\n                <\/div><div class=\"avis-content-container\"><div class=\"avis-text-container\"><div class=\"avis-content\"><p style=\"text-align: center;\">Tr\u00e8s court s\u00e9jour mais bel emplacement, sanitaires tout neufs et propre, belle <span class=\"jLQSJ\">piscine<\/span> moderne!<\/p>\n<\/div><div class=\"avis-name\">Martin V.<\/div><\/div><\/div><\/div><\/div>\n<\/div>\n\n\n\n<div class=\"wp-block-column is-layout-flow wp-block-column-is-layout-flow\">\n<figure class=\"wp-block-image size-large\"><img decoding=\"async\" width=\"1024\" height=\"768\" src=\"https:\/\/campingdesiscles.com\/wp-content\/uploads\/2022\/12\/IMG-20220526-WA0004-1024x768.jpg\" alt=\"IMG WA\" class=\"wp-image-2981\" srcset=\"https:\/\/campingdesiscles.com\/wp-content\/uploads\/2022\/12\/IMG-20220526-WA0004-1024x768.jpg 1024w, https:\/\/campingdesiscles.com\/wp-content\/uploads\/2022\/12\/IMG-20220526-WA0004-300x225.jpg 300w, https:\/\/campingdesiscles.com\/wp-content\/uploads\/2022\/12\/IMG-20220526-WA0004-768x576.jpg 768w, https:\/\/campingdesiscles.com\/wp-content\/uploads\/2022\/12\/IMG-20220526-WA0004-1536x1152.jpg 1536w, https:\/\/campingdesiscles.com\/wp-content\/uploads\/2022\/12\/IMG-20220526-WA0004.jpg 1600w\" sizes=\"(max-width: 1024px) 100vw, 1024px\" \/><figcaption class=\"wp-element-caption\">Rafraichissez-vous au bord de la piscine ! \ud83d\ude09<\/figcaption><\/figure>\n<\/div>\n<\/div>\n\n\n    <\/div>\n<\/section>\n\n<section id=\"ls-section-block_ebc4834b56ba267efc8b58ca89e0d106\" class=\"ls-section  page-maillage has-p-t p-t-14 has-p-b p-b-10\" >\n        <div class=\"container container--wide\">\n        \n\n<div id=\"ls-heading ls-titre-div-block_7ba3f5f3e3a809e42320ad79dfd9e385\" class=\"ls-titre-div aligncenter h2-like has-p-b p-b-8\" >\n    Discover the accommodation and services of our campsite<\/div>\n\n\n<div id=\"ls-maillage-block_c55e4caaf81979844e835ca77b76b6ad\" class=\"ls-maillage cta-style-normal\" data-rows=\"3\">\n    <div class=\"wp-block-columns\"><div class=\"wp-block-column\">\n\n<a href=\"https:\/\/campingdesiscles.com\/en\/family-campsite-roquebrune\/\" target=\"\" rel=\"noopener\" class=\"ls-cta__link\">\n\n\t<div class=\"ls-cta__image\"><img decoding=\"async\" src=\"https:\/\/campingdesiscles.com\/wp-content\/uploads\/2022\/12\/accueil-iscles-camping-var-1024x722.webp\" alt=\"services qualit\u00e9 camping roquebrune\"><\/div>\n\t<div class=\"ls-cta__title\">\n\t\tOur services\t<\/div>\n\n\t\t\n<\/a><\/div><div class=\"wp-block-column\">\n\n<a href=\"https:\/\/campingdesiscles.com\/en\/campsite-animations-roquebrune\/\" target=\"\" rel=\"noopener\" class=\"ls-cta__link\">\n\n\t<div class=\"ls-cta__image\"><img decoding=\"async\" src=\"https:\/\/campingdesiscles.com\/wp-content\/uploads\/2022\/12\/enfant-balancoire-jeux-1024x683.webp\" alt=\"jeux enfant camping var\"><\/div>\n\t<div class=\"ls-cta__title\">\n\t\tAnimations and activities\t<\/div>\n\n\t\t\n<\/a><\/div><div class=\"wp-block-column\">\n\n<a href=\"https:\/\/campingdesiscles.com\/en\/rental-mobil-home-roquebrune\/\" target=\"\" rel=\"noopener\" class=\"ls-cta__link\">\n\n\t<div class=\"ls-cta__image\"><img decoding=\"async\" src=\"https:\/\/campingdesiscles.com\/wp-content\/uploads\/2022\/11\/image-1-1-1024x683.jpg\" alt=\"rocher roquebrune camping var paca\"><\/div>\n\t<div class=\"ls-cta__title\">\n\t\tOur mobile homes\t<\/div>\n\n\t\t\n<\/a><\/div><\/div><\/div>\n\n    <\/div>\n<\/section>","protected":false},"excerpt":{"rendered":"","protected":false},"author":1,"featured_media":1694,"parent":0,"menu_order":0,"comment_status":"closed","ping_status":"closed","template":"","meta":{"_acf_changed":false,"footnotes":""},"sujet":[],"class_list":["post-3014","page","type-page","status-publish","has-post-thumbnail","hentry"],"acf":[],"_links":{"self":[{"href":"https:\/\/campingdesiscles.com\/en\/wp-json\/wp\/v2\/pages\/3014","targetHints":{"allow":["GET"]}}],"collection":[{"href":"https:\/\/campingdesiscles.com\/en\/wp-json\/wp\/v2\/pages"}],"about":[{"href":"https:\/\/campingdesiscles.com\/en\/wp-json\/wp\/v2\/types\/page"}],"author":[{"embeddable":true,"href":"https:\/\/campingdesiscles.com\/en\/wp-json\/wp\/v2\/users\/1"}],"replies":[{"embeddable":true,"href":"https:\/\/campingdesiscles.com\/en\/wp-json\/wp\/v2\/comments?post=3014"}],"version-history":[{"count":13,"href":"https:\/\/campingdesiscles.com\/en\/wp-json\/wp\/v2\/pages\/3014\/revisions"}],"predecessor-version":[{"id":4556,"href":"https:\/\/campingdesiscles.com\/en\/wp-json\/wp\/v2\/pages\/3014\/revisions\/4556"}],"wp:featuredmedia":[{"embeddable":true,"href":"https:\/\/campingdesiscles.com\/en\/wp-json\/wp\/v2\/media\/1694"}],"wp:attachment":[{"href":"https:\/\/campingdesiscles.com\/en\/wp-json\/wp\/v2\/media?parent=3014"}],"wp:term":[{"taxonomy":"sujet","embeddable":true,"href":"https:\/\/campingdesiscles.com\/en\/wp-json\/wp\/v2\/sujet?post=3014"}],"curies":[{"name":"wp","href":"https:\/\/api.w.org\/{rel}","templated":true}]}}