{"id":3008,"date":"2022-12-29T14:17:14","date_gmt":"2022-12-29T13:17:14","guid":{"rendered":"https:\/\/campingdesiscles.com\/campsite-animations-roquebrune\/"},"modified":"2023-03-01T16:21:31","modified_gmt":"2023-03-01T15:21:31","slug":"campsite-animations-roquebrune","status":"publish","type":"page","link":"https:\/\/campingdesiscles.com\/en\/campsite-animations-roquebrune\/","title":{"rendered":"Animations and activities"},"content":{"rendered":"<section id=\"ls-section-block_2d9ebb6666c89be3d8958b6364a79216\" class=\"ls-section  page-one page background-one has-p-t p-t-12\" >\n        <div class=\"container container--wide\">\n        \n\n<h1 class=\"ls__heading has-text-align-center has-p-b p-b-8 wp-block-heading\">Take part in family activities at the campsite in Roquebrune<\/h1>\n\n\n\n<p class=\"ls-paragraph has-text-align-center has-medium-font-size\">If you are looking for a campsite with <strong>entertainment and children&#8217;s playgrounds<\/strong>, then Camping des Iscles in Roquebrune-sur-Argens is for you!<\/p>\n\n\n\n<div class=\"wp-block-columns is-layout-flex wp-container-core-columns-is-layout-9d6595d7 wp-block-columns-is-layout-flex\">\n<div class=\"wp-block-column is-vertically-aligned-center is-layout-flow wp-block-column-is-layout-flow\" style=\"flex-basis:33.33%\">\n<h2 class=\"ls-heading wp-block-heading\">The little ones will have fun at the playground<\/h2>\n\n\n\n<p class=\"ls-paragraph has-medium-font-size\">Let your children try <strong>out the swings<\/strong>, <strong>the turnstiles<\/strong>, <strong>mini-golf<\/strong>, the play areas or <strong>the bouncy castle<\/strong> with their holiday friends. While you relax in the sun, they can let off steam in the open air.<\/p>\n\n\n\n<p class=\"ls-paragraph has-medium-font-size\">Choosing our campsite with <strong>a children&#8217;s play area<\/strong> means that your children can <strong>enjoy themselves in a safe environment and<\/strong> in good company. <\/p>\n<\/div>\n\n\n\n<div class=\"wp-block-column is-layout-flow wp-block-column-is-layout-flow\" style=\"flex-basis:66.66%\">\n<figure class=\"wp-block-image size-large\"><img decoding=\"async\" width=\"1024\" height=\"683\" src=\"https:\/\/campingdesiscles.com\/wp-content\/uploads\/2022\/12\/enfant-balancoire-jeux-1024x683.webp\" alt=\"child swing games\" class=\"wp-image-1544\" srcset=\"https:\/\/campingdesiscles.com\/wp-content\/uploads\/2022\/12\/enfant-balancoire-jeux-1024x683.webp 1024w, https:\/\/campingdesiscles.com\/wp-content\/uploads\/2022\/12\/enfant-balancoire-jeux-300x200.webp 300w, https:\/\/campingdesiscles.com\/wp-content\/uploads\/2022\/12\/enfant-balancoire-jeux-768x512.webp 768w, https:\/\/campingdesiscles.com\/wp-content\/uploads\/2022\/12\/enfant-balancoire-jeux-1536x1024.webp 1536w, https:\/\/campingdesiscles.com\/wp-content\/uploads\/2022\/12\/enfant-balancoire-jeux-2048x1365.webp 2048w\" sizes=\"(max-width: 1024px) 100vw, 1024px\" \/><\/figure>\n<\/div>\n<\/div>\n\n\n    <\/div>\n<\/section>\n\n<section id=\"ls-section-block_9c679ce7fd25356898d21b0f3a31e846\" class=\"ls-section  home-second page has-background-image has-m-t m-t-10 has-m-l m-l-10 has-m-r m-r-10\" >\n    <div class=\"ls-section__background-image opacity-100\"><img decoding=\"async\" src=\"https:\/\/campingdesiscles.com\/wp-content\/uploads\/2022\/11\/animation-enfants-camping-roquebrune.webp\" alt=\"animation enfants camping roquebrune\"><\/div>    <div class=\"container container--wide\">\n        \n\n<div class=\"wp-block-columns raisons is-layout-flex wp-container-core-columns-is-layout-9d6595d7 wp-block-columns-is-layout-flex\">\n<div class=\"wp-block-column animated fadeIn delay-200ms slow is-layout-flow wp-block-column-is-layout-flow\" style=\"flex-basis:20%\"><\/div>\n\n\n\n<div class=\"wp-block-column animated fadeIn delay-500ms slow is-layout-flow wp-block-column-is-layout-flow\" style=\"flex-basis:60%\">\n<h2 class=\"ls__heading has-text-align-center wp-block-heading\">Moments of laughter during family events in Roquebrune<\/h2>\n\n\n\n<p class=\"ls-paragraph has-text-align-center has-medium-font-size\">We offer <strong>original family entertainment,<\/strong> in partnership with KX EVENT. Treasure hunt, aperitif hike with wine tasting at the Ch\u00e2teau du Rouet, we <strong>offer fun activities<\/strong> that will enchant young and old.<\/p>\n\n\n\n<p class=\"ls-paragraph has-text-align-center has-medium-font-size\">You will discover the region of Roquebrune-sur-Argens while sharing <strong>unforgettable moments with your family.<\/strong> As our partner KX EVENT says so well, sometimes happiness is to look at life differently!<\/p>\n<\/div>\n\n\n\n<div class=\"wp-block-column animated fadeIn delay-1s slow is-layout-flow wp-block-column-is-layout-flow\" style=\"flex-basis:20%\"><\/div>\n<\/div>\n\n\n    <\/div>\n<\/section>\n\n<section id=\"ls-section-block_f8849f4a1c163d82aa23cbcc00c8f58e\" class=\"ls-section  page-two has-p-t p-t-14 has-p-b p-b-10\" >\n        <div class=\"container container--wide\">\n        \n\n<div class=\"wp-block-columns is-layout-flex wp-container-core-columns-is-layout-9d6595d7 wp-block-columns-is-layout-flex\">\n<div class=\"wp-block-column is-layout-flow wp-block-column-is-layout-flow\">\n<figure class=\"wp-block-image size-large has-m-b m-b-10 animated slideInRight delay-200ms slow\"><a href=\"https:\/\/campingdesiscles.com\/wp-content\/uploads\/2023\/01\/enfant-paddle-riviere-iscles-1024x725.webp\"><img decoding=\"async\" width=\"1024\" height=\"725\" src=\"https:\/\/campingdesiscles.com\/wp-content\/uploads\/2023\/01\/enfant-paddle-riviere-iscles-1024x725.webp\" alt=\"enfant paddle riviere animation roquebrune\" class=\"wp-image-3478\" srcset=\"https:\/\/campingdesiscles.com\/wp-content\/uploads\/2023\/01\/enfant-paddle-riviere-iscles-1024x725.webp 1024w, https:\/\/campingdesiscles.com\/wp-content\/uploads\/2023\/01\/enfant-paddle-riviere-iscles-300x212.webp 300w, https:\/\/campingdesiscles.com\/wp-content\/uploads\/2023\/01\/enfant-paddle-riviere-iscles-768x544.webp 768w, https:\/\/campingdesiscles.com\/wp-content\/uploads\/2023\/01\/enfant-paddle-riviere-iscles.webp 1366w\" sizes=\"(max-width: 1024px) 100vw, 1024px\" \/><\/a><\/figure>\n\n\n\n<h2 class=\"ls-heading wp-block-heading\">Your evening entertainment in the Var<\/h2>\n\n\n\n<p class=\"ls-paragraph\">No campsite without <strong>evening entertainment in the Var<\/strong>! Musical atmosphere, <strong>dance evenings and themed evenings<\/strong>, our campsite with evening entertainment will enchant your summer. <\/p>\n\n\n\n<p class=\"ls-paragraph\">Moments of <strong>sharing and conviviality<\/strong> guaranteed. <br><strong>Dancing<\/strong> and fun <strong>until midnight.<\/strong><br>All summer long <strong>our evening entertainers<\/strong> offer you :<\/p>\n\n\n\n<ul class=\"ls-list ls-list-undefined has-color-black-color has-text-color wp-block-list\">\n<li>Monday: MEG and BreakFast \/ Repise 80-90 and pop-rock;<\/li>\n\n\n\n<li>Wednesday: pool party until midnight;<\/li>\n\n\n\n<li>Friday: musical evening with PATHills and The BB.<\/li>\n<\/ul>\n<\/div>\n\n\n\n<div class=\"wp-block-column is-layout-flow wp-block-column-is-layout-flow\">\n<h2 class=\"ls__heading has-text-align-center wp-block-heading\">Camping with sports facilities in Roquebrune<\/h2>\n\n\n\n<p class=\"ls-paragraph has-text-align-center\">Ideally situated on the banks of the Argens river, <a href=\"\/en\/\">our campsite in the Var<\/a> gives you the opportunity to <strong>do unusual water activities<\/strong>: paddle, <strong>canoeing<\/strong> or <strong>paddle stepping.<\/strong> If you wish to discover the joys of water or just relax, our <strong>swimming pool awaits you at our campsite<\/strong> with entertainment.<\/p>\n\n\n\n<p class=\"ls-paragraph has-text-align-center\">Discover our other sports facilities: <strong>petanque court<\/strong>, outdoor <strong>ping-pong tables<\/strong>, <strong>billiards<\/strong>, table <strong>football<\/strong>, darts and badminton. Everything you need to have a good time with your family.<\/p>\n\n\n\n<figure class=\"wp-block-image size-large has-m-t m-t-10 animated slideInLeft delay-200ms slow\"><a href=\"https:\/\/campingdesiscles.com\/wp-content\/uploads\/2023\/01\/soiree-moulin-iscles-var-animations-1024x725.webp\"><img decoding=\"async\" width=\"1024\" height=\"725\" src=\"https:\/\/campingdesiscles.com\/wp-content\/uploads\/2023\/01\/soiree-moulin-iscles-var-animations-1024x725.webp\" alt=\"soiree moulin iscles var animations\" class=\"wp-image-3577\" srcset=\"https:\/\/campingdesiscles.com\/wp-content\/uploads\/2023\/01\/soiree-moulin-iscles-var-animations-1024x725.webp 1024w, https:\/\/campingdesiscles.com\/wp-content\/uploads\/2023\/01\/soiree-moulin-iscles-var-animations-300x212.webp 300w, https:\/\/campingdesiscles.com\/wp-content\/uploads\/2023\/01\/soiree-moulin-iscles-var-animations-768x544.webp 768w, https:\/\/campingdesiscles.com\/wp-content\/uploads\/2023\/01\/soiree-moulin-iscles-var-animations.webp 1136w\" sizes=\"(max-width: 1024px) 100vw, 1024px\" \/><\/a><\/figure>\n<\/div>\n<\/div>\n\n\n    <\/div>\n<\/section>\n\n<section id=\"ls-section-block_28e975845a2ace9673d48edf5434e83b\" class=\"ls-section  page-one page background-one has-p-t p-t-3\" >\n        <div class=\"container container--wide\">\n        \n\n<h2 class=\"ls__heading has-text-align-center p-b-5 wp-block-heading\">The best entertainment near the campsite<\/h2>\n\n\n\n<p class=\"ls-paragraph has-text-align-center\">Ideally located, our Var campsite is close <strong>to Fr\u00e9jus plage<\/strong> (12 minutes by car) and only 1,500 metres from the centre of the historic, thousand-year-old village of <strong>Roquebrune-sur-Argens.<\/strong> <br>If you have a thirst for <strong>discovery and culture<\/strong>, discover the aqueduct of Roquebrune-sur-Argens or <strong>the house of chocolate and cocoa.<\/strong><\/p>\n\n\n\n<div class=\"wp-block-columns is-layout-flex wp-container-core-columns-is-layout-9d6595d7 wp-block-columns-is-layout-flex\">\n<div class=\"wp-block-column is-vertically-aligned-top is-layout-flow wp-block-column-is-layout-flow\" style=\"flex-basis:33.33%\">\n<p class=\"ls-paragraph\">For those <strong>looking for thrills<\/strong> or water games, the Water Glisse <strong>Passion Ar\u00e9na water park is just 3 kilometres from our campsite<\/strong>. <br><strong>The Aqualand Fr\u00e9jus park<\/strong> can be reached by car in just 17 minutes.<\/p>\n\n\n\n<p class=\"ls-paragraph\">Finally, ask our Var team. <br>Our campsite has plenty of <strong>other activities nearby:<\/strong><\/p>\n\n\n\n<ul class=\"ls-list ls-list-undefined marker-white has-color-white-color has-text-color wp-block-list\">\n<li>The markets of Roquebrune-sur-Argens, Fr\u00e9jus, Saint Rapha\u00ebl, Les Issambres and Saint-Aygulf.<\/li>\n\n\n\n<li>Summer events in Roquebrune-sur-Argens (evening, festival, fireworks).<\/li>\n\n\n\n<li>Le Mas des Escaravatiers (musical concerts, sound brunches and vineyard).<\/li>\n\n\n\n<li>South Wake-Park (water ski lift, water sports and parties).<\/li>\n\n\n\n<li>Hiking trails (trails of the 3 crosses of the Roquebrune rock)<\/li>\n\n\n\n<li>Mountain bike and ATV routes.<\/li>\n\n\n\n<li>Base nature Fran\u00e7ois L\u00e9otard de Fr\u00e9jus (protected natural area with access to the sandy beaches of the Mediterranean).<\/li>\n<\/ul>\n<\/div>\n\n\n\n<div class=\"wp-block-column is-vertically-aligned-center is-layout-flow wp-block-column-is-layout-flow\" style=\"flex-basis:66.66%\">\n<figure class=\"wp-block-image size-large animated fadeInRight delay-100ms slow\"><img decoding=\"async\" width=\"1024\" height=\"725\" src=\"https:\/\/campingdesiscles.com\/wp-content\/uploads\/2022\/12\/bouee-tractee-roquebrune-1024x725.webp\" alt=\"towed buoy roquebrune\" class=\"wp-image-1595\" srcset=\"https:\/\/campingdesiscles.com\/wp-content\/uploads\/2022\/12\/bouee-tractee-roquebrune-1024x725.webp 1024w, https:\/\/campingdesiscles.com\/wp-content\/uploads\/2022\/12\/bouee-tractee-roquebrune-300x212.webp 300w, https:\/\/campingdesiscles.com\/wp-content\/uploads\/2022\/12\/bouee-tractee-roquebrune-768x544.webp 768w, https:\/\/campingdesiscles.com\/wp-content\/uploads\/2022\/12\/bouee-tractee-roquebrune-1536x1087.webp 1536w, https:\/\/campingdesiscles.com\/wp-content\/uploads\/2022\/12\/bouee-tractee-roquebrune-2048x1449.webp 2048w\" sizes=\"(max-width: 1024px) 100vw, 1024px\" \/><\/figure>\n<\/div>\n<\/div>\n\n\n    <\/div>\n<\/section>\n\n<section id=\"ls-section-block_581e834e8010a58cbd971855fc790545\" class=\"ls-section  page-maillage has-p-t p-t-0 has-p-b p-b-6\" >\n        <div class=\"container container--wide\">\n        \n\n<div id=\"ls-heading ls-titre-div-block_5057722e8e791e9098457ca8525f3701\" class=\"ls-titre-div aligncenter h2-like has-p-b p-b-8\" >\n    Discover our exclusive services, our restaurant and our pool<\/div>\n\n\n<div id=\"ls-maillage-block_53561d8cce39de341ba5a7cb70c8b88c\" class=\"ls-maillage cta-style-normal\" data-rows=\"3\">\n    <div class=\"wp-block-columns\"><div class=\"wp-block-column\">\n\n<a href=\"https:\/\/campingdesiscles.com\/en\/family-campsite-roquebrune\/\" target=\"\" rel=\"noopener\" class=\"ls-cta__link\">\n\n\t<div class=\"ls-cta__image\"><img decoding=\"async\" src=\"https:\/\/campingdesiscles.com\/wp-content\/uploads\/2022\/12\/accueil-iscles-camping-var-1024x722.webp\" alt=\"services qualit\u00e9 camping roquebrune\"><\/div>\n\t<div class=\"ls-cta__title\">\n\t\tOur services\t<\/div>\n\n\t\t\n<\/a><\/div><div class=\"wp-block-column\">\n\n<a href=\"https:\/\/campingdesiscles.com\/en\/restaurant-roquebrune\/\" target=\"\" rel=\"noopener\" class=\"ls-cta__link\">\n\n\t<div class=\"ls-cta__image\"><img decoding=\"async\" src=\"https:\/\/campingdesiscles.com\/wp-content\/uploads\/2022\/12\/cocktail-snack-1024x725.webp\" alt=\"cocktail vacances snack roquebrune\"><\/div>\n\t<div class=\"ls-cta__title\">\n\t\tOur Restaurant Bar\t<\/div>\n\n\t\t\n<\/a><\/div><div class=\"wp-block-column\">\n\n<a href=\"https:\/\/campingdesiscles.com\/en\/camping-pool-heated-roquebrune\/\" target=\"\" rel=\"noopener\" class=\"ls-cta__link\">\n\n\t<div class=\"ls-cta__image\"><img decoding=\"async\" src=\"https:\/\/campingdesiscles.com\/wp-content\/uploads\/2022\/12\/femme-bouee-jaune-iscles-cta-1024x1024.webp\" alt=\"piscine chauff\u00e9e var camping\"><\/div>\n\t<div class=\"ls-cta__title\">\n\t\tOur pool\t<\/div>\n\n\t\t\n<\/a><\/div><\/div><\/div>\n\n    <\/div>\n<\/section>","protected":false},"excerpt":{"rendered":"","protected":false},"author":1,"featured_media":1585,"parent":0,"menu_order":0,"comment_status":"closed","ping_status":"closed","template":"","meta":{"_acf_changed":false,"footnotes":""},"sujet":[],"class_list":["post-3008","page","type-page","status-publish","has-post-thumbnail","hentry"],"acf":[],"_links":{"self":[{"href":"https:\/\/campingdesiscles.com\/en\/wp-json\/wp\/v2\/pages\/3008","targetHints":{"allow":["GET"]}}],"collection":[{"href":"https:\/\/campingdesiscles.com\/en\/wp-json\/wp\/v2\/pages"}],"about":[{"href":"https:\/\/campingdesiscles.com\/en\/wp-json\/wp\/v2\/types\/page"}],"author":[{"embeddable":true,"href":"https:\/\/campingdesiscles.com\/en\/wp-json\/wp\/v2\/users\/1"}],"replies":[{"embeddable":true,"href":"https:\/\/campingdesiscles.com\/en\/wp-json\/wp\/v2\/comments?post=3008"}],"version-history":[{"count":21,"href":"https:\/\/campingdesiscles.com\/en\/wp-json\/wp\/v2\/pages\/3008\/revisions"}],"predecessor-version":[{"id":4538,"href":"https:\/\/campingdesiscles.com\/en\/wp-json\/wp\/v2\/pages\/3008\/revisions\/4538"}],"wp:featuredmedia":[{"embeddable":true,"href":"https:\/\/campingdesiscles.com\/en\/wp-json\/wp\/v2\/media\/1585"}],"wp:attachment":[{"href":"https:\/\/campingdesiscles.com\/en\/wp-json\/wp\/v2\/media?parent=3008"}],"wp:term":[{"taxonomy":"sujet","embeddable":true,"href":"https:\/\/campingdesiscles.com\/en\/wp-json\/wp\/v2\/sujet?post=3008"}],"curies":[{"name":"wp","href":"https:\/\/api.w.org\/{rel}","templated":true}]}}