{"id":3004,"date":"2022-12-29T14:11:55","date_gmt":"2022-12-29T13:11:55","guid":{"rendered":"https:\/\/campingdesiscles.com\/family-campsite-roquebrune\/"},"modified":"2023-03-01T15:53:52","modified_gmt":"2023-03-01T14:53:52","slug":"family-campsite-roquebrune","status":"publish","type":"page","link":"https:\/\/campingdesiscles.com\/en\/family-campsite-roquebrune\/","title":{"rendered":"Services"},"content":{"rendered":"<section id=\"ls-section-block_03d322dc2d71669a0dca7e1ebdf515e6\" class=\"ls-section  page-one page background-one has-p-t p-t-12\" >\n        <div class=\"container container--wide\">\n        \n\n<h1 class=\"ls__heading has-text-align-center has-p-b p-b-8 wp-block-heading\">Your family campsite in Roquebrune <\/h1>\n\n\n\n<div class=\"wp-block-columns is-layout-flex wp-container-core-columns-is-layout-9d6595d7 wp-block-columns-is-layout-flex\">\n<div class=\"wp-block-column is-vertically-aligned-center is-layout-flow wp-block-column-is-layout-flow\" style=\"flex-basis:33.33%\">\n<h2 class=\"ls-heading wp-block-heading\">The campsite reception<\/h2>\n\n\n\n<p class=\"ls-paragraph\">The Flower Camping Moulin des Iscles team is pleased to welcome you from<strong>:<\/strong><\/p>\n\n\n\n<ul class=\"ls-list wp-block-list\">\n<li>10am-12.30pm \/ 1.30pm-5pm from 06 November to 01 December and from 01 February to 01 April<\/li>\n\n\n\n<li>09h-12h30 \/ 13h30-18h00 from 01 April to 08 July and from 02 September to 05 November<\/li>\n\n\n\n<li>08h-12h30 \/ 13h30-19h00 from 08 July to 26 August<\/li>\n<\/ul>\n\n\n\n<p class=\"ls-paragraph\">The campsite will be closed from 01 December to 31 January for the pitches and from 06 November 2023 to 01 April 2024 for the accommodation<\/p>\n\n\n\n<p class=\"ls-paragraph\">Reception staff are available throughout the day to assist with your needs and requests.<\/p>\n\n\n\n<p class=\"ls-paragraph\">Pets are allowed on the entire campsite. (except restaurant terrace, snack bar and swimming pool area)<\/p>\n\n\n\n<h2 class=\"ls-heading wp-block-heading\">Camp in a wooded area<\/h2>\n\n\n\n<p class=\"ls-paragraph\">We offer <strong>a family campsite<\/strong> of 3 hectares in the Var. <br>The grounds, <strong>with many trees<\/strong>, are ideal for your stay.<\/p>\n<\/div>\n\n\n\n<div class=\"wp-block-column is-layout-flow wp-block-column-is-layout-flow\" style=\"flex-basis:66.66%\">\n<figure class=\"wp-block-image size-large animated fadeInRight delay-100ms slow\"><img decoding=\"async\" width=\"1024\" height=\"722\" src=\"https:\/\/campingdesiscles.com\/wp-content\/uploads\/2022\/12\/accueil-iscles-camping-var-1024x722.webp\" alt=\"accueil iscles camping var\" class=\"wp-image-1489\" srcset=\"https:\/\/campingdesiscles.com\/wp-content\/uploads\/2022\/12\/accueil-iscles-camping-var-1024x722.webp 1024w, https:\/\/campingdesiscles.com\/wp-content\/uploads\/2022\/12\/accueil-iscles-camping-var-300x212.webp 300w, https:\/\/campingdesiscles.com\/wp-content\/uploads\/2022\/12\/accueil-iscles-camping-var-768x541.webp 768w, https:\/\/campingdesiscles.com\/wp-content\/uploads\/2022\/12\/accueil-iscles-camping-var-1536x1083.webp 1536w, https:\/\/campingdesiscles.com\/wp-content\/uploads\/2022\/12\/accueil-iscles-camping-var-2048x1444.webp 2048w\" sizes=\"(max-width: 1024px) 100vw, 1024px\" \/><\/figure>\n<\/div>\n<\/div>\n\n\n    <\/div>\n<\/section>\n\n<section id=\"ls-section-block_e8e818ae64d627b46eee678115e9ddb1\" class=\"ls-section  home-second page has-background-image has-m-t m-t-10 has-m-l m-l-10 has-m-r m-r-10\" >\n    <div class=\"ls-section__background-image opacity-100\"><img decoding=\"async\" src=\"https:\/\/campingdesiscles.com\/wp-content\/uploads\/2022\/12\/viennoiserie-pain.webp\" alt=\"\"><\/div>    <div class=\"container container--wide\">\n        \n\n<h2 class=\"ls__heading has-text-align-center has-p-b p-b-4 wp-block-heading\"> Sale of bread and pastries at the campsite<\/h2>\n\n\n\n<div class=\"wp-block-columns raisons is-layout-flex wp-container-core-columns-is-layout-9d6595d7 wp-block-columns-is-layout-flex\">\n<div class=\"wp-block-column animated fadeIn delay-200ms slow is-layout-flow wp-block-column-is-layout-flow\" style=\"flex-basis:20%\"><\/div>\n\n\n\n<div class=\"wp-block-column animated fadeIn delay-500ms slow is-layout-flow wp-block-column-is-layout-flow\" style=\"flex-basis:60%\">\n<p class=\"ls-paragraph has-text-align-center has-medium-font-size\">We offer bread and <strong>pastries baked<\/strong> on site <strong>every morning.<\/strong><\/p>\n\n\n\n<p class=\"ls-paragraph has-text-align-center has-medium-font-size\">You can order baguettes, croissants or pains au chocolats the day before and collect them the next day.<\/p>\n<\/div>\n\n\n\n<div class=\"wp-block-column animated fadeIn delay-1s slow is-layout-flow wp-block-column-is-layout-flow\" style=\"flex-basis:20%\"><\/div>\n<\/div>\n\n\n    <\/div>\n<\/section>\n\n<section id=\"ls-section-block_f3d4fca31a3213ac230e4b0e54c74def\" class=\"ls-section  page-two has-p-t p-t-14 has-p-b p-b-5\" >\n        <div class=\"container container--wide\">\n        \n\n<div class=\"wp-block-columns is-layout-flex wp-container-core-columns-is-layout-9d6595d7 wp-block-columns-is-layout-flex\">\n<div class=\"wp-block-column is-layout-flow wp-block-column-is-layout-flow\">\n<figure class=\"wp-block-image size-large has-m-b m-b-10 animated slideInRight delay-200ms slow\"><a href=\"https:\/\/campingdesiscles.com\/wp-content\/uploads\/2022\/12\/wifi-camping-tente-1024x722.webp\"><img decoding=\"async\" width=\"1024\" height=\"722\" src=\"https:\/\/campingdesiscles.com\/wp-content\/uploads\/2022\/12\/wifi-camping-tente-1024x722.webp\" alt=\"wifi camping tente\" class=\"wp-image-1501\" srcset=\"https:\/\/campingdesiscles.com\/wp-content\/uploads\/2022\/12\/wifi-camping-tente-1024x722.webp 1024w, https:\/\/campingdesiscles.com\/wp-content\/uploads\/2022\/12\/wifi-camping-tente-300x211.webp 300w, https:\/\/campingdesiscles.com\/wp-content\/uploads\/2022\/12\/wifi-camping-tente-768x541.webp 768w, https:\/\/campingdesiscles.com\/wp-content\/uploads\/2022\/12\/wifi-camping-tente.webp 1074w\" sizes=\"(max-width: 1024px) 100vw, 1024px\" \/><\/a><\/figure>\n\n\n\n<h2 class=\"ls-heading wp-block-heading\">Your laundry at the campsite<\/h2>\n\n\n\n<p class=\"ls-paragraph\">If you are planning <strong>a family holiday in the Var<\/strong>, we have everything you need to travel light.<\/p>\n\n\n\n<p class=\"ls-paragraph\">The laundry includes <strong>washing machines<\/strong> all for 5\u20ac and a dryer for 4\u20ac. <br>Pour ceux qui ont besoin de repasser leurs v\u00eatements apr\u00e8s le lavage, nous avons des <strong>planches \u00e0 repasser et un fer \u00e0 repasser <\/strong>\u00e0 disposition.<\/p>\n<\/div>\n\n\n\n<div class=\"wp-block-column is-layout-flow wp-block-column-is-layout-flow\">\n<h2 class=\"ls-heading wp-block-heading\">Connected to wifi<\/h2>\n\n\n\n<p class=\"ls-paragraph\">To stay connected even on holiday, we offer a <strong>free Wi-Fi service (Limited bandwidth). <\/strong>If you wish to download, work remotely\u2026 we offer a paying service (20mgb) 5\u20ac-24h \/ 9\u20ac-48h \/ 13\u20ac-72H \/ 28\u20ac week<\/p>\n\n\n\n<h2 class=\"ls-heading wp-block-heading\"> The service area for motorhomes<\/h2>\n\n\n\n<p class=\"ls-paragraph\">Within the grounds of our <a href=\"\/en\/\">Moulins des Iscles campsite<\/a>, t<strong>he service area<\/strong> allows you to fill up with water and empty your grey water.<\/p>\n\n\n\n<figure class=\"wp-block-image size-full has-m-t m-t-10 animated slideInLeft delay-200ms slow\"><a href=\"https:\/\/campingdesiscles.com\/wp-content\/uploads\/2022\/12\/camping-car-recharge.webp\"><img decoding=\"async\" width=\"1000\" height=\"718\" src=\"https:\/\/campingdesiscles.com\/wp-content\/uploads\/2022\/12\/camping-car-recharge.webp\" alt=\"camping car recharge\" class=\"wp-image-1496\" srcset=\"https:\/\/campingdesiscles.com\/wp-content\/uploads\/2022\/12\/camping-car-recharge.webp 1000w, https:\/\/campingdesiscles.com\/wp-content\/uploads\/2022\/12\/camping-car-recharge-300x215.webp 300w, https:\/\/campingdesiscles.com\/wp-content\/uploads\/2022\/12\/camping-car-recharge-768x551.webp 768w\" sizes=\"(max-width: 1000px) 100vw, 1000px\" \/><\/a><\/figure>\n<\/div>\n<\/div>\n\n\n    <\/div>\n<\/section>\n\n<section id=\"ls-section-block_ec4646cb9b9fd55786005fcce964a6f5\" class=\"ls-section  page-one page background-one has-p-t p-t-5\" >\n        <div class=\"container container--wide\">\n        \n\n<div class=\"wp-block-columns is-layout-flex wp-container-core-columns-is-layout-9d6595d7 wp-block-columns-is-layout-flex\">\n<div class=\"wp-block-column is-layout-flow wp-block-column-is-layout-flow\" style=\"flex-basis:66.66%\">\n<figure class=\"wp-block-image size-large animated fadeInRight delay-100ms slow\"><img decoding=\"async\" width=\"1024\" height=\"722\" src=\"https:\/\/campingdesiscles.com\/wp-content\/uploads\/2022\/12\/enfant-camping-voiture-pleine-vacances-1024x722.webp\" alt=\"enfant camping voiture pleine vacances\" class=\"wp-image-1508\" srcset=\"https:\/\/campingdesiscles.com\/wp-content\/uploads\/2022\/12\/enfant-camping-voiture-pleine-vacances-1024x722.webp 1024w, https:\/\/campingdesiscles.com\/wp-content\/uploads\/2022\/12\/enfant-camping-voiture-pleine-vacances-300x211.webp 300w, https:\/\/campingdesiscles.com\/wp-content\/uploads\/2022\/12\/enfant-camping-voiture-pleine-vacances-768x541.webp 768w, https:\/\/campingdesiscles.com\/wp-content\/uploads\/2022\/12\/enfant-camping-voiture-pleine-vacances.webp 1074w\" sizes=\"(max-width: 1024px) 100vw, 1024px\" \/><\/figure>\n<\/div>\n\n\n\n<div class=\"wp-block-column is-vertically-aligned-center is-layout-flow wp-block-column-is-layout-flow\" style=\"flex-basis:33.33%\">\n<h2 class=\"ls-heading wp-block-heading\">Rentals in addition<\/h2>\n\n\n\n<p class=\"ls-paragraph\"><strong>Our towel kit is \u20ac3<\/strong>, our <strong>double bed linen kits<\/strong> can be rented for only \u20ac9 per night, and our single bed linen can be rented for only \u20ac7.<\/p>\n\n\n\n<p class=\"ls-paragraph\">If <strong>you need a fridge<\/strong> on your pitch, we can hire one for \u20ac7 per day, subject to availability. Simply request or book at the same time as your stay on our website.<\/p>\n\n\n\n<p class=\"ls-paragraph\">We also <strong>offer baby cots and high chairs<\/strong> at \u20ac5 per day or \u20ac30 per week, subject to availability.<\/p>\n\n\n\n<p class=\"ls-paragraph\"><strong>Planchas<\/strong> are \u20ac5 per day and \u20ac30 per week.<\/p>\n<\/div>\n<\/div>\n\n\n    <\/div>\n<\/section>\n\n<section id=\"ls-section-block_3bd9e441fca8decaf75d4bd13c95af5f\" class=\"ls-section  home-second page has-background-image has-m-t m-t-10 has-m-l m-l-10 has-m-r m-r-10\" >\n    <div class=\"ls-section__background-image opacity-100\"><img decoding=\"async\" src=\"https:\/\/campingdesiscles.com\/wp-content\/uploads\/2023\/01\/snack-boissons-camping-roquebrune.webp\" alt=\"snack boissons camping roquebrune\"><\/div>    <div class=\"container container--wide\">\n        \n\n<h2 class=\"ls__heading has-text-align-center has-p-b p-b-4 wp-block-heading\">Your snack at the campsite<\/h2>\n\n\n\n<div class=\"wp-block-columns raisons is-layout-flex wp-container-core-columns-is-layout-9d6595d7 wp-block-columns-is-layout-flex\">\n<div class=\"wp-block-column animated fadeIn delay-200ms slow is-layout-flow wp-block-column-is-layout-flow\" style=\"flex-basis:20%\"><\/div>\n\n\n\n<div class=\"wp-block-column animated fadeIn delay-500ms slow is-layout-flow wp-block-column-is-layout-flow\" style=\"flex-basis:60%\">\n<p class=\"ls-paragraph has-text-align-center has-medium-font-size\">The campsite snack bar is open every day from 11am to 6pm from 22 April to 5 November. You can come and taste paninis, salads and home-made plates!<\/p>\n\n\n\n<p class=\"ls-paragraph has-text-align-center has-medium-font-size\"><strong>New in 2023!<\/strong><\/p>\n\n\n\n<p class=\"ls-paragraph has-text-align-center has-medium-font-size\">We will open a new poolside snack bar! Marvel at the sunset over the Roquebrune rock while sipping an aperitif by the pool!<\/p>\n<\/div>\n\n\n\n<div class=\"wp-block-column animated fadeIn delay-1s slow is-layout-flow wp-block-column-is-layout-flow\" style=\"flex-basis:20%\"><\/div>\n<\/div>\n\n\n    <\/div>\n<\/section>\n\n<section id=\"ls-section-block_4f25ed15c7f55d4564af13a7bfbba091\" class=\"ls-section  page-maillage has-p-t p-t-14 has-p-b p-b-10\" >\n        <div class=\"container container--wide\">\n        \n\n<div id=\"ls-heading ls-titre-div-block_8df2248397117c975fc27015151ace03\" class=\"ls-titre-div rouge aligncenter h2-like has-text-color has-color-white-color has-p-b p-b-8\" >\n    Discover the animations, the snack bar and the swimming pool of our campsite<\/div>\n\n\n<div id=\"ls-maillage-block_5aee70006c91a49d97823e69d12692bc\" class=\"ls-maillage cta-style-normal\" data-rows=\"3\">\n    <div class=\"wp-block-columns\"><div class=\"wp-block-column\">\n\n<a href=\"https:\/\/campingdesiscles.com\/en\/campsite-animations-roquebrune\/\" target=\"\" rel=\"noopener\" class=\"ls-cta__link\">\n\n\t<div class=\"ls-cta__image\"><img decoding=\"async\" src=\"https:\/\/campingdesiscles.com\/wp-content\/uploads\/2022\/12\/enfant-balancoire-jeux-1024x683.webp\" alt=\"jeux enfant camping var\"><\/div>\n\t<div class=\"ls-cta__title\">\n\t\tAnimations and activities\t<\/div>\n\n\t\t\n<\/a><\/div><div class=\"wp-block-column\">\n\n<a href=\"https:\/\/campingdesiscles.com\/en\/restaurant-roquebrune\/\" target=\"\" rel=\"noopener\" class=\"ls-cta__link\">\n\n\t<div class=\"ls-cta__image\"><img decoding=\"async\" src=\"https:\/\/campingdesiscles.com\/wp-content\/uploads\/2022\/12\/cocktail-snack-1024x725.webp\" alt=\"cocktail vacances snack roquebrune\"><\/div>\n\t<div class=\"ls-cta__title\">\n\t\tOur Restaurant Bar\t<\/div>\n\n\t\t\n<\/a><\/div><div class=\"wp-block-column\">\n\n<a href=\"https:\/\/campingdesiscles.com\/en\/camping-pool-heated-roquebrune\/\" target=\"\" rel=\"noopener\" class=\"ls-cta__link\">\n\n\t<div class=\"ls-cta__image\"><img decoding=\"async\" src=\"https:\/\/campingdesiscles.com\/wp-content\/uploads\/2022\/12\/femme-bouee-jaune-iscles-cta-1024x1024.webp\" alt=\"piscine chauff\u00e9e var camping\"><\/div>\n\t<div class=\"ls-cta__title\">\n\t\tOur pool\t<\/div>\n\n\t\t\n<\/a><\/div><\/div><\/div>\n\n    <\/div>\n<\/section>","protected":false},"excerpt":{"rendered":"","protected":false},"author":1,"featured_media":1580,"parent":0,"menu_order":0,"comment_status":"closed","ping_status":"closed","template":"","meta":{"_acf_changed":false,"footnotes":""},"sujet":[],"class_list":["post-3004","page","type-page","status-publish","has-post-thumbnail","hentry"],"acf":[],"_links":{"self":[{"href":"https:\/\/campingdesiscles.com\/en\/wp-json\/wp\/v2\/pages\/3004","targetHints":{"allow":["GET"]}}],"collection":[{"href":"https:\/\/campingdesiscles.com\/en\/wp-json\/wp\/v2\/pages"}],"about":[{"href":"https:\/\/campingdesiscles.com\/en\/wp-json\/wp\/v2\/types\/page"}],"author":[{"embeddable":true,"href":"https:\/\/campingdesiscles.com\/en\/wp-json\/wp\/v2\/users\/1"}],"replies":[{"embeddable":true,"href":"https:\/\/campingdesiscles.com\/en\/wp-json\/wp\/v2\/comments?post=3004"}],"version-history":[{"count":15,"href":"https:\/\/campingdesiscles.com\/en\/wp-json\/wp\/v2\/pages\/3004\/revisions"}],"predecessor-version":[{"id":5971,"href":"https:\/\/campingdesiscles.com\/en\/wp-json\/wp\/v2\/pages\/3004\/revisions\/5971"}],"wp:featuredmedia":[{"embeddable":true,"href":"https:\/\/campingdesiscles.com\/en\/wp-json\/wp\/v2\/media\/1580"}],"wp:attachment":[{"href":"https:\/\/campingdesiscles.com\/en\/wp-json\/wp\/v2\/media?parent=3004"}],"wp:term":[{"taxonomy":"sujet","embeddable":true,"href":"https:\/\/campingdesiscles.com\/en\/wp-json\/wp\/v2\/sujet?post=3004"}],"curies":[{"name":"wp","href":"https:\/\/api.w.org\/{rel}","templated":true}]}}